{"id":2,"date":"2012-04-12T11:29:42","date_gmt":"2012-04-12T11:29:42","guid":{"rendered":"https:\/\/wp.ufpel.edu.br\/nai\/?page_id=2"},"modified":"2023-02-06T10:25:40","modified_gmt":"2023-02-06T13:25:40","slug":"sobreonucleo","status":"publish","type":"page","link":"https:\/\/wp.ufpel.edu.br\/nai\/sobreonucleo\/","title":{"rendered":"Sobre o N\u00facleo"},"content":{"rendered":"<p>&nbsp;<\/p>\n<p><img data-attachment-id=\"1320\" data-permalink=\"https:\/\/wp.ufpel.edu.br\/nai\/sobreonucleo\/marca-nai\/\" data-orig-file=\"https:\/\/wp.ufpel.edu.br\/nai\/files\/2012\/04\/marca-NAI.png\" data-orig-size=\"1363,847\" data-comments-opened=\"0\" data-image-meta=\"{&quot;aperture&quot;:&quot;0&quot;,&quot;credit&quot;:&quot;&quot;,&quot;camera&quot;:&quot;&quot;,&quot;caption&quot;:&quot;&quot;,&quot;created_timestamp&quot;:&quot;0&quot;,&quot;copyright&quot;:&quot;&quot;,&quot;focal_length&quot;:&quot;0&quot;,&quot;iso&quot;:&quot;0&quot;,&quot;shutter_speed&quot;:&quot;0&quot;,&quot;title&quot;:&quot;&quot;,&quot;orientation&quot;:&quot;0&quot;}\" data-image-title=\"marca NAI\" data-image-description=\"\" data-image-caption=\"\" data-medium-file=\"https:\/\/wp.ufpel.edu.br\/nai\/files\/2012\/04\/marca-NAI-400x249.png\" data-large-file=\"https:\/\/wp.ufpel.edu.br\/nai\/files\/2012\/04\/marca-NAI-1024x636.png\" class=\"wp-image-1320 aligncenter\" src=\"https:\/\/wp.ufpel.edu.br\/nai\/files\/2012\/04\/marca-NAI-400x249.png\" alt=\"marca do NAI UFPel\" width=\"347\" height=\"216\" srcset=\"https:\/\/wp.ufpel.edu.br\/nai\/files\/2012\/04\/marca-NAI-400x249.png 400w, https:\/\/wp.ufpel.edu.br\/nai\/files\/2012\/04\/marca-NAI-768x477.png 768w, https:\/\/wp.ufpel.edu.br\/nai\/files\/2012\/04\/marca-NAI-1024x636.png 1024w, https:\/\/wp.ufpel.edu.br\/nai\/files\/2012\/04\/marca-NAI.png 1363w\" sizes=\"(max-width: 347px) 100vw, 347px\" \/><\/p>\n<p><span style=\"font-family: verdana, geneva, sans-serif\"><img data-attachment-id=\"2963\" data-permalink=\"https:\/\/wp.ufpel.edu.br\/nai\/libras-2\/\" data-orig-file=\"https:\/\/wp.ufpel.edu.br\/nai\/files\/2018\/10\/libras-e1541596773614.png\" data-orig-size=\"30,30\" data-comments-opened=\"0\" data-image-meta=\"{&quot;aperture&quot;:&quot;0&quot;,&quot;credit&quot;:&quot;&quot;,&quot;camera&quot;:&quot;&quot;,&quot;caption&quot;:&quot;&quot;,&quot;created_timestamp&quot;:&quot;0&quot;,&quot;copyright&quot;:&quot;&quot;,&quot;focal_length&quot;:&quot;0&quot;,&quot;iso&quot;:&quot;0&quot;,&quot;shutter_speed&quot;:&quot;0&quot;,&quot;title&quot;:&quot;&quot;,&quot;orientation&quot;:&quot;0&quot;}\" data-image-title=\"Acessibilidade em Libras libras\" data-image-description=\"\" data-image-caption=\"&lt;p&gt;Link tradu\u00e7\u00e3o em Libras&lt;\/p&gt;\n\" data-medium-file=\"https:\/\/wp.ufpel.edu.br\/nai\/files\/2018\/10\/libras-e1541596773614.png\" data-large-file=\"https:\/\/wp.ufpel.edu.br\/nai\/files\/2018\/10\/libras-e1541596773614.png\" class=\"alignleft wp-image-2963\" src=\"https:\/\/wp.ufpel.edu.br\/nai\/files\/2018\/10\/libras-200x200.png\" alt=\"\" width=\"30\" height=\"30\" \/><a href=\"https:\/\/drive.google.com\/open?id=1VX8DmqzBZsJoWVJ8cWYE1j124ieXcHBB\" target=\"_blank\" rel=\"noopener\">Texto em Libras &#8211; Clique Aqui<\/a><\/span><\/p>\n<p>&nbsp;<\/p>\n<p><span style=\"font-family: verdana, geneva, sans-serif\"><strong>NAI<\/strong> \u2013 O N\u00facleo de Acessibilidade e Inclus\u00e3o, inaugurado em 15 de agosto de 2008, a partir do projeto \u201cIncluir\u201d do Minist\u00e9rio da Educa\u00e7\u00e3o, atua promovendo pol\u00edticas e a\u00e7\u00f5es que efetivem a inclus\u00e3o no Ensino Superior, atrav\u00e9s da busca conceitual, pol\u00edtica e pr\u00e1tica pelo acesso, perman\u00eancia e qualidade em todos os n\u00edveis, espa\u00e7os e cotidianos da Universidade. O NAI apresenta como princ\u00edpios norteadores, a concretiza\u00e7\u00e3o o Plano de Acessibilidade e Inclus\u00e3o da UFPEL, aprovado pelo CONSUN em mar\u00e7o de 2016 e a efetiva\u00e7\u00e3o da Lei 13.409\/2016, que disp\u00f5e sobre as cotas para pessoas com defici\u00eancia no Ensino Superior, al\u00e9m das demais legisla\u00e7\u00f5es vigentes, por onde suas a\u00e7\u00f5es s\u00e3o encaminhadas, a fim de possibilitar a inclus\u00e3o qualificada de todos e todas na Universidade, n\u00e3o s\u00f3 como presen\u00e7a f\u00edsica, mas principalmente como potencializadoras de emancipa\u00e7\u00e3o, autonomia e pertencimento.<\/span><\/p>\n<p><span style=\"font-family: verdana, geneva, sans-serif\">Aliando conceitos e pr\u00e1ticas, o n\u00facleo promove a\u00e7\u00f5es de conscientiza\u00e7\u00e3o, discuss\u00e3o, forma\u00e7\u00e3o compartilhada de coordenadores, t\u00e9cnicos, professores, monitores, tutores e comunidade em geral, al\u00e9m da oferta dos servi\u00e7os especializados aos alunos dos diversos cursos de gradua\u00e7\u00e3o, \u00a0encaminhamento de int\u00e9rpretes para as aulas, eventos e atividades relacionadas e, ainda, da cria\u00e7\u00e3o, organiza\u00e7\u00e3o e acervo de recursos did\u00e1ticos adaptados que possibilitem avan\u00e7os nos processos de aprendizagem e inclus\u00e3o. A partir da reestrutura\u00e7\u00e3o proposta pela Reitoria em 2017 e da cria\u00e7\u00e3o da CID (Coordenadoria de Inclus\u00e3o e Diversidade), onde est\u00e1 inserido, o NAI \u00e9 composto por uma Chefia e uma T\u00e9cnica em Assuntos Educacionais, respons\u00e1veis pela gest\u00e3o e pelas se\u00e7\u00f5es: Se\u00e7\u00e3o de Int\u00e9rpretes (09 Tradutores Int\u00e9rpretes de Libras) e a Se\u00e7\u00e3o de Atendimento Educacional Especializado (com educadoras especiais, neuropsicopedagoga, entre outros). Conta, ainda, com Comiss\u00e3o de apoio, constitu\u00edda por 14 docentes vinculados \u00e0s tem\u00e1ticas da Inclus\u00e3o e dos movimentos que as comp\u00f5em, com o prop\u00f3sito de debater e assessorar a constru\u00e7\u00e3o das pol\u00edticas e pr\u00e1ticas pretendidas.<\/span><\/p>\n<p>&nbsp;<\/p>\n<p>&nbsp;<\/p>\n<p style=\"text-align: left\"><span style=\"font-family: verdana, geneva, sans-serif;font-size: 14pt\"><strong>FUNCIONAMENTO DO NAI<\/strong><\/span><\/p>\n<p style=\"text-align: left\"><span style=\"font-family: verdana, geneva, sans-serif\">Em constru\u00e7\u00e3o!<\/span><\/p>\n<p>&nbsp;<\/p>\n\n<!-- iframe plugin v.6.0 wordpress.org\/plugins\/iframe\/ -->\n<iframe src=\"https:\/\/www.youtube.com\/embed\/x7BVw-RJ8qc\" width=\"100%\" height=\"500\" scrolling=\"yes\" class=\"iframe-class\" frameborder=\"0\"><\/iframe>\n\n<p>&nbsp;<\/p>\n<p><span style=\"font-size: 12pt\"><strong><span style=\"font-family: verdana, geneva, sans-serif\">#PraCegoVer<\/span><\/strong><\/span><\/p>\n<p><span style=\"font-size: 14pt\"><strong><span style=\"font-family: verdana, geneva, sans-serif\">CONTE\u00daDO DO V\u00cdDEO<\/span><\/strong><\/span><\/p>\n<ul>\n<li style=\"text-align: left\"><span style=\"font-family: verdana, geneva, sans-serif;font-size: 12pt\">Voc\u00ea conhece o NAI?\u00a0Sabe a import\u00e2ncia dele? Onde ele atua?<\/span><\/li>\n<li style=\"text-align: left\"><span style=\"font-family: verdana, geneva, sans-serif;font-size: 12pt\">O N\u00facleo de Acessibilidade e Inclus\u00e3o da UFPel existe para garantir a acessibilidade e a inclus\u00e3o no ensino superior.<\/span><\/li>\n<li style=\"text-align: left\"><span style=\"font-family: verdana, geneva, sans-serif;font-size: 12pt\">O NAI apresenta como princ\u00edpios norteadores a concretiza\u00e7\u00e3o do Plano de Acessibilidade e Inclus\u00e3o da UFPel e a efetiva\u00e7\u00e3o da Lei 13.409\/2016, que disp\u00f5e sobre as cotas para pessoas com defici\u00eancia no Ensino Superior, al\u00e9m das demais legisla\u00e7\u00f5es vigentes.<\/span><\/li>\n<li style=\"text-align: left\"><span style=\"font-family: verdana, geneva, sans-serif;font-size: 12pt\">O NAI oferece: apoio especializado aos alunos dos diversos cursos de gradua\u00e7\u00e3o.<\/span><\/li>\n<li style=\"text-align: left\"><span style=\"font-family: verdana, geneva, sans-serif;font-size: 12pt\">Encaminhamento de int\u00e9rpretes para as aulas, eventos e atividades relacionadas.<\/span><\/li>\n<li style=\"text-align: left\"><span style=\"font-family: verdana, geneva, sans-serif;font-size: 12pt\">A\u00e7\u00f5es de conscientiza\u00e7\u00e3o, discuss\u00e3o, forma\u00e7\u00e3o compartilhada de coordenadores, t\u00e9cnicos, professores, monitores, tutores e comunidade em geral.<\/span><\/li>\n<li style=\"text-align: left\"><span style=\"font-family: verdana, geneva, sans-serif;font-size: 12pt\">Ent\u00e3o, se voc\u00ea necessita de algum desses servi\u00e7os visite-nos na web e veja como solicit\u00e1-los!<\/span><\/li>\n<li style=\"text-align: left\"><span style=\"font-family: verdana, geneva, sans-serif;font-size: 12pt\">wp.ufpel.edu.br\/nai<\/span><\/li>\n<li style=\"text-align: left\"><span style=\"font-family: verdana, geneva, sans-serif;font-size: 12pt\">www.facebook.com\/naiufpel<\/span><\/li>\n<li style=\"text-align: left\"><span style=\"font-family: verdana, geneva, sans-serif;font-size: 12pt\">nai.ufpel@gmail.com<\/span><\/li>\n<li style=\"text-align: left\"><span style=\"font-family: verdana, geneva, sans-serif;font-size: 12pt\">Rua Gomes Carneiro, n\u00ba 1. Sala B406.<\/span><\/li>\n<\/ul>\n<p>&nbsp;<\/p>\n<p>&nbsp;<\/p>\n<p>&nbsp;<\/p>\n","protected":false},"excerpt":{"rendered":"<p>&nbsp; Texto em Libras &#8211; Clique Aqui &nbsp; NAI \u2013 O N\u00facleo de Acessibilidade e Inclus\u00e3o, inaugurado em 15 de agosto de 2008, a partir do projeto \u201cIncluir\u201d do Minist\u00e9rio da Educa\u00e7\u00e3o, atua promovendo pol\u00edticas e a\u00e7\u00f5es que efetivem a inclus\u00e3o no Ensino Superior, atrav\u00e9s da busca conceitual, pol\u00edtica e pr\u00e1tica pelo acesso, perman\u00eancia e [&hellip;]<\/p>\n","protected":false},"author":178,"featured_media":0,"parent":0,"menu_order":3,"comment_status":"closed","ping_status":"closed","template":"","meta":{"jetpack_post_was_ever_published":false,"footnotes":""},"class_list":["post-2","page","type-page","status-publish","hentry"],"jetpack_sharing_enabled":true,"jetpack_shortlink":"https:\/\/wp.me\/P90IOR-2","_links":{"self":[{"href":"https:\/\/wp.ufpel.edu.br\/nai\/wp-json\/wp\/v2\/pages\/2","targetHints":{"allow":["GET"]}}],"collection":[{"href":"https:\/\/wp.ufpel.edu.br\/nai\/wp-json\/wp\/v2\/pages"}],"about":[{"href":"https:\/\/wp.ufpel.edu.br\/nai\/wp-json\/wp\/v2\/types\/page"}],"author":[{"embeddable":true,"href":"https:\/\/wp.ufpel.edu.br\/nai\/wp-json\/wp\/v2\/users\/178"}],"replies":[{"embeddable":true,"href":"https:\/\/wp.ufpel.edu.br\/nai\/wp-json\/wp\/v2\/comments?post=2"}],"version-history":[{"count":49,"href":"https:\/\/wp.ufpel.edu.br\/nai\/wp-json\/wp\/v2\/pages\/2\/revisions"}],"predecessor-version":[{"id":4675,"href":"https:\/\/wp.ufpel.edu.br\/nai\/wp-json\/wp\/v2\/pages\/2\/revisions\/4675"}],"wp:attachment":[{"href":"https:\/\/wp.ufpel.edu.br\/nai\/wp-json\/wp\/v2\/media?parent=2"}],"curies":[{"name":"wp","href":"https:\/\/api.w.org\/{rel}","templated":true}]}}