{"id":1899,"date":"2017-11-17T15:23:13","date_gmt":"2017-11-17T17:23:13","guid":{"rendered":"https:\/\/wp.ufpel.edu.br\/nai\/?page_id=1899"},"modified":"2017-11-17T15:37:03","modified_gmt":"2017-11-17T17:37:03","slug":"coordenacao-de-inclusao-e-diversidade","status":"publish","type":"page","link":"https:\/\/wp.ufpel.edu.br\/nai\/sobreonucleo\/coordenacao-de-inclusao-e-diversidade\/","title":{"rendered":"Coordena\u00e7\u00e3o de Inclus\u00e3o e Diversidade"},"content":{"rendered":"<h4><a href=\"https:\/\/wp.ufpel.edu.br\/cid\/\"><span style=\"font-family: verdana,geneva,sans-serif\">Coordena\u00e7\u00e3o de Inclus\u00e3o e Diversidade &#8211; CID<\/span><\/a><\/h4>\n<p>&nbsp;<\/p>\n<p><span style=\"font-family: verdana,geneva,sans-serif\">A CID est\u00e1 dividida em Tr\u00eas N\u00facleos:<\/span><\/p>\n<p><a href=\"https:\/\/wp.ufpel.edu.br\/cid\/nugen\/\"><span style=\"font-family: verdana,geneva,sans-serif\">NUGEN \u2013 N\u00facleo de G\u00eanero e Diversidade<\/span><\/a><\/p>\n<p><a href=\"https:\/\/wp.ufpel.edu.br\/cid\/nai\"><span style=\"font-family: verdana,geneva,sans-serif\">NAI \u2013 N\u00facleo de Acessibilidade e Inclus\u00e3o<\/span><\/a><\/p>\n<p><a href=\"https:\/\/wp.ufpel.edu.br\/cid\/pagina-exemplo\/\"><span style=\"font-family: verdana,geneva,sans-serif\">NUAAD \u2013 N\u00facleo de A\u00e7\u00f5es Afirmativas e Diversidade<\/span><\/a><\/p>\n","protected":false},"excerpt":{"rendered":"<p>Coordena\u00e7\u00e3o de Inclus\u00e3o e Diversidade &#8211; CID &nbsp; A CID est\u00e1 dividida em Tr\u00eas N\u00facleos: NUGEN \u2013 N\u00facleo de G\u00eanero e Diversidade NAI \u2013 N\u00facleo de Acessibilidade e Inclus\u00e3o NUAAD \u2013 N\u00facleo de A\u00e7\u00f5es Afirmativas e Diversidade<\/p>\n","protected":false},"author":359,"featured_media":0,"parent":2,"menu_order":0,"comment_status":"closed","ping_status":"closed","template":"","meta":{"jetpack_post_was_ever_published":false,"footnotes":""},"class_list":["post-1899","page","type-page","status-publish","hentry"],"jetpack_sharing_enabled":true,"jetpack_shortlink":"https:\/\/wp.me\/P90IOR-uD","_links":{"self":[{"href":"https:\/\/wp.ufpel.edu.br\/nai\/wp-json\/wp\/v2\/pages\/1899","targetHints":{"allow":["GET"]}}],"collection":[{"href":"https:\/\/wp.ufpel.edu.br\/nai\/wp-json\/wp\/v2\/pages"}],"about":[{"href":"https:\/\/wp.ufpel.edu.br\/nai\/wp-json\/wp\/v2\/types\/page"}],"author":[{"embeddable":true,"href":"https:\/\/wp.ufpel.edu.br\/nai\/wp-json\/wp\/v2\/users\/359"}],"replies":[{"embeddable":true,"href":"https:\/\/wp.ufpel.edu.br\/nai\/wp-json\/wp\/v2\/comments?post=1899"}],"version-history":[{"count":3,"href":"https:\/\/wp.ufpel.edu.br\/nai\/wp-json\/wp\/v2\/pages\/1899\/revisions"}],"predecessor-version":[{"id":1904,"href":"https:\/\/wp.ufpel.edu.br\/nai\/wp-json\/wp\/v2\/pages\/1899\/revisions\/1904"}],"up":[{"embeddable":true,"href":"https:\/\/wp.ufpel.edu.br\/nai\/wp-json\/wp\/v2\/pages\/2"}],"wp:attachment":[{"href":"https:\/\/wp.ufpel.edu.br\/nai\/wp-json\/wp\/v2\/media?parent=1899"}],"curies":[{"name":"wp","href":"https:\/\/api.w.org\/{rel}","templated":true}]}}