{"id":1627,"date":"2017-09-05T17:05:44","date_gmt":"2017-09-05T20:05:44","guid":{"rendered":"https:\/\/wp.ufpel.edu.br\/nai\/?page_id=1627"},"modified":"2018-11-07T11:11:34","modified_gmt":"2018-11-07T13:11:34","slug":"agendamento-de-atendimento","status":"publish","type":"page","link":"https:\/\/wp.ufpel.edu.br\/nai\/agendamento-de-atendimento\/","title":{"rendered":"Agendamento de atendimento"},"content":{"rendered":"<p><img data-attachment-id=\"2963\" data-permalink=\"https:\/\/wp.ufpel.edu.br\/nai\/libras-2\/\" data-orig-file=\"https:\/\/wp.ufpel.edu.br\/nai\/files\/2018\/10\/libras-e1541596773614.png\" data-orig-size=\"30,30\" data-comments-opened=\"0\" data-image-meta=\"{&quot;aperture&quot;:&quot;0&quot;,&quot;credit&quot;:&quot;&quot;,&quot;camera&quot;:&quot;&quot;,&quot;caption&quot;:&quot;&quot;,&quot;created_timestamp&quot;:&quot;0&quot;,&quot;copyright&quot;:&quot;&quot;,&quot;focal_length&quot;:&quot;0&quot;,&quot;iso&quot;:&quot;0&quot;,&quot;shutter_speed&quot;:&quot;0&quot;,&quot;title&quot;:&quot;&quot;,&quot;orientation&quot;:&quot;0&quot;}\" data-image-title=\"Acessibilidade em Libras libras\" data-image-description=\"\" data-image-caption=\"&lt;p&gt;Link tradu\u00e7\u00e3o em Libras&lt;\/p&gt;\n\" data-medium-file=\"https:\/\/wp.ufpel.edu.br\/nai\/files\/2018\/10\/libras-e1541596773614.png\" data-large-file=\"https:\/\/wp.ufpel.edu.br\/nai\/files\/2018\/10\/libras-e1541596773614.png\" class=\"wp-image-2963 alignleft\" src=\"https:\/\/wp.ufpel.edu.br\/nai\/files\/2018\/10\/libras-200x200.png\" alt=\"\" width=\"30\" height=\"30\" \/><\/p>\n<p><a href=\"https:\/\/drive.google.com\/open?id=1KY44WVqIdlbfdrEHu7JKIY8_JmQv7qf7\" target=\"_blank\" rel=\"noopener\"><span style=\"font-family: verdana, geneva, sans-serif\">Texto em Libras &#8211; Clique Aqui<\/span><\/a><\/p>\n<p>&nbsp;<\/p>\n<p style=\"text-align: left\"><span style=\"font-family: verdana,geneva,sans-serif\">Para solicitar atendimento das Educadoras Especiais da Se\u00e7\u00e3o de Atendimento Educacional Especializado do NAI, acesse este <em>link<\/em>: <a href=\"https:\/\/docs.google.com\/forms\/d\/e\/1FAIpQLSfDTHqEW0PmUMMFUYIbzFM-PAvOxqIhodEKDWQdcGbaaS-Sdg\/viewform?c=0&amp;w=1\">Formul\u00e1rio de Solicita\u00e7\u00e3o de Atendimento do NAI<\/a> e preencha o formul\u00e1rio <em>online<\/em>, sempre se lembrando de colocar o nome da pessoa que receber\u00e1 o atendimento e seus contatos.\u00a0<\/span><\/p>\n","protected":false},"excerpt":{"rendered":"<p>Texto em Libras &#8211; Clique Aqui &nbsp; Para solicitar atendimento das Educadoras Especiais da Se\u00e7\u00e3o de Atendimento Educacional Especializado do NAI, acesse este link: Formul\u00e1rio de Solicita\u00e7\u00e3o de Atendimento do NAI e preencha o formul\u00e1rio online, sempre se lembrando de colocar o nome da pessoa que receber\u00e1 o atendimento e seus contatos.\u00a0<\/p>\n","protected":false},"author":359,"featured_media":0,"parent":0,"menu_order":0,"comment_status":"closed","ping_status":"closed","template":"","meta":{"jetpack_post_was_ever_published":false,"footnotes":""},"class_list":["post-1627","page","type-page","status-publish","hentry"],"jetpack_sharing_enabled":true,"jetpack_shortlink":"https:\/\/wp.me\/P90IOR-qf","_links":{"self":[{"href":"https:\/\/wp.ufpel.edu.br\/nai\/wp-json\/wp\/v2\/pages\/1627","targetHints":{"allow":["GET"]}}],"collection":[{"href":"https:\/\/wp.ufpel.edu.br\/nai\/wp-json\/wp\/v2\/pages"}],"about":[{"href":"https:\/\/wp.ufpel.edu.br\/nai\/wp-json\/wp\/v2\/types\/page"}],"author":[{"embeddable":true,"href":"https:\/\/wp.ufpel.edu.br\/nai\/wp-json\/wp\/v2\/users\/359"}],"replies":[{"embeddable":true,"href":"https:\/\/wp.ufpel.edu.br\/nai\/wp-json\/wp\/v2\/comments?post=1627"}],"version-history":[{"count":6,"href":"https:\/\/wp.ufpel.edu.br\/nai\/wp-json\/wp\/v2\/pages\/1627\/revisions"}],"predecessor-version":[{"id":2979,"href":"https:\/\/wp.ufpel.edu.br\/nai\/wp-json\/wp\/v2\/pages\/1627\/revisions\/2979"}],"wp:attachment":[{"href":"https:\/\/wp.ufpel.edu.br\/nai\/wp-json\/wp\/v2\/media?parent=1627"}],"curies":[{"name":"wp","href":"https:\/\/api.w.org\/{rel}","templated":true}]}}