{"id":1623,"date":"2017-09-05T17:04:26","date_gmt":"2017-09-05T20:04:26","guid":{"rendered":"https:\/\/wp.ufpel.edu.br\/nai\/?page_id=1623"},"modified":"2022-05-24T15:13:16","modified_gmt":"2022-05-24T18:13:16","slug":"tutores","status":"publish","type":"page","link":"https:\/\/wp.ufpel.edu.br\/nai\/tutores\/","title":{"rendered":"Tutoria"},"content":{"rendered":"<p><a href=\"https:\/\/drive.google.com\/file\/d\/1QumQNjM4lal5d5pHsWrjkkkxTkfmgaIM\/view?usp=sharing\" target=\"_blank\" rel=\"noopener noreferrer\"><span style=\"font-family: verdana, geneva, sans-serif;\"><img data-attachment-id=\"2963\" data-permalink=\"https:\/\/wp.ufpel.edu.br\/nai\/libras-2\/\" data-orig-file=\"https:\/\/wp.ufpel.edu.br\/nai\/files\/2018\/10\/libras-e1541596773614.png\" data-orig-size=\"30,30\" data-comments-opened=\"0\" data-image-meta=\"{&quot;aperture&quot;:&quot;0&quot;,&quot;credit&quot;:&quot;&quot;,&quot;camera&quot;:&quot;&quot;,&quot;caption&quot;:&quot;&quot;,&quot;created_timestamp&quot;:&quot;0&quot;,&quot;copyright&quot;:&quot;&quot;,&quot;focal_length&quot;:&quot;0&quot;,&quot;iso&quot;:&quot;0&quot;,&quot;shutter_speed&quot;:&quot;0&quot;,&quot;title&quot;:&quot;&quot;,&quot;orientation&quot;:&quot;0&quot;}\" data-image-title=\"Acessibilidade em Libras libras\" data-image-description=\"\" data-image-caption=\"&lt;p&gt;Link tradu\u00e7\u00e3o em Libras&lt;\/p&gt;\n\" data-medium-file=\"https:\/\/wp.ufpel.edu.br\/nai\/files\/2018\/10\/libras-e1541596773614.png\" data-large-file=\"https:\/\/wp.ufpel.edu.br\/nai\/files\/2018\/10\/libras-e1541596773614.png\" class=\"alignleft wp-image-2963\" src=\"https:\/\/wp.ufpel.edu.br\/nai\/files\/2018\/10\/libras-200x200.png\" alt=\"\" width=\"30\" height=\"30\" \/>Texto em Libras \u2013 Clique Aqui<\/span><\/a><\/p>\n<p>&nbsp;<\/p>\n<p><span style=\"font-weight: 400; font-family: verdana, geneva, sans-serif;\">O Programa de Tutorias Acad\u00eamicas entre pares do NAI se prop\u00f5e a ser mais uma iniciativa do N\u00facleo, na dire\u00e7\u00e3o de oportunizar apoio, suporte e aux\u00edlio aos\/as acad\u00eamicos\/as de nossa universidade, com defici\u00eancia ou com Transtorno do Espectro do Autismo, quanto aos estudos e \u00e0s aprendizagens acad\u00eamicas.<\/span><\/p>\n<p><span style=\"font-weight: 400; font-family: verdana, geneva, sans-serif;\">O\/a acad\u00eamico\/a bolsista-tutor\/a do NAI realiza tutorias no per\u00edodo de 20h semanais junto ao\/a seu\/sua acad\u00eamico\/a em tutoria, nos espa\u00e7os da UFPel, buscando, por interm\u00e9dio dos encontros para fins de tutorias, desenvolver a\u00e7\u00f5es para o acompanhamento, a organiza\u00e7\u00e3o e a sistem\u00e1tica dos estudos acad\u00eamicos. As tutorias tamb\u00e9m possibilitam o incentivo \u00e0 inser\u00e7\u00e3o e \u00e0 participa\u00e7\u00e3o de tutores\/as e acad\u00eamicos\/as em tutorias nas atividades de natureza art\u00edstica, cient\u00edfica e cultural de nossa universidade. As contribui\u00e7\u00f5es entre colegas que estudam juntos\/as t\u00eam se constitu\u00eddo de forma m\u00fatua, tanto para a forma\u00e7\u00e3o acad\u00eamico-profissional, quanto para a constru\u00e7\u00e3o da universidade e da sociedade mais inclusiva.<\/span><\/p>\n<p><a href=\"https:\/\/drive.google.com\/file\/d\/1bwTolImHuLqhBYovgrcitVjKpvJXaeXF\/view?usp=sharing\">Texto em Libras \u2013 Clique Aqui<\/a><img data-attachment-id=\"2963\" data-permalink=\"https:\/\/wp.ufpel.edu.br\/nai\/libras-2\/\" data-orig-file=\"https:\/\/wp.ufpel.edu.br\/nai\/files\/2018\/10\/libras-e1541596773614.png\" data-orig-size=\"30,30\" data-comments-opened=\"0\" data-image-meta=\"{&quot;aperture&quot;:&quot;0&quot;,&quot;credit&quot;:&quot;&quot;,&quot;camera&quot;:&quot;&quot;,&quot;caption&quot;:&quot;&quot;,&quot;created_timestamp&quot;:&quot;0&quot;,&quot;copyright&quot;:&quot;&quot;,&quot;focal_length&quot;:&quot;0&quot;,&quot;iso&quot;:&quot;0&quot;,&quot;shutter_speed&quot;:&quot;0&quot;,&quot;title&quot;:&quot;&quot;,&quot;orientation&quot;:&quot;0&quot;}\" data-image-title=\"Acessibilidade em Libras libras\" data-image-description=\"\" data-image-caption=\"&lt;p&gt;Link tradu\u00e7\u00e3o em Libras&lt;\/p&gt;\n\" data-medium-file=\"https:\/\/wp.ufpel.edu.br\/nai\/files\/2018\/10\/libras-e1541596773614.png\" data-large-file=\"https:\/\/wp.ufpel.edu.br\/nai\/files\/2018\/10\/libras-e1541596773614.png\" class=\"alignleft wp-image-2963\" src=\"https:\/\/wp.ufpel.edu.br\/nai\/files\/2018\/10\/libras-200x200.png\" alt=\"\" width=\"30\" height=\"30\" \/><\/p>\n<p>&nbsp;<\/p>\n<p style=\"text-align: left;\"><span style=\"font-family: verdana,geneva,sans-serif;\"><a href=\"https:\/\/wp.ufpel.edu.br\/nai\/files\/2017\/09\/proposta_projeto_de_ensino.pdf\">Proposta projeto de ensino<\/a><br \/>\n<\/span><\/p>\n<p>&nbsp;<\/p>\n<p style=\"text-align: left;\"><span style=\"font-family: verdana, geneva, sans-serif;\"><strong>Forma\u00e7\u00e3o para os\/as bolsistas-tutores\/as<\/strong><\/span><\/p>\n<p><span style=\"font-weight: 400; font-family: verdana, geneva, sans-serif;\">No percurso de realiza\u00e7\u00e3o das tutorias o NAI tem proporcionado forma\u00e7\u00e3o pedag\u00f3gica cont\u00ednua aos acad\u00eamicos\/as bolsistas-tutores\/as. S\u00e3o realizados encontros mensais entre tutores\/as e equipe do NAI, atrav\u00e9s dos quais s\u00e3o compartilhadas as experi\u00eancias e as situa\u00e7\u00f5es de tutorias, e onde s\u00e3o desenvolvidas orienta\u00e7\u00f5es e esclarecimentos. Na maioria das vezes tem se constitu\u00eddo verdadeiras rodas de conversas, nas quais as trocas de conhecimentos e de experi\u00eancias t\u00eam prevalecido, canalizando assim ansiedades e proporcionando embasamentos te\u00f3ricos e pr\u00e1ticos.<\/span><\/p>\n<p><span style=\"font-weight: 400; font-family: verdana, geneva, sans-serif;\">Em raz\u00e3o dos calend\u00e1rios letivos remotos, as reuni\u00f5es e os encontros para fins de forma\u00e7\u00f5es pedag\u00f3gicas do grupo de tutores e tutoras do NAI t\u00eam ocorrido em formato h\u00edbrido, contando com as contribui\u00e7\u00f5es de professores pesquisadores no campo da inclus\u00e3o e da acessibilidade da pessoa com defici\u00eancia ou com autismo no ensino superior.\u00a0<\/span><\/p>\n<p>&nbsp;<\/p>\n<p><span style=\"font-family: verdana, geneva, sans-serif;\"><em><strong>Tutorias Acad\u00eamicas &#8211; 2022<\/strong><\/em><\/span><\/p>\n<p><span style=\"font-family: verdana, geneva, sans-serif;\">L\u00edvia Alves Garcia &#8211; Administra\u00e7\u00e3o<\/span><\/p>\n<p><span style=\"font-family: verdana, geneva, sans-serif;\">Daniele Guerreiro da Rosa &#8211; Turismo<\/span><\/p>\n<p><span style=\"font-family: verdana, geneva, sans-serif;\">Ronney Bruno da SIlva C\u00f4rrea &#8211; Antropologia<\/span><\/p>\n<p><span style=\"font-family: verdana, geneva, sans-serif;\">Mateus Barbosa Rocha\u00a0&#8211; Artes Visuais<\/span><\/p>\n<p><span style=\"font-family: verdana, geneva, sans-serif;\">Isabelle Rodrigues Alves &#8211; Dan\u00e7a<\/span><\/p>\n<p><span style=\"font-family: verdana, geneva, sans-serif;\">Isadora Silveira Boeri &#8211; Direito<\/span><\/p>\n<p><span style=\"font-family: verdana, geneva, sans-serif;\">Lauro Araujo Leme &#8211; Engenharia de Petr\u00f3leo<\/span><\/p>\n<p><span style=\"font-family: verdana, geneva, sans-serif;\">Jennifer Rosa da Silva &#8211; Geografia<\/span><\/p>\n<p><span style=\"font-family: verdana, geneva, sans-serif;\">Luana Vahl Consen &#8211; Gest\u00e3o Ambiental<\/span><\/p>\n<p><span style=\"font-family: verdana, geneva, sans-serif;\">Fabiola Peres de Souza &#8211; Hist\u00f3ria<\/span><\/p>\n<p><span style=\"font-family: verdana, geneva, sans-serif;\">Valtair Augusto Vieira Firmino e Souza &#8211; Hist\u00f3ria<\/span><\/p>\n<p><span style=\"font-family: verdana, geneva, sans-serif;\">Amanda de Freitas Braga &#8211; Letras\u00a0<\/span><\/p>\n<p><span style=\"font-family: verdana, geneva, sans-serif;\">Cleiton Eudis Nunes Silva &#8211; Medicina\u00a0<\/span><\/p>\n<p><span style=\"font-family: verdana, geneva, sans-serif;\">Lucas Franco Melch\u00edades &#8211; Medicina\u00a0<\/span><\/p>\n<p><span style=\"font-family: verdana, geneva, sans-serif;\">Samuel da Silva Juli\u00e3o &#8211; Medicina\u00a0<\/span><\/p>\n<p><span style=\"font-family: verdana, geneva, sans-serif;\">Pedro Henrique Caetano Santos da Silva &#8211; Medicina\u00a0<\/span><\/p>\n<p><span style=\"font-family: verdana, geneva, sans-serif;\">Matheus Zambrano Hilzendeger &#8211; Medicina\u00a0<\/span><\/p>\n<p><span style=\"font-family: verdana, geneva, sans-serif;\">Wesley Silva da Rosa &#8211; Medicina Veterin\u00e1ria<\/span><\/p>\n<p><span style=\"font-family: verdana, geneva, sans-serif;\">Rafaela Reginato Correa &#8211; Nutri\u00e7\u00e3o<\/span><\/p>\n<p><span style=\"font-family: verdana, geneva, sans-serif;\">Rodrigo Konsgen Rossales &#8211; Odontologia\u00a0<\/span><\/p>\n<p><span style=\"font-family: verdana, geneva, sans-serif;\">Debora Caroline Ferrarezi Pereira &#8211; Odontologia\u00a0<\/span><\/p>\n<p><span style=\"font-family: verdana, geneva, sans-serif;\">Jenifer Aniceto Jardim &#8211; Pedagogia<\/span><\/p>\n<p><span style=\"font-family: verdana, geneva, sans-serif;\">Gabriele Igansi dos Santos &#8211; Pedagogia<\/span><\/p>\n<p><span style=\"font-family: verdana, geneva, sans-serif;\">Carolina Macedo dos Santos Quillfeldt &#8211; Psicologia<\/span><\/p>\n<p><span style=\"font-family: verdana, geneva, sans-serif;\">Alecia Ferreira da Silva &#8211; Qu\u00edmica Industrial<\/span><\/p>\n<p><span style=\"font-family: verdana, geneva, sans-serif;\">Fernanda Gabrielle Pereira dos Santos &#8211; Terapia Ocupacional<\/span><\/p>\n<p><span style=\"font-family: verdana, geneva, sans-serif;\">Claudia Fl\u00e1via Soares Jaks &#8211; Zootecnia<\/span><\/p>\n<p>&nbsp;<\/p>\n<p>&nbsp;<\/p>\n<p>&nbsp;<\/p>\n<p>&nbsp;<\/p>\n","protected":false},"excerpt":{"rendered":"<p>Texto em Libras \u2013 Clique Aqui &nbsp; O Programa de Tutorias Acad\u00eamicas entre pares do NAI se prop\u00f5e a ser mais uma iniciativa do N\u00facleo, na dire\u00e7\u00e3o de oportunizar apoio, suporte e aux\u00edlio aos\/as acad\u00eamicos\/as de nossa universidade, com defici\u00eancia ou com Transtorno do Espectro do Autismo, quanto aos estudos e \u00e0s aprendizagens acad\u00eamicas. O\/a [&hellip;]<\/p>\n","protected":false},"author":359,"featured_media":0,"parent":0,"menu_order":0,"comment_status":"closed","ping_status":"closed","template":"","meta":{"jetpack_post_was_ever_published":false,"footnotes":""},"class_list":["post-1623","page","type-page","status-publish","hentry"],"jetpack_sharing_enabled":true,"jetpack_shortlink":"https:\/\/wp.me\/P90IOR-qb","_links":{"self":[{"href":"https:\/\/wp.ufpel.edu.br\/nai\/wp-json\/wp\/v2\/pages\/1623","targetHints":{"allow":["GET"]}}],"collection":[{"href":"https:\/\/wp.ufpel.edu.br\/nai\/wp-json\/wp\/v2\/pages"}],"about":[{"href":"https:\/\/wp.ufpel.edu.br\/nai\/wp-json\/wp\/v2\/types\/page"}],"author":[{"embeddable":true,"href":"https:\/\/wp.ufpel.edu.br\/nai\/wp-json\/wp\/v2\/users\/359"}],"replies":[{"embeddable":true,"href":"https:\/\/wp.ufpel.edu.br\/nai\/wp-json\/wp\/v2\/comments?post=1623"}],"version-history":[{"count":29,"href":"https:\/\/wp.ufpel.edu.br\/nai\/wp-json\/wp\/v2\/pages\/1623\/revisions"}],"predecessor-version":[{"id":4356,"href":"https:\/\/wp.ufpel.edu.br\/nai\/wp-json\/wp\/v2\/pages\/1623\/revisions\/4356"}],"wp:attachment":[{"href":"https:\/\/wp.ufpel.edu.br\/nai\/wp-json\/wp\/v2\/media?parent=1623"}],"curies":[{"name":"wp","href":"https:\/\/api.w.org\/{rel}","templated":true}]}}