{"id":796,"date":"2018-07-16T08:35:01","date_gmt":"2018-07-16T11:35:01","guid":{"rendered":"https:\/\/wp.ufpel.edu.br\/naaf\/?page_id=796"},"modified":"2022-04-25T11:05:56","modified_gmt":"2022-04-25T14:05:56","slug":"2018-2","status":"publish","type":"page","link":"https:\/\/wp.ufpel.edu.br\/naaf\/sisu\/2018-2\/","title":{"rendered":"2018\/2"},"content":{"rendered":"<h4><strong>Chamada Regular<\/strong><\/h4>\n<ul>\n<li><a href=\"https:\/\/wp.ufpel.edu.br\/sisu\/files\/2018\/07\/Relat%C3%B3rio_Parecer_cotas_Preliminar_chamada-oral_-SISU.pdf\" target=\"_blank\" rel=\"noopener noreferrer\">SISU 2018\/2 &#8211; Relat\u00f3rio Preliminar \u2013 Chamada Regular\u00a0<\/a><\/li>\n<li><a href=\"https:\/\/wp.ufpel.edu.br\/naaf\/files\/2018\/08\/relat\u00f3rio_parecer_cotas_Definitivo-CHAMADA-REGULAR-2018-02.pdf\">SISU 2018\/2 &#8211; Relat\u00f3rio Definitivo \u2013 Chamada Regular\u00a0<\/a><\/li>\n<\/ul>\n<h4><strong>Primeira Convoca\u00e7\u00e3o<\/strong><\/h4>\n<ul>\n<li><a href=\"https:\/\/wp.ufpel.edu.br\/naaf\/files\/2018\/07\/Relat\u00f3rio-Preliminar-Primeira-Convoca\u00e7\u00e3o.pdf\">SISU 2018\/2 &#8211; Relat\u00f3rio Preliminar &#8211; 1\u00aa Convoca\u00e7\u00e3o\u00a0<\/a><\/li>\n<li><a href=\"https:\/\/wp.ufpel.edu.br\/sisu\/files\/2018\/08\/Relat%C3%B3rio-Final-PRIMEIRA-CONVOCA%C3%87%C3%83O-Parecer-Cotas-%C3%89tnico-Raciais-SISU-2018-2.pdf\" target=\"_blank\" rel=\"noopener noreferrer\">SISU 2018\/2 &#8211; Relat\u00f3rio Definitivo &#8211; 1\u00aa Convoca\u00e7\u00e3o\u00a0<\/a><\/li>\n<\/ul>\n<h4><strong>Segunda Convoca\u00e7\u00e3o<\/strong><\/h4>\n<ul>\n<li><a href=\"https:\/\/wp.ufpel.edu.br\/naaf\/files\/2018\/07\/relat\u00f3rio_parecer_cotas_Preliminar-2A-CONVOCA\u00c7\u00c3O.pdf\">SISU 2018\/2 &#8211; Relat\u00f3rio Preliminar \u2013 2\u00aa Convoca\u00e7\u00e3o\u00a0<\/a><\/li>\n<li><a href=\"https:\/\/wp.ufpel.edu.br\/sisu\/files\/2018\/09\/relat%C3%B3rio_parecer_cotas_Definitivo-2-CONVOCA%C3%87%C3%83O-2018_02.pdf\" target=\"_blank\" rel=\"noopener noreferrer\">SISU 2018\/2 &#8211; Relat\u00f3rio Definitivo \u2013 2\u00aa Convoca\u00e7\u00e3o\u00a0<\/a><\/li>\n<\/ul>\n<h4><strong>Terceira Convoca\u00e7\u00e3o<\/strong><\/h4>\n<ul>\n<li><a href=\"https:\/\/wp.ufpel.edu.br\/naaf\/files\/2018\/08\/relat\u00f3rio_parecer_cotas_Preliminar-3A-CONVOCA\u00c7\u00c3O.pdf\">SISU 2018\/2 &#8211; Relat\u00f3rio Preliminar \u2013 3\u00aa Convoca\u00e7\u00e3o\u00a0<\/a><\/li>\n<li><a href=\"https:\/\/wp.ufpel.edu.br\/naaf\/files\/2018\/08\/relat%C3%B3rio_parecer_cotas_Definitivo-3A-CONVOCA%C3%87%C3%83O.pdf\">SISU 2018\/2 &#8211; Relat\u00f3rio Definitivo &#8211; 3\u00aa Convoca\u00e7\u00e3o\u00a0<\/a><\/li>\n<\/ul>\n<h4><strong>Quarta Convoca\u00e7\u00e3o\u00a0<\/strong><\/h4>\n<ul>\n<li><a href=\"https:\/\/wp.ufpel.edu.br\/naaf\/files\/2018\/08\/relat\u00f3rio_parecer_cotas_Preliminar-4.pdf\">SISU 2018\/2 \u2013 Relat\u00f3rio Preliminar &#8211; 4\u00aa Convoca\u00e7\u00e3o\u00a0<\/a><\/li>\n<li><a href=\"https:\/\/wp.ufpel.edu.br\/sisu\/files\/2018\/09\/relat%C3%B3rio_parecer_cotas_Definitivo-4-convoca%C3%A7%C3%A3o-2018-02-DEFINITIVO.pdf\" target=\"_blank\" rel=\"noopener noreferrer\">SISU 2018\/2 &#8211; Relat\u00f3rio Definitivo &#8211; 4\u00aa Convoca\u00e7\u00e3o\u00a0<\/a><\/li>\n<\/ul>\n<h4><strong>Quinta Convoca\u00e7\u00e3o<\/strong><\/h4>\n<ul>\n<li><a href=\"https:\/\/wp.ufpel.edu.br\/sisu\/files\/2018\/08\/Relat%C3%B3rio-Preliminar-Lista-de-Espera-Quinta-Convoca%C3%A7%C3%A3o-SISU-2018-2.pdf\" target=\"_blank\" rel=\"noopener noreferrer\">SISU 2018\/2 &#8211; Relat\u00f3rio Preliminar &#8211; 5\u00aa Convoca\u00e7\u00e3o\u00a0<\/a><\/li>\n<li><a href=\"https:\/\/wp.ufpel.edu.br\/sisu\/files\/2018\/10\/relat%C3%B3rio_parecer_cotas_Definitivo-3.pdf\" target=\"_blank\" rel=\"noopener noreferrer\">SISU 2018\/2 &#8211; Relat\u00f3rio Definitivo &#8211; 5\u00aa Convoca\u00e7\u00e3o\u00a0<\/a><\/li>\n<\/ul>\n<h4>Sexta Convoca\u00e7\u00e3o<\/h4>\n<p>N\u00e3o houve candidatos por cota \u00e9tnica-racial.<\/p>\n<h4><strong>S\u00e9tima Convoca\u00e7\u00e3o\u00a0<\/strong><\/h4>\n<ul>\n<li><a href=\"https:\/\/wp.ufpel.edu.br\/sisu\/files\/2018\/08\/Relat%C3%B3rio-Preliminar-Lista-de-Espera-S%C3%A9tima-Convoca%C3%A7%C3%A3o-SISU-2018-2.pdf\" target=\"_blank\" rel=\"noopener noreferrer\">SISU 2018\/2 &#8211; Relat\u00f3rio Preliminar &#8211; 7\u00aa Convoca\u00e7\u00e3o<\/a><\/li>\n<li><a href=\"https:\/\/wp.ufpel.edu.br\/sisu\/files\/2018\/08\/Relat%C3%B3rio-Final-S%C3%89TIMA-CONVOCA%C3%87%C3%83O-Parecer-Cotas-%C3%89tnico-Raciais-SISU-2018-2.pdf\" target=\"_blank\" rel=\"noopener noreferrer\">SISU 2018\/2 &#8211; Relat\u00f3rio Definitivo \u2013 7\u00aa Convoca\u00e7\u00e3o\u00a0<\/a><\/li>\n<\/ul>\n<h4><strong>Oitava Convoca\u00e7\u00e3o<\/strong><\/h4>\n<ul>\n<li><a href=\"https:\/\/wp.ufpel.edu.br\/naaf\/files\/2018\/09\/Relat\u00f3rio_parecer_cotas_Preliminar-8-CONVOCA\u00c7\u00c3O-2018-02.pdf\">SISU 2018\/2 &#8211; Relat\u00f3rio Preliminar &#8211; 8\u00aa Convoca\u00e7\u00e3o\u00a0<\/a><\/li>\n<li><a href=\"https:\/\/wp.ufpel.edu.br\/sisu\/files\/2018\/11\/relat%C3%B3rio_parecer_cotas_Definitivo-3.pdf\" target=\"_blank\" rel=\"noopener noreferrer\">SISU 2018\/2 &#8211; Relat\u00f3rio Definitivo \u2013 8\u00aa Convoca\u00e7\u00e3o\u00a0<\/a><\/li>\n<\/ul>\n<h4><strong>Nona Convoca\u00e7\u00e3o<\/strong><\/h4>\n<ul>\n<li><a href=\"https:\/\/wp.ufpel.edu.br\/sisu\/files\/2018\/10\/relat%C3%B3rio_parecer_cotas_Preliminar-NONA-CONVOCA%C3%87%C3%83O.pdf\" target=\"_blank\" rel=\"noopener noreferrer\">SISU 2018\/2 &#8211; Relat\u00f3rio Preliminar \u2013 9\u00aa Convoca\u00e7\u00e3o\u00a0<\/a><\/li>\n<li><a href=\"https:\/\/wp.ufpel.edu.br\/sisu\/files\/2018\/10\/relat%C3%B3rio_parecer_cotas_Definitivo-NONA-CONVOCA%C3%87%C3%83O.pdf\" target=\"_blank\" rel=\"noopener noreferrer\">SISU 2018\/2 &#8211; Relat\u00f3rio Definitivo \u2013 9\u00aa Convoca\u00e7\u00e3o\u00a0<\/a><\/li>\n<\/ul>\n<div class=\"sharedaddy sd-sharing-enabled\">\n<div class=\"robots-nocontent sd-block sd-social sd-social-icon-text sd-sharing\">\n<h4><strong>D\u00e9cima Convoca\u00e7\u00e3o<\/strong><\/h4>\n<ul>\n<li><a href=\"https:\/\/wp.ufpel.edu.br\/sisu\/files\/2018\/11\/relat%C3%B3rio_parecer_cotas_Preliminar-6.pdf\" target=\"_blank\" rel=\"noopener noreferrer\">SISU 2018\/2 &#8211; Relat\u00f3rio Preliminar &#8211; 10\u00aa Convoca\u00e7\u00e3o\u00a0<\/a><\/li>\n<li><a href=\"https:\/\/wp.ufpel.edu.br\/sisu\/files\/2018\/11\/relat%C3%B3rio_parecer_cotas_Definitivo-3-1.pdf\" target=\"_blank\" rel=\"noopener noreferrer\">SISU 2018\/2 &#8211; Relat\u00f3rio Definitivo \u2013 10\u00aa Convoca\u00e7\u00e3o\u00a0<\/a><\/li>\n<\/ul>\n<\/div>\n<\/div>\n","protected":false},"excerpt":{"rendered":"<p>Chamada Regular SISU 2018\/2 &#8211; Relat\u00f3rio Preliminar \u2013 Chamada Regular\u00a0 SISU 2018\/2 &#8211; Relat\u00f3rio Definitivo \u2013 Chamada Regular\u00a0 Primeira Convoca\u00e7\u00e3o SISU 2018\/2 &#8211; Relat\u00f3rio Preliminar &#8211; 1\u00aa Convoca\u00e7\u00e3o\u00a0 SISU 2018\/2 &#8211; Relat\u00f3rio Definitivo &#8211; 1\u00aa Convoca\u00e7\u00e3o\u00a0 Segunda Convoca\u00e7\u00e3o SISU 2018\/2 &#8211; Relat\u00f3rio Preliminar \u2013 2\u00aa Convoca\u00e7\u00e3o\u00a0 SISU 2018\/2 &#8211; Relat\u00f3rio Definitivo \u2013 2\u00aa Convoca\u00e7\u00e3o\u00a0 Terceira &hellip; <\/p>\n<p><a class=\"more-link btn\" href=\"https:\/\/wp.ufpel.edu.br\/naaf\/sisu\/2018-2\/\">Continue lendo<\/a><\/p>\n","protected":false},"author":781,"featured_media":0,"parent":110,"menu_order":4,"comment_status":"closed","ping_status":"closed","template":"","meta":{"jetpack_post_was_ever_published":false,"footnotes":""},"class_list":["post-796","page","type-page","status-publish","hentry","nodate","item-wrap"],"jetpack_sharing_enabled":true,"jetpack_shortlink":"https:\/\/wp.me\/P9uOP6-cQ","jetpack_likes_enabled":true,"jetpack-related-posts":[{"id":1305,"url":"https:\/\/wp.ufpel.edu.br\/naaf\/sisu\/2019-01\/","url_meta":{"origin":796,"position":0},"title":"2019\/1","author":"naaf","date":"11\/02\/2019","format":false,"excerpt":"Chamada Regular SISU 2019\/1 - Relat\u00f3rio Preliminar \u2013 Chamada Regular SISU 2019\/1 - Relat\u00f3rio Definitivo \u2013 Chamada Regular 1\u00aa Convoca\u00e7\u00e3o SISU 2019\/1 - Relat\u00f3rio Preliminar - 1\u00aa Convoca\u00e7\u00e3o SISU 2019\/1 - Relat\u00f3rio Definitivo - 1\u00aa Convoca\u00e7\u00e3o 2\u00aa Convoca\u00e7\u00e3o SISU 2019\/1 - Relat\u00f3rio Preliminar - 2\u00aa Convoca\u00e7\u00e3o SISU 2019\/1 - Relat\u00f3rio\u2026","rel":"","context":"Post similar","block_context":{"text":"Post similar","link":""},"img":{"alt_text":"","src":"","width":0,"height":0},"classes":[]},{"id":468,"url":"https:\/\/wp.ufpel.edu.br\/naaf\/sisu\/2018-1\/","url_meta":{"origin":796,"position":1},"title":"2018\/1","author":"naaf","date":"16\/02\/2018","format":false,"excerpt":"Chamada Regular SISU 2018\/1 - Relat\u00f3rio Preliminar - Chamada Regular\u00a0 SISU 2018\/1 - Relat\u00f3rio Definitivo - Chamada Regular\u00a0 Primeira Convoca\u00e7\u00e3o SISU 2018\/1 - Relat\u00f3rio Preliminar - 1\u00aa Convoca\u00e7\u00e3o\u00a0 SISU 2018\/1 - Relat\u00f3rio Definitivo - 1\u00aa Convoca\u00e7\u00e3o\u00a0 Segunda Convoca\u00e7\u00e3o SISU 2018\/1 - Relat\u00f3rio Preliminar - 2\u00aa Convoca\u00e7\u00e3o SISU 2018\/1 - Relat\u00f3rio\u2026","rel":"","context":"Post similar","block_context":{"text":"Post similar","link":""},"img":{"alt_text":"","src":"","width":0,"height":0},"classes":[]},{"id":122,"url":"https:\/\/wp.ufpel.edu.br\/naaf\/sisu\/2017-2\/","url_meta":{"origin":796,"position":2},"title":"2017\/1","author":"naaf","date":"25\/10\/2017","format":false,"excerpt":"Chamada Regular SISU 2017\/1 - Relat\u00f3rio Preliminar - Chamada Regular SISU 2017\/1 - Relat\u00f3rio Definitivo - Chamada Regular Primeira Convoca\u00e7\u00e3o SISU 2017\/1 - Relat\u00f3rio Preliminar - 1\u00aa Convoca\u00e7\u00e3o SISU 2017\/1 - Relat\u00f3rio Definitivo - 1\u00aa Convoca\u00e7\u00e3o Segunda Convoca\u00e7\u00e3o SISU 2017\/1 - Relat\u00f3rio Preliminar - 2\u00aa Convoca\u00e7\u00e3o SISU 2017\/1 - Relat\u00f3rio\u2026","rel":"","context":"Post similar","block_context":{"text":"Post similar","link":""},"img":{"alt_text":"","src":"","width":0,"height":0},"classes":[]},{"id":2186,"url":"https:\/\/wp.ufpel.edu.br\/naaf\/sisu\/sisu-2020-1\/","url_meta":{"origin":796,"position":3},"title":"2020\/1","author":"naaf","date":"31\/07\/2020","format":false,"excerpt":"Chamada Regular SISU 2020\/1 - Relat\u00f3rio Preliminar -\u00a0 Chamada Regular SISU 2020\/1 - Relat\u00f3rio Definitivo -\u00a0 Chamada Regular 1\u00aa Convoca\u00e7\u00e3o SISU 2020\/1 - Relat\u00f3rio Preliminar - Primeira Convoca\u00e7\u00e3o SISU 2020\/1 - Relat\u00f3rio Definitivo - Primeira Convoca\u00e7\u00e3o 2\u00aa Convoca\u00e7\u00e3o SISU 2020\/1 - Relat\u00f3rio Preliminar - Segunda Convoca\u00e7\u00e3o SISU 2020\/1 - Relat\u00f3rio\u2026","rel":"","context":"Post similar","block_context":{"text":"Post similar","link":""},"img":{"alt_text":"","src":"","width":0,"height":0},"classes":[]},{"id":125,"url":"https:\/\/wp.ufpel.edu.br\/naaf\/sisu\/2016-2\/","url_meta":{"origin":796,"position":4},"title":"2017\/2","author":"naaf","date":"25\/10\/2017","format":false,"excerpt":"Chamada Regular SISU 2017\/2 - Relat\u00f3rio Definitivo - Chamada Regular Primeira Convoca\u00e7\u00e3o SISU 2017\/2 - Relat\u00f3rio Preliminar - 1\u00aa Convoca\u00e7\u00e3o Segunda Convoca\u00e7\u00e3o SISU 2017\/2 - Relat\u00f3rio Preliminar - 2\u00aa Convoca\u00e7\u00e3o SISU 2017\/2 - Relat\u00f3rio Definitivo - 2\u00aa Convoca\u00e7\u00e3o Terceira Convoca\u00e7\u00e3o SISU 2017\/2 - Relat\u00f3rio Preliminar - 3\u00aa Convoca\u00e7\u00e3o SISU 2017\/2\u2026","rel":"","context":"Post similar","block_context":{"text":"Post similar","link":""},"img":{"alt_text":"","src":"","width":0,"height":0},"classes":[]},{"id":1632,"url":"https:\/\/wp.ufpel.edu.br\/naaf\/sisu\/2019-2\/","url_meta":{"origin":796,"position":5},"title":"2019\/2","author":"naaf","date":"18\/06\/2019","format":false,"excerpt":"Chamada Regular SISU 2019\/2 - Relat\u00f3rio Preliminar - Chamada Regular SISU 2019\/2 - Relat\u00f3rio Definitivo - Chamada Regular Primeira Convoca\u00e7\u00e3o SISU 2019\/2 - Relat\u00f3rio Preliminar - Primeira Convoca\u00e7\u00e3o SISU 2019\/2 - Relat\u00f3rio Definitivo - Primeira Convoca\u00e7\u00e3o Segunda Convoca\u00e7\u00e3o SISU 2019\/2 - Relat\u00f3rio Preliminar - Segunda Convoca\u00e7\u00e3o SISU 2019\/2 - Relat\u00f3rio\u2026","rel":"","context":"Post similar","block_context":{"text":"Post similar","link":""},"img":{"alt_text":"","src":"","width":0,"height":0},"classes":[]}],"_links":{"self":[{"href":"https:\/\/wp.ufpel.edu.br\/naaf\/wp-json\/wp\/v2\/pages\/796","targetHints":{"allow":["GET"]}}],"collection":[{"href":"https:\/\/wp.ufpel.edu.br\/naaf\/wp-json\/wp\/v2\/pages"}],"about":[{"href":"https:\/\/wp.ufpel.edu.br\/naaf\/wp-json\/wp\/v2\/types\/page"}],"author":[{"embeddable":true,"href":"https:\/\/wp.ufpel.edu.br\/naaf\/wp-json\/wp\/v2\/users\/781"}],"replies":[{"embeddable":true,"href":"https:\/\/wp.ufpel.edu.br\/naaf\/wp-json\/wp\/v2\/comments?post=796"}],"version-history":[{"count":23,"href":"https:\/\/wp.ufpel.edu.br\/naaf\/wp-json\/wp\/v2\/pages\/796\/revisions"}],"predecessor-version":[{"id":3153,"href":"https:\/\/wp.ufpel.edu.br\/naaf\/wp-json\/wp\/v2\/pages\/796\/revisions\/3153"}],"up":[{"embeddable":true,"href":"https:\/\/wp.ufpel.edu.br\/naaf\/wp-json\/wp\/v2\/pages\/110"}],"wp:attachment":[{"href":"https:\/\/wp.ufpel.edu.br\/naaf\/wp-json\/wp\/v2\/media?parent=796"}],"curies":[{"name":"wp","href":"https:\/\/api.w.org\/{rel}","templated":true}]}}