{"id":70,"date":"2017-09-19T17:53:31","date_gmt":"2017-09-19T20:53:31","guid":{"rendered":"https:\/\/wp.ufpel.edu.br\/naaf\/?page_id=70"},"modified":"2022-04-07T10:19:59","modified_gmt":"2022-04-07T13:19:59","slug":"eventos","status":"publish","type":"page","link":"https:\/\/wp.ufpel.edu.br\/naaf\/eventos\/","title":{"rendered":"Eventos"},"content":{"rendered":"","protected":false},"excerpt":{"rendered":"","protected":false},"author":781,"featured_media":684,"parent":0,"menu_order":9,"comment_status":"closed","ping_status":"closed","template":"","meta":{"jetpack_post_was_ever_published":false,"footnotes":""},"class_list":["post-70","page","type-page","status-publish","has-post-thumbnail","hentry","nodate","item-wrap"],"jetpack_sharing_enabled":true,"jetpack_shortlink":"https:\/\/wp.me\/P9uOP6-18","jetpack_likes_enabled":true,"jetpack-related-posts":[{"id":2820,"url":"https:\/\/wp.ufpel.edu.br\/naaf\/eventos\/eventos-2017\/","url_meta":{"origin":70,"position":0},"title":"Eventos 2017","author":"nuaad","date":"22\/03\/2022","format":false,"excerpt":"","rel":"","context":"Post similar","block_context":{"text":"Post similar","link":""},"img":{"alt_text":"","src":"","width":0,"height":0},"classes":[]},{"id":2840,"url":"https:\/\/wp.ufpel.edu.br\/naaf\/eventos\/eventos-2018\/","url_meta":{"origin":70,"position":1},"title":"Eventos 2018","author":"nuaad","date":"22\/03\/2022","format":false,"excerpt":"","rel":"","context":"Post similar","block_context":{"text":"Post similar","link":""},"img":{"alt_text":"","src":"","width":0,"height":0},"classes":[]},{"id":2846,"url":"https:\/\/wp.ufpel.edu.br\/naaf\/eventos\/eventos-2019\/","url_meta":{"origin":70,"position":2},"title":"Eventos 2019","author":"nuaad","date":"22\/03\/2022","format":false,"excerpt":"","rel":"","context":"Post similar","block_context":{"text":"Post similar","link":""},"img":{"alt_text":"","src":"","width":0,"height":0},"classes":[]},{"id":2882,"url":"https:\/\/wp.ufpel.edu.br\/naaf\/eventos\/eventos-2022\/","url_meta":{"origin":70,"position":3},"title":"Eventos 2022","author":"nuaad","date":"22\/03\/2022","format":false,"excerpt":"https:\/\/wp.ufpel.edu.br\/naaf\/2022\/05\/24\/formacao-para-bancas-de-heteroidentifacao\/ https:\/\/wp.ufpel.edu.br\/naaf\/2022\/04\/18\/programa-universidade-territorio-indigena\/ https:\/\/wp.ufpel.edu.br\/naaf\/2022\/03\/25\/primeira-roda-de-conversa-com-os-discentes-indigenas-quilombolas-e-negros-e-negras-cotistas-24-de-marco-de-2022\/ https:\/\/wp.ufpel.edu.br\/naaf\/2022\/03\/15\/1a-jornada-de-agroecologia-da-teia-dos-povos-em-luta-do-rio-grande-do-sul\/","rel":"","context":"Post similar","block_context":{"text":"Post similar","link":""},"img":{"alt_text":"","src":"","width":0,"height":0},"classes":[]},{"id":4220,"url":"https:\/\/wp.ufpel.edu.br\/naaf\/eventos-2\/","url_meta":{"origin":70,"position":4},"title":"Eventos","author":"naaf","date":"04\/09\/2023","format":false,"excerpt":"","rel":"","context":"Post similar","block_context":{"text":"Post similar","link":""},"img":{"alt_text":"","src":"","width":0,"height":0},"classes":[]},{"id":2891,"url":"https:\/\/wp.ufpel.edu.br\/naaf\/eventos\/eventos-2017\/reuniao-com-frei-david-25-de-abril-de-2017-2\/","url_meta":{"origin":70,"position":5},"title":"Reuni\u00e3o com Frei David &#8211; 25 de Abril de 2017","author":"nuaad","date":"23\/03\/2022","format":false,"excerpt":"O NUAAD realizou\u00a0\u00a0no dia 25 de abril de 2017 uma reuni\u00e3o conduzida por\u00a0Frei Davi (Forma\u00e7\u00e3o Superior em Filosofia e Teologia- ITF) no pr\u00e9dio da antiga AABB. As pautas discutidas foram: QUILOMBOLAS DESAFIOS PARA OTIMIZAR O ESTUDO NA UNIVERSIDADE; QUILOMBOLA E O SUCESSO P\u00d3S UNIVERSIDADE; QUILOMBOLA: A MISS\u00c3O DE AMPLIAR O\u2026","rel":"","context":"Post similar","block_context":{"text":"Post similar","link":""},"img":{"alt_text":"","src":"https:\/\/i0.wp.com\/wp.ufpel.edu.br\/naaf\/files\/2017\/09\/DSC_0480-400x265.jpg?resize=350%2C200&ssl=1","width":350,"height":200},"classes":[]}],"_links":{"self":[{"href":"https:\/\/wp.ufpel.edu.br\/naaf\/wp-json\/wp\/v2\/pages\/70","targetHints":{"allow":["GET"]}}],"collection":[{"href":"https:\/\/wp.ufpel.edu.br\/naaf\/wp-json\/wp\/v2\/pages"}],"about":[{"href":"https:\/\/wp.ufpel.edu.br\/naaf\/wp-json\/wp\/v2\/types\/page"}],"author":[{"embeddable":true,"href":"https:\/\/wp.ufpel.edu.br\/naaf\/wp-json\/wp\/v2\/users\/781"}],"replies":[{"embeddable":true,"href":"https:\/\/wp.ufpel.edu.br\/naaf\/wp-json\/wp\/v2\/comments?post=70"}],"version-history":[{"count":99,"href":"https:\/\/wp.ufpel.edu.br\/naaf\/wp-json\/wp\/v2\/pages\/70\/revisions"}],"predecessor-version":[{"id":3077,"href":"https:\/\/wp.ufpel.edu.br\/naaf\/wp-json\/wp\/v2\/pages\/70\/revisions\/3077"}],"wp:featuredmedia":[{"embeddable":true,"href":"https:\/\/wp.ufpel.edu.br\/naaf\/wp-json\/wp\/v2\/media\/684"}],"wp:attachment":[{"href":"https:\/\/wp.ufpel.edu.br\/naaf\/wp-json\/wp\/v2\/media?parent=70"}],"curies":[{"name":"wp","href":"https:\/\/api.w.org\/{rel}","templated":true}]}}