{"id":61,"date":"2017-09-19T16:19:40","date_gmt":"2017-09-19T19:19:40","guid":{"rendered":"https:\/\/wp.ufpel.edu.br\/naaf\/?page_id=61"},"modified":"2020-07-23T14:44:44","modified_gmt":"2020-07-23T17:44:44","slug":"politicas","status":"publish","type":"page","link":"https:\/\/wp.ufpel.edu.br\/naaf\/politicas\/","title":{"rendered":"Pol\u00edticas de A\u00e7\u00f5es Afirmativas da UFPel"},"content":{"rendered":"<h4>Sobre pol\u00edticas de a\u00e7\u00f5es afirmativas<\/h4>\n<p>Ap\u00f3s um longo per\u00edodo de lutas dos movimentos sociais e implementa\u00e7\u00e3o de pol\u00edticas de n\u00edvel estadual e aut\u00f4nomas em algumas institui\u00e7\u00f5es, as pol\u00edticas de a\u00e7\u00f5es afirmativas nas Institui\u00e7\u00f5es Federais de Ensino Superior (IFES) foram aprovadas em n\u00edvel federal pela <a href=\"http:\/\/www.planalto.gov.br\/ccivil_03\/_ato2011-2014\/2012\/lei\/l12711.htm\" target=\"_blank\" rel=\"noopener noreferrer\">Lei 12.711\/12<\/a>. Esta lei ficou conhecida como a &#8220;Lei de cotas sociais&#8221;, por definir que, no m\u00ednimo, 50% das vagas das IFES sejam reservadas a estudantes que tenham cursado integralmente o ensino m\u00e9dio em escolas p\u00fablicas. Dentre essas 50%, a lei define que sejam preenchidas, por curso e turno, por autodeclarados pretos, pardos e ind\u00edgenas e por pessoas com defici\u00eancia, em propor\u00e7\u00e3o ao total de vagas no m\u00ednimo igual \u00e0 propor\u00e7\u00e3o respectiva de pretos, pardos, ind\u00edgenas e pessoas com defici\u00eancia na popula\u00e7\u00e3o (Art. 3\u00ba).<\/p>\n<p>Trata-se de um important\u00edssimo avan\u00e7o socioecon\u00f4mico no Brasil, por\u00e9m a implementa\u00e7\u00e3o dessa pol\u00edtica, de outras a\u00e7\u00f5es no mesmo sentido, e a realiza\u00e7\u00e3o da erradica\u00e7\u00e3o do racismo e de todas as formas de discrimina\u00e7\u00e3o inserem-se em um cen\u00e1rio complexo. Mesmo antes da aprova\u00e7\u00e3o da Lei, as quest\u00f5es das a\u00e7\u00f5es afirmativas, das cotas \u00e9tnico-raciais e dos procedimentos para identifica\u00e7\u00e3o dos sujeitos de direito dessas pol\u00edticas fora tema de a\u00e7\u00e3o no Supremo Tribunal Federal (STF). Em, 2009, foi ajuizada no STF a Argui\u00e7\u00e3o de Descumprimento de Preceito Fundamental (ADPF) n\u00ba 186, a qual questionava a constitucionalidade dos sistema de cotas raciais nas universidades p\u00fablicas. A a\u00e7\u00e3o foi julgada improcedente pelo STF, por unanimidade, pacificando-se assim a quest\u00e3o das cotas \u00e9tnico-raciais e da implementa\u00e7\u00e3o de procedimentos de controle ao acesso por essas vagas, com o objetivo de garantir que fossem ocupadas por seus reais destinat\u00e1rios.<\/p>\n<p style=\"text-align: justify\">A Universidade Federal de Pelotas (UFPel) realiza o controle do acesso \u00e0s vagas reservadas pela Lei 12.711\/12 atrav\u00e9s do procedimento de heteroidentifica\u00e7\u00e3o coordenado pelo N\u00facleo de A\u00e7\u00f5es Afirmativas e Diversidade (NUAAD) e realizado pela Comiss\u00e3o de Controle na Identifica\u00e7\u00e3o do Componente \u00c9tnico-racial (CCICE). A atua\u00e7\u00e3o da CCICE baseia-se nos preceitos definidos pelo STF, principalmente no que diz respeito \u00e0 dignidade do candidato. A Comiss\u00e3o \u00e9 composta por representantes da UFPel, dos discentes da Universidade, da Prefeitura Municipal de Pelotas, da Ordem dos Advogados do Brasil, da 5\u00aa Coordena\u00e7\u00e3o Regional de Educa\u00e7\u00e3o e da sociedade civil.<\/p>\n<p>Al\u00e9m do sistema de cotas \u00e9tnico-raciais na gradua\u00e7\u00e3o, a UFPel implementa pol\u00edticas aut\u00f4nomas, como o Processo Seletivo Espec\u00edfico para estudantes ind\u00edgenas e quilombolas, desde 2015, o sistema de a\u00e7\u00f5es afirmativas na P\u00f3s-Gradua\u00e7\u00e3o, e a pol\u00edtica de perman\u00eancia de ingressantes na P\u00f3s-Gradua\u00e7\u00e3o pelo sistema de a\u00e7\u00f5es afirmativas.<\/p>\n<p>A Resolu\u00e7\u00e3o n\u00ba 15\/2015, do Conselho Coordenador do Ensino, da Pesquisa e da Extens\u00e3o (COCEPE) da UFPel, que cria vagas espec\u00edficas em cursos de gradua\u00e7\u00e3o para estudantes ind\u00edgenas e quilombolas, pode ser acessada <a href=\"https:\/\/wp.ufpel.edu.br\/cra\/files\/2015\/11\/Resolu%C3%A7%C3%A3o-15-2015-COCEPE.pdf\">aqui<\/a><\/p>\n<p>O \u00faltimo Edital de sele\u00e7\u00e3o do Processo Seletivo Espec\u00edfico para as comunidades ind\u00edgenas e quilombolas pode ser acessado <a href=\"https:\/\/wp.ufpel.edu.br\/cra\/files\/2020\/02\/EDITAL-CRA-N%C2%B0-062020-retificado-convertido.pdf\" target=\"_blank\" rel=\"noopener noreferrer\">aqui<\/a> (Obs.: Este processo seletivo <strong>n\u00e3o<\/strong> est\u00e1 aberto)<\/p>\n<p>A Resolu\u00e7\u00e3o n\u00ba 05\/2017, do Conselho Universit\u00e1rio (CONSUN) da UFPel, que regulamenta a pol\u00edtica de a\u00e7\u00f5es afirmativas para pessoas negras, quilombolas, ind\u00edgenas, e pessoas com defici\u00eancia nos Programas de P\u00f3s-Gradua\u00e7\u00e3o <em>stricto sensu<\/em> da UFPel, pode ser acessada <a href=\"https:\/\/wp.ufpel.edu.br\/scs\/files\/2010\/08\/Resolu%C3%A7%C3%A3o-n.-05-de-26-de-abril-de-2017.pdf\" target=\"_blank\" rel=\"noopener noreferrer\">aqui<\/a><\/p>\n<p>A Resolu\u00e7\u00e3o n\u00ba 16\/2017, do Conselho Universit\u00e1rio (CONSUN) da UFPel, que regulamenta a pol\u00edtica de de perman\u00eancia na P\u00f3s-Gradua\u00e7\u00e3o, pode ser acessada <a href=\"https:\/\/wp.ufpel.edu.br\/scs\/files\/2010\/08\/RESOLU%C3%87%C3%83O-16-2017-CONSUN.pdf\" target=\"_blank\" rel=\"noopener noreferrer\">aqui<\/a><\/p>\n","protected":false},"excerpt":{"rendered":"<p>Sobre pol\u00edticas de a\u00e7\u00f5es afirmativas Ap\u00f3s um longo per\u00edodo de lutas dos movimentos sociais e implementa\u00e7\u00e3o de pol\u00edticas de n\u00edvel estadual e aut\u00f4nomas em algumas institui\u00e7\u00f5es, as pol\u00edticas de a\u00e7\u00f5es afirmativas nas Institui\u00e7\u00f5es Federais de Ensino Superior (IFES) foram aprovadas em n\u00edvel federal pela Lei 12.711\/12. Esta lei ficou conhecida como a &#8220;Lei de cotas &hellip; <\/p>\n<p><a class=\"more-link btn\" href=\"https:\/\/wp.ufpel.edu.br\/naaf\/politicas\/\">Continue lendo<\/a><\/p>\n","protected":false},"author":781,"featured_media":0,"parent":0,"menu_order":0,"comment_status":"closed","ping_status":"closed","template":"","meta":{"jetpack_post_was_ever_published":false,"footnotes":""},"class_list":["post-61","page","type-page","status-publish","hentry","nodate","item-wrap"],"jetpack_sharing_enabled":true,"jetpack_shortlink":"https:\/\/wp.me\/P9uOP6-Z","jetpack_likes_enabled":true,"jetpack-related-posts":[{"id":67,"url":"https:\/\/wp.ufpel.edu.br\/naaf\/legislacao\/","url_meta":{"origin":61,"position":0},"title":"Legisla\u00e7\u00e3o","author":"naaf","date":"19\/09\/2017","format":false,"excerpt":"Leis Federais: Lei n\u00ba 9.784, de 29 de janeiro de 1999 - Regula o processo administrativo no \u00e2mbito da Administra\u00e7\u00e3o P\u00fablica Federal. Lei n\u00ba 12.089, de 11 de novembro de 2009. - Pro\u00edbe que uma mesma pessoa ocupe 2 (duas) vagas simultaneamente em institui\u00e7\u00f5es p\u00fablicas de ensino superior. Lei n\u00ba\u2026","rel":"","context":"Post similar","block_context":{"text":"Post similar","link":""},"img":{"alt_text":"","src":"","width":0,"height":0},"classes":[]},{"id":195,"url":"https:\/\/wp.ufpel.edu.br\/naaf\/politicas\/indigenas-e-quilombolas\/","url_meta":{"origin":61,"position":1},"title":"Processo Seletivo Espec\u00edfico para Ind\u00edgenas e Quilombolas","author":"naaf","date":"27\/10\/2017","format":false,"excerpt":"Sobre as pol\u00edticas de acesso para estudantes Ind\u00edgenas e Quilombolas A\u00a0Resolu\u00e7\u00e3o n\u00ba 15\/2015, aprovada pelo Conselho Coordenador do Ensino, da Pesquisa e da Extens\u00e3o da UFPel (COCEPE), criou dez vagas espec\u00edficas, destinadas a estudantes provenientes de comunidades ind\u00edgenas e quilombolas. Os estudantes ind\u00edgenas est\u00e3o amparados tamb\u00e9m pela Lei n\u00ba 12.711\/12,\u2026","rel":"","context":"Post similar","block_context":{"text":"Post similar","link":""},"img":{"alt_text":"","src":"","width":0,"height":0},"classes":[]},{"id":4689,"url":"https:\/\/wp.ufpel.edu.br\/naaf\/sobre-nos\/","url_meta":{"origin":61,"position":2},"title":"Sobre n\u00f3s","author":"nuaad","date":"06\/09\/2024","format":false,"excerpt":"O N\u00facleo de A\u00e7\u00f5es Afirmativas e Diversidade desenvolve atividades relacionadas ao gerenciamento das vagas ocupadas por cotistas ou direcionadas a estes; atividades educativas e informativas nas escolas p\u00fablicas de Educa\u00e7\u00e3o B\u00e1sica, bem como a promo\u00e7\u00e3o de eventos que permitam a aproxima\u00e7\u00e3o da Universidade e a inclus\u00e3o de ind\u00edgenas e quilombolas\u2026","rel":"","context":"Post similar","block_context":{"text":"Post similar","link":""},"img":{"alt_text":"","src":"","width":0,"height":0},"classes":[]},{"id":245,"url":"https:\/\/wp.ufpel.edu.br\/naaf\/politicas\/pos-graduacao-2\/","url_meta":{"origin":61,"position":3},"title":"P\u00f3s-Gradua\u00e7\u00e3o","author":"naaf","date":"27\/10\/2017","format":false,"excerpt":"No primeiro semestre de 2017, a UFPel tornou-se uma das primeiras Universidades Federais do pa\u00eds a aprovar uma pol\u00edtica de cotas \u00e9tnico-raciais para a P\u00f3s-Gradua\u00e7\u00e3o. A Resolu\u00e7\u00e3o n\u00ba 05\/2017, do Conselho Universit\u00e1rio (CONSUN) da UFPel, reserva 25% das vagas nos Programas de P\u00f3s-Gradua\u00e7\u00e3o stricto sensu da institui\u00e7\u00e3o para estudantes negros,\u2026","rel":"","context":"Post similar","block_context":{"text":"Post similar","link":""},"img":{"alt_text":"","src":"","width":0,"height":0},"classes":[]},{"id":2844,"url":"https:\/\/wp.ufpel.edu.br\/naaf\/eventos\/eventos-2018\/curso-de-capacitacao-promovido-pelo-nuaad-para-comissao-de-verificacao-de-alunos-e-servidores-ingressantes-na-ufpel-via-cotas-raciais\/","url_meta":{"origin":61,"position":4},"title":"Curso de Capacita\u00e7\u00e3o promovido pelo NUAAD, para Comiss\u00e3o de Verifica\u00e7\u00e3o de alunos e servidores ingressantes na UFPel via Cotas Raciais.\u00a025 e 26 de Janeiro de 2018 \u00a0\u00a0","author":"nuaad","date":"22\/03\/2022","format":false,"excerpt":"Acad\u00eamica Geiselaine Dias e Servidor Damasio Duval \u00a0\u00a0\u00a0\u00a0\u00a0\u00a0\u00a0\u00a0\u00a0\u00a0\u00a0\u00a0\u00a0\u00a0\u00a0\u00a0\u00a0\u00a0\u00a0\u00a0\u00a0\u00a0\u00a0\u00a0\u00a0\u00a0\u00a0\u00a0\u00a0\u00a0\u00a0\u00a0\u00a0\u00a0\u00a0\u00a0\u00a0\u00a0\u00a0\u00a0\u00a0 \u00a0 \u00a0 \u00a0 \u00a0 \u00a0 \u00a0 \u00a0 \u00a0 \u00a0 \u00a0\u00a0 O N\u00facleo de A\u00e7\u00f5es Afirmativas e Diversidade da UFPel, realizou, nos dias 25 e 26 de janeiro, o Curso de Capacita\u00e7\u00e3o para Comiss\u00f5es de Heteroidentifica\u00e7\u00e3o, no pr\u00e9dio Lyceu Rio-grandense - \u00a0Sala do\u2026","rel":"","context":"Post similar","block_context":{"text":"Post similar","link":""},"img":{"alt_text":"","src":"","width":0,"height":0},"classes":[]},{"id":2873,"url":"https:\/\/wp.ufpel.edu.br\/naaf\/eventos\/eventos-2018\/prefeitura-municipal-e-universidade-federal-de-pelotas-realizam-em-parceria-curso-de-capacitacao-para-comissoes-de-heteroidentificacao-17-de-setembro-2018\/","url_meta":{"origin":61,"position":5},"title":"Prefeitura Municipal e Universidade Federal de Pelotas realizam \u00a0em parceria \u201cCurso de Capacita\u00e7\u00e3o para Comiss\u00f5es de Heteroidentifica\u00e7\u00e3o\u201d &#8211; 17 de Setembro, 2018","author":"nuaad","date":"22\/03\/2022","format":false,"excerpt":"Acads. Marcela Lima e Isadora Caleiro O N\u00facleo de A\u00e7\u00f5es Afirmativas e Diversidade da UFPel, juntamente com a Prefeitura Municipal de Pelotas, realizou, nesta segunda-feira, 17 de setembro, o Curso Intensivo de Capacita\u00e7\u00e3o para Comiss\u00f5es de Heteroidentifica\u00e7\u00e3o, na sala de reuni\u00f5es do COCEPE\/UFPel. A Portaria Normativa n\u00b0 4, emitida pelo\u2026","rel":"","context":"Post similar","block_context":{"text":"Post similar","link":""},"img":{"alt_text":"","src":"","width":0,"height":0},"classes":[]}],"_links":{"self":[{"href":"https:\/\/wp.ufpel.edu.br\/naaf\/wp-json\/wp\/v2\/pages\/61","targetHints":{"allow":["GET"]}}],"collection":[{"href":"https:\/\/wp.ufpel.edu.br\/naaf\/wp-json\/wp\/v2\/pages"}],"about":[{"href":"https:\/\/wp.ufpel.edu.br\/naaf\/wp-json\/wp\/v2\/types\/page"}],"author":[{"embeddable":true,"href":"https:\/\/wp.ufpel.edu.br\/naaf\/wp-json\/wp\/v2\/users\/781"}],"replies":[{"embeddable":true,"href":"https:\/\/wp.ufpel.edu.br\/naaf\/wp-json\/wp\/v2\/comments?post=61"}],"version-history":[{"count":8,"href":"https:\/\/wp.ufpel.edu.br\/naaf\/wp-json\/wp\/v2\/pages\/61\/revisions"}],"predecessor-version":[{"id":2093,"href":"https:\/\/wp.ufpel.edu.br\/naaf\/wp-json\/wp\/v2\/pages\/61\/revisions\/2093"}],"wp:attachment":[{"href":"https:\/\/wp.ufpel.edu.br\/naaf\/wp-json\/wp\/v2\/media?parent=61"}],"curies":[{"name":"wp","href":"https:\/\/api.w.org\/{rel}","templated":true}]}}