{"id":4714,"date":"2024-09-12T15:00:22","date_gmt":"2024-09-12T18:00:22","guid":{"rendered":"https:\/\/wp.ufpel.edu.br\/naaf\/?page_id=4714"},"modified":"2024-09-12T15:00:22","modified_gmt":"2024-09-12T18:00:22","slug":"bolsas","status":"publish","type":"page","link":"https:\/\/wp.ufpel.edu.br\/naaf\/bolsas\/","title":{"rendered":"Bolsas"},"content":{"rendered":"<p><strong>a) Bolsa Perman\u00eancia MEC<\/strong><\/p>\n<p>O Programa Bolsa Perman\u00eancia\/PBP, institu\u00eddo pela Portaria MEC n\u00ba 389, de 9 de maio de 2013, alterada pela Portaria MEC n\u00ba 1.999, de 10 de novembro de 2023, tem por objetivo minimizar as desigualdades sociais, \u00e9tnico-raciais e contribuir para perman\u00eancia e diploma\u00e7\u00e3o, especialmente dos estudantes de gradua\u00e7\u00e3o ind\u00edgenas, quilombolas e dos estudantes em situa\u00e7\u00e3o de vulnerabilidade socioecon\u00f4mica, matriculados nas Institui\u00e7\u00f5es Federais de Ensino Superior\/IFES.<\/p>\n<p><strong>Valor da bolsa:<\/strong> 1400,00 mensais.<\/p>\n<p><strong>Documenta\u00e7\u00e3o:<\/strong> Declara\u00e7\u00e3o de pertencimento \u00e9tnico, autodeclara\u00e7\u00e3o de pertencimento \u00e9tnico e cadastro v\u00e1lido no Sistema de Gest\u00e3o da Bolsa Perman\u00eancia (SISBP).<\/p>\n<p><strong>b) Bolsa Aux\u00edlio Emergencial &#8211; UFPel<\/strong><\/p>\n<p>A Bolsa Aux\u00edlio Emergencial segue os mesmos par\u00e2metros estabelecidos pela Bolsa Perman\u00eancia MEC, complementando a oferta de bolsas disponibilizadas pelo MEC. O objetivo da bolsa \u00e9 proporcionar a todos os estudantes ind\u00edgenas e quilombolas, independentemente das vagas ofertadas pelo MEC, o direito \u00e0 perman\u00eancia na universidade mediante acesso \u00e0 bolsa. Os valores e crit\u00e9rios s\u00e3o os mesmos da bolsa MEC.<\/p>\n<p><img data-recalc-dims=\"1\" loading=\"lazy\" decoding=\"async\" data-attachment-id=\"4705\" data-permalink=\"https:\/\/wp.ufpel.edu.br\/naaf\/auxilios-2\/captura-de-tela-2024-09-12-as-14-35-41\/\" data-orig-file=\"https:\/\/i0.wp.com\/wp.ufpel.edu.br\/naaf\/files\/2024\/09\/Captura-de-Tela-2024-09-12-a%CC%80s-14.35.41.png?fit=1986%2C1078&amp;ssl=1\" data-orig-size=\"1986,1078\" data-comments-opened=\"0\" data-image-meta=\"{&quot;aperture&quot;:&quot;0&quot;,&quot;credit&quot;:&quot;&quot;,&quot;camera&quot;:&quot;&quot;,&quot;caption&quot;:&quot;&quot;,&quot;created_timestamp&quot;:&quot;0&quot;,&quot;copyright&quot;:&quot;&quot;,&quot;focal_length&quot;:&quot;0&quot;,&quot;iso&quot;:&quot;0&quot;,&quot;shutter_speed&quot;:&quot;0&quot;,&quot;title&quot;:&quot;&quot;,&quot;orientation&quot;:&quot;0&quot;}\" data-image-title=\"Captura de Tela 2024-09-12 a\u0300s 14.35.41\" data-image-description=\"\" data-image-caption=\"\" data-medium-file=\"https:\/\/i0.wp.com\/wp.ufpel.edu.br\/naaf\/files\/2024\/09\/Captura-de-Tela-2024-09-12-a%CC%80s-14.35.41.png?fit=400%2C217&amp;ssl=1\" data-large-file=\"https:\/\/i0.wp.com\/wp.ufpel.edu.br\/naaf\/files\/2024\/09\/Captura-de-Tela-2024-09-12-a%CC%80s-14.35.41.png?fit=750%2C407&amp;ssl=1\" class=\"wp-image-4705 aligncenter\" src=\"https:\/\/i0.wp.com\/wp.ufpel.edu.br\/naaf\/files\/2024\/09\/Captura-de-Tela-2024-09-12-a%CC%80s-14.35.41.png?resize=606%2C329&#038;ssl=1\" alt=\"\" width=\"606\" height=\"329\" srcset=\"https:\/\/i0.wp.com\/wp.ufpel.edu.br\/naaf\/files\/2024\/09\/Captura-de-Tela-2024-09-12-a%CC%80s-14.35.41.png?resize=400%2C217&amp;ssl=1 400w, https:\/\/i0.wp.com\/wp.ufpel.edu.br\/naaf\/files\/2024\/09\/Captura-de-Tela-2024-09-12-a%CC%80s-14.35.41.png?resize=1024%2C556&amp;ssl=1 1024w, https:\/\/i0.wp.com\/wp.ufpel.edu.br\/naaf\/files\/2024\/09\/Captura-de-Tela-2024-09-12-a%CC%80s-14.35.41.png?resize=768%2C417&amp;ssl=1 768w, https:\/\/i0.wp.com\/wp.ufpel.edu.br\/naaf\/files\/2024\/09\/Captura-de-Tela-2024-09-12-a%CC%80s-14.35.41.png?resize=1536%2C834&amp;ssl=1 1536w, https:\/\/i0.wp.com\/wp.ufpel.edu.br\/naaf\/files\/2024\/09\/Captura-de-Tela-2024-09-12-a%CC%80s-14.35.41.png?resize=750%2C407&amp;ssl=1 750w, https:\/\/i0.wp.com\/wp.ufpel.edu.br\/naaf\/files\/2024\/09\/Captura-de-Tela-2024-09-12-a%CC%80s-14.35.41.png?w=1986&amp;ssl=1 1986w\" sizes=\"auto, (max-width: 606px) 100vw, 606px\" \/><\/p>\n","protected":false},"excerpt":{"rendered":"<p>a) Bolsa Perman\u00eancia MEC O Programa Bolsa Perman\u00eancia\/PBP, institu\u00eddo pela Portaria MEC n\u00ba 389, de 9 de maio de 2013, alterada pela Portaria MEC n\u00ba 1.999, de 10 de novembro de 2023, tem por objetivo minimizar as desigualdades sociais, \u00e9tnico-raciais e contribuir para perman\u00eancia e diploma\u00e7\u00e3o, especialmente dos estudantes de gradua\u00e7\u00e3o ind\u00edgenas, quilombolas e dos &hellip; <\/p>\n<p><a class=\"more-link btn\" href=\"https:\/\/wp.ufpel.edu.br\/naaf\/bolsas\/\">Continue lendo<\/a><\/p>\n","protected":false},"author":1133,"featured_media":0,"parent":0,"menu_order":0,"comment_status":"closed","ping_status":"closed","template":"","meta":{"jetpack_post_was_ever_published":false,"footnotes":""},"class_list":["post-4714","page","type-page","status-publish","hentry","nodate","item-wrap"],"jetpack_sharing_enabled":true,"jetpack_shortlink":"https:\/\/wp.me\/P9uOP6-1e2","jetpack_likes_enabled":true,"jetpack-related-posts":[{"id":3438,"url":"https:\/\/wp.ufpel.edu.br\/naaf\/projetos-externos\/grupo-carrefour-bolsa-de-estudo-e-permanencia-para-cursos-de-graduacao-e-pos-graduacao-para-estudantes-negros\/","url_meta":{"origin":4714,"position":0},"title":"GRUPO CARREFOUR: Bolsa de Estudo e Perman\u00eancia para cursos de gradua\u00e7\u00e3o e p\u00f3s-gradua\u00e7\u00e3o para estudantes negros","author":"nuaad","date":"25\/08\/2022","format":false,"excerpt":"\u00a0 Devido ao assassinato de Jo\u00e3o Alberto Silveira Freitas, conhecido como Beto, realizado por um seguran\u00e7a da Rede Carrefour no dia 19 de novembro de 2020 por motiva\u00e7\u00f5es racistas, militantes negros do sul do pa\u00eds pressionaram o Grupo Carrefour em busca de retrata\u00e7\u00f5es. A partir disso, o Carrefour foi responsabilizado\u2026","rel":"","context":"Post similar","block_context":{"text":"Post similar","link":""},"img":{"alt_text":"","src":"https:\/\/i0.wp.com\/wp.ufpel.edu.br\/naaf\/files\/2022\/08\/NUAAD-INFORMA-400x400.png?resize=350%2C200&ssl=1","width":350,"height":200},"classes":[]},{"id":2799,"url":"https:\/\/wp.ufpel.edu.br\/naaf\/projetos-externos\/","url_meta":{"origin":4714,"position":1},"title":"Divulgando Projetos","author":"nuaad","date":"17\/03\/2022","format":false,"excerpt":"Stay Black Museu Afro-Brasil-Sul (MABSul) Articula\u00e7\u00e3o dos Povos Ind\u00edgenas da Regi\u00e3o Sul \u2013 ArpinSul GRUPO CARREFOUR: Bolsa de Estudo e Perman\u00eancia para cursos de gradua\u00e7\u00e3o e p\u00f3s-gradua\u00e7\u00e3o para estudantes negros","rel":"","context":"Post similar","block_context":{"text":"Post similar","link":""},"img":{"alt_text":"","src":"","width":0,"height":0},"classes":[]},{"id":245,"url":"https:\/\/wp.ufpel.edu.br\/naaf\/politicas\/pos-graduacao-2\/","url_meta":{"origin":4714,"position":2},"title":"P\u00f3s-Gradua\u00e7\u00e3o","author":"naaf","date":"27\/10\/2017","format":false,"excerpt":"No primeiro semestre de 2017, a UFPel tornou-se uma das primeiras Universidades Federais do pa\u00eds a aprovar uma pol\u00edtica de cotas \u00e9tnico-raciais para a P\u00f3s-Gradua\u00e7\u00e3o. A Resolu\u00e7\u00e3o n\u00ba 05\/2017, do Conselho Universit\u00e1rio (CONSUN) da UFPel, reserva 25% das vagas nos Programas de P\u00f3s-Gradua\u00e7\u00e3o stricto sensu da institui\u00e7\u00e3o para estudantes negros,\u2026","rel":"","context":"Post similar","block_context":{"text":"Post similar","link":""},"img":{"alt_text":"","src":"","width":0,"height":0},"classes":[]},{"id":4704,"url":"https:\/\/wp.ufpel.edu.br\/naaf\/auxilios-2\/","url_meta":{"origin":4714,"position":3},"title":"Aux\u00edlios","author":"nuaad","date":"12\/09\/2024","format":false,"excerpt":"a) Aux\u00edlio Moradia \u00c9 um valor depositado mensalmente na conta corrente do estudante para auxiliar no pagamento de aluguel na cidade de Pelotas. O Programa de Aux\u00edlio Moradia (PAM) n\u00e3o pode ser solicitado concomitantemente ao Aux\u00edlio Deslocamento e ao Programa de Moradia Estudantil. Valor do aux\u00edlio: R$600, 00 mensais. Documenta\u00e7\u00e3o:\u2026","rel":"","context":"Post similar","block_context":{"text":"Post similar","link":""},"img":{"alt_text":"","src":"https:\/\/i0.wp.com\/wp.ufpel.edu.br\/naaf\/files\/2024\/09\/Captura-de-Tela-2024-09-12-a%CC%80s-14.37.33-400x221.png?resize=350%2C200&ssl=1","width":350,"height":200,"srcset":"https:\/\/i0.wp.com\/wp.ufpel.edu.br\/naaf\/files\/2024\/09\/Captura-de-Tela-2024-09-12-a%CC%80s-14.37.33-400x221.png?resize=350%2C200&ssl=1 1x, https:\/\/i0.wp.com\/wp.ufpel.edu.br\/naaf\/files\/2024\/09\/Captura-de-Tela-2024-09-12-a%CC%80s-14.37.33-400x221.png?resize=525%2C300&ssl=1 1.5x"},"classes":[]},{"id":61,"url":"https:\/\/wp.ufpel.edu.br\/naaf\/politicas\/","url_meta":{"origin":4714,"position":4},"title":"Pol\u00edticas de A\u00e7\u00f5es Afirmativas da UFPel","author":"naaf","date":"19\/09\/2017","format":false,"excerpt":"Sobre pol\u00edticas de a\u00e7\u00f5es afirmativas Ap\u00f3s um longo per\u00edodo de lutas dos movimentos sociais e implementa\u00e7\u00e3o de pol\u00edticas de n\u00edvel estadual e aut\u00f4nomas em algumas institui\u00e7\u00f5es, as pol\u00edticas de a\u00e7\u00f5es afirmativas nas Institui\u00e7\u00f5es Federais de Ensino Superior (IFES) foram aprovadas em n\u00edvel federal pela Lei 12.711\/12. Esta lei ficou conhecida\u2026","rel":"","context":"Post similar","block_context":{"text":"Post similar","link":""},"img":{"alt_text":"","src":"","width":0,"height":0},"classes":[]},{"id":2935,"url":"https:\/\/wp.ufpel.edu.br\/naaf\/egressos-indigenas-e-quilombolas\/","url_meta":{"origin":4714,"position":5},"title":"Egressos Ind\u00edgenas e Quilombolas","author":"nuaad","date":"28\/03\/2022","format":false,"excerpt":"A presen\u00e7a das cotas \u00e9tnicas-sociais e dos Processos Seletivos Espec\u00edficos (PSE) para ind\u00edgenas e quilombolas \u00e9 de fundamental import\u00e2ncia para se pensar uma sociedade minimamente mais justa e que promova alguma oportunidade de ascens\u00e3o para esses povos. Por\u00e9m, mesmo ap\u00f3s o ingresso, a perman\u00eancia desses estudantes \u00e9 desafiadora. Devido a\u2026","rel":"","context":"Post similar","block_context":{"text":"Post similar","link":""},"img":{"alt_text":"","src":"","width":0,"height":0},"classes":[]}],"_links":{"self":[{"href":"https:\/\/wp.ufpel.edu.br\/naaf\/wp-json\/wp\/v2\/pages\/4714","targetHints":{"allow":["GET"]}}],"collection":[{"href":"https:\/\/wp.ufpel.edu.br\/naaf\/wp-json\/wp\/v2\/pages"}],"about":[{"href":"https:\/\/wp.ufpel.edu.br\/naaf\/wp-json\/wp\/v2\/types\/page"}],"author":[{"embeddable":true,"href":"https:\/\/wp.ufpel.edu.br\/naaf\/wp-json\/wp\/v2\/users\/1133"}],"replies":[{"embeddable":true,"href":"https:\/\/wp.ufpel.edu.br\/naaf\/wp-json\/wp\/v2\/comments?post=4714"}],"version-history":[{"count":1,"href":"https:\/\/wp.ufpel.edu.br\/naaf\/wp-json\/wp\/v2\/pages\/4714\/revisions"}],"predecessor-version":[{"id":4715,"href":"https:\/\/wp.ufpel.edu.br\/naaf\/wp-json\/wp\/v2\/pages\/4714\/revisions\/4715"}],"wp:attachment":[{"href":"https:\/\/wp.ufpel.edu.br\/naaf\/wp-json\/wp\/v2\/media?parent=4714"}],"curies":[{"name":"wp","href":"https:\/\/api.w.org\/{rel}","templated":true}]}}