{"id":4699,"date":"2024-09-06T15:27:55","date_gmt":"2024-09-06T18:27:55","guid":{"rendered":"https:\/\/wp.ufpel.edu.br\/naaf\/?page_id=4699"},"modified":"2024-09-12T14:32:44","modified_gmt":"2024-09-12T17:32:44","slug":"auxilios","status":"publish","type":"page","link":"https:\/\/wp.ufpel.edu.br\/naaf\/auxilios\/","title":{"rendered":"Aux\u00edlios e Bolsas"},"content":{"rendered":"<p><strong>Quem tem direito? <\/strong><\/p>\n<p>Todos os estudantes ind\u00edgenas e quilombolas devidamente matriculados.<\/p>\n<p><strong>Existe desempenho acad\u00eamico m\u00ednimo exigido?<\/strong><\/p>\n<p>Sim. No que diz respeito a: <strong>matr\u00edcula, frequ\u00eancia e notas.<\/strong><\/p>\n<p><strong> Matr\u00edcula &#8211; O que \u00e9 exigido? <\/strong><\/p>\n<p>Exige-se que os estudantes no tempo regular do curso devam estar matriculados em pelo menos 80% das disciplinas previstas para o semestre correspondente. Aqueles que est\u00e3o com disciplinas retidas, devem manter matr\u00edcula em pelo menos 50% das disciplinas previstas para o per\u00edodo.<\/p>\n<p><strong>Frequ\u00eancia &#8211; O que \u00e9 exigido? <\/strong><\/p>\n<p>Exige-se que o estudante mantenha frequ\u00eancia de pelo menos 75% em todas as disciplinas em que se matriculou no semestre .<\/p>\n<p><strong>Notas &#8211; O que \u00e9 exigido? <\/strong><\/p>\n<p>Exige-se que o discente seja aprovado em pelo menos 50% das disciplinas em que estiver matriculado.<\/p>\n","protected":false},"excerpt":{"rendered":"<p>Quem tem direito? Todos os estudantes ind\u00edgenas e quilombolas devidamente matriculados. Existe desempenho acad\u00eamico m\u00ednimo exigido? Sim. No que diz respeito a: matr\u00edcula, frequ\u00eancia e notas. Matr\u00edcula &#8211; O que \u00e9 exigido? Exige-se que os estudantes no tempo regular do curso devam estar matriculados em pelo menos 80% das disciplinas previstas para o semestre correspondente. &hellip; <\/p>\n<p><a class=\"more-link btn\" href=\"https:\/\/wp.ufpel.edu.br\/naaf\/auxilios\/\">Continue lendo<\/a><\/p>\n","protected":false},"author":1133,"featured_media":0,"parent":0,"menu_order":0,"comment_status":"closed","ping_status":"closed","template":"","meta":{"jetpack_post_was_ever_published":false,"footnotes":""},"class_list":["post-4699","page","type-page","status-publish","hentry","nodate","item-wrap"],"jetpack_sharing_enabled":true,"jetpack_shortlink":"https:\/\/wp.me\/P9uOP6-1dN","jetpack_likes_enabled":true,"jetpack-related-posts":[{"id":245,"url":"https:\/\/wp.ufpel.edu.br\/naaf\/politicas\/pos-graduacao-2\/","url_meta":{"origin":4699,"position":0},"title":"P\u00f3s-Gradua\u00e7\u00e3o","author":"naaf","date":"27\/10\/2017","format":false,"excerpt":"No primeiro semestre de 2017, a UFPel tornou-se uma das primeiras Universidades Federais do pa\u00eds a aprovar uma pol\u00edtica de cotas \u00e9tnico-raciais para a P\u00f3s-Gradua\u00e7\u00e3o. A Resolu\u00e7\u00e3o n\u00ba 05\/2017, do Conselho Universit\u00e1rio (CONSUN) da UFPel, reserva 25% das vagas nos Programas de P\u00f3s-Gradua\u00e7\u00e3o stricto sensu da institui\u00e7\u00e3o para estudantes negros,\u2026","rel":"","context":"Post similar","block_context":{"text":"Post similar","link":""},"img":{"alt_text":"","src":"","width":0,"height":0},"classes":[]},{"id":4689,"url":"https:\/\/wp.ufpel.edu.br\/naaf\/sobre-nos\/","url_meta":{"origin":4699,"position":1},"title":"Sobre n\u00f3s","author":"nuaad","date":"06\/09\/2024","format":false,"excerpt":"O N\u00facleo de A\u00e7\u00f5es Afirmativas e Diversidade desenvolve atividades relacionadas ao gerenciamento das vagas ocupadas por cotistas ou direcionadas a estes; atividades educativas e informativas nas escolas p\u00fablicas de Educa\u00e7\u00e3o B\u00e1sica, bem como a promo\u00e7\u00e3o de eventos que permitam a aproxima\u00e7\u00e3o da Universidade e a inclus\u00e3o de ind\u00edgenas e quilombolas\u2026","rel":"","context":"Post similar","block_context":{"text":"Post similar","link":""},"img":{"alt_text":"","src":"","width":0,"height":0},"classes":[]},{"id":4714,"url":"https:\/\/wp.ufpel.edu.br\/naaf\/bolsas\/","url_meta":{"origin":4699,"position":2},"title":"Bolsas","author":"nuaad","date":"12\/09\/2024","format":false,"excerpt":"a) Bolsa Perman\u00eancia MEC O Programa Bolsa Perman\u00eancia\/PBP, institu\u00eddo pela Portaria MEC n\u00ba 389, de 9 de maio de 2013, alterada pela Portaria MEC n\u00ba 1.999, de 10 de novembro de 2023, tem por objetivo minimizar as desigualdades sociais, \u00e9tnico-raciais e contribuir para perman\u00eancia e diploma\u00e7\u00e3o, especialmente dos estudantes de\u2026","rel":"","context":"Post similar","block_context":{"text":"Post similar","link":""},"img":{"alt_text":"","src":"https:\/\/i0.wp.com\/wp.ufpel.edu.br\/naaf\/files\/2024\/09\/Captura-de-Tela-2024-09-12-a%CC%80s-14.35.41-400x217.png?resize=350%2C200&ssl=1","width":350,"height":200,"srcset":"https:\/\/i0.wp.com\/wp.ufpel.edu.br\/naaf\/files\/2024\/09\/Captura-de-Tela-2024-09-12-a%CC%80s-14.35.41-400x217.png?resize=350%2C200&ssl=1 1x, https:\/\/i0.wp.com\/wp.ufpel.edu.br\/naaf\/files\/2024\/09\/Captura-de-Tela-2024-09-12-a%CC%80s-14.35.41-400x217.png?resize=525%2C300&ssl=1 1.5x"},"classes":[]},{"id":73,"url":"https:\/\/wp.ufpel.edu.br\/naaf\/analisedaspoliticas\/","url_meta":{"origin":4699,"position":3},"title":"Notas","author":"naaf","date":"19\/09\/2017","format":false,"excerpt":"Manifesto dos estudantes Ind\u00edgenas e Quilombolas da UFPel Em resposta \u00e0s dificuldades impostas pela pandemia de coronav\u00edrus e \u00e0s pr\u00f3prias limita\u00e7\u00f5es que encontram em suas trajet\u00f3rias acad\u00eamicas, os discentes Ind\u00edgenas e Quilombolas da UFPel elaboraram e divulgaram o documento \u201cManifesto dos Estudantes Ind\u00edgenas e Quilombolas\u201d. Neste Manifesto, esses estudantes exp\u00f5em\u2026","rel":"","context":"Post similar","block_context":{"text":"Post similar","link":""},"img":{"alt_text":"","src":"","width":0,"height":0},"classes":[]},{"id":61,"url":"https:\/\/wp.ufpel.edu.br\/naaf\/politicas\/","url_meta":{"origin":4699,"position":4},"title":"Pol\u00edticas de A\u00e7\u00f5es Afirmativas da UFPel","author":"naaf","date":"19\/09\/2017","format":false,"excerpt":"Sobre pol\u00edticas de a\u00e7\u00f5es afirmativas Ap\u00f3s um longo per\u00edodo de lutas dos movimentos sociais e implementa\u00e7\u00e3o de pol\u00edticas de n\u00edvel estadual e aut\u00f4nomas em algumas institui\u00e7\u00f5es, as pol\u00edticas de a\u00e7\u00f5es afirmativas nas Institui\u00e7\u00f5es Federais de Ensino Superior (IFES) foram aprovadas em n\u00edvel federal pela Lei 12.711\/12. Esta lei ficou conhecida\u2026","rel":"","context":"Post similar","block_context":{"text":"Post similar","link":""},"img":{"alt_text":"","src":"","width":0,"height":0},"classes":[]},{"id":2158,"url":"https:\/\/wp.ufpel.edu.br\/naaf\/politicas\/pos-graduacao-2\/estudantes-cotistas-na-pos-graduacao-em-construcao\/","url_meta":{"origin":4699,"position":5},"title":"Estudantes cotistas na P\u00f3s-Gradua\u00e7\u00e3o (Em constru\u00e7\u00e3o)","author":"naaf","date":"17\/07\/2020","format":false,"excerpt":"O sistema de cotas \u00e9tnico-raciais na P\u00f3s-Gradua\u00e7\u00e3o configura a quest\u00e3o das a\u00e7\u00f5es afirmativas como um processo amplo dentro da UFPel, visando atender a demanda criada pelas cotas na gradua\u00e7\u00e3o e promover a democratiza\u00e7\u00e3o e a equidade das oportunidades de acesso \u00e0 educa\u00e7\u00e3o. Entende-se que todos os Programas de P\u00f3s-Gradua\u00e7\u00e3o da\u2026","rel":"","context":"Post similar","block_context":{"text":"Post similar","link":""},"img":{"alt_text":"","src":"","width":0,"height":0},"classes":[]}],"_links":{"self":[{"href":"https:\/\/wp.ufpel.edu.br\/naaf\/wp-json\/wp\/v2\/pages\/4699","targetHints":{"allow":["GET"]}}],"collection":[{"href":"https:\/\/wp.ufpel.edu.br\/naaf\/wp-json\/wp\/v2\/pages"}],"about":[{"href":"https:\/\/wp.ufpel.edu.br\/naaf\/wp-json\/wp\/v2\/types\/page"}],"author":[{"embeddable":true,"href":"https:\/\/wp.ufpel.edu.br\/naaf\/wp-json\/wp\/v2\/users\/1133"}],"replies":[{"embeddable":true,"href":"https:\/\/wp.ufpel.edu.br\/naaf\/wp-json\/wp\/v2\/comments?post=4699"}],"version-history":[{"count":3,"href":"https:\/\/wp.ufpel.edu.br\/naaf\/wp-json\/wp\/v2\/pages\/4699\/revisions"}],"predecessor-version":[{"id":4703,"href":"https:\/\/wp.ufpel.edu.br\/naaf\/wp-json\/wp\/v2\/pages\/4699\/revisions\/4703"}],"wp:attachment":[{"href":"https:\/\/wp.ufpel.edu.br\/naaf\/wp-json\/wp\/v2\/media?parent=4699"}],"curies":[{"name":"wp","href":"https:\/\/api.w.org\/{rel}","templated":true}]}}