{"id":4689,"date":"2024-09-06T14:59:39","date_gmt":"2024-09-06T17:59:39","guid":{"rendered":"https:\/\/wp.ufpel.edu.br\/naaf\/?page_id=4689"},"modified":"2024-09-17T12:19:07","modified_gmt":"2024-09-17T15:19:07","slug":"sobre-nos","status":"publish","type":"page","link":"https:\/\/wp.ufpel.edu.br\/naaf\/sobre-nos\/","title":{"rendered":"Sobre n\u00f3s"},"content":{"rendered":"<p>O <strong>N\u00facleo de A\u00e7\u00f5es Afirmativas e Diversidade<\/strong> desenvolve atividades relacionadas ao gerenciamento das vagas ocupadas por cotistas ou direcionadas a estes; atividades educativas e informativas nas escolas p\u00fablicas de Educa\u00e7\u00e3o B\u00e1sica, bem como a promo\u00e7\u00e3o de eventos que permitam a aproxima\u00e7\u00e3o da Universidade e a inclus\u00e3o de ind\u00edgenas e quilombolas e negros, suas fam\u00edlias, al\u00e9m dos representantes comunit\u00e1rios de onde prov\u00eam esses estudantes, mediante a\u00e7\u00f5es conjuntas constru\u00eddas pelos envolvidos.<\/p>\n<p>Segundo o Plano de Gest\u00e3o 2017-2019: \u201cRevolu\u00e7\u00e3o acad\u00eamica \u00e9 disponibilizar um espa\u00e7o permanente para expor a produ\u00e7\u00e3o cient\u00edfica, cultural e art\u00edstica da comunidade acad\u00eamica\u201d e este espa\u00e7o ser\u00e1 buscado, definido e implementado pela CODIn em conjunto com outros \u00f3rg\u00e3os administrativos da UFPel.<\/p>\n<p>Pretende a partir da a\u00e7\u00e3o conjunta da CODIn e Pr\u00f3-reitorias de Ensino, Pesquisa e P\u00f3s-gradua\u00e7\u00e3o, Extens\u00e3o e Cultura, de Gest\u00e3o da Informa\u00e7\u00e3o e Procuradoria:<\/p>\n<ul>\n<li>Divulgar a cultura popular e auxiliar na gera\u00e7\u00e3o de renda dessas comunidades atrav\u00e9s do compartilhamento de saberes e t\u00e9cnicas de produ\u00e7\u00e3o que facilita\u00e7\u00e3o a comercializa\u00e7\u00e3o de produtos origin\u00e1rios dessas comunidades;<\/li>\n<li>Dialogar com as Unidades Acad\u00eamicas, informando-as sobre como ocorre a promo\u00e7\u00e3o de pol\u00edticas afirmativas na UFPel;<\/li>\n<li>De que forma \u00e9 desenvolvida a fiscaliza\u00e7\u00e3o da implementa\u00e7\u00e3o das mesmas no que tange o acesso e penaliza\u00e7\u00e3o, no caso de fraude;<\/li>\n<li>Incentivar a amplia\u00e7\u00e3o do rol de disciplinas e conte\u00fados program\u00e1ticos que abordem as tem\u00e1ticas da sexualidade e identidade de g\u00eanero, quest\u00f5es \u00e9tnico-raciais e direitos humanos, ampliando o que se prev\u00ea nas leis de diretrizes nacionais em favor da transversalidade de tais tem\u00e1ticas nos curr\u00edculos, independentemente do perfil e do n\u00edvel do curso;<\/li>\n<li>Promover o cumprimento das a\u00e7\u00f5es afirmativas buscando estabelecer parcerias e conv\u00eanios que permitam o acesso a p\u00f3s-gradua\u00e7\u00e3o, o interc\u00e2mbio universit\u00e1rio, maior n\u00famero de bolsas acad\u00eamicas, entre outras.<\/li>\n<\/ul>\n","protected":false},"excerpt":{"rendered":"<p>O N\u00facleo de A\u00e7\u00f5es Afirmativas e Diversidade desenvolve atividades relacionadas ao gerenciamento das vagas ocupadas por cotistas ou direcionadas a estes; atividades educativas e informativas nas escolas p\u00fablicas de Educa\u00e7\u00e3o B\u00e1sica, bem como a promo\u00e7\u00e3o de eventos que permitam a aproxima\u00e7\u00e3o da Universidade e a inclus\u00e3o de ind\u00edgenas e quilombolas e negros, suas fam\u00edlias, al\u00e9m &hellip; <\/p>\n<p><a class=\"more-link btn\" href=\"https:\/\/wp.ufpel.edu.br\/naaf\/sobre-nos\/\">Continue lendo<\/a><\/p>\n","protected":false},"author":1133,"featured_media":0,"parent":0,"menu_order":0,"comment_status":"closed","ping_status":"closed","template":"","meta":{"jetpack_post_was_ever_published":false,"footnotes":""},"class_list":["post-4689","page","type-page","status-publish","hentry","nodate","item-wrap"],"jetpack_sharing_enabled":true,"jetpack_shortlink":"https:\/\/wp.me\/P9uOP6-1dD","jetpack_likes_enabled":true,"jetpack-related-posts":[{"id":2859,"url":"https:\/\/wp.ufpel.edu.br\/naaf\/eventos\/eventos-2018\/i-semana-academica-africana-de-pelotas-tem-como-tema-a-colonizacao-descolonizacao-africana-e-as-transformacoes-socioeconomicas-e-culturais-no-continente\/","url_meta":{"origin":4689,"position":0},"title":"I Semana Acad\u00eamica Africana de Pelotas tem como tema a Coloniza\u00e7\u00e3o\/Descoloniza\u00e7\u00e3o Africana e as transforma\u00e7\u00f5es socioecon\u00f4micas e culturais no continente 24 e 26 de Maio de 2018","author":"nuaad","date":"22\/03\/2022","format":false,"excerpt":"Tr\u00eas dias foram dedicados para este evento, 24 e 25 de Maio, no Audit\u00f3rio do Campus ll \/ICH da UFPel Rua Almirante Barroso 1202 \u00a0 O Nuaad, esteve presente na I semana Africana de Pelotas, que ocorreu dos dias 24 a 26 de Maio, na qual a professora e chefe\u2026","rel":"","context":"Post similar","block_context":{"text":"Post similar","link":""},"img":{"alt_text":"","src":"https:\/\/i0.wp.com\/wp.ufpel.edu.br\/naaf\/files\/2018\/06\/33432942_1476839879088135_2396710000207593472_o.jpg?resize=350%2C200","width":350,"height":200,"srcset":"https:\/\/i0.wp.com\/wp.ufpel.edu.br\/naaf\/files\/2018\/06\/33432942_1476839879088135_2396710000207593472_o.jpg?resize=350%2C200 1x, https:\/\/i0.wp.com\/wp.ufpel.edu.br\/naaf\/files\/2018\/06\/33432942_1476839879088135_2396710000207593472_o.jpg?resize=525%2C300 1.5x, https:\/\/i0.wp.com\/wp.ufpel.edu.br\/naaf\/files\/2018\/06\/33432942_1476839879088135_2396710000207593472_o.jpg?resize=700%2C400 2x, https:\/\/i0.wp.com\/wp.ufpel.edu.br\/naaf\/files\/2018\/06\/33432942_1476839879088135_2396710000207593472_o.jpg?resize=1050%2C600 3x, https:\/\/i0.wp.com\/wp.ufpel.edu.br\/naaf\/files\/2018\/06\/33432942_1476839879088135_2396710000207593472_o.jpg?resize=1400%2C800 4x"},"classes":[]},{"id":2865,"url":"https:\/\/wp.ufpel.edu.br\/naaf\/eventos\/eventos-2018\/2o-ed-seminario-discutindo-o-25-de-julho-o-que-eu-tenho-a-ver-com-isso\/","url_meta":{"origin":4689,"position":1},"title":"\u00a02\u00ba Ed. Semin\u00e1rio: Discutindo O 25 De Julho \u2013 O Que Eu Tenho a Ver Com Isso? 26, 27, 28 de Julho de 2018","author":"nuaad","date":"22\/03\/2022","format":false,"excerpt":"Nos dias 26, 27 e 28 de julho, no Audit\u00f3rio T\u00e9rreo do Campus II-ICH, DA Universidade Federal de Pelotas (UFPel), foi realizada a segunda edi\u00e7\u00e3o do Semin\u00e1rio \u201cDiscutindo O 25 De Julho \u2013 O Que Eu Tenho a Ver Com Isso?\u201d, organizado pelo N\u00facleo de A\u00e7\u00f5es Afirmativas e Diversidade (NUAAD),\u2026","rel":"","context":"Post similar","block_context":{"text":"Post similar","link":""},"img":{"alt_text":"","src":"","width":0,"height":0},"classes":[]},{"id":2871,"url":"https:\/\/wp.ufpel.edu.br\/naaf\/eventos\/eventos-2018\/ifsul-de-pelotas-inaugura-sala-de-acoes-afirmativas-e-diversidade-12-09-2018\/","url_meta":{"origin":4689,"position":2},"title":"IFSUL DE PELOTAS INAUGURA SALA DE A\u00c7\u00d5ES AFIRMATIVAS E DIVERSIDADE 12\/09\/2018","author":"nuaad","date":"22\/03\/2022","format":false,"excerpt":"\u00a0Pelas Acads. Marcela Lima e Isadora Caleiro Aconteceu na tarde de quarta-feira (12 de setembro de 2018), a inaugura\u00e7\u00e3o da Sala dos N\u00facleos de A\u00e7\u00f5es Afirmativas \u00a0do IFSul da cidade Pelotas, na qual foram instalados o NUGED (N\u00facleo de G\u00eanero e Diversidade), NEABI (N\u00facleo de Estudos Afro e Ind\u00edgenas) e\u2026","rel":"","context":"Post similar","block_context":{"text":"Post similar","link":""},"img":{"alt_text":"","src":"","width":0,"height":0},"classes":[]},{"id":2842,"url":"https:\/\/wp.ufpel.edu.br\/naaf\/eventos\/eventos-2018\/evento-ix-seminario-da-consciencia-negra-de-pelotas-seconep-2017-13-a-18-de-novembro\/","url_meta":{"origin":4689,"position":3},"title":"Evento IX Semin\u00e1rio da Consci\u00eancia Negra de Pelotas -SECONEP\/2017 &#8211; 13 \u00e0 18 de Novembro","author":"nuaad","date":"22\/03\/2022","format":false,"excerpt":"Realizado de 13 \u00a0\u00e0 18 de Novembro, no Museu do Doce, localizado no Centro de Pelotas, Pra\u00e7a Cel Pedro Os\u00f3rio, Casar\u00e3o 8. Sendo que no dia 18 foi o encerramento com o nome sempre denominado como Kizomba na Pra\u00e7a - tarde para interagir completamente com atividades art\u00edsticas e comidas e\u2026","rel":"","context":"Post similar","block_context":{"text":"Post similar","link":""},"img":{"alt_text":"","src":"https:\/\/i0.wp.com\/wp.ufpel.edu.br\/naaf\/files\/2018\/06\/23213210_758574631011012_4904965281141643428_o-1.jpg?resize=350%2C200","width":350,"height":200},"classes":[]},{"id":2848,"url":"https:\/\/wp.ufpel.edu.br\/naaf\/eventos\/eventos-2019\/representacao-na-reuniao-de-organizacao-do-copene-sul-2019\/","url_meta":{"origin":4689,"position":4},"title":"Representa\u00e7\u00e3o na reuni\u00e3o de organiza\u00e7\u00e3o do COPENE SUL 2019","author":"nuaad","date":"22\/03\/2022","format":false,"excerpt":"Pela Acad. Geiselaine Dias\u00a0 A Chefe do N\u00facleo de A\u00e7\u00f5es Afirmativas e professora da UFPel Dra\u00aa\u00a0Rosemar Lemos, compareceu ao evento de organiza\u00e7\u00e3o do\u00a0COPENE SUL 2019, o qual ser\u00e1 realizado na Unipampa -Jaguar\u00e3o \u2013 RS de 16 \u00e0 19 de julho de 2019. \u00a0Junto dela, fizeram parte do grupo que representou\u2026","rel":"","context":"Post similar","block_context":{"text":"Post similar","link":""},"img":{"alt_text":"","src":"https:\/\/i0.wp.com\/wp.ufpel.edu.br\/naaf\/files\/2018\/04\/facebook_1525723969606.jpg?resize=350%2C200&ssl=1","width":350,"height":200},"classes":[]},{"id":9,"url":"https:\/\/wp.ufpel.edu.br\/naaf\/sobre\/","url_meta":{"origin":4689,"position":5},"title":"Vida em Pelotas","author":"naaf","date":"19\/09\/2017","format":false,"excerpt":"Bem-vindo a Pelotas! Seja muito bem-vindo \u00e0 cidade de Pelotas, um lugar rico em hist\u00f3ria, cultura e com uma atmosfera acolhedora que ser\u00e1 o seu novo lar durante a jornada acad\u00eamica. Situada no sul do Brasil, Pelotas \u00e9 conhecida por seu patrim\u00f4nio arquitet\u00f4nico, suas tradi\u00e7\u00f5es culturais e pela hospitalidade de\u2026","rel":"","context":"Post similar","block_context":{"text":"Post similar","link":""},"img":{"alt_text":"","src":"","width":0,"height":0},"classes":[]}],"_links":{"self":[{"href":"https:\/\/wp.ufpel.edu.br\/naaf\/wp-json\/wp\/v2\/pages\/4689","targetHints":{"allow":["GET"]}}],"collection":[{"href":"https:\/\/wp.ufpel.edu.br\/naaf\/wp-json\/wp\/v2\/pages"}],"about":[{"href":"https:\/\/wp.ufpel.edu.br\/naaf\/wp-json\/wp\/v2\/types\/page"}],"author":[{"embeddable":true,"href":"https:\/\/wp.ufpel.edu.br\/naaf\/wp-json\/wp\/v2\/users\/1133"}],"replies":[{"embeddable":true,"href":"https:\/\/wp.ufpel.edu.br\/naaf\/wp-json\/wp\/v2\/comments?post=4689"}],"version-history":[{"count":5,"href":"https:\/\/wp.ufpel.edu.br\/naaf\/wp-json\/wp\/v2\/pages\/4689\/revisions"}],"predecessor-version":[{"id":4724,"href":"https:\/\/wp.ufpel.edu.br\/naaf\/wp-json\/wp\/v2\/pages\/4689\/revisions\/4724"}],"wp:attachment":[{"href":"https:\/\/wp.ufpel.edu.br\/naaf\/wp-json\/wp\/v2\/media?parent=4689"}],"curies":[{"name":"wp","href":"https:\/\/api.w.org\/{rel}","templated":true}]}}