{"id":468,"date":"2018-02-16T16:17:31","date_gmt":"2018-02-16T18:17:31","guid":{"rendered":"https:\/\/wp.ufpel.edu.br\/naaf\/?page_id=468"},"modified":"2022-06-15T11:52:50","modified_gmt":"2022-06-15T14:52:50","slug":"2018-1","status":"publish","type":"page","link":"https:\/\/wp.ufpel.edu.br\/naaf\/sisu\/2018-1\/","title":{"rendered":"2018\/1"},"content":{"rendered":"<h4><strong>Chamada Regular<\/strong><\/h4>\n<ul>\n<li><a href=\"https:\/\/wp.ufpel.edu.br\/naaf\/files\/2018\/02\/relat\u00f3rio-SISU-_parecer_cotas_Preliminar-2018-1-05-07-fev-2018.pdf\" target=\"_blank\" rel=\"noopener noreferrer\">SISU 2018\/1 &#8211; Relat\u00f3rio Preliminar &#8211; Chamada Regular\u00a0<\/a><\/li>\n<li><a href=\"https:\/\/wp.ufpel.edu.br\/naaf\/files\/2022\/06\/SISU-20181-Relatorio-Definitivo-Chamada-Regular-.pdf\">SISU 2018\/1 &#8211; Relat\u00f3rio Definitivo &#8211; Chamada Regular\u00a0<\/a><\/li>\n<\/ul>\n<h4><strong>Primeira Convoca\u00e7\u00e3o<\/strong><\/h4>\n<ul>\n<li><a href=\"https:\/\/wp.ufpel.edu.br\/naaf\/files\/2018\/03\/relat%C3%B3rio_parecer_cotas_Preliminar-FINAL.pdf\" target=\"_blank\" rel=\"noopener noreferrer\">SISU 2018\/1 &#8211; Relat\u00f3rio Preliminar &#8211; 1\u00aa Convoca\u00e7\u00e3o\u00a0<\/a><\/li>\n<li><a href=\"https:\/\/wp.ufpel.edu.br\/naaf\/files\/2018\/07\/relat\u00f3rio_parecer_cotas_Definitivo-Primeira-Convoca\u00e7\u00e3o.pdf\">SISU 2018\/1 &#8211; Relat\u00f3rio Definitivo &#8211; 1\u00aa Convoca\u00e7\u00e3o\u00a0<\/a><\/li>\n<\/ul>\n<h4><strong>Segunda Convoca\u00e7\u00e3o<\/strong><\/h4>\n<ul>\n<li><a href=\"https:\/\/wp.ufpel.edu.br\/naaf\/files\/2018\/03\/relat%C3%B3rio_parecer_cotas_Preliminar-2a-CONVOCA%C3%87%C3%83O.pdf\" target=\"_blank\" rel=\"noopener noreferrer\">SISU 2018\/1 &#8211; Relat\u00f3rio Preliminar &#8211; 2\u00aa Convoca\u00e7\u00e3o<\/a><\/li>\n<li><a href=\"https:\/\/wp.ufpel.edu.br\/naaf\/files\/2018\/07\/relat\u00f3rio_parecer_cotas_Definitivo-Segunda-Convoca\u00e7\u00e3o.pdf\">SISU 2018\/1 &#8211; Relat\u00f3rio Definitivo &#8211; 2\u00aa Convoca\u00e7\u00e3o\u00a0<\/a><\/li>\n<\/ul>\n<h4><strong>Terceira Convoca\u00e7\u00e3o<\/strong><\/h4>\n<ul>\n<li><a href=\"https:\/\/wp.ufpel.edu.br\/naaf\/files\/2018\/03\/relat%C3%B3rio_parecer_cotas_Preliminar-3a-CONVOCA%C3%87%C3%83O.pdf\" target=\"_blank\" rel=\"noopener noreferrer\">SISU 2018\/1 &#8211; Relat\u00f3rio Preliminar &#8211; 3\u00aa Convoca\u00e7\u00e3o\u00a0<\/a><\/li>\n<li><a href=\"https:\/\/wp.ufpel.edu.br\/naaf\/files\/2018\/07\/relat\u00f3rio_parecer_cotas_Definitivo-Terceira-Convoca\u00e7\u00e3o.pdf\">SISU 2018\/1 &#8211; Relat\u00f3rio Definitivo &#8211; 3\u00aa Convoca\u00e7\u00e3o\u00a0<\/a><\/li>\n<\/ul>\n<h4><strong>Quarta Convoca\u00e7\u00e3o<\/strong><\/h4>\n<ul>\n<li><a href=\"https:\/\/wp.ufpel.edu.br\/naaf\/files\/2022\/06\/SISU-20181-Relatorio-Preliminar-4a-Convocacao-.pdf\">SISU 2018\/1 &#8211; Relat\u00f3rio Preliminar &#8211; 4\u00aa Convoca\u00e7\u00e3o\u00a0<\/a><\/li>\n<li><a href=\"https:\/\/wp.ufpel.edu.br\/naaf\/files\/2018\/07\/relat\u00f3rio_parecer_cotas_Definitivo-Quarta-Convoca\u00e7\u00e3o.pdf\">SISU 2018\/1 &#8211; Relat\u00f3rio Definitivo &#8211; 4\u00aa Convoca\u00e7\u00e3o\u00a0<\/a><\/li>\n<\/ul>\n<h4><strong>Quinta Convoca\u00e7\u00e3o<\/strong><\/h4>\n<ul>\n<li><a href=\"https:\/\/wp.ufpel.edu.br\/naaf\/files\/2022\/06\/SISU-20181-Relatorio-Preliminar-5a-Convocacao-.pdf\">SISU 2018\/1 &#8211; Relat\u00f3rio Preliminar &#8211; 5\u00aa Convoca\u00e7\u00e3o\u00a0<\/a><\/li>\n<li><a href=\"https:\/\/wp.ufpel.edu.br\/naaf\/files\/2018\/07\/relat\u00f3rio_parecer_cotas_Definitivo-Quinta-Convoca\u00e7\u00e3o.pdf\">SISU 2018\/1 &#8211; Relat\u00f3rio Definitivo &#8211; 5\u00aa Convoca\u00e7\u00e3o\u00a0<\/a><\/li>\n<\/ul>\n<h4><strong>Sexta Convoca\u00e7\u00e3o<\/strong><\/h4>\n<ul>\n<li><a href=\"https:\/\/wp.ufpel.edu.br\/naaf\/files\/2018\/07\/relat\u00f3rio_parecer_cotas_Preliminar-Sexta-Convoca\u00e7\u00e3o.pdf\">SISU 2018\/1 &#8211; Relat\u00f3rio Preliminar &#8211; 6\u00aa Convoca\u00e7\u00e3o\u00a0<\/a><\/li>\n<li><a href=\"https:\/\/wp.ufpel.edu.br\/naaf\/files\/2018\/07\/relat\u00f3rio_parecer_cotas_Definitivo-Sexta-Convoca\u00e7\u00e3o.pdf\">SISU 2018\/1 &#8211; Relat\u00f3rio Definitivo &#8211; 6\u00aa Convoca\u00e7\u00e3o\u00a0<\/a><\/li>\n<\/ul>\n<h4><strong>S\u00e9tima Convoca\u00e7\u00e3o<\/strong><\/h4>\n<ul>\n<li><a href=\"https:\/\/wp.ufpel.edu.br\/naaf\/files\/2018\/07\/relat\u00f3rio_parecer_cotas_Preliminar-Setima-Convoca\u00e7\u00e3o.pdf\">SISU 2018\/1 &#8211; Relat\u00f3rio Preliminar &#8211; 7\u00aa Convoca\u00e7\u00e3o<\/a><\/li>\n<li><a href=\"https:\/\/wp.ufpel.edu.br\/naaf\/files\/2018\/07\/relat\u00f3rio_parecer_cotas_Definitivo-Setima-Convoca\u00e7\u00e3o.pdf\">SISU 2018\/1- Relat\u00f3rio Definitivo &#8211; 7\u00aa Convoca\u00e7\u00e3o\u00a0<\/a><\/li>\n<\/ul>\n<h4><strong>Oitava Convoca\u00e7\u00e3o<\/strong><\/h4>\n<ul>\n<li><a href=\"https:\/\/wp.ufpel.edu.br\/naaf\/files\/2018\/07\/relat\u00f3rio_parecer_cotas_Preliminar-Oitava-Convoca\u00e7\u00e3o.pdf\">SISU 2018\/1 &#8211; Relat\u00f3rio Preliminar &#8211; 8\u00aa Convoca\u00e7\u00e3o\u00a0<\/a><\/li>\n<li><a href=\"https:\/\/wp.ufpel.edu.br\/naaf\/files\/2018\/07\/relat\u00f3rio_parecer_cotas_Definitivo-Oitava-Convoca\u00e7\u00e3o.pdf\">SISU 2018\/1 &#8211; Relat\u00f3rio Definitivo &#8211; 8\u00aa Convoca\u00e7\u00e3o\u00a0<\/a><\/li>\n<\/ul>\n<h4><strong>Nona Convoca\u00e7\u00e3o<\/strong><\/h4>\n<ul>\n<li><a href=\"https:\/\/wp.ufpel.edu.br\/naaf\/files\/2018\/07\/relat\u00f3rio_parecer_cotas_Preliminar-Nona-Convoca\u00e7\u00e3o.pdf\">SISU 2018\/1 &#8211; Relat\u00f3rio Preliminar &#8211; 9\u00aa Convoca\u00e7\u00e3o\u00a0<\/a><\/li>\n<li><a href=\"https:\/\/wp.ufpel.edu.br\/naaf\/files\/2018\/07\/relat\u00f3rio_parecer_cotas_Definitivo-Nona-Convoca\u00e7\u00e3o.pdf\">SISU 2018\/1 &#8211; Relat\u00f3rio Definitivo &#8211; 9\u00aa Convoca\u00e7\u00e3o\u00a0<\/a><\/li>\n<\/ul>\n","protected":false},"excerpt":{"rendered":"<p>Chamada Regular SISU 2018\/1 &#8211; Relat\u00f3rio Preliminar &#8211; Chamada Regular\u00a0 SISU 2018\/1 &#8211; Relat\u00f3rio Definitivo &#8211; Chamada Regular\u00a0 Primeira Convoca\u00e7\u00e3o SISU 2018\/1 &#8211; Relat\u00f3rio Preliminar &#8211; 1\u00aa Convoca\u00e7\u00e3o\u00a0 SISU 2018\/1 &#8211; Relat\u00f3rio Definitivo &#8211; 1\u00aa Convoca\u00e7\u00e3o\u00a0 Segunda Convoca\u00e7\u00e3o SISU 2018\/1 &#8211; Relat\u00f3rio Preliminar &#8211; 2\u00aa Convoca\u00e7\u00e3o SISU 2018\/1 &#8211; Relat\u00f3rio Definitivo &#8211; 2\u00aa Convoca\u00e7\u00e3o\u00a0 Terceira &hellip; <\/p>\n<p><a class=\"more-link btn\" href=\"https:\/\/wp.ufpel.edu.br\/naaf\/sisu\/2018-1\/\">Continue lendo<\/a><\/p>\n","protected":false},"author":781,"featured_media":0,"parent":110,"menu_order":5,"comment_status":"closed","ping_status":"closed","template":"","meta":{"jetpack_post_was_ever_published":false,"footnotes":""},"class_list":["post-468","page","type-page","status-publish","hentry","nodate","item-wrap"],"jetpack_sharing_enabled":true,"jetpack_shortlink":"https:\/\/wp.me\/P9uOP6-7y","jetpack_likes_enabled":true,"jetpack-related-posts":[{"id":1305,"url":"https:\/\/wp.ufpel.edu.br\/naaf\/sisu\/2019-01\/","url_meta":{"origin":468,"position":0},"title":"2019\/1","author":"naaf","date":"11\/02\/2019","format":false,"excerpt":"Chamada Regular SISU 2019\/1 - Relat\u00f3rio Preliminar \u2013 Chamada Regular SISU 2019\/1 - Relat\u00f3rio Definitivo \u2013 Chamada Regular 1\u00aa Convoca\u00e7\u00e3o SISU 2019\/1 - Relat\u00f3rio Preliminar - 1\u00aa Convoca\u00e7\u00e3o SISU 2019\/1 - Relat\u00f3rio Definitivo - 1\u00aa Convoca\u00e7\u00e3o 2\u00aa Convoca\u00e7\u00e3o SISU 2019\/1 - Relat\u00f3rio Preliminar - 2\u00aa Convoca\u00e7\u00e3o SISU 2019\/1 - Relat\u00f3rio\u2026","rel":"","context":"Post similar","block_context":{"text":"Post similar","link":""},"img":{"alt_text":"","src":"","width":0,"height":0},"classes":[]},{"id":122,"url":"https:\/\/wp.ufpel.edu.br\/naaf\/sisu\/2017-2\/","url_meta":{"origin":468,"position":1},"title":"2017\/1","author":"naaf","date":"25\/10\/2017","format":false,"excerpt":"Chamada Regular SISU 2017\/1 - Relat\u00f3rio Preliminar - Chamada Regular SISU 2017\/1 - Relat\u00f3rio Definitivo - Chamada Regular Primeira Convoca\u00e7\u00e3o SISU 2017\/1 - Relat\u00f3rio Preliminar - 1\u00aa Convoca\u00e7\u00e3o SISU 2017\/1 - Relat\u00f3rio Definitivo - 1\u00aa Convoca\u00e7\u00e3o Segunda Convoca\u00e7\u00e3o SISU 2017\/1 - Relat\u00f3rio Preliminar - 2\u00aa Convoca\u00e7\u00e3o SISU 2017\/1 - Relat\u00f3rio\u2026","rel":"","context":"Post similar","block_context":{"text":"Post similar","link":""},"img":{"alt_text":"","src":"","width":0,"height":0},"classes":[]},{"id":796,"url":"https:\/\/wp.ufpel.edu.br\/naaf\/sisu\/2018-2\/","url_meta":{"origin":468,"position":2},"title":"2018\/2","author":"naaf","date":"16\/07\/2018","format":false,"excerpt":"Chamada Regular SISU 2018\/2 - Relat\u00f3rio Preliminar \u2013 Chamada Regular\u00a0 SISU 2018\/2 - Relat\u00f3rio Definitivo \u2013 Chamada Regular\u00a0 Primeira Convoca\u00e7\u00e3o SISU 2018\/2 - Relat\u00f3rio Preliminar - 1\u00aa Convoca\u00e7\u00e3o\u00a0 SISU 2018\/2 - Relat\u00f3rio Definitivo - 1\u00aa Convoca\u00e7\u00e3o\u00a0 Segunda Convoca\u00e7\u00e3o SISU 2018\/2 - Relat\u00f3rio Preliminar \u2013 2\u00aa Convoca\u00e7\u00e3o\u00a0 SISU 2018\/2 - Relat\u00f3rio\u2026","rel":"","context":"Post similar","block_context":{"text":"Post similar","link":""},"img":{"alt_text":"","src":"","width":0,"height":0},"classes":[]},{"id":2186,"url":"https:\/\/wp.ufpel.edu.br\/naaf\/sisu\/sisu-2020-1\/","url_meta":{"origin":468,"position":3},"title":"2020\/1","author":"naaf","date":"31\/07\/2020","format":false,"excerpt":"Chamada Regular SISU 2020\/1 - Relat\u00f3rio Preliminar -\u00a0 Chamada Regular SISU 2020\/1 - Relat\u00f3rio Definitivo -\u00a0 Chamada Regular 1\u00aa Convoca\u00e7\u00e3o SISU 2020\/1 - Relat\u00f3rio Preliminar - Primeira Convoca\u00e7\u00e3o SISU 2020\/1 - Relat\u00f3rio Definitivo - Primeira Convoca\u00e7\u00e3o 2\u00aa Convoca\u00e7\u00e3o SISU 2020\/1 - Relat\u00f3rio Preliminar - Segunda Convoca\u00e7\u00e3o SISU 2020\/1 - Relat\u00f3rio\u2026","rel":"","context":"Post similar","block_context":{"text":"Post similar","link":""},"img":{"alt_text":"","src":"","width":0,"height":0},"classes":[]},{"id":125,"url":"https:\/\/wp.ufpel.edu.br\/naaf\/sisu\/2016-2\/","url_meta":{"origin":468,"position":4},"title":"2017\/2","author":"naaf","date":"25\/10\/2017","format":false,"excerpt":"Chamada Regular SISU 2017\/2 - Relat\u00f3rio Definitivo - Chamada Regular Primeira Convoca\u00e7\u00e3o SISU 2017\/2 - Relat\u00f3rio Preliminar - 1\u00aa Convoca\u00e7\u00e3o Segunda Convoca\u00e7\u00e3o SISU 2017\/2 - Relat\u00f3rio Preliminar - 2\u00aa Convoca\u00e7\u00e3o SISU 2017\/2 - Relat\u00f3rio Definitivo - 2\u00aa Convoca\u00e7\u00e3o Terceira Convoca\u00e7\u00e3o SISU 2017\/2 - Relat\u00f3rio Preliminar - 3\u00aa Convoca\u00e7\u00e3o SISU 2017\/2\u2026","rel":"","context":"Post similar","block_context":{"text":"Post similar","link":""},"img":{"alt_text":"","src":"","width":0,"height":0},"classes":[]},{"id":1632,"url":"https:\/\/wp.ufpel.edu.br\/naaf\/sisu\/2019-2\/","url_meta":{"origin":468,"position":5},"title":"2019\/2","author":"naaf","date":"18\/06\/2019","format":false,"excerpt":"Chamada Regular SISU 2019\/2 - Relat\u00f3rio Preliminar - Chamada Regular SISU 2019\/2 - Relat\u00f3rio Definitivo - Chamada Regular Primeira Convoca\u00e7\u00e3o SISU 2019\/2 - Relat\u00f3rio Preliminar - Primeira Convoca\u00e7\u00e3o SISU 2019\/2 - Relat\u00f3rio Definitivo - Primeira Convoca\u00e7\u00e3o Segunda Convoca\u00e7\u00e3o SISU 2019\/2 - Relat\u00f3rio Preliminar - Segunda Convoca\u00e7\u00e3o SISU 2019\/2 - Relat\u00f3rio\u2026","rel":"","context":"Post similar","block_context":{"text":"Post similar","link":""},"img":{"alt_text":"","src":"","width":0,"height":0},"classes":[]}],"_links":{"self":[{"href":"https:\/\/wp.ufpel.edu.br\/naaf\/wp-json\/wp\/v2\/pages\/468","targetHints":{"allow":["GET"]}}],"collection":[{"href":"https:\/\/wp.ufpel.edu.br\/naaf\/wp-json\/wp\/v2\/pages"}],"about":[{"href":"https:\/\/wp.ufpel.edu.br\/naaf\/wp-json\/wp\/v2\/types\/page"}],"author":[{"embeddable":true,"href":"https:\/\/wp.ufpel.edu.br\/naaf\/wp-json\/wp\/v2\/users\/781"}],"replies":[{"embeddable":true,"href":"https:\/\/wp.ufpel.edu.br\/naaf\/wp-json\/wp\/v2\/comments?post=468"}],"version-history":[{"count":16,"href":"https:\/\/wp.ufpel.edu.br\/naaf\/wp-json\/wp\/v2\/pages\/468\/revisions"}],"predecessor-version":[{"id":3305,"href":"https:\/\/wp.ufpel.edu.br\/naaf\/wp-json\/wp\/v2\/pages\/468\/revisions\/3305"}],"up":[{"embeddable":true,"href":"https:\/\/wp.ufpel.edu.br\/naaf\/wp-json\/wp\/v2\/pages\/110"}],"wp:attachment":[{"href":"https:\/\/wp.ufpel.edu.br\/naaf\/wp-json\/wp\/v2\/media?parent=468"}],"curies":[{"name":"wp","href":"https:\/\/api.w.org\/{rel}","templated":true}]}}