{"id":4213,"date":"2023-09-04T17:09:49","date_gmt":"2023-09-04T20:09:49","guid":{"rendered":"https:\/\/wp.ufpel.edu.br\/naaf\/?page_id=4213"},"modified":"2023-09-04T17:45:38","modified_gmt":"2023-09-04T20:45:38","slug":"indigenas-e-quilombolas","status":"publish","type":"page","link":"https:\/\/wp.ufpel.edu.br\/naaf\/indigenas-e-quilombolas\/","title":{"rendered":"Ind\u00edgenas e Quilombolas"},"content":{"rendered":"<p><span style=\"color: #ff6600; font-size: 18pt; font-family: arial, helvetica, sans-serif;\"><strong>Noticias:<\/strong><\/span><\/p>\n<ul>\n<li><a href=\"https:\/\/wp.ufpel.edu.br\/naaf\/egressos-indigenas-e-quilombolas\/\"><span style=\"font-size: 12pt;\">Egressos<\/span> Ind\u00edgenas e Quilombolas<\/a><\/li>\n<\/ul>\n<p><span style=\"font-size: 14pt;\">Comunidades Ind\u00edgenas e Quilombolas <\/span><\/p>\n<ul>\n<li><a href=\"https:\/\/wp.ufpel.edu.br\/naaf\/relatorios\/processos-seletivos-especificos\/2019-2\/\">2019<\/a><\/li>\n<li><a href=\"https:\/\/wp.ufpel.edu.br\/naaf\/relatorios\/processos-seletivos-especificos\/2020-2\/\">2020<\/a><\/li>\n<li><a href=\"https:\/\/wp.ufpel.edu.br\/naaf\/relatorios\/processos-seletivos-especificos\/2021-2\/\">2021<\/a><\/li>\n<li>2022<\/li>\n<li>2023<\/li>\n<\/ul>\n<p><a href=\"https:\/\/wp.ufpel.edu.br\/naaf\/modelos-de-documentos\/documentos-para-matricula-no-processo-seletivo-especial\/\"><span style=\"font-size: 14pt;\">Processo Seletivo Especial Para Comunidades Quilombolas e Povos Ind\u00edgenas<\/span><\/a><\/p>\n<div class=\"embed-container\">\n<blockquote class=\"wp-embedded-content\" data-secret=\"Z2mkKIWNAJ\"><p><a href=\"https:\/\/wp.ufpel.edu.br\/naaf\/projetos-externos\/articulacao-dos-povos-indigenas-da-regiao-sul-arpin-sul\/\">Articula\u00e7\u00e3o dos Povos Ind\u00edgenas da Regi\u00e3o Sul &#8211; ArpinSul<\/a><\/p><\/blockquote>\n<p><iframe loading=\"lazy\" class=\"wp-embedded-content\" sandbox=\"allow-scripts\" security=\"restricted\" style=\"position: absolute; clip: rect(1px, 1px, 1px, 1px);\" title=\"&#8220;Articula\u00e7\u00e3o dos Povos Ind\u00edgenas da Regi\u00e3o Sul &#8211; ArpinSul&#8221; &#8212; NUAAD - UFPel\" src=\"https:\/\/wp.ufpel.edu.br\/naaf\/projetos-externos\/articulacao-dos-povos-indigenas-da-regiao-sul-arpin-sul\/embed\/#?secret=oaNrlhQrx5#?secret=Z2mkKIWNAJ\" data-secret=\"Z2mkKIWNAJ\" width=\"600\" height=\"338\" frameborder=\"0\" marginwidth=\"0\" marginheight=\"0\" scrolling=\"no\"><\/iframe><\/div>\n","protected":false},"excerpt":{"rendered":"<p>Noticias: Egressos Ind\u00edgenas e Quilombolas Comunidades Ind\u00edgenas e Quilombolas 2019 2020 2021 2022 2023 Processo Seletivo Especial Para Comunidades Quilombolas e Povos Ind\u00edgenas Articula\u00e7\u00e3o dos Povos Ind\u00edgenas da Regi\u00e3o Sul &#8211; ArpinSul<\/p>\n","protected":false},"author":781,"featured_media":0,"parent":0,"menu_order":0,"comment_status":"closed","ping_status":"closed","template":"","meta":{"jetpack_post_was_ever_published":false,"footnotes":""},"class_list":["post-4213","page","type-page","status-publish","hentry","nodate","item-wrap"],"jetpack_sharing_enabled":false,"jetpack_shortlink":"https:\/\/wp.me\/P9uOP6-15X","jetpack_likes_enabled":false,"jetpack-related-posts":[{"id":3055,"url":"https:\/\/wp.ufpel.edu.br\/naaf\/documentos-para-matricula-no-processo-seletivo-especial\/","url_meta":{"origin":4213,"position":0},"title":"Processo Seletivo Especial para Comunidades Quilombolas e Povos Ind\u00edgenas","author":"nuaad","date":"07\/04\/2022","format":false,"excerpt":"EM PDF: Declara\u00e7\u00e3o de Pertencimento \u00c9tnico e de Resid\u00eancia - QUILOMBOLAS Declara\u00e7\u00e3o de Pertencimento \u00c9tnico e de Resid\u00eancia - IND\u00cdGENAS Autodeclara\u00e7\u00e3o - QUILOMBOLAS Autodeclara\u00e7\u00e3o - IND\u00cdGENAS \u00a0 EM WORD:\u00a0 Declara\u00e7\u00e3o de Pertencimento \u00c9tnico e de Resid\u00eancia - IND\u00cdGENAS Declara\u00e7\u00e3o de Pertencimento \u00c9tnico e de Resid\u00eancia - QUILOMBOLAS Autodeclara\u00e7\u00e3o - IND\u00cdGENAS\u2026","rel":"","context":"Post similar","block_context":{"text":"Post similar","link":""},"img":{"alt_text":"","src":"","width":0,"height":0},"classes":[]},{"id":195,"url":"https:\/\/wp.ufpel.edu.br\/naaf\/politicas\/indigenas-e-quilombolas\/","url_meta":{"origin":4213,"position":1},"title":"Processo Seletivo Espec\u00edfico para Ind\u00edgenas e Quilombolas","author":"naaf","date":"27\/10\/2017","format":false,"excerpt":"Sobre as pol\u00edticas de acesso para estudantes Ind\u00edgenas e Quilombolas A\u00a0Resolu\u00e7\u00e3o n\u00ba 15\/2015, aprovada pelo Conselho Coordenador do Ensino, da Pesquisa e da Extens\u00e3o da UFPel (COCEPE), criou dez vagas espec\u00edficas, destinadas a estudantes provenientes de comunidades ind\u00edgenas e quilombolas. Os estudantes ind\u00edgenas est\u00e3o amparados tamb\u00e9m pela Lei n\u00ba 12.711\/12,\u2026","rel":"","context":"Post similar","block_context":{"text":"Post similar","link":""},"img":{"alt_text":"","src":"","width":0,"height":0},"classes":[]},{"id":2774,"url":"https:\/\/wp.ufpel.edu.br\/naaf\/editais\/processos-seletivos-especiais-comunidades-quilombolas-e-indigenas\/","url_meta":{"origin":4213,"position":2},"title":"Processos Seletivos Especiais &#8211; Comunidades Quilombolas e Ind\u00edgenas","author":"nuaad","date":"16\/03\/2022","format":false,"excerpt":"EDITAIS 2022 Lista Preliminar Candidatos Homologados 2022\/1 \u2013 Comunidades Quilombolas Lista Preliminar Candidatos Homologados 2022\/1 \u2013 Comunidades Ind\u00edgenas Edital CRA N\u00ba 08\/2022 de Processo Seletivo Especial para Comunidades Quilombolas Edital CRA N\u00ba 07\/2022 de Processo Seletivo Especial para Comunidades Ind\u00edgenas EDITAIS 2021 Edital CRA N\u00ba 21\/2021 de Matr\u00edculas 2021\/2 Comunidades\u2026","rel":"","context":"Post similar","block_context":{"text":"Post similar","link":""},"img":{"alt_text":"","src":"","width":0,"height":0},"classes":[]},{"id":2935,"url":"https:\/\/wp.ufpel.edu.br\/naaf\/egressos-indigenas-e-quilombolas\/","url_meta":{"origin":4213,"position":3},"title":"Egressos Ind\u00edgenas e Quilombolas","author":"nuaad","date":"28\/03\/2022","format":false,"excerpt":"A presen\u00e7a das cotas \u00e9tnicas-sociais e dos Processos Seletivos Espec\u00edficos (PSE) para ind\u00edgenas e quilombolas \u00e9 de fundamental import\u00e2ncia para se pensar uma sociedade minimamente mais justa e que promova alguma oportunidade de ascens\u00e3o para esses povos. Por\u00e9m, mesmo ap\u00f3s o ingresso, a perman\u00eancia desses estudantes \u00e9 desafiadora. Devido a\u2026","rel":"","context":"Post similar","block_context":{"text":"Post similar","link":""},"img":{"alt_text":"","src":"","width":0,"height":0},"classes":[]},{"id":3003,"url":"https:\/\/wp.ufpel.edu.br\/naaf\/processos-seletivos-especificos\/2021-2\/","url_meta":{"origin":4213,"position":4},"title":"Comunidades Ind\u00edgenas e Quilombolas 2021","author":"nuaad","date":"06\/04\/2022","format":false,"excerpt":"CHAMADA REGULAR Relat\u00f3rio Definitivo - Edital CRA 010\/2021 - PSE Quilombolas e Ind\u00edgenas Relat\u00f3rio Definitivo - Edital CRA 009\/2021 - PSE Quilombolas 1\u00aa CONVOCA\u00c7\u00c3O Relat\u00f3rio Definitivo - Edital CRA N\u00b0 19\/2021\/1 - Primeira Convoca\u00e7\u00e3o - PSE Quilombolas e Ind\u00edgenas\u00a0 Relat\u00f3rio Definitivo - Edital CRA N\u00b0 002\/19\/2021\/1 - Primeira Convoca\u00e7\u00e3o -\u2026","rel":"","context":"Post similar","block_context":{"text":"Post similar","link":""},"img":{"alt_text":"","src":"","width":0,"height":0},"classes":[]},{"id":3008,"url":"https:\/\/wp.ufpel.edu.br\/naaf\/processos-seletivos-especificos\/2019-2\/","url_meta":{"origin":4213,"position":5},"title":"Comunidades Ind\u00edgenas e Quilombolas 2019","author":"nuaad","date":"06\/04\/2022","format":false,"excerpt":"CHAMADA REGULAR Relat\u00f3rio Definitivo - Edital CRA N\u00ba 12\/2019\/2 -\u00a0PSE\u00a0Quilombolas Relat\u00f3rio Definitivo - Edital CRA N\u00ba 05\/2019\/1 - PSE Quilombolas e Ind\u00edgenas 1\u00aa CONVOCA\u00c7\u00c3O Relat\u00f3rio Definitivo - Convoca\u00e7\u00e3o CRA N\u00ba 01\/2018 - Primeira Convoca\u00e7\u00e3o - PSE Quilombolas e Ind\u00edgenas","rel":"","context":"Post similar","block_context":{"text":"Post similar","link":""},"img":{"alt_text":"","src":"","width":0,"height":0},"classes":[]}],"_links":{"self":[{"href":"https:\/\/wp.ufpel.edu.br\/naaf\/wp-json\/wp\/v2\/pages\/4213","targetHints":{"allow":["GET"]}}],"collection":[{"href":"https:\/\/wp.ufpel.edu.br\/naaf\/wp-json\/wp\/v2\/pages"}],"about":[{"href":"https:\/\/wp.ufpel.edu.br\/naaf\/wp-json\/wp\/v2\/types\/page"}],"author":[{"embeddable":true,"href":"https:\/\/wp.ufpel.edu.br\/naaf\/wp-json\/wp\/v2\/users\/781"}],"replies":[{"embeddable":true,"href":"https:\/\/wp.ufpel.edu.br\/naaf\/wp-json\/wp\/v2\/comments?post=4213"}],"version-history":[{"count":5,"href":"https:\/\/wp.ufpel.edu.br\/naaf\/wp-json\/wp\/v2\/pages\/4213\/revisions"}],"predecessor-version":[{"id":4239,"href":"https:\/\/wp.ufpel.edu.br\/naaf\/wp-json\/wp\/v2\/pages\/4213\/revisions\/4239"}],"wp:attachment":[{"href":"https:\/\/wp.ufpel.edu.br\/naaf\/wp-json\/wp\/v2\/media?parent=4213"}],"curies":[{"name":"wp","href":"https:\/\/api.w.org\/{rel}","templated":true}]}}