{"id":4101,"date":"2023-07-19T15:41:52","date_gmt":"2023-07-19T18:41:52","guid":{"rendered":"https:\/\/wp.ufpel.edu.br\/naaf\/?page_id=4101"},"modified":"2023-10-16T17:30:11","modified_gmt":"2023-10-16T20:30:11","slug":"bancas-de-heteroidentificacao","status":"publish","type":"page","link":"https:\/\/wp.ufpel.edu.br\/naaf\/bancas-de-heteroidentificacao\/","title":{"rendered":"Bancas de heteroidentifica\u00e7\u00e3o"},"content":{"rendered":"<ul>\n<li><a href=\"https:\/\/wp.ufpel.edu.br\/naaf\/files\/2023\/08\/Resultado-Preliminar-Banca-de-Heteroidentificacao-21-de-agosto-de-2023.pdf\">Resultado preliminar Banca de Heteroidentifica\u00e7\u00e3o \u2013 21 de agosto<\/a><\/li>\n<li><a href=\"https:\/\/wp.ufpel.edu.br\/naaf\/files\/2023\/07\/Relatorio-final-banca-de-10-07-2023-1.pdf\">Relat\u00f3rio final &#8211; banca de 10-07-2023 (1)<\/a><\/li>\n<li><a href=\"https:\/\/wp.ufpel.edu.br\/naaf\/files\/2023\/07\/Relatorio-final-banca-de-03-07-2023.pdf\">Relat\u00f3rio final &#8211; banca de 03-07-2023<\/a><\/li>\n<li><a href=\"https:\/\/wp.ufpel.edu.br\/naaf\/files\/2023\/07\/Relatorio-Preliminar-Bancas-de-heteroidentificacao-de-10-07-2023.pdf\">Relat\u00f3rio Preliminar &#8211; Bancas de heteroidentifica\u00e7\u00e3o de 10-07-2023<\/a><\/li>\n<li><a href=\"https:\/\/wp.ufpel.edu.br\/naaf\/files\/2023\/07\/Resultado-Preliminar-banca-de-03-de-julho-1-1.pdf\">Resultado-Preliminar-banca-de-03-de-julho-1 (1)<\/a><\/li>\n<li><a href=\"https:\/\/wp.ufpel.edu.br\/naaf\/files\/2023\/07\/Resultado-banca-recursal-bancas-de-14-de-junho.pdf\">Resultado banca recursal &#8211; bancas de 14 de junho<\/a><\/li>\n<li><a href=\"https:\/\/wp.ufpel.edu.br\/naaf\/files\/2023\/06\/Resultado-preliminar-Banca-de-26-06-2023-2.pdf\">Resultado preliminar &#8211; Banca de 26-06-2023 (2)<\/a><\/li>\n<li><a href=\"https:\/\/wp.ufpel.edu.br\/naaf\/files\/2023\/06\/Resultado-preliminar-de-heteroidentificacao-LETRAS-LIBRAS-LITERATURA-SURDA.pdf\">Resultado preliminar de heteroidentifica\u00e7\u00e3o &#8211; LETRAS LIBRAS-LITERATURA SURDA<\/a><\/li>\n<li><a href=\"https:\/\/wp.ufpel.edu.br\/naaf\/files\/2023\/06\/relatorio_parecer_cotas_Preliminar-2-2.pdf\">relat\u00f3rio_parecer_cotas_Preliminar (2) (2)<\/a><\/li>\n<li><a href=\"https:\/\/wp.ufpel.edu.br\/naaf\/files\/2023\/06\/Relatorio-preliminar-SISU-2023-1-Lista-de-espera-3\u00b0-Chamada.pdf\">Relat\u00f3rio preliminar &#8211; SISU 2023-1 &#8211; Lista de espera &#8211; 3\u00b0 Chamada<\/a><\/li>\n<li><a href=\"https:\/\/wp.ufpel.edu.br\/naaf\/files\/2023\/06\/relatorio_parecer_cotas_Preliminar-1.pdf\">relat\u00f3rio_parecer_cotas_Preliminar (1)<\/a><\/li>\n<li><a href=\"https:\/\/wp.ufpel.edu.br\/naaf\/files\/2023\/06\/Banca-segunda-chamada.pdf\">Banca segunda chamada<\/a>\u00a02\u00ba chamada ocorrida no dia 14\/06-2023 (Manh\u00e3)<\/li>\n<li><a href=\"https:\/\/wp.ufpel.edu.br\/naaf\/files\/2023\/06\/relatorio_parecer_cotas_Definitivo-10.pdf\">relat\u00f3rio_parecer_cotas_Definitivo (10) RESULTADO PRELIMINAR PAVE 2023\/01.<\/a><\/li>\n<li><a href=\"https:\/\/wp.ufpel.edu.br\/naaf\/files\/2023\/06\/relatorio_parecer_cotas_Definitivo-9-2.pdf\">relat\u00f3rio_parecer_cotas_Definitivo (9)<\/a> RESULTADO FINAL PAVE 2023 1.<\/li>\n<li><a href=\"https:\/\/wp.ufpel.edu.br\/naaf\/2023\/10\/10\/nuaad-divulga-data-local-e-horario-da-banca-de-heterodientificacao-edital-35-2023-enfermagem-e-artes-visuais-ingresso-2023-2\/\">nuaad divulga resultado preliminar bancas de heteroidentificacao sisu pave 2023-2\/<\/a><\/li>\n<li><a href=\"https:\/\/wp.ufpel.edu.br\/naaf\/2023\/10\/10\/nuaad-divulga-data-local-e-horario-banca-de-heteroidentificacao-ingressantes-sisu-pave-2023-2-casos-ausentes-justificados\/\"> Banca de Heteroidentifica\u00e7\u00e3o ingressantes SISU\/PAVE 2023\/2 \u2013 Casos Ausentes Justificados<\/a><\/li>\n<li><a href=\"https:\/\/wp.ufpel.edu.br\/naaf\/2023\/10\/10\/nuaad-divulga-data-local-e-horario-da-banca-de-heterodientificacao-edital-36-2023-reopcao-reingresso-transferencia-retomada-de-estudos-e-portador-de-diploma-medicina-ingresso-2023-2\/\">Banca de Heterodientifica\u00e7\u00e3o Edital 36\/2023 \u2013 REOP\u00c7\u00c3O, REINGRESSO, TRANSFER\u00caNCIA, RETOMADA DE ESTUDOS E PORTADOR DE DIPLOMA \u2013 MEDICINA ingresso 2023\/2<\/a><\/li>\n<li><a href=\"https:\/\/wp.ufpel.edu.br\/naaf\/2023\/10\/10\/nuaad-divulga-data-local-e-horario-da-banca-de-heterodientificacao-edital-35-2023-enfermagem-e-artes-visuais-ingresso-2023-2\/\">Banca de Heterodientifica\u00e7\u00e3o Edital 35\/2023 \u2013 Enfermagem e Artes Visuais Ingresso 2023\/2<\/a><\/li>\n<\/ul>\n","protected":false},"excerpt":{"rendered":"<p>Resultado preliminar Banca de Heteroidentifica\u00e7\u00e3o \u2013 21 de agosto Relat\u00f3rio final &#8211; banca de 10-07-2023 (1) Relat\u00f3rio final &#8211; banca de 03-07-2023 Relat\u00f3rio Preliminar &#8211; Bancas de heteroidentifica\u00e7\u00e3o de 10-07-2023 Resultado-Preliminar-banca-de-03-de-julho-1 (1) Resultado banca recursal &#8211; bancas de 14 de junho Resultado preliminar &#8211; Banca de 26-06-2023 (2) Resultado preliminar de heteroidentifica\u00e7\u00e3o &#8211; LETRAS LIBRAS-LITERATURA &hellip; <\/p>\n<p><a class=\"more-link btn\" href=\"https:\/\/wp.ufpel.edu.br\/naaf\/bancas-de-heteroidentificacao\/\">Continue lendo<\/a><\/p>\n","protected":false},"author":1133,"featured_media":0,"parent":0,"menu_order":0,"comment_status":"closed","ping_status":"closed","template":"","meta":{"jetpack_post_was_ever_published":false,"footnotes":""},"class_list":["post-4101","page","type-page","status-publish","hentry","nodate","item-wrap"],"jetpack_sharing_enabled":true,"jetpack_shortlink":"https:\/\/wp.me\/P9uOP6-149","jetpack_likes_enabled":true,"jetpack-related-posts":[{"id":3447,"url":"https:\/\/wp.ufpel.edu.br\/naaf\/diretrizes-para-recurso\/","url_meta":{"origin":4101,"position":0},"title":"Diretrizes para Recurso","author":"nuaad","date":"26\/08\/2022","format":false,"excerpt":"A divulga\u00e7\u00e3o dos resultados do procedimento de heteroidentifica\u00e7\u00e3o \u00e9 de responsabilidade da unidade organizadora do processo seletivo. O(a) candidato(a) dever\u00e1 acompanhar a p\u00e1gina oficial do processo seletivo do qual participa. Em caso de indeferimento, o(a) candidato(a) poder\u00e1 interpor recurso, no prazo de 3 dias \u00fateis, contados a partir da divulga\u00e7\u00e3o\u2026","rel":"","context":"Post similar","block_context":{"text":"Post similar","link":""},"img":{"alt_text":"","src":"","width":0,"height":0},"classes":[]},{"id":3027,"url":"https:\/\/wp.ufpel.edu.br\/naaf\/pos-graduacao\/2017-2\/","url_meta":{"origin":4101,"position":1},"title":"2017","author":"nuaad","date":"07\/04\/2022","format":false,"excerpt":"Dezembro Relat\u00f3rio preliminar PPGANT Antropologia 04 12 2017 Relatorio preliminar PPG Meteorologia 11 12 2017 Relat\u00f3rio preliminar PPG Educa\u00e7\u00e3o 12 12 2017 Relat\u00f3rio preliminar PPG Arquitetura e Urbanismo 12 12 2017 Relat\u00f3rio preliminar PPG Recursos H\u00eddricos 12 12 2017 Relat\u00f3rio preliminar PPG em Educa\u00e7\u00e3o 15 12 2017 Relat\u00f3rio preliminar PPGZ\u2026","rel":"","context":"Post similar","block_context":{"text":"Post similar","link":""},"img":{"alt_text":"","src":"","width":0,"height":0},"classes":[]},{"id":3029,"url":"https:\/\/wp.ufpel.edu.br\/naaf\/pos-graduacao\/2018-2\/","url_meta":{"origin":4101,"position":2},"title":"2018","author":"nuaad","date":"07\/04\/2022","format":false,"excerpt":"Dezembro Relat\u00f3rio Preliminar - PPG Qu\u00edmica - Mestrado (09\/Jan\/2019) Novembro Relat\u00f3rio Preliminar - PPG em Biotecnologia - Mestrado\u00a0(26\/Nov\/2018) Relat\u00f3rio Preliminar - PPG em Direito - Mestrado\u00a0(26\/Nov\/2018) Relat\u00f3rio Definitivo - PPG em Biotecnologia - Mestrado\u00a0(30\/Nov\/2018) Relat\u00f3rio Definitivo - PPG em Direito - Mestrado\u00a0(30\/Nov\/2018) Outubro\u00a0 Relat\u00f3rio Final- PPG em Educa\u00e7\u00e3o - 2018\/2\u2026","rel":"","context":"Post similar","block_context":{"text":"Post similar","link":""},"img":{"alt_text":"","src":"","width":0,"height":0},"classes":[]},{"id":3031,"url":"https:\/\/wp.ufpel.edu.br\/naaf\/pos-graduacao\/2019-2\/","url_meta":{"origin":4101,"position":3},"title":"2019","author":"nuaad","date":"07\/04\/2022","format":false,"excerpt":"Dezembro Relat\u00f3rio Definitivo PPG Fisiologia Vegetal - Publicado em 09\/12\/2019 Relat\u00f3rio Definitivo PPG Recursos H\u00eddricos - Publicado em 09\/12\/2020 Relat\u00f3rio Preliminar PPG Geografia - Publicado em 09\/12\/2019 Relat\u00f3rio Definitivo PPG Biotecnologia - Publicado em 20\/12\/2020 Relat\u00f3rio Definitivo PPG Modelagem Matem\u00e1tica - Publicado em 20\/12\/2020 Relat\u00f3rio Definitivo PPG Geografia \u2013 Publicado\u2026","rel":"","context":"Post similar","block_context":{"text":"Post similar","link":""},"img":{"alt_text":"","src":"","width":0,"height":0},"classes":[]},{"id":468,"url":"https:\/\/wp.ufpel.edu.br\/naaf\/sisu\/2018-1\/","url_meta":{"origin":4101,"position":4},"title":"2018\/1","author":"naaf","date":"16\/02\/2018","format":false,"excerpt":"Chamada Regular SISU 2018\/1 - Relat\u00f3rio Preliminar - Chamada Regular\u00a0 SISU 2018\/1 - Relat\u00f3rio Definitivo - Chamada Regular\u00a0 Primeira Convoca\u00e7\u00e3o SISU 2018\/1 - Relat\u00f3rio Preliminar - 1\u00aa Convoca\u00e7\u00e3o\u00a0 SISU 2018\/1 - Relat\u00f3rio Definitivo - 1\u00aa Convoca\u00e7\u00e3o\u00a0 Segunda Convoca\u00e7\u00e3o SISU 2018\/1 - Relat\u00f3rio Preliminar - 2\u00aa Convoca\u00e7\u00e3o SISU 2018\/1 - Relat\u00f3rio\u2026","rel":"","context":"Post similar","block_context":{"text":"Post similar","link":""},"img":{"alt_text":"","src":"","width":0,"height":0},"classes":[]},{"id":796,"url":"https:\/\/wp.ufpel.edu.br\/naaf\/sisu\/2018-2\/","url_meta":{"origin":4101,"position":5},"title":"2018\/2","author":"naaf","date":"16\/07\/2018","format":false,"excerpt":"Chamada Regular SISU 2018\/2 - Relat\u00f3rio Preliminar \u2013 Chamada Regular\u00a0 SISU 2018\/2 - Relat\u00f3rio Definitivo \u2013 Chamada Regular\u00a0 Primeira Convoca\u00e7\u00e3o SISU 2018\/2 - Relat\u00f3rio Preliminar - 1\u00aa Convoca\u00e7\u00e3o\u00a0 SISU 2018\/2 - Relat\u00f3rio Definitivo - 1\u00aa Convoca\u00e7\u00e3o\u00a0 Segunda Convoca\u00e7\u00e3o SISU 2018\/2 - Relat\u00f3rio Preliminar \u2013 2\u00aa Convoca\u00e7\u00e3o\u00a0 SISU 2018\/2 - Relat\u00f3rio\u2026","rel":"","context":"Post similar","block_context":{"text":"Post similar","link":""},"img":{"alt_text":"","src":"","width":0,"height":0},"classes":[]}],"_links":{"self":[{"href":"https:\/\/wp.ufpel.edu.br\/naaf\/wp-json\/wp\/v2\/pages\/4101","targetHints":{"allow":["GET"]}}],"collection":[{"href":"https:\/\/wp.ufpel.edu.br\/naaf\/wp-json\/wp\/v2\/pages"}],"about":[{"href":"https:\/\/wp.ufpel.edu.br\/naaf\/wp-json\/wp\/v2\/types\/page"}],"author":[{"embeddable":true,"href":"https:\/\/wp.ufpel.edu.br\/naaf\/wp-json\/wp\/v2\/users\/1133"}],"replies":[{"embeddable":true,"href":"https:\/\/wp.ufpel.edu.br\/naaf\/wp-json\/wp\/v2\/comments?post=4101"}],"version-history":[{"count":10,"href":"https:\/\/wp.ufpel.edu.br\/naaf\/wp-json\/wp\/v2\/pages\/4101\/revisions"}],"predecessor-version":[{"id":4392,"href":"https:\/\/wp.ufpel.edu.br\/naaf\/wp-json\/wp\/v2\/pages\/4101\/revisions\/4392"}],"wp:attachment":[{"href":"https:\/\/wp.ufpel.edu.br\/naaf\/wp-json\/wp\/v2\/media?parent=4101"}],"curies":[{"name":"wp","href":"https:\/\/api.w.org\/{rel}","templated":true}]}}