{"id":3438,"date":"2022-08-25T15:06:57","date_gmt":"2022-08-25T18:06:57","guid":{"rendered":"https:\/\/wp.ufpel.edu.br\/naaf\/?page_id=3438"},"modified":"2022-08-25T15:50:52","modified_gmt":"2022-08-25T18:50:52","slug":"grupo-carrefour-bolsa-de-estudo-e-permanencia-para-cursos-de-graduacao-e-pos-graduacao-para-estudantes-negros","status":"publish","type":"page","link":"https:\/\/wp.ufpel.edu.br\/naaf\/projetos-externos\/grupo-carrefour-bolsa-de-estudo-e-permanencia-para-cursos-de-graduacao-e-pos-graduacao-para-estudantes-negros\/","title":{"rendered":"GRUPO CARREFOUR: Bolsa de Estudo e Perman\u00eancia para cursos de gradua\u00e7\u00e3o e p\u00f3s-gradua\u00e7\u00e3o para estudantes negros"},"content":{"rendered":"<p>&nbsp;<\/p>\n<p><img data-recalc-dims=\"1\" loading=\"lazy\" decoding=\"async\" data-attachment-id=\"3439\" data-permalink=\"https:\/\/wp.ufpel.edu.br\/naaf\/projetos-externos\/grupo-carrefour-bolsa-de-estudo-e-permanencia-para-cursos-de-graduacao-e-pos-graduacao-para-estudantes-negros\/nuaad-informa\/\" data-orig-file=\"https:\/\/i0.wp.com\/wp.ufpel.edu.br\/naaf\/files\/2022\/08\/NUAAD-INFORMA.png?fit=1080%2C1080&amp;ssl=1\" data-orig-size=\"1080,1080\" data-comments-opened=\"0\" data-image-meta=\"{&quot;aperture&quot;:&quot;0&quot;,&quot;credit&quot;:&quot;&quot;,&quot;camera&quot;:&quot;&quot;,&quot;caption&quot;:&quot;&quot;,&quot;created_timestamp&quot;:&quot;0&quot;,&quot;copyright&quot;:&quot;&quot;,&quot;focal_length&quot;:&quot;0&quot;,&quot;iso&quot;:&quot;0&quot;,&quot;shutter_speed&quot;:&quot;0&quot;,&quot;title&quot;:&quot;&quot;,&quot;orientation&quot;:&quot;0&quot;}\" data-image-title=\"NUAAD INFORMA!\" data-image-description=\"\" data-image-caption=\"\" data-medium-file=\"https:\/\/i0.wp.com\/wp.ufpel.edu.br\/naaf\/files\/2022\/08\/NUAAD-INFORMA.png?fit=400%2C400&amp;ssl=1\" data-large-file=\"https:\/\/i0.wp.com\/wp.ufpel.edu.br\/naaf\/files\/2022\/08\/NUAAD-INFORMA.png?fit=750%2C750&amp;ssl=1\" class=\"size-medium wp-image-3439 aligncenter\" src=\"https:\/\/i0.wp.com\/wp.ufpel.edu.br\/naaf\/files\/2022\/08\/NUAAD-INFORMA.png?resize=400%2C400&#038;ssl=1\" alt=\"\" width=\"400\" height=\"400\" srcset=\"https:\/\/i0.wp.com\/wp.ufpel.edu.br\/naaf\/files\/2022\/08\/NUAAD-INFORMA.png?resize=400%2C400&amp;ssl=1 400w, https:\/\/i0.wp.com\/wp.ufpel.edu.br\/naaf\/files\/2022\/08\/NUAAD-INFORMA.png?resize=1024%2C1024&amp;ssl=1 1024w, https:\/\/i0.wp.com\/wp.ufpel.edu.br\/naaf\/files\/2022\/08\/NUAAD-INFORMA.png?resize=200%2C200&amp;ssl=1 200w, https:\/\/i0.wp.com\/wp.ufpel.edu.br\/naaf\/files\/2022\/08\/NUAAD-INFORMA.png?resize=768%2C768&amp;ssl=1 768w, https:\/\/i0.wp.com\/wp.ufpel.edu.br\/naaf\/files\/2022\/08\/NUAAD-INFORMA.png?resize=750%2C750&amp;ssl=1 750w, https:\/\/i0.wp.com\/wp.ufpel.edu.br\/naaf\/files\/2022\/08\/NUAAD-INFORMA.png?w=1080&amp;ssl=1 1080w\" sizes=\"auto, (max-width: 400px) 100vw, 400px\" \/><\/p>\n<p style=\"text-align: justify;\">Devido ao assassinato de Jo\u00e3o Alberto Silveira Freitas, conhecido como Beto, realizado por um seguran\u00e7a da Rede Carrefour no dia 19 de novembro de 2020 por motiva\u00e7\u00f5es racistas, militantes negros do sul do pa\u00eds pressionaram o Grupo Carrefour em busca de retrata\u00e7\u00f5es. A partir disso, o Carrefour foi responsabilizado judicialmente a desenvolver e investir projetos direcionados ao bem-estar da popula\u00e7\u00e3o negra. Dessa forma, a empresa lan\u00e7a um Edital de incentivo \u00e0 educa\u00e7\u00e3o destinado a <strong>estudantes negros de ensino superior<\/strong> como forma de repara\u00e7\u00e3o.<\/p>\n<p style=\"text-align: justify;\">Com bolsas mensais de R$1.000,00 para estudantes de gradua\u00e7\u00e3o ou especializa\u00e7\u00e3o, R$3.500,00\u00a0 para estudantes de mestrado e R$5.000,00 para estudantes de doutorado, o Carrefour destinar\u00e1 68 milh\u00f5es de reais para apoio a estudantes negros em institui\u00e7\u00f5es p\u00fablicas e privadas do Rio Grande do Sul.<\/p>\n<p style=\"text-align: justify;\">A forma de inscri\u00e7\u00e3o para se candidatar \u00e0s bolsas ser\u00e1 realizada pelos <strong>CURSOS<\/strong> das universidades, sendo elas tamb\u00e9m respons\u00e1veis a delimitar como se dar\u00e1 o funcionamento da entrega de bolsas.<\/p>\n<p style=\"text-align: justify;\"><strong>As inscri\u00e7\u00f5es abrem no dia 31 de agosto e v\u00e3o at\u00e9 27 de setembro.<\/strong><\/p>\n<p style=\"text-align: justify;\">Para ler o edital na \u00edntegra, acesso o endere\u00e7o a seguir: <a href=\"https:\/\/cdn.cebraspe.org.br\/vestibulares\/carrefour_22_bolsas\/arquivos\/CARREFOUR_EDITAL_DE_SELECAO___27JUL20221.PDF\" target=\"_blank\" rel=\"noopener\">Edital Carrefour: Bolsas de Perman\u00eancia para estudantes negros.<\/a><\/p>\n","protected":false},"excerpt":{"rendered":"<p>&nbsp; Devido ao assassinato de Jo\u00e3o Alberto Silveira Freitas, conhecido como Beto, realizado por um seguran\u00e7a da Rede Carrefour no dia 19 de novembro de 2020 por motiva\u00e7\u00f5es racistas, militantes negros do sul do pa\u00eds pressionaram o Grupo Carrefour em busca de retrata\u00e7\u00f5es. A partir disso, o Carrefour foi responsabilizado judicialmente a desenvolver e investir &hellip; <\/p>\n<p><a class=\"more-link btn\" href=\"https:\/\/wp.ufpel.edu.br\/naaf\/projetos-externos\/grupo-carrefour-bolsa-de-estudo-e-permanencia-para-cursos-de-graduacao-e-pos-graduacao-para-estudantes-negros\/\">Continue lendo<\/a><\/p>\n","protected":false},"author":1133,"featured_media":0,"parent":2799,"menu_order":0,"comment_status":"closed","ping_status":"closed","template":"","meta":{"jetpack_post_was_ever_published":false,"footnotes":""},"class_list":["post-3438","page","type-page","status-publish","hentry","nodate","item-wrap"],"jetpack_sharing_enabled":true,"jetpack_shortlink":"https:\/\/wp.me\/P9uOP6-Ts","jetpack_likes_enabled":true,"jetpack-related-posts":[{"id":2799,"url":"https:\/\/wp.ufpel.edu.br\/naaf\/projetos-externos\/","url_meta":{"origin":3438,"position":0},"title":"Divulgando Projetos","author":"nuaad","date":"17\/03\/2022","format":false,"excerpt":"Stay Black Museu Afro-Brasil-Sul (MABSul) Articula\u00e7\u00e3o dos Povos Ind\u00edgenas da Regi\u00e3o Sul \u2013 ArpinSul GRUPO CARREFOUR: Bolsa de Estudo e Perman\u00eancia para cursos de gradua\u00e7\u00e3o e p\u00f3s-gradua\u00e7\u00e3o para estudantes negros","rel":"","context":"Post similar","block_context":{"text":"Post similar","link":""},"img":{"alt_text":"","src":"","width":0,"height":0},"classes":[]},{"id":2158,"url":"https:\/\/wp.ufpel.edu.br\/naaf\/politicas\/pos-graduacao-2\/estudantes-cotistas-na-pos-graduacao-em-construcao\/","url_meta":{"origin":3438,"position":1},"title":"Estudantes cotistas na P\u00f3s-Gradua\u00e7\u00e3o (Em constru\u00e7\u00e3o)","author":"naaf","date":"17\/07\/2020","format":false,"excerpt":"O sistema de cotas \u00e9tnico-raciais na P\u00f3s-Gradua\u00e7\u00e3o configura a quest\u00e3o das a\u00e7\u00f5es afirmativas como um processo amplo dentro da UFPel, visando atender a demanda criada pelas cotas na gradua\u00e7\u00e3o e promover a democratiza\u00e7\u00e3o e a equidade das oportunidades de acesso \u00e0 educa\u00e7\u00e3o. Entende-se que todos os Programas de P\u00f3s-Gradua\u00e7\u00e3o da\u2026","rel":"","context":"Post similar","block_context":{"text":"Post similar","link":""},"img":{"alt_text":"","src":"","width":0,"height":0},"classes":[]},{"id":245,"url":"https:\/\/wp.ufpel.edu.br\/naaf\/politicas\/pos-graduacao-2\/","url_meta":{"origin":3438,"position":2},"title":"P\u00f3s-Gradua\u00e7\u00e3o","author":"naaf","date":"27\/10\/2017","format":false,"excerpt":"No primeiro semestre de 2017, a UFPel tornou-se uma das primeiras Universidades Federais do pa\u00eds a aprovar uma pol\u00edtica de cotas \u00e9tnico-raciais para a P\u00f3s-Gradua\u00e7\u00e3o. A Resolu\u00e7\u00e3o n\u00ba 05\/2017, do Conselho Universit\u00e1rio (CONSUN) da UFPel, reserva 25% das vagas nos Programas de P\u00f3s-Gradua\u00e7\u00e3o stricto sensu da institui\u00e7\u00e3o para estudantes negros,\u2026","rel":"","context":"Post similar","block_context":{"text":"Post similar","link":""},"img":{"alt_text":"","src":"","width":0,"height":0},"classes":[]},{"id":73,"url":"https:\/\/wp.ufpel.edu.br\/naaf\/analisedaspoliticas\/","url_meta":{"origin":3438,"position":3},"title":"Notas","author":"naaf","date":"19\/09\/2017","format":false,"excerpt":"Manifesto dos estudantes Ind\u00edgenas e Quilombolas da UFPel Em resposta \u00e0s dificuldades impostas pela pandemia de coronav\u00edrus e \u00e0s pr\u00f3prias limita\u00e7\u00f5es que encontram em suas trajet\u00f3rias acad\u00eamicas, os discentes Ind\u00edgenas e Quilombolas da UFPel elaboraram e divulgaram o documento \u201cManifesto dos Estudantes Ind\u00edgenas e Quilombolas\u201d. Neste Manifesto, esses estudantes exp\u00f5em\u2026","rel":"","context":"Post similar","block_context":{"text":"Post similar","link":""},"img":{"alt_text":"","src":"","width":0,"height":0},"classes":[]},{"id":67,"url":"https:\/\/wp.ufpel.edu.br\/naaf\/legislacao\/","url_meta":{"origin":3438,"position":4},"title":"Legisla\u00e7\u00e3o","author":"naaf","date":"19\/09\/2017","format":false,"excerpt":"Leis Federais: Lei n\u00ba 9.784, de 29 de janeiro de 1999 - Regula o processo administrativo no \u00e2mbito da Administra\u00e7\u00e3o P\u00fablica Federal. Lei n\u00ba 12.089, de 11 de novembro de 2009. - Pro\u00edbe que uma mesma pessoa ocupe 2 (duas) vagas simultaneamente em institui\u00e7\u00f5es p\u00fablicas de ensino superior. Lei n\u00ba\u2026","rel":"","context":"Post similar","block_context":{"text":"Post similar","link":""},"img":{"alt_text":"","src":"","width":0,"height":0},"classes":[]},{"id":4689,"url":"https:\/\/wp.ufpel.edu.br\/naaf\/sobre-nos\/","url_meta":{"origin":3438,"position":5},"title":"Sobre n\u00f3s","author":"nuaad","date":"06\/09\/2024","format":false,"excerpt":"O N\u00facleo de A\u00e7\u00f5es Afirmativas e Diversidade desenvolve atividades relacionadas ao gerenciamento das vagas ocupadas por cotistas ou direcionadas a estes; atividades educativas e informativas nas escolas p\u00fablicas de Educa\u00e7\u00e3o B\u00e1sica, bem como a promo\u00e7\u00e3o de eventos que permitam a aproxima\u00e7\u00e3o da Universidade e a inclus\u00e3o de ind\u00edgenas e quilombolas\u2026","rel":"","context":"Post similar","block_context":{"text":"Post similar","link":""},"img":{"alt_text":"","src":"","width":0,"height":0},"classes":[]}],"_links":{"self":[{"href":"https:\/\/wp.ufpel.edu.br\/naaf\/wp-json\/wp\/v2\/pages\/3438","targetHints":{"allow":["GET"]}}],"collection":[{"href":"https:\/\/wp.ufpel.edu.br\/naaf\/wp-json\/wp\/v2\/pages"}],"about":[{"href":"https:\/\/wp.ufpel.edu.br\/naaf\/wp-json\/wp\/v2\/types\/page"}],"author":[{"embeddable":true,"href":"https:\/\/wp.ufpel.edu.br\/naaf\/wp-json\/wp\/v2\/users\/1133"}],"replies":[{"embeddable":true,"href":"https:\/\/wp.ufpel.edu.br\/naaf\/wp-json\/wp\/v2\/comments?post=3438"}],"version-history":[{"count":3,"href":"https:\/\/wp.ufpel.edu.br\/naaf\/wp-json\/wp\/v2\/pages\/3438\/revisions"}],"predecessor-version":[{"id":3444,"href":"https:\/\/wp.ufpel.edu.br\/naaf\/wp-json\/wp\/v2\/pages\/3438\/revisions\/3444"}],"up":[{"embeddable":true,"href":"https:\/\/wp.ufpel.edu.br\/naaf\/wp-json\/wp\/v2\/pages\/2799"}],"wp:attachment":[{"href":"https:\/\/wp.ufpel.edu.br\/naaf\/wp-json\/wp\/v2\/media?parent=3438"}],"curies":[{"name":"wp","href":"https:\/\/api.w.org\/{rel}","templated":true}]}}