{"id":3097,"date":"2022-04-18T10:54:50","date_gmt":"2022-04-18T13:54:50","guid":{"rendered":"https:\/\/wp.ufpel.edu.br\/naaf\/?page_id=3097"},"modified":"2022-04-18T10:55:34","modified_gmt":"2022-04-18T13:55:34","slug":"articulacao-dos-povos-indigenas-da-regiao-sul-arpin-sul","status":"publish","type":"page","link":"https:\/\/wp.ufpel.edu.br\/naaf\/projetos-externos\/articulacao-dos-povos-indigenas-da-regiao-sul-arpin-sul\/","title":{"rendered":"Articula\u00e7\u00e3o dos Povos Ind\u00edgenas da Regi\u00e3o Sul &#8211; ArpinSul"},"content":{"rendered":"<p><img data-recalc-dims=\"1\" loading=\"lazy\" decoding=\"async\" data-attachment-id=\"3098\" data-permalink=\"https:\/\/wp.ufpel.edu.br\/naaf\/projetos-externos\/articulacao-dos-povos-indigenas-da-regiao-sul-arpin-sul\/whatsapp-image-2022-04-07-at-11-45-20-1\/\" data-orig-file=\"https:\/\/i0.wp.com\/wp.ufpel.edu.br\/naaf\/files\/2022\/04\/WhatsApp-Image-2022-04-07-at-11.45.20-1.jpeg?fit=246%2C370&amp;ssl=1\" data-orig-size=\"246,370\" data-comments-opened=\"0\" data-image-meta=\"{&quot;aperture&quot;:&quot;0&quot;,&quot;credit&quot;:&quot;&quot;,&quot;camera&quot;:&quot;&quot;,&quot;caption&quot;:&quot;&quot;,&quot;created_timestamp&quot;:&quot;0&quot;,&quot;copyright&quot;:&quot;&quot;,&quot;focal_length&quot;:&quot;0&quot;,&quot;iso&quot;:&quot;0&quot;,&quot;shutter_speed&quot;:&quot;0&quot;,&quot;title&quot;:&quot;&quot;,&quot;orientation&quot;:&quot;0&quot;}\" data-image-title=\"WhatsApp Image 2022-04-07 at 11.45.20 (1)\" data-image-description=\"\" data-image-caption=\"\" data-medium-file=\"https:\/\/i0.wp.com\/wp.ufpel.edu.br\/naaf\/files\/2022\/04\/WhatsApp-Image-2022-04-07-at-11.45.20-1.jpeg?fit=246%2C370&amp;ssl=1\" data-large-file=\"https:\/\/i0.wp.com\/wp.ufpel.edu.br\/naaf\/files\/2022\/04\/WhatsApp-Image-2022-04-07-at-11.45.20-1.jpeg?fit=246%2C370&amp;ssl=1\" class=\"size-full wp-image-3098 aligncenter\" src=\"https:\/\/i0.wp.com\/wp.ufpel.edu.br\/naaf\/files\/2022\/04\/WhatsApp-Image-2022-04-07-at-11.45.20-1.jpeg?resize=246%2C370&#038;ssl=1\" alt=\"\" width=\"246\" height=\"370\" \/><\/p>\n<p style=\"text-align: justify;\">Atuando desde 2006, a Articula\u00e7\u00e3o dos Povos Ind\u00edgenas da Regi\u00e3o Sul (ArpinSul) \u00e9 uma organiza\u00e7\u00e3o que busca a integra\u00e7\u00e3o e articula\u00e7\u00e3o pol\u00edtica das etnias ind\u00edgenas do Rio Grande do Sul, Paran\u00e1 e Santa Catarina sendo, principalmente, dos povos Kaingang, Xokleng, Xet\u00e1 e descendentes de Charrua para combater as pol\u00edticas anti-ind\u00edgenas dos governantes e das institui\u00e7\u00f5es p\u00fablicas e para exigir direitos pol\u00edticos aos povos.<\/p>\n<p style=\"text-align: justify;\">Al\u00e9m das a\u00e7\u00f5es institucionais, a ArpinSul promove eventos de valoriza\u00e7\u00e3o e divulga\u00e7\u00e3o das culturas ind\u00edgenas, como o Pr\u00eamio Culturas Ind\u00edgenas e a organiza\u00e7\u00e3o dos 33 Pontos de Cultura Ind\u00edgena da Regi\u00e3o Sul e Sudeste. Apesar de inicialmente suas a\u00e7\u00f5es terem foco regional, hoje j\u00e1 fazem parte e fortalecem as lutas ind\u00edgenas \u00e0 n\u00edvel nacional, como a presen\u00e7a no Acampamento Terra Livre (ATL).<\/p>\n<p style=\"text-align: justify;\">Para mais informa\u00e7\u00f5es, acompanhe-os pelo Instagram: <a href=\"https:\/\/www.instagram.com\/arpinsulindigenas\/\" target=\"_blank\" rel=\"noopener\">ArpinSul<\/a><\/p>\n<p>&nbsp;<\/p>\n","protected":false},"excerpt":{"rendered":"<p>Atuando desde 2006, a Articula\u00e7\u00e3o dos Povos Ind\u00edgenas da Regi\u00e3o Sul (ArpinSul) \u00e9 uma organiza\u00e7\u00e3o que busca a integra\u00e7\u00e3o e articula\u00e7\u00e3o pol\u00edtica das etnias ind\u00edgenas do Rio Grande do Sul, Paran\u00e1 e Santa Catarina sendo, principalmente, dos povos Kaingang, Xokleng, Xet\u00e1 e descendentes de Charrua para combater as pol\u00edticas anti-ind\u00edgenas dos governantes e das institui\u00e7\u00f5es &hellip; <\/p>\n<p><a class=\"more-link btn\" href=\"https:\/\/wp.ufpel.edu.br\/naaf\/projetos-externos\/articulacao-dos-povos-indigenas-da-regiao-sul-arpin-sul\/\">Continue lendo<\/a><\/p>\n","protected":false},"author":1133,"featured_media":0,"parent":2799,"menu_order":0,"comment_status":"closed","ping_status":"closed","template":"","meta":{"jetpack_post_was_ever_published":false,"footnotes":""},"class_list":["post-3097","page","type-page","status-publish","hentry","nodate","item-wrap"],"jetpack_sharing_enabled":true,"jetpack_shortlink":"https:\/\/wp.me\/P9uOP6-NX","jetpack_likes_enabled":true,"jetpack-related-posts":[{"id":4213,"url":"https:\/\/wp.ufpel.edu.br\/naaf\/indigenas-e-quilombolas\/","url_meta":{"origin":3097,"position":0},"title":"Ind\u00edgenas e Quilombolas","author":"naaf","date":"04\/09\/2023","format":false,"excerpt":"Noticias: Egressos Ind\u00edgenas e Quilombolas Comunidades Ind\u00edgenas e Quilombolas 2019 2020 2021 2022 2023 Processo Seletivo Especial Para Comunidades Quilombolas e Povos Ind\u00edgenas https:\/\/wp.ufpel.edu.br\/naaf\/projetos-externos\/articulacao-dos-povos-indigenas-da-regiao-sul-arpin-sul\/","rel":"","context":"Post similar","block_context":{"text":"Post similar","link":""},"img":{"alt_text":"","src":"","width":0,"height":0},"classes":[]},{"id":2799,"url":"https:\/\/wp.ufpel.edu.br\/naaf\/projetos-externos\/","url_meta":{"origin":3097,"position":1},"title":"Divulgando Projetos","author":"nuaad","date":"17\/03\/2022","format":false,"excerpt":"Stay Black Museu Afro-Brasil-Sul (MABSul) Articula\u00e7\u00e3o dos Povos Ind\u00edgenas da Regi\u00e3o Sul \u2013 ArpinSul GRUPO CARREFOUR: Bolsa de Estudo e Perman\u00eancia para cursos de gradua\u00e7\u00e3o e p\u00f3s-gradua\u00e7\u00e3o para estudantes negros","rel":"","context":"Post similar","block_context":{"text":"Post similar","link":""},"img":{"alt_text":"","src":"","width":0,"height":0},"classes":[]},{"id":2882,"url":"https:\/\/wp.ufpel.edu.br\/naaf\/eventos\/eventos-2022\/","url_meta":{"origin":3097,"position":2},"title":"Eventos 2022","author":"nuaad","date":"22\/03\/2022","format":false,"excerpt":"https:\/\/wp.ufpel.edu.br\/naaf\/2022\/05\/24\/formacao-para-bancas-de-heteroidentifacao\/ https:\/\/wp.ufpel.edu.br\/naaf\/2022\/04\/18\/programa-universidade-territorio-indigena\/ https:\/\/wp.ufpel.edu.br\/naaf\/2022\/03\/25\/primeira-roda-de-conversa-com-os-discentes-indigenas-quilombolas-e-negros-e-negras-cotistas-24-de-marco-de-2022\/ https:\/\/wp.ufpel.edu.br\/naaf\/2022\/03\/15\/1a-jornada-de-agroecologia-da-teia-dos-povos-em-luta-do-rio-grande-do-sul\/","rel":"","context":"Post similar","block_context":{"text":"Post similar","link":""},"img":{"alt_text":"","src":"","width":0,"height":0},"classes":[]},{"id":195,"url":"https:\/\/wp.ufpel.edu.br\/naaf\/politicas\/indigenas-e-quilombolas\/","url_meta":{"origin":3097,"position":3},"title":"Processo Seletivo Espec\u00edfico para Ind\u00edgenas e Quilombolas","author":"naaf","date":"27\/10\/2017","format":false,"excerpt":"Sobre as pol\u00edticas de acesso para estudantes Ind\u00edgenas e Quilombolas A\u00a0Resolu\u00e7\u00e3o n\u00ba 15\/2015, aprovada pelo Conselho Coordenador do Ensino, da Pesquisa e da Extens\u00e3o da UFPel (COCEPE), criou dez vagas espec\u00edficas, destinadas a estudantes provenientes de comunidades ind\u00edgenas e quilombolas. Os estudantes ind\u00edgenas est\u00e3o amparados tamb\u00e9m pela Lei n\u00ba 12.711\/12,\u2026","rel":"","context":"Post similar","block_context":{"text":"Post similar","link":""},"img":{"alt_text":"","src":"","width":0,"height":0},"classes":[]},{"id":2935,"url":"https:\/\/wp.ufpel.edu.br\/naaf\/egressos-indigenas-e-quilombolas\/","url_meta":{"origin":3097,"position":4},"title":"Egressos Ind\u00edgenas e Quilombolas","author":"nuaad","date":"28\/03\/2022","format":false,"excerpt":"A presen\u00e7a das cotas \u00e9tnicas-sociais e dos Processos Seletivos Espec\u00edficos (PSE) para ind\u00edgenas e quilombolas \u00e9 de fundamental import\u00e2ncia para se pensar uma sociedade minimamente mais justa e que promova alguma oportunidade de ascens\u00e3o para esses povos. Por\u00e9m, mesmo ap\u00f3s o ingresso, a perman\u00eancia desses estudantes \u00e9 desafiadora. Devido a\u2026","rel":"","context":"Post similar","block_context":{"text":"Post similar","link":""},"img":{"alt_text":"","src":"","width":0,"height":0},"classes":[]},{"id":3055,"url":"https:\/\/wp.ufpel.edu.br\/naaf\/documentos-para-matricula-no-processo-seletivo-especial\/","url_meta":{"origin":3097,"position":5},"title":"Processo Seletivo Especial para Comunidades Quilombolas e Povos Ind\u00edgenas","author":"nuaad","date":"07\/04\/2022","format":false,"excerpt":"EM PDF: Declara\u00e7\u00e3o de Pertencimento \u00c9tnico e de Resid\u00eancia - QUILOMBOLAS Declara\u00e7\u00e3o de Pertencimento \u00c9tnico e de Resid\u00eancia - IND\u00cdGENAS Autodeclara\u00e7\u00e3o - QUILOMBOLAS Autodeclara\u00e7\u00e3o - IND\u00cdGENAS \u00a0 EM WORD:\u00a0 Declara\u00e7\u00e3o de Pertencimento \u00c9tnico e de Resid\u00eancia - IND\u00cdGENAS Declara\u00e7\u00e3o de Pertencimento \u00c9tnico e de Resid\u00eancia - QUILOMBOLAS Autodeclara\u00e7\u00e3o - IND\u00cdGENAS\u2026","rel":"","context":"Post similar","block_context":{"text":"Post similar","link":""},"img":{"alt_text":"","src":"","width":0,"height":0},"classes":[]}],"_links":{"self":[{"href":"https:\/\/wp.ufpel.edu.br\/naaf\/wp-json\/wp\/v2\/pages\/3097","targetHints":{"allow":["GET"]}}],"collection":[{"href":"https:\/\/wp.ufpel.edu.br\/naaf\/wp-json\/wp\/v2\/pages"}],"about":[{"href":"https:\/\/wp.ufpel.edu.br\/naaf\/wp-json\/wp\/v2\/types\/page"}],"author":[{"embeddable":true,"href":"https:\/\/wp.ufpel.edu.br\/naaf\/wp-json\/wp\/v2\/users\/1133"}],"replies":[{"embeddable":true,"href":"https:\/\/wp.ufpel.edu.br\/naaf\/wp-json\/wp\/v2\/comments?post=3097"}],"version-history":[{"count":2,"href":"https:\/\/wp.ufpel.edu.br\/naaf\/wp-json\/wp\/v2\/pages\/3097\/revisions"}],"predecessor-version":[{"id":3100,"href":"https:\/\/wp.ufpel.edu.br\/naaf\/wp-json\/wp\/v2\/pages\/3097\/revisions\/3100"}],"up":[{"embeddable":true,"href":"https:\/\/wp.ufpel.edu.br\/naaf\/wp-json\/wp\/v2\/pages\/2799"}],"wp:attachment":[{"href":"https:\/\/wp.ufpel.edu.br\/naaf\/wp-json\/wp\/v2\/media?parent=3097"}],"curies":[{"name":"wp","href":"https:\/\/api.w.org\/{rel}","templated":true}]}}