{"id":3018,"date":"2022-04-07T08:27:06","date_gmt":"2022-04-07T11:27:06","guid":{"rendered":"https:\/\/wp.ufpel.edu.br\/naaf\/?page_id=3018"},"modified":"2022-04-07T08:28:25","modified_gmt":"2022-04-07T11:28:25","slug":"vestibular-zona-sul-2019","status":"publish","type":"page","link":"https:\/\/wp.ufpel.edu.br\/naaf\/processos-seletivos-especificos\/vestibular-zona-sul-2019\/","title":{"rendered":"Vestibular Zona Sul 2019"},"content":{"rendered":"<p><strong>Processo Seletivo Espec\u00edfico Edital COODEC N\u00ba 005\/2019 &#8211; &#8220;Vestibular Zona Sul&#8221;\u00a0<\/strong><\/p>\n<p><a href=\"https:\/\/wp.ufpel.edu.br\/naaf\/files\/2019\/04\/AZONASUL-relat\u00f3rio_parecer_cotas_Preliminar.pdf\">Relat\u00f3rio Preliminar &#8211; Processo Seletivo Espec\u00edfico &#8211; Vestibular Zona Sul<\/a><\/p>\n<p><a href=\"https:\/\/wp.ufpel.edu.br\/naaf\/files\/2019\/05\/Relat\u00f3rio-Definitivo.pdf\">Relat\u00f3rio Definitivo &#8211; Processo Seletivo Espec\u00edfico &#8211; Vestibular Zona Sul<\/a><\/p>\n<p>&nbsp;<\/p>\n","protected":false},"excerpt":{"rendered":"<p>Processo Seletivo Espec\u00edfico Edital COODEC N\u00ba 005\/2019 &#8211; &#8220;Vestibular Zona Sul&#8221;\u00a0 Relat\u00f3rio Preliminar &#8211; Processo Seletivo Espec\u00edfico &#8211; Vestibular Zona Sul Relat\u00f3rio Definitivo &#8211; Processo Seletivo Espec\u00edfico &#8211; Vestibular Zona Sul &nbsp;<\/p>\n","protected":false},"author":1133,"featured_media":0,"parent":1589,"menu_order":4,"comment_status":"closed","ping_status":"closed","template":"","meta":{"jetpack_post_was_ever_published":false,"footnotes":""},"class_list":["post-3018","page","type-page","status-publish","hentry","nodate","item-wrap"],"jetpack_sharing_enabled":true,"jetpack_shortlink":"https:\/\/wp.me\/P9uOP6-MG","jetpack_likes_enabled":true,"jetpack-related-posts":[{"id":2774,"url":"https:\/\/wp.ufpel.edu.br\/naaf\/editais\/processos-seletivos-especiais-comunidades-quilombolas-e-indigenas\/","url_meta":{"origin":3018,"position":0},"title":"Processos Seletivos Especiais &#8211; Comunidades Quilombolas e Ind\u00edgenas","author":"nuaad","date":"16\/03\/2022","format":false,"excerpt":"EDITAIS 2022 Lista Preliminar Candidatos Homologados 2022\/1 \u2013 Comunidades Quilombolas Lista Preliminar Candidatos Homologados 2022\/1 \u2013 Comunidades Ind\u00edgenas Edital CRA N\u00ba 08\/2022 de Processo Seletivo Especial para Comunidades Quilombolas Edital CRA N\u00ba 07\/2022 de Processo Seletivo Especial para Comunidades Ind\u00edgenas EDITAIS 2021 Edital CRA N\u00ba 21\/2021 de Matr\u00edculas 2021\/2 Comunidades\u2026","rel":"","context":"Post similar","block_context":{"text":"Post similar","link":""},"img":{"alt_text":"","src":"","width":0,"height":0},"classes":[]},{"id":4213,"url":"https:\/\/wp.ufpel.edu.br\/naaf\/indigenas-e-quilombolas\/","url_meta":{"origin":3018,"position":1},"title":"Ind\u00edgenas e Quilombolas","author":"naaf","date":"04\/09\/2023","format":false,"excerpt":"Noticias: Egressos Ind\u00edgenas e Quilombolas Comunidades Ind\u00edgenas e Quilombolas 2019 2020 2021 2022 2023 Processo Seletivo Especial Para Comunidades Quilombolas e Povos Ind\u00edgenas https:\/\/wp.ufpel.edu.br\/naaf\/projetos-externos\/articulacao-dos-povos-indigenas-da-regiao-sul-arpin-sul\/","rel":"","context":"Post similar","block_context":{"text":"Post similar","link":""},"img":{"alt_text":"","src":"","width":0,"height":0},"classes":[]},{"id":61,"url":"https:\/\/wp.ufpel.edu.br\/naaf\/politicas\/","url_meta":{"origin":3018,"position":2},"title":"Pol\u00edticas de A\u00e7\u00f5es Afirmativas da UFPel","author":"naaf","date":"19\/09\/2017","format":false,"excerpt":"Sobre pol\u00edticas de a\u00e7\u00f5es afirmativas Ap\u00f3s um longo per\u00edodo de lutas dos movimentos sociais e implementa\u00e7\u00e3o de pol\u00edticas de n\u00edvel estadual e aut\u00f4nomas em algumas institui\u00e7\u00f5es, as pol\u00edticas de a\u00e7\u00f5es afirmativas nas Institui\u00e7\u00f5es Federais de Ensino Superior (IFES) foram aprovadas em n\u00edvel federal pela Lei 12.711\/12. Esta lei ficou conhecida\u2026","rel":"","context":"Post similar","block_context":{"text":"Post similar","link":""},"img":{"alt_text":"","src":"","width":0,"height":0},"classes":[]},{"id":3055,"url":"https:\/\/wp.ufpel.edu.br\/naaf\/documentos-para-matricula-no-processo-seletivo-especial\/","url_meta":{"origin":3018,"position":3},"title":"Processo Seletivo Especial para Comunidades Quilombolas e Povos Ind\u00edgenas","author":"nuaad","date":"07\/04\/2022","format":false,"excerpt":"EM PDF: Declara\u00e7\u00e3o de Pertencimento \u00c9tnico e de Resid\u00eancia - QUILOMBOLAS Declara\u00e7\u00e3o de Pertencimento \u00c9tnico e de Resid\u00eancia - IND\u00cdGENAS Autodeclara\u00e7\u00e3o - QUILOMBOLAS Autodeclara\u00e7\u00e3o - IND\u00cdGENAS \u00a0 EM WORD:\u00a0 Declara\u00e7\u00e3o de Pertencimento \u00c9tnico e de Resid\u00eancia - IND\u00cdGENAS Declara\u00e7\u00e3o de Pertencimento \u00c9tnico e de Resid\u00eancia - QUILOMBOLAS Autodeclara\u00e7\u00e3o - IND\u00cdGENAS\u2026","rel":"","context":"Post similar","block_context":{"text":"Post similar","link":""},"img":{"alt_text":"","src":"","width":0,"height":0},"classes":[]},{"id":195,"url":"https:\/\/wp.ufpel.edu.br\/naaf\/politicas\/indigenas-e-quilombolas\/","url_meta":{"origin":3018,"position":4},"title":"Processo Seletivo Espec\u00edfico para Ind\u00edgenas e Quilombolas","author":"naaf","date":"27\/10\/2017","format":false,"excerpt":"Sobre as pol\u00edticas de acesso para estudantes Ind\u00edgenas e Quilombolas A\u00a0Resolu\u00e7\u00e3o n\u00ba 15\/2015, aprovada pelo Conselho Coordenador do Ensino, da Pesquisa e da Extens\u00e3o da UFPel (COCEPE), criou dez vagas espec\u00edficas, destinadas a estudantes provenientes de comunidades ind\u00edgenas e quilombolas. Os estudantes ind\u00edgenas est\u00e3o amparados tamb\u00e9m pela Lei n\u00ba 12.711\/12,\u2026","rel":"","context":"Post similar","block_context":{"text":"Post similar","link":""},"img":{"alt_text":"","src":"","width":0,"height":0},"classes":[]},{"id":3447,"url":"https:\/\/wp.ufpel.edu.br\/naaf\/diretrizes-para-recurso\/","url_meta":{"origin":3018,"position":5},"title":"Diretrizes para Recurso","author":"nuaad","date":"26\/08\/2022","format":false,"excerpt":"A divulga\u00e7\u00e3o dos resultados do procedimento de heteroidentifica\u00e7\u00e3o \u00e9 de responsabilidade da unidade organizadora do processo seletivo. O(a) candidato(a) dever\u00e1 acompanhar a p\u00e1gina oficial do processo seletivo do qual participa. Em caso de indeferimento, o(a) candidato(a) poder\u00e1 interpor recurso, no prazo de 3 dias \u00fateis, contados a partir da divulga\u00e7\u00e3o\u2026","rel":"","context":"Post similar","block_context":{"text":"Post similar","link":""},"img":{"alt_text":"","src":"","width":0,"height":0},"classes":[]}],"_links":{"self":[{"href":"https:\/\/wp.ufpel.edu.br\/naaf\/wp-json\/wp\/v2\/pages\/3018","targetHints":{"allow":["GET"]}}],"collection":[{"href":"https:\/\/wp.ufpel.edu.br\/naaf\/wp-json\/wp\/v2\/pages"}],"about":[{"href":"https:\/\/wp.ufpel.edu.br\/naaf\/wp-json\/wp\/v2\/types\/page"}],"author":[{"embeddable":true,"href":"https:\/\/wp.ufpel.edu.br\/naaf\/wp-json\/wp\/v2\/users\/1133"}],"replies":[{"embeddable":true,"href":"https:\/\/wp.ufpel.edu.br\/naaf\/wp-json\/wp\/v2\/comments?post=3018"}],"version-history":[{"count":1,"href":"https:\/\/wp.ufpel.edu.br\/naaf\/wp-json\/wp\/v2\/pages\/3018\/revisions"}],"predecessor-version":[{"id":3019,"href":"https:\/\/wp.ufpel.edu.br\/naaf\/wp-json\/wp\/v2\/pages\/3018\/revisions\/3019"}],"up":[{"embeddable":true,"href":"https:\/\/wp.ufpel.edu.br\/naaf\/wp-json\/wp\/v2\/pages\/1589"}],"wp:attachment":[{"href":"https:\/\/wp.ufpel.edu.br\/naaf\/wp-json\/wp\/v2\/media?parent=3018"}],"curies":[{"name":"wp","href":"https:\/\/api.w.org\/{rel}","templated":true}]}}