{"id":3008,"date":"2022-04-06T10:37:46","date_gmt":"2022-04-06T13:37:46","guid":{"rendered":"https:\/\/wp.ufpel.edu.br\/naaf\/?page_id=3008"},"modified":"2022-04-25T09:41:56","modified_gmt":"2022-04-25T12:41:56","slug":"2019-2","status":"publish","type":"page","link":"https:\/\/wp.ufpel.edu.br\/naaf\/processos-seletivos-especificos\/2019-2\/","title":{"rendered":"Comunidades Ind\u00edgenas e Quilombolas 2019"},"content":{"rendered":"<h4>CHAMADA REGULAR<\/h4>\n<p><a href=\"https:\/\/wp.ufpel.edu.br\/cra\/files\/2019\/08\/APROVADOS-QUILOMBOAS-E-INDIGENAS-2019-2.pdf\">Relat\u00f3rio Definitivo &#8211; Edital CRA N\u00ba 12\/2019\/2 &#8211;\u00a0<strong>PSE\u00a0<\/strong><strong>Quilombolas<\/strong><\/a><\/p>\n<p><a href=\"https:\/\/wp.ufpel.edu.br\/cra\/files\/2019\/02\/APROVADOS-2019-QUILOMBOLAS-E-INDIGENAS.pdf\">Relat\u00f3rio Definitivo &#8211; Edital CRA N\u00ba 05\/2019\/1 &#8211;<strong> PSE Quilombolas e Ind\u00edgenas<\/strong><\/a><\/p>\n<h4>1\u00aa CONVOCA\u00c7\u00c3O<\/h4>\n<p><a href=\"https:\/\/wp.ufpel.edu.br\/cra\/files\/2019\/02\/SEI_23110.003626_2019_44-1.pdf\">Relat\u00f3rio Definitivo &#8211; Convoca\u00e7\u00e3o CRA N\u00ba 01\/2018 &#8211; Primeira Convoca\u00e7\u00e3o &#8211; <strong>PSE Quilombolas e Ind\u00edgenas<\/strong><\/a><\/p>\n","protected":false},"excerpt":{"rendered":"<p>CHAMADA REGULAR Relat\u00f3rio Definitivo &#8211; Edital CRA N\u00ba 12\/2019\/2 &#8211;\u00a0PSE\u00a0Quilombolas Relat\u00f3rio Definitivo &#8211; Edital CRA N\u00ba 05\/2019\/1 &#8211; PSE Quilombolas e Ind\u00edgenas 1\u00aa CONVOCA\u00c7\u00c3O Relat\u00f3rio Definitivo &#8211; Convoca\u00e7\u00e3o CRA N\u00ba 01\/2018 &#8211; Primeira Convoca\u00e7\u00e3o &#8211; PSE Quilombolas e Ind\u00edgenas<\/p>\n","protected":false},"author":1133,"featured_media":0,"parent":1589,"menu_order":3,"comment_status":"closed","ping_status":"closed","template":"","meta":{"jetpack_post_was_ever_published":false,"footnotes":""},"class_list":["post-3008","page","type-page","status-publish","hentry","nodate","item-wrap"],"jetpack_sharing_enabled":true,"jetpack_shortlink":"https:\/\/wp.me\/P9uOP6-Mw","jetpack_likes_enabled":true,"jetpack-related-posts":[{"id":3003,"url":"https:\/\/wp.ufpel.edu.br\/naaf\/processos-seletivos-especificos\/2021-2\/","url_meta":{"origin":3008,"position":0},"title":"Comunidades Ind\u00edgenas e Quilombolas 2021","author":"nuaad","date":"06\/04\/2022","format":false,"excerpt":"CHAMADA REGULAR Relat\u00f3rio Definitivo - Edital CRA 010\/2021 - PSE Quilombolas e Ind\u00edgenas Relat\u00f3rio Definitivo - Edital CRA 009\/2021 - PSE Quilombolas 1\u00aa CONVOCA\u00c7\u00c3O Relat\u00f3rio Definitivo - Edital CRA N\u00b0 19\/2021\/1 - Primeira Convoca\u00e7\u00e3o - PSE Quilombolas e Ind\u00edgenas\u00a0 Relat\u00f3rio Definitivo - Edital CRA N\u00b0 002\/19\/2021\/1 - Primeira Convoca\u00e7\u00e3o -\u2026","rel":"","context":"Post similar","block_context":{"text":"Post similar","link":""},"img":{"alt_text":"","src":"","width":0,"height":0},"classes":[]},{"id":3006,"url":"https:\/\/wp.ufpel.edu.br\/naaf\/processos-seletivos-especificos\/2020-2\/","url_meta":{"origin":3008,"position":1},"title":"Comunidades Ind\u00edgenas e Quilombolas 2020","author":"nuaad","date":"06\/04\/2022","format":false,"excerpt":"CHAMADA REGULAR Relat\u00f3rio Definitivo - Edital CRA N\u00ba 06\/2020 - PSE Quilombolas e Ind\u00edgenas 1\u00aa Convoca\u00e7\u00e3o Relat\u00f3rio Definitivo - Edital CRA N\u00ba 01\/2021 - PSE Quilombolas e Ind\u00edgenas \u00a0","rel":"","context":"Post similar","block_context":{"text":"Post similar","link":""},"img":{"alt_text":"","src":"","width":0,"height":0},"classes":[]},{"id":2774,"url":"https:\/\/wp.ufpel.edu.br\/naaf\/editais\/processos-seletivos-especiais-comunidades-quilombolas-e-indigenas\/","url_meta":{"origin":3008,"position":2},"title":"Processos Seletivos Especiais &#8211; Comunidades Quilombolas e Ind\u00edgenas","author":"nuaad","date":"16\/03\/2022","format":false,"excerpt":"EDITAIS 2022 Lista Preliminar Candidatos Homologados 2022\/1 \u2013 Comunidades Quilombolas Lista Preliminar Candidatos Homologados 2022\/1 \u2013 Comunidades Ind\u00edgenas Edital CRA N\u00ba 08\/2022 de Processo Seletivo Especial para Comunidades Quilombolas Edital CRA N\u00ba 07\/2022 de Processo Seletivo Especial para Comunidades Ind\u00edgenas EDITAIS 2021 Edital CRA N\u00ba 21\/2021 de Matr\u00edculas 2021\/2 Comunidades\u2026","rel":"","context":"Post similar","block_context":{"text":"Post similar","link":""},"img":{"alt_text":"","src":"","width":0,"height":0},"classes":[]},{"id":1305,"url":"https:\/\/wp.ufpel.edu.br\/naaf\/sisu\/2019-01\/","url_meta":{"origin":3008,"position":3},"title":"2019\/1","author":"naaf","date":"11\/02\/2019","format":false,"excerpt":"Chamada Regular SISU 2019\/1 - Relat\u00f3rio Preliminar \u2013 Chamada Regular SISU 2019\/1 - Relat\u00f3rio Definitivo \u2013 Chamada Regular 1\u00aa Convoca\u00e7\u00e3o SISU 2019\/1 - Relat\u00f3rio Preliminar - 1\u00aa Convoca\u00e7\u00e3o SISU 2019\/1 - Relat\u00f3rio Definitivo - 1\u00aa Convoca\u00e7\u00e3o 2\u00aa Convoca\u00e7\u00e3o SISU 2019\/1 - Relat\u00f3rio Preliminar - 2\u00aa Convoca\u00e7\u00e3o SISU 2019\/1 - Relat\u00f3rio\u2026","rel":"","context":"Post similar","block_context":{"text":"Post similar","link":""},"img":{"alt_text":"","src":"","width":0,"height":0},"classes":[]},{"id":1632,"url":"https:\/\/wp.ufpel.edu.br\/naaf\/sisu\/2019-2\/","url_meta":{"origin":3008,"position":4},"title":"2019\/2","author":"naaf","date":"18\/06\/2019","format":false,"excerpt":"Chamada Regular SISU 2019\/2 - Relat\u00f3rio Preliminar - Chamada Regular SISU 2019\/2 - Relat\u00f3rio Definitivo - Chamada Regular Primeira Convoca\u00e7\u00e3o SISU 2019\/2 - Relat\u00f3rio Preliminar - Primeira Convoca\u00e7\u00e3o SISU 2019\/2 - Relat\u00f3rio Definitivo - Primeira Convoca\u00e7\u00e3o Segunda Convoca\u00e7\u00e3o SISU 2019\/2 - Relat\u00f3rio Preliminar - Segunda Convoca\u00e7\u00e3o SISU 2019\/2 - Relat\u00f3rio\u2026","rel":"","context":"Post similar","block_context":{"text":"Post similar","link":""},"img":{"alt_text":"","src":"","width":0,"height":0},"classes":[]},{"id":468,"url":"https:\/\/wp.ufpel.edu.br\/naaf\/sisu\/2018-1\/","url_meta":{"origin":3008,"position":5},"title":"2018\/1","author":"naaf","date":"16\/02\/2018","format":false,"excerpt":"Chamada Regular SISU 2018\/1 - Relat\u00f3rio Preliminar - Chamada Regular\u00a0 SISU 2018\/1 - Relat\u00f3rio Definitivo - Chamada Regular\u00a0 Primeira Convoca\u00e7\u00e3o SISU 2018\/1 - Relat\u00f3rio Preliminar - 1\u00aa Convoca\u00e7\u00e3o\u00a0 SISU 2018\/1 - Relat\u00f3rio Definitivo - 1\u00aa Convoca\u00e7\u00e3o\u00a0 Segunda Convoca\u00e7\u00e3o SISU 2018\/1 - Relat\u00f3rio Preliminar - 2\u00aa Convoca\u00e7\u00e3o SISU 2018\/1 - Relat\u00f3rio\u2026","rel":"","context":"Post similar","block_context":{"text":"Post similar","link":""},"img":{"alt_text":"","src":"","width":0,"height":0},"classes":[]}],"_links":{"self":[{"href":"https:\/\/wp.ufpel.edu.br\/naaf\/wp-json\/wp\/v2\/pages\/3008","targetHints":{"allow":["GET"]}}],"collection":[{"href":"https:\/\/wp.ufpel.edu.br\/naaf\/wp-json\/wp\/v2\/pages"}],"about":[{"href":"https:\/\/wp.ufpel.edu.br\/naaf\/wp-json\/wp\/v2\/types\/page"}],"author":[{"embeddable":true,"href":"https:\/\/wp.ufpel.edu.br\/naaf\/wp-json\/wp\/v2\/users\/1133"}],"replies":[{"embeddable":true,"href":"https:\/\/wp.ufpel.edu.br\/naaf\/wp-json\/wp\/v2\/comments?post=3008"}],"version-history":[{"count":5,"href":"https:\/\/wp.ufpel.edu.br\/naaf\/wp-json\/wp\/v2\/pages\/3008\/revisions"}],"predecessor-version":[{"id":3122,"href":"https:\/\/wp.ufpel.edu.br\/naaf\/wp-json\/wp\/v2\/pages\/3008\/revisions\/3122"}],"up":[{"embeddable":true,"href":"https:\/\/wp.ufpel.edu.br\/naaf\/wp-json\/wp\/v2\/pages\/1589"}],"wp:attachment":[{"href":"https:\/\/wp.ufpel.edu.br\/naaf\/wp-json\/wp\/v2\/media?parent=3008"}],"curies":[{"name":"wp","href":"https:\/\/api.w.org\/{rel}","templated":true}]}}