{"id":3006,"date":"2022-04-06T10:33:24","date_gmt":"2022-04-06T13:33:24","guid":{"rendered":"https:\/\/wp.ufpel.edu.br\/naaf\/?page_id=3006"},"modified":"2022-04-25T09:45:06","modified_gmt":"2022-04-25T12:45:06","slug":"2020-2","status":"publish","type":"page","link":"https:\/\/wp.ufpel.edu.br\/naaf\/processos-seletivos-especificos\/2020-2\/","title":{"rendered":"Comunidades Ind\u00edgenas e Quilombolas 2020"},"content":{"rendered":"<h4>CHAMADA REGULAR<\/h4>\n<p><a href=\"https:\/\/wp.ufpel.edu.br\/cra\/files\/2020\/02\/APROVADOS-%E2%80%93-20201.pdf\">Relat\u00f3rio Definitivo &#8211; Edital CRA N\u00ba 06\/2020 &#8211; <strong>PSE Quilombolas e Ind\u00edgenas<\/strong><\/a><\/p>\n<h4>1\u00aa Convoca\u00e7\u00e3o<\/h4>\n<p><a href=\"https:\/\/wp.ufpel.edu.br\/cra\/files\/2021\/03\/SEI_23110.003551_2021_16.pdf\">Relat\u00f3rio Definitivo &#8211; Edital CRA N\u00ba 01\/2021 &#8211; <strong>PSE Quilombolas e Ind\u00edgenas<\/strong><\/a><\/p>\n<p>&nbsp;<\/p>\n","protected":false},"excerpt":{"rendered":"<p>CHAMADA REGULAR Relat\u00f3rio Definitivo &#8211; Edital CRA N\u00ba 06\/2020 &#8211; PSE Quilombolas e Ind\u00edgenas 1\u00aa Convoca\u00e7\u00e3o Relat\u00f3rio Definitivo &#8211; Edital CRA N\u00ba 01\/2021 &#8211; PSE Quilombolas e Ind\u00edgenas &nbsp;<\/p>\n","protected":false},"author":1133,"featured_media":0,"parent":1589,"menu_order":2,"comment_status":"closed","ping_status":"closed","template":"","meta":{"jetpack_post_was_ever_published":false,"footnotes":""},"class_list":["post-3006","page","type-page","status-publish","hentry","nodate","item-wrap"],"jetpack_sharing_enabled":true,"jetpack_shortlink":"https:\/\/wp.me\/P9uOP6-Mu","jetpack_likes_enabled":true,"jetpack-related-posts":[{"id":3003,"url":"https:\/\/wp.ufpel.edu.br\/naaf\/processos-seletivos-especificos\/2021-2\/","url_meta":{"origin":3006,"position":0},"title":"Comunidades Ind\u00edgenas e Quilombolas 2021","author":"nuaad","date":"06\/04\/2022","format":false,"excerpt":"CHAMADA REGULAR Relat\u00f3rio Definitivo - Edital CRA 010\/2021 - PSE Quilombolas e Ind\u00edgenas Relat\u00f3rio Definitivo - Edital CRA 009\/2021 - PSE Quilombolas 1\u00aa CONVOCA\u00c7\u00c3O Relat\u00f3rio Definitivo - Edital CRA N\u00b0 19\/2021\/1 - Primeira Convoca\u00e7\u00e3o - PSE Quilombolas e Ind\u00edgenas\u00a0 Relat\u00f3rio Definitivo - Edital CRA N\u00b0 002\/19\/2021\/1 - Primeira Convoca\u00e7\u00e3o -\u2026","rel":"","context":"Post similar","block_context":{"text":"Post similar","link":""},"img":{"alt_text":"","src":"","width":0,"height":0},"classes":[]},{"id":3008,"url":"https:\/\/wp.ufpel.edu.br\/naaf\/processos-seletivos-especificos\/2019-2\/","url_meta":{"origin":3006,"position":1},"title":"Comunidades Ind\u00edgenas e Quilombolas 2019","author":"nuaad","date":"06\/04\/2022","format":false,"excerpt":"CHAMADA REGULAR Relat\u00f3rio Definitivo - Edital CRA N\u00ba 12\/2019\/2 -\u00a0PSE\u00a0Quilombolas Relat\u00f3rio Definitivo - Edital CRA N\u00ba 05\/2019\/1 - PSE Quilombolas e Ind\u00edgenas 1\u00aa CONVOCA\u00c7\u00c3O Relat\u00f3rio Definitivo - Convoca\u00e7\u00e3o CRA N\u00ba 01\/2018 - Primeira Convoca\u00e7\u00e3o - PSE Quilombolas e Ind\u00edgenas","rel":"","context":"Post similar","block_context":{"text":"Post similar","link":""},"img":{"alt_text":"","src":"","width":0,"height":0},"classes":[]},{"id":2774,"url":"https:\/\/wp.ufpel.edu.br\/naaf\/editais\/processos-seletivos-especiais-comunidades-quilombolas-e-indigenas\/","url_meta":{"origin":3006,"position":2},"title":"Processos Seletivos Especiais &#8211; Comunidades Quilombolas e Ind\u00edgenas","author":"nuaad","date":"16\/03\/2022","format":false,"excerpt":"EDITAIS 2022 Lista Preliminar Candidatos Homologados 2022\/1 \u2013 Comunidades Quilombolas Lista Preliminar Candidatos Homologados 2022\/1 \u2013 Comunidades Ind\u00edgenas Edital CRA N\u00ba 08\/2022 de Processo Seletivo Especial para Comunidades Quilombolas Edital CRA N\u00ba 07\/2022 de Processo Seletivo Especial para Comunidades Ind\u00edgenas EDITAIS 2021 Edital CRA N\u00ba 21\/2021 de Matr\u00edculas 2021\/2 Comunidades\u2026","rel":"","context":"Post similar","block_context":{"text":"Post similar","link":""},"img":{"alt_text":"","src":"","width":0,"height":0},"classes":[]},{"id":2935,"url":"https:\/\/wp.ufpel.edu.br\/naaf\/egressos-indigenas-e-quilombolas\/","url_meta":{"origin":3006,"position":3},"title":"Egressos Ind\u00edgenas e Quilombolas","author":"nuaad","date":"28\/03\/2022","format":false,"excerpt":"A presen\u00e7a das cotas \u00e9tnicas-sociais e dos Processos Seletivos Espec\u00edficos (PSE) para ind\u00edgenas e quilombolas \u00e9 de fundamental import\u00e2ncia para se pensar uma sociedade minimamente mais justa e que promova alguma oportunidade de ascens\u00e3o para esses povos. Por\u00e9m, mesmo ap\u00f3s o ingresso, a perman\u00eancia desses estudantes \u00e9 desafiadora. Devido a\u2026","rel":"","context":"Post similar","block_context":{"text":"Post similar","link":""},"img":{"alt_text":"","src":"","width":0,"height":0},"classes":[]},{"id":4213,"url":"https:\/\/wp.ufpel.edu.br\/naaf\/indigenas-e-quilombolas\/","url_meta":{"origin":3006,"position":4},"title":"Ind\u00edgenas e Quilombolas","author":"naaf","date":"04\/09\/2023","format":false,"excerpt":"Noticias: Egressos Ind\u00edgenas e Quilombolas Comunidades Ind\u00edgenas e Quilombolas 2019 2020 2021 2022 2023 Processo Seletivo Especial Para Comunidades Quilombolas e Povos Ind\u00edgenas https:\/\/wp.ufpel.edu.br\/naaf\/projetos-externos\/articulacao-dos-povos-indigenas-da-regiao-sul-arpin-sul\/","rel":"","context":"Post similar","block_context":{"text":"Post similar","link":""},"img":{"alt_text":"","src":"","width":0,"height":0},"classes":[]},{"id":195,"url":"https:\/\/wp.ufpel.edu.br\/naaf\/politicas\/indigenas-e-quilombolas\/","url_meta":{"origin":3006,"position":5},"title":"Processo Seletivo Espec\u00edfico para Ind\u00edgenas e Quilombolas","author":"naaf","date":"27\/10\/2017","format":false,"excerpt":"Sobre as pol\u00edticas de acesso para estudantes Ind\u00edgenas e Quilombolas A\u00a0Resolu\u00e7\u00e3o n\u00ba 15\/2015, aprovada pelo Conselho Coordenador do Ensino, da Pesquisa e da Extens\u00e3o da UFPel (COCEPE), criou dez vagas espec\u00edficas, destinadas a estudantes provenientes de comunidades ind\u00edgenas e quilombolas. Os estudantes ind\u00edgenas est\u00e3o amparados tamb\u00e9m pela Lei n\u00ba 12.711\/12,\u2026","rel":"","context":"Post similar","block_context":{"text":"Post similar","link":""},"img":{"alt_text":"","src":"","width":0,"height":0},"classes":[]}],"_links":{"self":[{"href":"https:\/\/wp.ufpel.edu.br\/naaf\/wp-json\/wp\/v2\/pages\/3006","targetHints":{"allow":["GET"]}}],"collection":[{"href":"https:\/\/wp.ufpel.edu.br\/naaf\/wp-json\/wp\/v2\/pages"}],"about":[{"href":"https:\/\/wp.ufpel.edu.br\/naaf\/wp-json\/wp\/v2\/types\/page"}],"author":[{"embeddable":true,"href":"https:\/\/wp.ufpel.edu.br\/naaf\/wp-json\/wp\/v2\/users\/1133"}],"replies":[{"embeddable":true,"href":"https:\/\/wp.ufpel.edu.br\/naaf\/wp-json\/wp\/v2\/comments?post=3006"}],"version-history":[{"count":5,"href":"https:\/\/wp.ufpel.edu.br\/naaf\/wp-json\/wp\/v2\/pages\/3006\/revisions"}],"predecessor-version":[{"id":3124,"href":"https:\/\/wp.ufpel.edu.br\/naaf\/wp-json\/wp\/v2\/pages\/3006\/revisions\/3124"}],"up":[{"embeddable":true,"href":"https:\/\/wp.ufpel.edu.br\/naaf\/wp-json\/wp\/v2\/pages\/1589"}],"wp:attachment":[{"href":"https:\/\/wp.ufpel.edu.br\/naaf\/wp-json\/wp\/v2\/media?parent=3006"}],"curies":[{"name":"wp","href":"https:\/\/api.w.org\/{rel}","templated":true}]}}