{"id":2968,"date":"2022-03-31T09:02:58","date_gmt":"2022-03-31T12:02:58","guid":{"rendered":"https:\/\/wp.ufpel.edu.br\/naaf\/?page_id=2968"},"modified":"2022-03-31T09:02:58","modified_gmt":"2022-03-31T12:02:58","slug":"museu-afro-brasil-sul-mabsul","status":"publish","type":"page","link":"https:\/\/wp.ufpel.edu.br\/naaf\/projetos-externos\/museu-afro-brasil-sul-mabsul\/","title":{"rendered":"Museu Afro-Brasil-Sul (MABSul)"},"content":{"rendered":"<p><img data-recalc-dims=\"1\" loading=\"lazy\" decoding=\"async\" data-attachment-id=\"2970\" data-permalink=\"https:\/\/wp.ufpel.edu.br\/naaf\/projetos-externos\/museu-afro-brasil-sul-mabsul\/mabsul\/\" data-orig-file=\"https:\/\/i0.wp.com\/wp.ufpel.edu.br\/naaf\/files\/2022\/03\/mabsul.jpg?fit=820%2C462&amp;ssl=1\" data-orig-size=\"820,462\" data-comments-opened=\"0\" data-image-meta=\"{&quot;aperture&quot;:&quot;0&quot;,&quot;credit&quot;:&quot;&quot;,&quot;camera&quot;:&quot;&quot;,&quot;caption&quot;:&quot;&quot;,&quot;created_timestamp&quot;:&quot;0&quot;,&quot;copyright&quot;:&quot;&quot;,&quot;focal_length&quot;:&quot;0&quot;,&quot;iso&quot;:&quot;0&quot;,&quot;shutter_speed&quot;:&quot;0&quot;,&quot;title&quot;:&quot;&quot;,&quot;orientation&quot;:&quot;0&quot;}\" data-image-title=\"mabsul\" data-image-description=\"\" data-image-caption=\"\" data-medium-file=\"https:\/\/i0.wp.com\/wp.ufpel.edu.br\/naaf\/files\/2022\/03\/mabsul.jpg?fit=400%2C225&amp;ssl=1\" data-large-file=\"https:\/\/i0.wp.com\/wp.ufpel.edu.br\/naaf\/files\/2022\/03\/mabsul.jpg?fit=750%2C423&amp;ssl=1\" class=\"alignnone  wp-image-2970\" src=\"https:\/\/i0.wp.com\/wp.ufpel.edu.br\/naaf\/files\/2022\/03\/mabsul.jpg?resize=541%2C304&#038;ssl=1\" alt=\"\" width=\"541\" height=\"304\" srcset=\"https:\/\/i0.wp.com\/wp.ufpel.edu.br\/naaf\/files\/2022\/03\/mabsul.jpg?resize=400%2C225&amp;ssl=1 400w, https:\/\/i0.wp.com\/wp.ufpel.edu.br\/naaf\/files\/2022\/03\/mabsul.jpg?resize=768%2C433&amp;ssl=1 768w, https:\/\/i0.wp.com\/wp.ufpel.edu.br\/naaf\/files\/2022\/03\/mabsul.jpg?resize=750%2C423&amp;ssl=1 750w, https:\/\/i0.wp.com\/wp.ufpel.edu.br\/naaf\/files\/2022\/03\/mabsul.jpg?w=820&amp;ssl=1 820w\" sizes=\"auto, (max-width: 541px) 100vw, 541px\" \/><\/p>\n<p style=\"text-align: justify;\">O\u00a0Museu Afro-Brasil-Sul (MABSul), encabe\u00e7ado pela Prof. Dr. Rosemar Lemos, foi iniciado em 2020 e \u00e9 um projeto vinculado ao Centro de Artes da Universidade Federal de Pelotas e pertencente \u00e0 Divis\u00e3o de Pesquisa e Extens\u00e3o da UFPel.<\/p>\n<p style=\"text-align: justify;\">Com o intuito de resgatar e preservar o patrim\u00f4nio material e imaterial da cultura afro-brasileira com \u00eanfase \u00e0s realidades do sul do Brasil, o MABSul promove um espa\u00e7o virtual para divulga\u00e7\u00e3o de tradi\u00e7\u00f5es, para\u00a0 exalta\u00e7\u00e3o das religiosidades, principalmente do Batuque e da Umbanda, e para oferecer um ambiente seguro de forma\u00e7\u00e3o e pesquisa acerca dos povos negros sulistas.<\/p>\n<p style=\"text-align: justify;\">Para conferir integralmente seu trabalho, acesse em:\u00a0<a href=\"https:\/\/acervosvirtuais.ufpel.edu.br\/museuafrobrasilsul\/\" target=\"_blank\" rel=\"noopener\">Museu Afro-Brasil-Sul<\/a><\/p>\n","protected":false},"excerpt":{"rendered":"<p>O\u00a0Museu Afro-Brasil-Sul (MABSul), encabe\u00e7ado pela Prof. Dr. Rosemar Lemos, foi iniciado em 2020 e \u00e9 um projeto vinculado ao Centro de Artes da Universidade Federal de Pelotas e pertencente \u00e0 Divis\u00e3o de Pesquisa e Extens\u00e3o da UFPel. Com o intuito de resgatar e preservar o patrim\u00f4nio material e imaterial da cultura afro-brasileira com \u00eanfase \u00e0s &hellip; <\/p>\n<p><a class=\"more-link btn\" href=\"https:\/\/wp.ufpel.edu.br\/naaf\/projetos-externos\/museu-afro-brasil-sul-mabsul\/\">Continue lendo<\/a><\/p>\n","protected":false},"author":1133,"featured_media":0,"parent":2799,"menu_order":0,"comment_status":"closed","ping_status":"closed","template":"","meta":{"jetpack_post_was_ever_published":false,"footnotes":""},"class_list":["post-2968","page","type-page","status-publish","hentry","nodate","item-wrap"],"jetpack_sharing_enabled":true,"jetpack_shortlink":"https:\/\/wp.me\/P9uOP6-LS","jetpack_likes_enabled":true,"jetpack-related-posts":[{"id":2799,"url":"https:\/\/wp.ufpel.edu.br\/naaf\/projetos-externos\/","url_meta":{"origin":2968,"position":0},"title":"Divulgando Projetos","author":"nuaad","date":"17\/03\/2022","format":false,"excerpt":"Stay Black Museu Afro-Brasil-Sul (MABSul) Articula\u00e7\u00e3o dos Povos Ind\u00edgenas da Regi\u00e3o Sul \u2013 ArpinSul GRUPO CARREFOUR: Bolsa de Estudo e Perman\u00eancia para cursos de gradua\u00e7\u00e3o e p\u00f3s-gradua\u00e7\u00e3o para estudantes negros","rel":"","context":"Post similar","block_context":{"text":"Post similar","link":""},"img":{"alt_text":"","src":"","width":0,"height":0},"classes":[]},{"id":9,"url":"https:\/\/wp.ufpel.edu.br\/naaf\/sobre\/","url_meta":{"origin":2968,"position":1},"title":"Vida em Pelotas","author":"naaf","date":"19\/09\/2017","format":false,"excerpt":"Bem-vindo a Pelotas! Seja muito bem-vindo \u00e0 cidade de Pelotas, um lugar rico em hist\u00f3ria, cultura e com uma atmosfera acolhedora que ser\u00e1 o seu novo lar durante a jornada acad\u00eamica. Situada no sul do Brasil, Pelotas \u00e9 conhecida por seu patrim\u00f4nio arquitet\u00f4nico, suas tradi\u00e7\u00f5es culturais e pela hospitalidade de\u2026","rel":"","context":"Post similar","block_context":{"text":"Post similar","link":""},"img":{"alt_text":"","src":"","width":0,"height":0},"classes":[]},{"id":2880,"url":"https:\/\/wp.ufpel.edu.br\/naaf\/eventos\/eventos-2018\/x-edicao-do-seconep-2018\/","url_meta":{"origin":2968,"position":2},"title":"X Edi\u00e7\u00e3o do SECONEP, 2018. &#8211; 21, 23 e 25 de Novembro de 2018","author":"nuaad","date":"22\/03\/2022","format":false,"excerpt":"Acads. \u00a0Lourivaldo Junior e Marcela Lima O Semin\u00e1rio da Consci\u00eancia Negra de Pelotas - SECONEP - evento organizado e realizado anualmente por estudantes e servidores da UFPel, al\u00e9m da sociedade civil, completa em 2018 seus 10 anos. A import\u00e2ncia de se realizar um evento como este \u00e9 o fato de\u2026","rel":"","context":"Post similar","block_context":{"text":"Post similar","link":""},"img":{"alt_text":"","src":"","width":0,"height":0},"classes":[]},{"id":2871,"url":"https:\/\/wp.ufpel.edu.br\/naaf\/eventos\/eventos-2018\/ifsul-de-pelotas-inaugura-sala-de-acoes-afirmativas-e-diversidade-12-09-2018\/","url_meta":{"origin":2968,"position":3},"title":"IFSUL DE PELOTAS INAUGURA SALA DE A\u00c7\u00d5ES AFIRMATIVAS E DIVERSIDADE 12\/09\/2018","author":"nuaad","date":"22\/03\/2022","format":false,"excerpt":"\u00a0Pelas Acads. Marcela Lima e Isadora Caleiro Aconteceu na tarde de quarta-feira (12 de setembro de 2018), a inaugura\u00e7\u00e3o da Sala dos N\u00facleos de A\u00e7\u00f5es Afirmativas \u00a0do IFSul da cidade Pelotas, na qual foram instalados o NUGED (N\u00facleo de G\u00eanero e Diversidade), NEABI (N\u00facleo de Estudos Afro e Ind\u00edgenas) e\u2026","rel":"","context":"Post similar","block_context":{"text":"Post similar","link":""},"img":{"alt_text":"","src":"","width":0,"height":0},"classes":[]},{"id":73,"url":"https:\/\/wp.ufpel.edu.br\/naaf\/analisedaspoliticas\/","url_meta":{"origin":2968,"position":4},"title":"Notas","author":"naaf","date":"19\/09\/2017","format":false,"excerpt":"Manifesto dos estudantes Ind\u00edgenas e Quilombolas da UFPel Em resposta \u00e0s dificuldades impostas pela pandemia de coronav\u00edrus e \u00e0s pr\u00f3prias limita\u00e7\u00f5es que encontram em suas trajet\u00f3rias acad\u00eamicas, os discentes Ind\u00edgenas e Quilombolas da UFPel elaboraram e divulgaram o documento \u201cManifesto dos Estudantes Ind\u00edgenas e Quilombolas\u201d. Neste Manifesto, esses estudantes exp\u00f5em\u2026","rel":"","context":"Post similar","block_context":{"text":"Post similar","link":""},"img":{"alt_text":"","src":"","width":0,"height":0},"classes":[]},{"id":61,"url":"https:\/\/wp.ufpel.edu.br\/naaf\/politicas\/","url_meta":{"origin":2968,"position":5},"title":"Pol\u00edticas de A\u00e7\u00f5es Afirmativas da UFPel","author":"naaf","date":"19\/09\/2017","format":false,"excerpt":"Sobre pol\u00edticas de a\u00e7\u00f5es afirmativas Ap\u00f3s um longo per\u00edodo de lutas dos movimentos sociais e implementa\u00e7\u00e3o de pol\u00edticas de n\u00edvel estadual e aut\u00f4nomas em algumas institui\u00e7\u00f5es, as pol\u00edticas de a\u00e7\u00f5es afirmativas nas Institui\u00e7\u00f5es Federais de Ensino Superior (IFES) foram aprovadas em n\u00edvel federal pela Lei 12.711\/12. Esta lei ficou conhecida\u2026","rel":"","context":"Post similar","block_context":{"text":"Post similar","link":""},"img":{"alt_text":"","src":"","width":0,"height":0},"classes":[]}],"_links":{"self":[{"href":"https:\/\/wp.ufpel.edu.br\/naaf\/wp-json\/wp\/v2\/pages\/2968","targetHints":{"allow":["GET"]}}],"collection":[{"href":"https:\/\/wp.ufpel.edu.br\/naaf\/wp-json\/wp\/v2\/pages"}],"about":[{"href":"https:\/\/wp.ufpel.edu.br\/naaf\/wp-json\/wp\/v2\/types\/page"}],"author":[{"embeddable":true,"href":"https:\/\/wp.ufpel.edu.br\/naaf\/wp-json\/wp\/v2\/users\/1133"}],"replies":[{"embeddable":true,"href":"https:\/\/wp.ufpel.edu.br\/naaf\/wp-json\/wp\/v2\/comments?post=2968"}],"version-history":[{"count":2,"href":"https:\/\/wp.ufpel.edu.br\/naaf\/wp-json\/wp\/v2\/pages\/2968\/revisions"}],"predecessor-version":[{"id":2971,"href":"https:\/\/wp.ufpel.edu.br\/naaf\/wp-json\/wp\/v2\/pages\/2968\/revisions\/2971"}],"up":[{"embeddable":true,"href":"https:\/\/wp.ufpel.edu.br\/naaf\/wp-json\/wp\/v2\/pages\/2799"}],"wp:attachment":[{"href":"https:\/\/wp.ufpel.edu.br\/naaf\/wp-json\/wp\/v2\/media?parent=2968"}],"curies":[{"name":"wp","href":"https:\/\/api.w.org\/{rel}","templated":true}]}}