{"id":2891,"date":"2022-03-23T09:05:40","date_gmt":"2022-03-23T12:05:40","guid":{"rendered":"https:\/\/wp.ufpel.edu.br\/naaf\/?page_id=2891"},"modified":"2022-03-23T09:20:32","modified_gmt":"2022-03-23T12:20:32","slug":"reuniao-com-frei-david-25-de-abril-de-2017-2","status":"publish","type":"page","link":"https:\/\/wp.ufpel.edu.br\/naaf\/eventos\/eventos-2017\/reuniao-com-frei-david-25-de-abril-de-2017-2\/","title":{"rendered":"Reuni\u00e3o com Frei David &#8211; 25 de Abril de 2017"},"content":{"rendered":"<p><span style=\"color: #000000\">O NUAAD realizou\u00a0\u00a0no dia 25 de abril de 2017 uma reuni\u00e3o conduzida por\u00a0<strong>Frei Davi <\/strong>(Forma\u00e7\u00e3o Superior em Filosofia e Teologia- ITF) no pr\u00e9dio da antiga AABB. As pautas discutidas foram:<\/span><br \/>\n<span style=\"color: #000000\">QUILOMBOLAS DESAFIOS PARA OTIMIZAR O ESTUDO NA UNIVERSIDADE;<\/span><br \/>\n<span style=\"color: #000000\">QUILOMBOLA E O SUCESSO P\u00d3S UNIVERSIDADE;<\/span><br \/>\n<span style=\"color: #000000\">QUILOMBOLA: A MISS\u00c3O DE AMPLIAR O N\u00daMERO DE QUILOMBOLAS VITORIOSOS.<\/span><\/p>\n<p><span style=\"color: #000000\"><strong>Fotos:<\/strong><\/span><\/p>\n<p><span style=\"color: #000000\"><strong><a style=\"color: #000000\" href=\"https:\/\/i0.wp.com\/wp.ufpel.edu.br\/naaf\/files\/2017\/09\/DSC_0480.jpg?ssl=1\"><img data-recalc-dims=\"1\" loading=\"lazy\" decoding=\"async\" data-attachment-id=\"276\" data-permalink=\"https:\/\/wp.ufpel.edu.br\/naaf\/eventos\/dsc_0480\/\" data-orig-file=\"https:\/\/i0.wp.com\/wp.ufpel.edu.br\/naaf\/files\/2017\/09\/DSC_0480.jpg?fit=640%2C424&amp;ssl=1\" data-orig-size=\"640,424\" data-comments-opened=\"0\" data-image-meta=\"{&quot;aperture&quot;:&quot;6.3&quot;,&quot;credit&quot;:&quot;&quot;,&quot;camera&quot;:&quot;NIKON D7000&quot;,&quot;caption&quot;:&quot;????????????????????????????????????&quot;,&quot;created_timestamp&quot;:&quot;1493131248&quot;,&quot;copyright&quot;:&quot;&quot;,&quot;focal_length&quot;:&quot;30&quot;,&quot;iso&quot;:&quot;1600&quot;,&quot;shutter_speed&quot;:&quot;0.02&quot;,&quot;title&quot;:&quot;&quot;,&quot;orientation&quot;:&quot;1&quot;}\" data-image-title=\"DSC_0480\" data-image-description=\"\" data-image-caption=\"\" data-medium-file=\"https:\/\/i0.wp.com\/wp.ufpel.edu.br\/naaf\/files\/2017\/09\/DSC_0480.jpg?fit=400%2C265&amp;ssl=1\" data-large-file=\"https:\/\/i0.wp.com\/wp.ufpel.edu.br\/naaf\/files\/2017\/09\/DSC_0480.jpg?fit=640%2C424&amp;ssl=1\" class=\"alignnone wp-image-276\" src=\"https:\/\/i0.wp.com\/wp.ufpel.edu.br\/naaf\/files\/2017\/09\/DSC_0480.jpg?resize=252%2C167&#038;ssl=1\" alt=\"\" width=\"252\" height=\"167\" srcset=\"https:\/\/i0.wp.com\/wp.ufpel.edu.br\/naaf\/files\/2017\/09\/DSC_0480.jpg?resize=400%2C265&amp;ssl=1 400w, https:\/\/i0.wp.com\/wp.ufpel.edu.br\/naaf\/files\/2017\/09\/DSC_0480.jpg?w=640&amp;ssl=1 640w\" sizes=\"auto, (max-width: 252px) 100vw, 252px\" \/><\/a>\u00a0 \u00a0 <a style=\"color: #000000\" href=\"https:\/\/i0.wp.com\/wp.ufpel.edu.br\/naaf\/files\/2017\/09\/DSC_0520.jpg?ssl=1\"><img data-recalc-dims=\"1\" loading=\"lazy\" decoding=\"async\" data-attachment-id=\"277\" data-permalink=\"https:\/\/wp.ufpel.edu.br\/naaf\/eventos\/dsc_0520\/\" data-orig-file=\"https:\/\/i0.wp.com\/wp.ufpel.edu.br\/naaf\/files\/2017\/09\/DSC_0520.jpg?fit=1643%2C1088&amp;ssl=1\" data-orig-size=\"1643,1088\" data-comments-opened=\"0\" data-image-meta=\"{&quot;aperture&quot;:&quot;8&quot;,&quot;credit&quot;:&quot;&quot;,&quot;camera&quot;:&quot;NIKON D7000&quot;,&quot;caption&quot;:&quot;&quot;,&quot;created_timestamp&quot;:&quot;1493131794&quot;,&quot;copyright&quot;:&quot;&quot;,&quot;focal_length&quot;:&quot;18&quot;,&quot;iso&quot;:&quot;800&quot;,&quot;shutter_speed&quot;:&quot;0.02&quot;,&quot;title&quot;:&quot;&quot;,&quot;orientation&quot;:&quot;1&quot;}\" data-image-title=\"DSC_0520\" data-image-description=\"\" data-image-caption=\"\" data-medium-file=\"https:\/\/i0.wp.com\/wp.ufpel.edu.br\/naaf\/files\/2017\/09\/DSC_0520.jpg?fit=400%2C265&amp;ssl=1\" data-large-file=\"https:\/\/i0.wp.com\/wp.ufpel.edu.br\/naaf\/files\/2017\/09\/DSC_0520.jpg?fit=750%2C497&amp;ssl=1\" class=\"alignnone wp-image-277\" src=\"https:\/\/i0.wp.com\/wp.ufpel.edu.br\/naaf\/files\/2017\/09\/DSC_0520.jpg?resize=259%2C172&#038;ssl=1\" alt=\"\" width=\"259\" height=\"172\" srcset=\"https:\/\/i0.wp.com\/wp.ufpel.edu.br\/naaf\/files\/2017\/09\/DSC_0520.jpg?resize=400%2C265&amp;ssl=1 400w, https:\/\/i0.wp.com\/wp.ufpel.edu.br\/naaf\/files\/2017\/09\/DSC_0520.jpg?resize=768%2C509&amp;ssl=1 768w, https:\/\/i0.wp.com\/wp.ufpel.edu.br\/naaf\/files\/2017\/09\/DSC_0520.jpg?resize=1024%2C678&amp;ssl=1 1024w, https:\/\/i0.wp.com\/wp.ufpel.edu.br\/naaf\/files\/2017\/09\/DSC_0520.jpg?w=1643&amp;ssl=1 1643w, https:\/\/i0.wp.com\/wp.ufpel.edu.br\/naaf\/files\/2017\/09\/DSC_0520.jpg?w=1500&amp;ssl=1 1500w\" sizes=\"auto, (max-width: 259px) 100vw, 259px\" \/><\/a><\/strong><\/span><\/p>\n<p><span style=\"color: #000000\"><strong><a style=\"color: #000000\" href=\"https:\/\/i0.wp.com\/wp.ufpel.edu.br\/naaf\/files\/2017\/09\/18056764_443974999274070_6236312268424334259_n.jpg?ssl=1\"><img data-recalc-dims=\"1\" loading=\"lazy\" decoding=\"async\" data-attachment-id=\"232\" data-permalink=\"https:\/\/wp.ufpel.edu.br\/naaf\/eventos\/18056764_443974999274070_6236312268424334259_n\/\" data-orig-file=\"https:\/\/i0.wp.com\/wp.ufpel.edu.br\/naaf\/files\/2017\/09\/18056764_443974999274070_6236312268424334259_n.jpg?fit=960%2C678&amp;ssl=1\" data-orig-size=\"960,678\" data-comments-opened=\"0\" data-image-meta=\"{&quot;aperture&quot;:&quot;0&quot;,&quot;credit&quot;:&quot;&quot;,&quot;camera&quot;:&quot;&quot;,&quot;caption&quot;:&quot;&quot;,&quot;created_timestamp&quot;:&quot;0&quot;,&quot;copyright&quot;:&quot;&quot;,&quot;focal_length&quot;:&quot;0&quot;,&quot;iso&quot;:&quot;0&quot;,&quot;shutter_speed&quot;:&quot;0&quot;,&quot;title&quot;:&quot;&quot;,&quot;orientation&quot;:&quot;0&quot;}\" data-image-title=\"18056764_443974999274070_6236312268424334259_n\" data-image-description=\"\" data-image-caption=\"\" data-medium-file=\"https:\/\/i0.wp.com\/wp.ufpel.edu.br\/naaf\/files\/2017\/09\/18056764_443974999274070_6236312268424334259_n.jpg?fit=400%2C283&amp;ssl=1\" data-large-file=\"https:\/\/i0.wp.com\/wp.ufpel.edu.br\/naaf\/files\/2017\/09\/18056764_443974999274070_6236312268424334259_n.jpg?fit=750%2C530&amp;ssl=1\" class=\"wp-image-232 alignleft\" src=\"https:\/\/i0.wp.com\/wp.ufpel.edu.br\/naaf\/files\/2017\/09\/18056764_443974999274070_6236312268424334259_n.jpg?resize=459%2C324&#038;ssl=1\" alt=\"\" width=\"459\" height=\"324\" srcset=\"https:\/\/i0.wp.com\/wp.ufpel.edu.br\/naaf\/files\/2017\/09\/18056764_443974999274070_6236312268424334259_n.jpg?resize=400%2C283&amp;ssl=1 400w, https:\/\/i0.wp.com\/wp.ufpel.edu.br\/naaf\/files\/2017\/09\/18056764_443974999274070_6236312268424334259_n.jpg?resize=768%2C542&amp;ssl=1 768w, https:\/\/i0.wp.com\/wp.ufpel.edu.br\/naaf\/files\/2017\/09\/18056764_443974999274070_6236312268424334259_n.jpg?w=960&amp;ssl=1 960w\" sizes=\"auto, (max-width: 459px) 100vw, 459px\" \/><\/a><\/strong><\/span><\/p>\n","protected":false},"excerpt":{"rendered":"<p>O NUAAD realizou\u00a0\u00a0no dia 25 de abril de 2017 uma reuni\u00e3o conduzida por\u00a0Frei Davi (Forma\u00e7\u00e3o Superior em Filosofia e Teologia- ITF) no pr\u00e9dio da antiga AABB. As pautas discutidas foram: QUILOMBOLAS DESAFIOS PARA OTIMIZAR O ESTUDO NA UNIVERSIDADE; QUILOMBOLA E O SUCESSO P\u00d3S UNIVERSIDADE; QUILOMBOLA: A MISS\u00c3O DE AMPLIAR O N\u00daMERO DE QUILOMBOLAS VITORIOSOS. Fotos: &hellip; <\/p>\n<p><a class=\"more-link btn\" href=\"https:\/\/wp.ufpel.edu.br\/naaf\/eventos\/eventos-2017\/reuniao-com-frei-david-25-de-abril-de-2017-2\/\">Continue lendo<\/a><\/p>\n","protected":false},"author":1133,"featured_media":0,"parent":2820,"menu_order":6,"comment_status":"closed","ping_status":"closed","template":"","meta":{"jetpack_post_was_ever_published":false,"footnotes":""},"class_list":["post-2891","page","type-page","status-publish","hentry","nodate","item-wrap"],"jetpack_sharing_enabled":true,"jetpack_shortlink":"https:\/\/wp.me\/P9uOP6-KD","jetpack_likes_enabled":true,"jetpack-related-posts":[{"id":2935,"url":"https:\/\/wp.ufpel.edu.br\/naaf\/egressos-indigenas-e-quilombolas\/","url_meta":{"origin":2891,"position":0},"title":"Egressos Ind\u00edgenas e Quilombolas","author":"nuaad","date":"28\/03\/2022","format":false,"excerpt":"A presen\u00e7a das cotas \u00e9tnicas-sociais e dos Processos Seletivos Espec\u00edficos (PSE) para ind\u00edgenas e quilombolas \u00e9 de fundamental import\u00e2ncia para se pensar uma sociedade minimamente mais justa e que promova alguma oportunidade de ascens\u00e3o para esses povos. Por\u00e9m, mesmo ap\u00f3s o ingresso, a perman\u00eancia desses estudantes \u00e9 desafiadora. Devido a\u2026","rel":"","context":"Post similar","block_context":{"text":"Post similar","link":""},"img":{"alt_text":"","src":"","width":0,"height":0},"classes":[]},{"id":73,"url":"https:\/\/wp.ufpel.edu.br\/naaf\/analisedaspoliticas\/","url_meta":{"origin":2891,"position":1},"title":"Notas","author":"naaf","date":"19\/09\/2017","format":false,"excerpt":"Manifesto dos estudantes Ind\u00edgenas e Quilombolas da UFPel Em resposta \u00e0s dificuldades impostas pela pandemia de coronav\u00edrus e \u00e0s pr\u00f3prias limita\u00e7\u00f5es que encontram em suas trajet\u00f3rias acad\u00eamicas, os discentes Ind\u00edgenas e Quilombolas da UFPel elaboraram e divulgaram o documento \u201cManifesto dos Estudantes Ind\u00edgenas e Quilombolas\u201d. Neste Manifesto, esses estudantes exp\u00f5em\u2026","rel":"","context":"Post similar","block_context":{"text":"Post similar","link":""},"img":{"alt_text":"","src":"","width":0,"height":0},"classes":[]},{"id":2827,"url":"https:\/\/wp.ufpel.edu.br\/naaf\/eventos\/eventos-2017\/palestra-de-acolhida-aos-alunos-cotistas-ufpel-26-de-abril-de-2017\/","url_meta":{"origin":2891,"position":2},"title":"Palestra de Acolhida aos Alunos Cotistas &#8211; UFPEL &#8211; 26 de Abril de 2017","author":"nuaad","date":"22\/03\/2022","format":false,"excerpt":"O NUAAD realizou no dia 26 de Abril de 2017 uma palestra de Acolhida aos Alunos Cotistas da UFpel ministrada por Frei David (Forma\u00e7\u00e3o Superior em Filosofia e Teologia- ITF) no Audit\u00f3rio do Centro de Artes. H\u00e1 mais de 20 anos, Frei David dedica-se a trabalhos populares, sobretudo na \u00e1rea\u2026","rel":"","context":"Post similar","block_context":{"text":"Post similar","link":""},"img":{"alt_text":"","src":"https:\/\/i0.wp.com\/wp.ufpel.edu.br\/naaf\/files\/2017\/09\/DSC_0565-400x229.jpg?resize=350%2C200&ssl=1","width":350,"height":200},"classes":[]},{"id":195,"url":"https:\/\/wp.ufpel.edu.br\/naaf\/politicas\/indigenas-e-quilombolas\/","url_meta":{"origin":2891,"position":3},"title":"Processo Seletivo Espec\u00edfico para Ind\u00edgenas e Quilombolas","author":"naaf","date":"27\/10\/2017","format":false,"excerpt":"Sobre as pol\u00edticas de acesso para estudantes Ind\u00edgenas e Quilombolas A\u00a0Resolu\u00e7\u00e3o n\u00ba 15\/2015, aprovada pelo Conselho Coordenador do Ensino, da Pesquisa e da Extens\u00e3o da UFPel (COCEPE), criou dez vagas espec\u00edficas, destinadas a estudantes provenientes de comunidades ind\u00edgenas e quilombolas. Os estudantes ind\u00edgenas est\u00e3o amparados tamb\u00e9m pela Lei n\u00ba 12.711\/12,\u2026","rel":"","context":"Post similar","block_context":{"text":"Post similar","link":""},"img":{"alt_text":"","src":"","width":0,"height":0},"classes":[]},{"id":4704,"url":"https:\/\/wp.ufpel.edu.br\/naaf\/auxilios-2\/","url_meta":{"origin":2891,"position":4},"title":"Aux\u00edlios","author":"nuaad","date":"12\/09\/2024","format":false,"excerpt":"a) Aux\u00edlio Moradia \u00c9 um valor depositado mensalmente na conta corrente do estudante para auxiliar no pagamento de aluguel na cidade de Pelotas. O Programa de Aux\u00edlio Moradia (PAM) n\u00e3o pode ser solicitado concomitantemente ao Aux\u00edlio Deslocamento e ao Programa de Moradia Estudantil. Valor do aux\u00edlio: R$600, 00 mensais. Documenta\u00e7\u00e3o:\u2026","rel":"","context":"Post similar","block_context":{"text":"Post similar","link":""},"img":{"alt_text":"","src":"https:\/\/i0.wp.com\/wp.ufpel.edu.br\/naaf\/files\/2024\/09\/Captura-de-Tela-2024-09-12-a%CC%80s-14.37.33-400x221.png?resize=350%2C200&ssl=1","width":350,"height":200,"srcset":"https:\/\/i0.wp.com\/wp.ufpel.edu.br\/naaf\/files\/2024\/09\/Captura-de-Tela-2024-09-12-a%CC%80s-14.37.33-400x221.png?resize=350%2C200&ssl=1 1x, https:\/\/i0.wp.com\/wp.ufpel.edu.br\/naaf\/files\/2024\/09\/Captura-de-Tela-2024-09-12-a%CC%80s-14.37.33-400x221.png?resize=525%2C300&ssl=1 1.5x"},"classes":[]},{"id":4714,"url":"https:\/\/wp.ufpel.edu.br\/naaf\/bolsas\/","url_meta":{"origin":2891,"position":5},"title":"Bolsas","author":"nuaad","date":"12\/09\/2024","format":false,"excerpt":"a) Bolsa Perman\u00eancia MEC O Programa Bolsa Perman\u00eancia\/PBP, institu\u00eddo pela Portaria MEC n\u00ba 389, de 9 de maio de 2013, alterada pela Portaria MEC n\u00ba 1.999, de 10 de novembro de 2023, tem por objetivo minimizar as desigualdades sociais, \u00e9tnico-raciais e contribuir para perman\u00eancia e diploma\u00e7\u00e3o, especialmente dos estudantes de\u2026","rel":"","context":"Post similar","block_context":{"text":"Post similar","link":""},"img":{"alt_text":"","src":"https:\/\/i0.wp.com\/wp.ufpel.edu.br\/naaf\/files\/2024\/09\/Captura-de-Tela-2024-09-12-a%CC%80s-14.35.41-400x217.png?resize=350%2C200&ssl=1","width":350,"height":200,"srcset":"https:\/\/i0.wp.com\/wp.ufpel.edu.br\/naaf\/files\/2024\/09\/Captura-de-Tela-2024-09-12-a%CC%80s-14.35.41-400x217.png?resize=350%2C200&ssl=1 1x, https:\/\/i0.wp.com\/wp.ufpel.edu.br\/naaf\/files\/2024\/09\/Captura-de-Tela-2024-09-12-a%CC%80s-14.35.41-400x217.png?resize=525%2C300&ssl=1 1.5x"},"classes":[]}],"_links":{"self":[{"href":"https:\/\/wp.ufpel.edu.br\/naaf\/wp-json\/wp\/v2\/pages\/2891","targetHints":{"allow":["GET"]}}],"collection":[{"href":"https:\/\/wp.ufpel.edu.br\/naaf\/wp-json\/wp\/v2\/pages"}],"about":[{"href":"https:\/\/wp.ufpel.edu.br\/naaf\/wp-json\/wp\/v2\/types\/page"}],"author":[{"embeddable":true,"href":"https:\/\/wp.ufpel.edu.br\/naaf\/wp-json\/wp\/v2\/users\/1133"}],"replies":[{"embeddable":true,"href":"https:\/\/wp.ufpel.edu.br\/naaf\/wp-json\/wp\/v2\/comments?post=2891"}],"version-history":[{"count":1,"href":"https:\/\/wp.ufpel.edu.br\/naaf\/wp-json\/wp\/v2\/pages\/2891\/revisions"}],"predecessor-version":[{"id":2892,"href":"https:\/\/wp.ufpel.edu.br\/naaf\/wp-json\/wp\/v2\/pages\/2891\/revisions\/2892"}],"up":[{"embeddable":true,"href":"https:\/\/wp.ufpel.edu.br\/naaf\/wp-json\/wp\/v2\/pages\/2820"}],"wp:attachment":[{"href":"https:\/\/wp.ufpel.edu.br\/naaf\/wp-json\/wp\/v2\/media?parent=2891"}],"curies":[{"name":"wp","href":"https:\/\/api.w.org\/{rel}","templated":true}]}}