{"id":2882,"date":"2022-03-22T11:47:46","date_gmt":"2022-03-22T14:47:46","guid":{"rendered":"https:\/\/wp.ufpel.edu.br\/naaf\/?page_id=2882"},"modified":"2022-05-24T14:25:11","modified_gmt":"2022-05-24T17:25:11","slug":"eventos-2022","status":"publish","type":"page","link":"https:\/\/wp.ufpel.edu.br\/naaf\/eventos\/eventos-2022\/","title":{"rendered":"Eventos 2022"},"content":{"rendered":"<div class=\"embed-container\">\n<blockquote class=\"wp-embedded-content\" data-secret=\"OgoSTEBC2M\"><p><a href=\"https:\/\/wp.ufpel.edu.br\/naaf\/2022\/05\/24\/formacao-para-bancas-de-heteroidentifacao\/\">Forma\u00e7\u00e3o para Bancas de Heteroidentifa\u00e7\u00e3o &#8211; 24 a 26 de Maio de 2022<\/a><\/p><\/blockquote>\n<p><iframe loading=\"lazy\" class=\"wp-embedded-content\" sandbox=\"allow-scripts\" security=\"restricted\" style=\"position: absolute; clip: rect(1px, 1px, 1px, 1px);\" title=\"&#8220;Forma\u00e7\u00e3o para Bancas de Heteroidentifa\u00e7\u00e3o &#8211; 24 a 26 de Maio de 2022&#8221; &#8212; NUAAD &lt;- UFPel\" src=\"https:\/\/wp.ufpel.edu.br\/naaf\/2022\/05\/24\/formacao-para-bancas-de-heteroidentifacao\/embed\/#?secret=fJmfzpKRCA#?secret=OgoSTEBC2M\" data-secret=\"OgoSTEBC2M\" width=\"600\" height=\"338\" frameborder=\"0\" marginwidth=\"0\" marginheight=\"0\" scrolling=\"no\"><\/iframe><\/div>\n<div class=\"embed-container\">\n<blockquote class=\"wp-embedded-content\" data-secret=\"L2vE8g8zvJ\"><p><a href=\"https:\/\/wp.ufpel.edu.br\/naaf\/2022\/04\/18\/programa-universidade-territorio-indigena\/\">Programa &#8220;Universidade Territ\u00f3rio Ind\u00edgena&#8221; &#8211; 22 de Abril de 2022<\/a><\/p><\/blockquote>\n<p><iframe loading=\"lazy\" class=\"wp-embedded-content\" sandbox=\"allow-scripts\" security=\"restricted\" style=\"position: absolute; clip: rect(1px, 1px, 1px, 1px);\" title=\"&#8220;Programa &#8220;Universidade Territ\u00f3rio Ind\u00edgena&#8221; &#8211; 22 de Abril de 2022&#8221; &#8212; NUAAD &lt;- UFPel\" src=\"https:\/\/wp.ufpel.edu.br\/naaf\/2022\/04\/18\/programa-universidade-territorio-indigena\/embed\/#?secret=9QJxUZbxc3#?secret=L2vE8g8zvJ\" data-secret=\"L2vE8g8zvJ\" width=\"600\" height=\"338\" frameborder=\"0\" marginwidth=\"0\" marginheight=\"0\" scrolling=\"no\"><\/iframe><\/div>\n<div class=\"embed-container\">\n<blockquote class=\"wp-embedded-content\" data-secret=\"3YapU0wRPD\"><p><a href=\"https:\/\/wp.ufpel.edu.br\/naaf\/2022\/03\/25\/primeira-roda-de-conversa-com-os-discentes-indigenas-quilombolas-e-negros-e-negras-cotistas-24-de-marco-de-2022\/\">Primeira roda de conversa com os discentes ind\u00edgenas, quilombolas e negros e negras cotistas! &#8211; 24 de Mar\u00e7o de 2022<\/a><\/p><\/blockquote>\n<p><iframe loading=\"lazy\" class=\"wp-embedded-content\" sandbox=\"allow-scripts\" security=\"restricted\" style=\"position: absolute; clip: rect(1px, 1px, 1px, 1px);\" title=\"&#8220;Primeira roda de conversa com os discentes ind\u00edgenas, quilombolas e negros e negras cotistas! &#8211; 24 de Mar\u00e7o de 2022&#8221; &#8212; NUAAD &lt;- UFPel\" src=\"https:\/\/wp.ufpel.edu.br\/naaf\/2022\/03\/25\/primeira-roda-de-conversa-com-os-discentes-indigenas-quilombolas-e-negros-e-negras-cotistas-24-de-marco-de-2022\/embed\/#?secret=HpsICElNBh#?secret=3YapU0wRPD\" data-secret=\"3YapU0wRPD\" width=\"600\" height=\"338\" frameborder=\"0\" marginwidth=\"0\" marginheight=\"0\" scrolling=\"no\"><\/iframe><\/div>\n<div class=\"embed-container\">\n<blockquote class=\"wp-embedded-content\" data-secret=\"qTM2VsCqge\"><p><a href=\"https:\/\/wp.ufpel.edu.br\/naaf\/2022\/03\/15\/1a-jornada-de-agroecologia-da-teia-dos-povos-em-luta-do-rio-grande-do-sul\/\">1\u00aa Jornada de Agroecologia da Teia dos Povos em Luta do Rio Grande do Sul &#8211; 20 de Mar\u00e7o de 2022<\/a><\/p><\/blockquote>\n<p><iframe loading=\"lazy\" class=\"wp-embedded-content\" sandbox=\"allow-scripts\" security=\"restricted\" style=\"position: absolute; clip: rect(1px, 1px, 1px, 1px);\" title=\"&#8220;1\u00aa Jornada de Agroecologia da Teia dos Povos em Luta do Rio Grande do Sul &#8211; 20 de Mar\u00e7o de 2022&#8221; &#8212; NUAAD &lt;- UFPel\" src=\"https:\/\/wp.ufpel.edu.br\/naaf\/2022\/03\/15\/1a-jornada-de-agroecologia-da-teia-dos-povos-em-luta-do-rio-grande-do-sul\/embed\/#?secret=zBt3CKsO92#?secret=qTM2VsCqge\" data-secret=\"qTM2VsCqge\" width=\"600\" height=\"338\" frameborder=\"0\" marginwidth=\"0\" marginheight=\"0\" scrolling=\"no\"><\/iframe><\/div>\n<p class=\"post-title entry-title\">\n","protected":false},"excerpt":{"rendered":"<p>Forma\u00e7\u00e3o para Bancas de Heteroidentifa\u00e7\u00e3o &#8211; 24 a 26 de Maio de 2022 Programa &#8220;Universidade Territ\u00f3rio Ind\u00edgena&#8221; &#8211; 22 de Abril de 2022 Primeira roda de conversa com os discentes ind\u00edgenas, quilombolas e negros e negras cotistas! &#8211; 24 de Mar\u00e7o de 2022 1\u00aa Jornada de Agroecologia da Teia dos Povos em Luta do Rio &hellip; <\/p>\n<p><a class=\"more-link btn\" href=\"https:\/\/wp.ufpel.edu.br\/naaf\/eventos\/eventos-2022\/\">Continue lendo<\/a><\/p>\n","protected":false},"author":1133,"featured_media":0,"parent":70,"menu_order":1,"comment_status":"closed","ping_status":"closed","template":"","meta":{"jetpack_post_was_ever_published":false,"footnotes":""},"class_list":["post-2882","page","type-page","status-publish","hentry","nodate","item-wrap"],"jetpack_sharing_enabled":true,"jetpack_shortlink":"https:\/\/wp.me\/P9uOP6-Ku","jetpack_likes_enabled":true,"jetpack-related-posts":[{"id":4213,"url":"https:\/\/wp.ufpel.edu.br\/naaf\/indigenas-e-quilombolas\/","url_meta":{"origin":2882,"position":0},"title":"Ind\u00edgenas e Quilombolas","author":"naaf","date":"04\/09\/2023","format":false,"excerpt":"Noticias: Egressos Ind\u00edgenas e Quilombolas Comunidades Ind\u00edgenas e Quilombolas 2019 2020 2021 2022 2023 Processo Seletivo Especial Para Comunidades Quilombolas e Povos Ind\u00edgenas https:\/\/wp.ufpel.edu.br\/naaf\/projetos-externos\/articulacao-dos-povos-indigenas-da-regiao-sul-arpin-sul\/","rel":"","context":"Post similar","block_context":{"text":"Post similar","link":""},"img":{"alt_text":"","src":"","width":0,"height":0},"classes":[]},{"id":2693,"url":"https:\/\/wp.ufpel.edu.br\/naaf\/editais\/editais-2022\/","url_meta":{"origin":2882,"position":1},"title":"Editais 2022","author":"nuaad","date":"09\/03\/2022","format":false,"excerpt":"Edital CODIn Bolsas de Monitoria 02\/2022 Retificado Edital CODIn Bolsas de Monitoria 02\/2022 Edital CODIn BDI 01\/2022","rel":"","context":"Post similar","block_context":{"text":"Post similar","link":""},"img":{"alt_text":"","src":"","width":0,"height":0},"classes":[]},{"id":70,"url":"https:\/\/wp.ufpel.edu.br\/naaf\/eventos\/","url_meta":{"origin":2882,"position":2},"title":"Eventos","author":"naaf","date":"19\/09\/2017","format":false,"excerpt":"","rel":"","context":"Post similar","block_context":{"text":"Post similar","link":""},"img":{"alt_text":"","src":"https:\/\/i0.wp.com\/wp.ufpel.edu.br\/naaf\/files\/2018\/06\/23213210_758574631011012_4904965281141643428_o.jpg?fit=452%2C640&ssl=1&resize=350%2C200","width":350,"height":200},"classes":[]},{"id":110,"url":"https:\/\/wp.ufpel.edu.br\/naaf\/sisu\/","url_meta":{"origin":2882,"position":3},"title":"SISU","author":"naaf","date":"25\/10\/2017","format":false,"excerpt":"","rel":"","context":"Post similar","block_context":{"text":"Post similar","link":""},"img":{"alt_text":"","src":"","width":0,"height":0},"classes":[]},{"id":116,"url":"https:\/\/wp.ufpel.edu.br\/naaf\/pave\/","url_meta":{"origin":2882,"position":4},"title":"PAVE","author":"naaf","date":"25\/10\/2017","format":false,"excerpt":"","rel":"","context":"Post similar","block_context":{"text":"Post similar","link":""},"img":{"alt_text":"","src":"","width":0,"height":0},"classes":[]},{"id":317,"url":"https:\/\/wp.ufpel.edu.br\/naaf\/editais\/","url_meta":{"origin":2882,"position":5},"title":"Editais","author":"naaf","date":"20\/11\/2017","format":false,"excerpt":"","rel":"","context":"Post similar","block_context":{"text":"Post similar","link":""},"img":{"alt_text":"","src":"","width":0,"height":0},"classes":[]}],"_links":{"self":[{"href":"https:\/\/wp.ufpel.edu.br\/naaf\/wp-json\/wp\/v2\/pages\/2882","targetHints":{"allow":["GET"]}}],"collection":[{"href":"https:\/\/wp.ufpel.edu.br\/naaf\/wp-json\/wp\/v2\/pages"}],"about":[{"href":"https:\/\/wp.ufpel.edu.br\/naaf\/wp-json\/wp\/v2\/types\/page"}],"author":[{"embeddable":true,"href":"https:\/\/wp.ufpel.edu.br\/naaf\/wp-json\/wp\/v2\/users\/1133"}],"replies":[{"embeddable":true,"href":"https:\/\/wp.ufpel.edu.br\/naaf\/wp-json\/wp\/v2\/comments?post=2882"}],"version-history":[{"count":9,"href":"https:\/\/wp.ufpel.edu.br\/naaf\/wp-json\/wp\/v2\/pages\/2882\/revisions"}],"predecessor-version":[{"id":3224,"href":"https:\/\/wp.ufpel.edu.br\/naaf\/wp-json\/wp\/v2\/pages\/2882\/revisions\/3224"}],"up":[{"embeddable":true,"href":"https:\/\/wp.ufpel.edu.br\/naaf\/wp-json\/wp\/v2\/pages\/70"}],"wp:attachment":[{"href":"https:\/\/wp.ufpel.edu.br\/naaf\/wp-json\/wp\/v2\/media?parent=2882"}],"curies":[{"name":"wp","href":"https:\/\/api.w.org\/{rel}","templated":true}]}}