{"id":2880,"date":"2022-03-22T11:43:44","date_gmt":"2022-03-22T14:43:44","guid":{"rendered":"https:\/\/wp.ufpel.edu.br\/naaf\/?page_id=2880"},"modified":"2022-03-23T09:25:24","modified_gmt":"2022-03-23T12:25:24","slug":"x-edicao-do-seconep-2018","status":"publish","type":"page","link":"https:\/\/wp.ufpel.edu.br\/naaf\/eventos\/eventos-2018\/x-edicao-do-seconep-2018\/","title":{"rendered":"X Edi\u00e7\u00e3o do SECONEP, 2018. &#8211; 21, 23 e 25 de Novembro de 2018"},"content":{"rendered":"<p style=\"text-align: right\"><strong><em><span style=\"color: #000000\">Acads. \u00a0Lourivaldo Junior e Marcela Lima<\/span><\/em><\/strong><\/p>\n<p style=\"text-align: justify\"><span style=\"font-weight: 400;color: #000000\">O Semin\u00e1rio da Consci\u00eancia Negra de Pelotas &#8211; SECONEP &#8211; evento organizado e realizado anualmente por estudantes e servidores da UFPel, al\u00e9m da sociedade civil, completa em 2018 seus 10 anos.<\/span><\/p>\n<p style=\"text-align: justify\"><span style=\"font-weight: 400;color: #000000\">A import\u00e2ncia de se realizar um evento como este \u00e9 o fato de levar \u00e0 comunidade pelotense o conhecimento da cultura afrobrasileira e a valoriza\u00e7\u00e3o do povo negro, enquanto atuante no munic\u00edpio, como contribuinte de cultura, empreendedorismo e educa\u00e7\u00e3o.<\/span><\/p>\n<p style=\"text-align: justify\"><span style=\"font-weight: 400;color: #000000\">Com o apoio do poder p\u00fablico municipal, sindicatos, imprensa e estabelecimentos comerciais locais, ao longo de suas edi\u00e7\u00f5es o SECONEP teve por objetivos: valorizar \u00edcones da sociedade pelotense; \u00a0suscitar discuss\u00f5es acerca dos problemas que atingem a popula\u00e7\u00e3o negra regional, enfrentar o racismo e divulgar e vivenciar a cultura afro-brasileira. <\/span><\/p>\n<p style=\"text-align: justify\"><span style=\"font-weight: 400;color: #000000\">A edi\u00e7\u00e3o de 2018 ocorreu nos dias 21, 23 e 25 de novembro, homenageando as alunas negras da Universidade Federal de Pelotas (UFPel), s\u00edmbolos de resist\u00eancia e dedica\u00e7\u00e3o neste espa\u00e7o. Com abordagens art\u00edstico-culturais, cient\u00edficas e s\u00f3cio-antropol\u00f3gicas, ao longo desses dez anos, o evento alcan\u00e7ou um p\u00fablico estimado de 2500 pessoas, dentre elas 200 somente neste ano.<\/span><\/p>\n<p style=\"text-align: justify\"><span style=\"color: #000000\"><span style=\"font-weight: 400\">Nos dois primeiros dias da edi\u00e7\u00e3o mais recente as atividades ocorreram no Clube Cultural Fica Ah\u00ed, um dos mais antigos da cidade de Pelotas, referencial por ser um dos primeiros clubes culturais negros na cidade. No dia 21, as atividades iniciaram com uma oficina de tambores que deu ritmo e descontraiu quem estava presente. Ap\u00f3s, Rodas de Conversa com temas como \u201c<\/span><span style=\"font-weight: 400\">O Papel da Mulher Negra na Sociedade\u201d e \u201c<\/span><span style=\"font-weight: 400\">Reflex\u00f5es Sobre a Viol\u00eancia Contra a Popula\u00e7\u00e3o Negra (f\u00edsica e simb\u00f3lica)\u201d foram abordados por palestrantes convidados. <\/span><\/span><\/p>\n<p style=\"text-align: justify\"><span style=\"color: #000000\"><span style=\"font-weight: 400\">J\u00e1 no dia 23, trabalhos cient\u00edficos foram apresentados \u00a0desde o in\u00edcio da manh\u00e3, passando por uma <\/span><span style=\"font-weight: 400\">Comiss\u00e3o Coordenadora de Trabalhos, que deu <\/span><i><span style=\"font-weight: 400\">feedback<\/span><\/i><span style=\"font-weight: 400\"> para os apresentadores e os auxiliou na estrutura\u00e7\u00e3o de seus trabalhos, com o objetivo de incentivar novos pesquisadores e promover conhecimento sobre tem\u00e1ticas ligadas \u00e0 realidade da popula\u00e7\u00e3o negra. O tema geral dos trabalhos foi a aplica\u00e7\u00e3o da lei 10.639\/03, que instituiu o ensino da cultura afrobrasileira no ensino b\u00e1sico.<\/span><\/span><\/p>\n<p style=\"text-align: justify\"><span style=\"font-weight: 400;color: #000000\">O filme \u201cPantera Negra\u201d foi reproduzido, trazendo a tona a import\u00e2ncia das origens africanas, e preparando os participantes para as outras discuss\u00f5es que vieram a seguir como: \u201cA universidade depois dos 30 (Como pessoas de mais idade se relacionam com o meio universit\u00e1rio)\u201d, \u201cVisibilidade da Popula\u00e7\u00e3o Negra na M\u00eddia\u201d e \u201cO Mercado de Trabalho e Sua Crescente Demanda Por Profissionais Capacitados.\u201d fechando a noite de sexta-feira.<\/span><\/p>\n<p style=\"text-align: justify\"><span style=\"font-weight: 400;color: #000000\">Como de costume, o SECONEP integra oficinas diretamente com a comunidade e no ano de 2018 n\u00e3o foi diferente. Realizado no Museu da Baronesa o \u201cKizomba na Pra\u00e7a\u201d, com Oficinas de Arte-Educa\u00e7\u00e3o, turbantes e penteados afro, Aula de Dan\u00e7a Afro, Pintura Facial, Hora do Conto, entre outras, ocorreu durante toda a tarde de domingo (25) contando tamb\u00e9m com a projeto da UFPel \u201cPEPEU\u201d, na qual alunos da m\u00fasica e de outros cursos da Universidade realizaram uma grande apresenta\u00e7\u00e3o, a qual animou e encantou quem estava pelo Parque do Museu.<\/span><\/p>\n<p style=\"text-align: justify\"><span style=\"font-weight: 400;color: #000000\">Cabe salientar que a realiza\u00e7\u00e3o do evento ao longo desses 10 anos somente foi poss\u00edvel gra\u00e7as ao trabalho incans\u00e1vel de muitos volunt\u00e1rias e volunt\u00e1rios e ao apoio da Prefeitura Municipal de Pelotas, atrav\u00e9s da SECULT, do Clube Cultural Fica Ahi, da Padaria Esmeralda, dos bolsistas de Extens\u00e3o: Arte na Escola e PEPEU, al\u00e9m de servidores do Centro de Artes, Coordenadoria de Inclus\u00e3o e Diversidade e dos setores: de Infraestrutura, Planejamento, Comunica\u00e7\u00e3o Social, Extens\u00e3o Universit\u00e1ria, Impress\u00e3o e Transporte da UFPel.<\/span><\/p>\n<p><strong><span style=\"color: #000000\">Os registros fotogr\u00e1ficos do evento est\u00e3o dispon\u00edveis em:<\/span><\/strong><\/p>\n<p><a href=\"https:\/\/drive.google.com\/drive\/folders\/1GVDTGjtfm-9n-d2KE0fpiSmuPdm7cTuu\" target=\"_blank\" rel=\"noopener\">Drive SECONEP<\/a><\/p>\n<h1><\/h1>\n","protected":false},"excerpt":{"rendered":"<p>Acads. \u00a0Lourivaldo Junior e Marcela Lima O Semin\u00e1rio da Consci\u00eancia Negra de Pelotas &#8211; SECONEP &#8211; evento organizado e realizado anualmente por estudantes e servidores da UFPel, al\u00e9m da sociedade civil, completa em 2018 seus 10 anos. A import\u00e2ncia de se realizar um evento como este \u00e9 o fato de levar \u00e0 comunidade pelotense o &hellip; <\/p>\n<p><a class=\"more-link btn\" href=\"https:\/\/wp.ufpel.edu.br\/naaf\/eventos\/eventos-2018\/x-edicao-do-seconep-2018\/\">Continue lendo<\/a><\/p>\n","protected":false},"author":1133,"featured_media":0,"parent":2840,"menu_order":0,"comment_status":"closed","ping_status":"closed","template":"","meta":{"jetpack_post_was_ever_published":false,"footnotes":""},"class_list":["post-2880","page","type-page","status-publish","hentry","nodate","item-wrap"],"jetpack_sharing_enabled":true,"jetpack_shortlink":"https:\/\/wp.me\/P9uOP6-Ks","jetpack_likes_enabled":true,"jetpack-related-posts":[{"id":2842,"url":"https:\/\/wp.ufpel.edu.br\/naaf\/eventos\/eventos-2018\/evento-ix-seminario-da-consciencia-negra-de-pelotas-seconep-2017-13-a-18-de-novembro\/","url_meta":{"origin":2880,"position":0},"title":"Evento IX Semin\u00e1rio da Consci\u00eancia Negra de Pelotas -SECONEP\/2017 &#8211; 13 \u00e0 18 de Novembro","author":"nuaad","date":"22\/03\/2022","format":false,"excerpt":"Realizado de 13 \u00a0\u00e0 18 de Novembro, no Museu do Doce, localizado no Centro de Pelotas, Pra\u00e7a Cel Pedro Os\u00f3rio, Casar\u00e3o 8. Sendo que no dia 18 foi o encerramento com o nome sempre denominado como Kizomba na Pra\u00e7a - tarde para interagir completamente com atividades art\u00edsticas e comidas e\u2026","rel":"","context":"Post similar","block_context":{"text":"Post similar","link":""},"img":{"alt_text":"","src":"https:\/\/i0.wp.com\/wp.ufpel.edu.br\/naaf\/files\/2018\/06\/23213210_758574631011012_4904965281141643428_o-1.jpg?resize=350%2C200","width":350,"height":200},"classes":[]},{"id":2875,"url":"https:\/\/wp.ufpel.edu.br\/naaf\/eventos\/eventos-2018\/foto-coletiva-dos-negros-e-negras-da-ufpel-20-de-novembro-2018\/","url_meta":{"origin":2880,"position":1},"title":"Foto coletiva dos Negros e Negras da UFPel &#8211; 20 de Novembro, 2018","author":"nuaad","date":"22\/03\/2022","format":false,"excerpt":"SIM, REPRESENTATIVIDADE IMPORTA! E ESTAMOS AQUI! E \u00e9 por isso, que n\u00f3s da Universidade Federal de Pelotas, nos espelhamos nos eventos da UFRGS, para mostrar que a UFPEL, tem sim, um grande n\u00famero de alunos negros e que somos resist\u00eancia! Portanto, convidamos docentes, discentes, servidores e terceirizadxs negrxs a se\u2026","rel":"","context":"Post similar","block_context":{"text":"Post similar","link":""},"img":{"alt_text":"","src":"https:\/\/i0.wp.com\/wp.ufpel.edu.br\/naaf\/files\/2018\/12\/FOTO-TWO-NEGROS-20-DE-NOV.jpg?resize=350%2C200","width":350,"height":200,"srcset":"https:\/\/i0.wp.com\/wp.ufpel.edu.br\/naaf\/files\/2018\/12\/FOTO-TWO-NEGROS-20-DE-NOV.jpg?resize=350%2C200 1x, https:\/\/i0.wp.com\/wp.ufpel.edu.br\/naaf\/files\/2018\/12\/FOTO-TWO-NEGROS-20-DE-NOV.jpg?resize=525%2C300 1.5x, https:\/\/i0.wp.com\/wp.ufpel.edu.br\/naaf\/files\/2018\/12\/FOTO-TWO-NEGROS-20-DE-NOV.jpg?resize=700%2C400 2x"},"classes":[]},{"id":2863,"url":"https:\/\/wp.ufpel.edu.br\/naaf\/eventos\/eventos-2018\/nuaad-na-fenadoce-de-pelotas-2018-07-junho\/","url_meta":{"origin":2880,"position":2},"title":"NUAAD na Fenadoce de Pelotas\/ 2018 &#8211; 07 Junho","author":"nuaad","date":"22\/03\/2022","format":false,"excerpt":"Evento anual recebeu estande do NUAAD UFPEL No dia 07 de junho, quinta-feira, O NUAAD (N\u00facleo de A\u00e7\u00f5es Afirmativas) compareceu a Fenadoce de Pelotas, evento com foco na gastronomia do doce e na tradi\u00e7\u00e3o doceira de Pelotas, que se realiza desde o ano de 1986 na cidade, organizado pela prefeitura\u2026","rel":"","context":"Post similar","block_context":{"text":"Post similar","link":""},"img":{"alt_text":"","src":"https:\/\/i0.wp.com\/wp.ufpel.edu.br\/naaf\/files\/2018\/06\/3b09937b-6f29-412f-989a-6fe5de36b5d2.jpeg?resize=350%2C200","width":350,"height":200,"srcset":"https:\/\/i0.wp.com\/wp.ufpel.edu.br\/naaf\/files\/2018\/06\/3b09937b-6f29-412f-989a-6fe5de36b5d2.jpeg?resize=350%2C200 1x, https:\/\/i0.wp.com\/wp.ufpel.edu.br\/naaf\/files\/2018\/06\/3b09937b-6f29-412f-989a-6fe5de36b5d2.jpeg?resize=525%2C300 1.5x, https:\/\/i0.wp.com\/wp.ufpel.edu.br\/naaf\/files\/2018\/06\/3b09937b-6f29-412f-989a-6fe5de36b5d2.jpeg?resize=700%2C400 2x"},"classes":[]},{"id":2867,"url":"https:\/\/wp.ufpel.edu.br\/naaf\/eventos\/eventos-2018\/nuaad-participa-politica-nacional-de-saude-integral-da-populacao-negra-dialogos-com-a-renafro-saude\/","url_meta":{"origin":2880,"position":3},"title":"NUAAD Participa: Pol\u00edtica Nacional de Sa\u00fade Integral da Popula\u00e7\u00e3o Negra: Di\u00e1logos com a Renafro Sa\u00fade &#8211; 15 de Julho, 2018","author":"nuaad","date":"22\/03\/2022","format":false,"excerpt":"No dia 15 de julho de 2018, no Sal\u00e3o Nobre da Prefeitura Municipal de Pelotas, realizou-se o evento sobre: \u201cPol\u00edtica Nacional de Sa\u00fade Integral da Popula\u00e7\u00e3o Negra\u201d, das 8 \u00e0s 12 horas. O evento, que abrangeu toda a popula\u00e7\u00e3o pelotense, se deteve na fortifica\u00e7\u00e3o da informa\u00e7\u00e3o e promo\u00e7\u00e3o sobre a\u2026","rel":"","context":"Post similar","block_context":{"text":"Post similar","link":""},"img":{"alt_text":"","src":"https:\/\/i2.wp.com\/wp.ufpel.edu.br\/naaf\/files\/2018\/06\/2090e9c0-f0bf-4b5c-b2c3-caafe491438e.jpeg?resize=350%2C200&ssl=1","width":350,"height":200},"classes":[]},{"id":2878,"url":"https:\/\/wp.ufpel.edu.br\/naaf\/eventos\/eventos-2018\/semana-da-consciencia-negra-de-arroio-grande-edicao-maristela-correa-09-10-e-12-de-novembro-2018\/","url_meta":{"origin":2880,"position":4},"title":"Semana da Consci\u00eancia Negra de Arroio Grande &#8211; Edi\u00e7\u00e3o: MARISTELA CORR\u00caA- 09, 10 e 12 de Novembro, 2018.\u00a0","author":"nuaad","date":"22\/03\/2022","format":false,"excerpt":"Acad. Geiselaine Dias, Lourivaldo Jr. Isadora Caleiro, Marcela Lima e Servidor Damasio Rodrigues O munic\u00edpio de Arroio Grande recebeu a 1\u00aa \u00a0Semana da Consci\u00eancia Negra, no m\u00eas de Novembro, evento que abordou temas como \u00a0educa\u00e7\u00e3o, cultura, sa\u00fade e seguran\u00e7a da comunidade negra arroio-grandense. Foram realizadas palestras, apresenta\u00e7\u00f5es culturais, oficinas did\u00e1tico-pedag\u00f3gicas\u2026","rel":"","context":"Post similar","block_context":{"text":"Post similar","link":""},"img":{"alt_text":"","src":"","width":0,"height":0},"classes":[]},{"id":195,"url":"https:\/\/wp.ufpel.edu.br\/naaf\/politicas\/indigenas-e-quilombolas\/","url_meta":{"origin":2880,"position":5},"title":"Processo Seletivo Espec\u00edfico para Ind\u00edgenas e Quilombolas","author":"naaf","date":"27\/10\/2017","format":false,"excerpt":"Sobre as pol\u00edticas de acesso para estudantes Ind\u00edgenas e Quilombolas A\u00a0Resolu\u00e7\u00e3o n\u00ba 15\/2015, aprovada pelo Conselho Coordenador do Ensino, da Pesquisa e da Extens\u00e3o da UFPel (COCEPE), criou dez vagas espec\u00edficas, destinadas a estudantes provenientes de comunidades ind\u00edgenas e quilombolas. Os estudantes ind\u00edgenas est\u00e3o amparados tamb\u00e9m pela Lei n\u00ba 12.711\/12,\u2026","rel":"","context":"Post similar","block_context":{"text":"Post similar","link":""},"img":{"alt_text":"","src":"","width":0,"height":0},"classes":[]}],"_links":{"self":[{"href":"https:\/\/wp.ufpel.edu.br\/naaf\/wp-json\/wp\/v2\/pages\/2880","targetHints":{"allow":["GET"]}}],"collection":[{"href":"https:\/\/wp.ufpel.edu.br\/naaf\/wp-json\/wp\/v2\/pages"}],"about":[{"href":"https:\/\/wp.ufpel.edu.br\/naaf\/wp-json\/wp\/v2\/types\/page"}],"author":[{"embeddable":true,"href":"https:\/\/wp.ufpel.edu.br\/naaf\/wp-json\/wp\/v2\/users\/1133"}],"replies":[{"embeddable":true,"href":"https:\/\/wp.ufpel.edu.br\/naaf\/wp-json\/wp\/v2\/comments?post=2880"}],"version-history":[{"count":3,"href":"https:\/\/wp.ufpel.edu.br\/naaf\/wp-json\/wp\/v2\/pages\/2880\/revisions"}],"predecessor-version":[{"id":2895,"href":"https:\/\/wp.ufpel.edu.br\/naaf\/wp-json\/wp\/v2\/pages\/2880\/revisions\/2895"}],"up":[{"embeddable":true,"href":"https:\/\/wp.ufpel.edu.br\/naaf\/wp-json\/wp\/v2\/pages\/2840"}],"wp:attachment":[{"href":"https:\/\/wp.ufpel.edu.br\/naaf\/wp-json\/wp\/v2\/media?parent=2880"}],"curies":[{"name":"wp","href":"https:\/\/api.w.org\/{rel}","templated":true}]}}