{"id":2878,"date":"2022-03-22T11:37:17","date_gmt":"2022-03-22T14:37:17","guid":{"rendered":"https:\/\/wp.ufpel.edu.br\/naaf\/?page_id=2878"},"modified":"2022-03-23T09:37:45","modified_gmt":"2022-03-23T12:37:45","slug":"semana-da-consciencia-negra-de-arroio-grande-edicao-maristela-correa-09-10-e-12-de-novembro-2018","status":"publish","type":"page","link":"https:\/\/wp.ufpel.edu.br\/naaf\/eventos\/eventos-2018\/semana-da-consciencia-negra-de-arroio-grande-edicao-maristela-correa-09-10-e-12-de-novembro-2018\/","title":{"rendered":"Semana da Consci\u00eancia Negra de Arroio Grande &#8211; Edi\u00e7\u00e3o: MARISTELA CORR\u00caA- 09, 10 e 12 de Novembro, 2018.\u00a0"},"content":{"rendered":"<p style=\"text-align: right\"><span style=\"color: #000000;font-size: 10pt\"><strong><em>Acad. Geiselaine Dias, Lourivaldo Jr. Isadora Caleiro, Marcela Lima e Servidor Damasio Rodrigues<\/em><\/strong><\/span><\/p>\n<p style=\"text-align: justify\"><span style=\"color: #000000\">O munic\u00edpio de Arroio Grande recebeu a 1\u00aa \u00a0Semana da Consci\u00eancia Negra, no m\u00eas de Novembro, evento que abordou temas como \u00a0educa\u00e7\u00e3o, cultura, sa\u00fade e seguran\u00e7a da comunidade negra arroio-grandense. Foram realizadas palestras, apresenta\u00e7\u00f5es culturais, oficinas did\u00e1tico-pedag\u00f3gicas e uma mostra de cinema, em diferentes espa\u00e7os. Este evento foi organizado e coordenado pela Secretaria da Cultura de Arroio Grande, Grupo Design, Escola e Arte\/UFPel, N\u00facleo de A\u00e7\u00f5es Afirmativas e Diversidade\/UFPel, al\u00e9m de cidad\u00e3os e cidad\u00e3s arroio-grandenses. A sociedade de Arroio Grande teve a oportunidade de discutir temas importantes do universo da popula\u00e7\u00e3o negra, em palestras e oficinas, pelas quais espera-se inspirar muitos jovens que futuramente estar\u00e3o ingressando nas universidades da regi\u00e3o. As cotas raciais e sociais, um direito que muitos n\u00e3o exercem devido ao desconhecimento, foram amplamente abordadas pelos palestrantes, que procuraram divulgar e esclarecer d\u00favidas sobre os sistemas de cotas nas universidades p\u00fablicas.<\/span><\/p>\n<p style=\"text-align: justify\"><span style=\"color: #000000\">No primeiro dia de evento 09\/11\/2018, o foco foi direcionado para as oficinas de arte-educa\u00e7\u00e3o na pra\u00e7a em frente ao Centro de Cultura. Compareceu um grande n\u00famero de pessoas, que aproveitaram as diversas tem\u00e1ticas oferecidas: Maquiagem, tran\u00e7as, desenho, dan\u00e7a e apresenta\u00e7\u00f5es culturais.<\/span><\/p>\n<p style=\"text-align: justify\"><span style=\"color: #000000\">A beleza negra foi ressaltada atrav\u00e9s das atra\u00e7\u00f5es do segundo dia da Semana da Consci\u00eancia Negra, que aconteceu no s\u00e1bado 10\/11\/2018. Neste dia, ocorreu o Concurso Diva Negra &#8211; 2018, com desfile no lado externo do Centro de Cultura, na quadra que teve o tr\u00e2nsito interrompido, a partir das 17 horas, com apresenta\u00e7\u00e3o especial da bateria da Escola de Samba \u201cSamba no P\u00e9\u201d. Tamb\u00e9m foram reverenciados \u00a0os antepassados negros, pois todo sacrif\u00edcio que passaram proporcionou estar fazendo em 2018 essa atividade. Foi homenageada a Professora Maristela Corr\u00eaa, que est\u00e1 envolvida na causa negra h\u00e1 muito tempo. A Professora se emocionou muito e a Prof\u00aa Dr\u00aa Rosemar, chefe do N\u00facleo de A\u00e7\u00f5es Afirmativas e Diversidade acabou se pronunciando em seu lugar, falando o quanto essa senhora guerreira servia de exemplo para os demais negros que ali naquele audit\u00f3rio se encontravam. <\/span><\/p>\n<p style=\"text-align: justify\"><span style=\"color: #000000\">No terceiro e \u00faltimo dia de evento ocorreram palestras com o ex-promotor de justi\u00e7a de Arroio Grande e personalidade da comunidade negra, o advogado Wilson Farias, que narrou suas experi\u00eancias na cidade, al\u00e9m da psic\u00f3loga Tha\u00edse Mendes Farias, tratando do tema da sa\u00fade dos negros, e mesas-redondas sobre a hist\u00f3ria do negro na cidade de Arroio Grande, sa\u00fade f\u00edsica e mental da popula\u00e7\u00e3o negra e sobre a experi\u00eancia da aplica\u00e7\u00e3o da lei 10.639\/03 nas escolas do munic\u00edpio.<\/span><\/p>\n<p style=\"text-align: justify\"><span style=\"color: #000000\">Enfim, foram dias de grandes atra\u00e7\u00f5es e valoriza\u00e7\u00e3o da identidade dos negros de Arroio Grande, resgatando principalmente a contribui\u00e7\u00e3o de personalidades hist\u00f3ricas desta cidade, como a homenageada, a ilustr\u00edssima professora Maristela Corr\u00eaa.<\/span><\/p>\n<p style=\"text-align: justify\"><strong><span style=\"color: #000000\">Para ter acesso as fotos clique sobre o link abaixo:\u00a0<\/span><\/strong><\/p>\n<p style=\"text-align: left\"><a href=\"https:\/\/www.facebook.com\/pg\/prefag\/photos\/?tab=album&amp;album_id=1666257366813723\" target=\"_blank\" rel=\"noopener\">Semana da Consci\u00eancia Negra de Arroio Grande<\/a><\/p>\n","protected":false},"excerpt":{"rendered":"<p>Acad. Geiselaine Dias, Lourivaldo Jr. Isadora Caleiro, Marcela Lima e Servidor Damasio Rodrigues O munic\u00edpio de Arroio Grande recebeu a 1\u00aa \u00a0Semana da Consci\u00eancia Negra, no m\u00eas de Novembro, evento que abordou temas como \u00a0educa\u00e7\u00e3o, cultura, sa\u00fade e seguran\u00e7a da comunidade negra arroio-grandense. Foram realizadas palestras, apresenta\u00e7\u00f5es culturais, oficinas did\u00e1tico-pedag\u00f3gicas e uma mostra de cinema, &hellip; <\/p>\n<p><a class=\"more-link btn\" href=\"https:\/\/wp.ufpel.edu.br\/naaf\/eventos\/eventos-2018\/semana-da-consciencia-negra-de-arroio-grande-edicao-maristela-correa-09-10-e-12-de-novembro-2018\/\">Continue lendo<\/a><\/p>\n","protected":false},"author":1133,"featured_media":0,"parent":2840,"menu_order":2,"comment_status":"closed","ping_status":"closed","template":"","meta":{"jetpack_post_was_ever_published":false,"footnotes":""},"class_list":["post-2878","page","type-page","status-publish","hentry","nodate","item-wrap"],"jetpack_sharing_enabled":true,"jetpack_shortlink":"https:\/\/wp.me\/P9uOP6-Kq","jetpack_likes_enabled":true,"jetpack-related-posts":[{"id":2842,"url":"https:\/\/wp.ufpel.edu.br\/naaf\/eventos\/eventos-2018\/evento-ix-seminario-da-consciencia-negra-de-pelotas-seconep-2017-13-a-18-de-novembro\/","url_meta":{"origin":2878,"position":0},"title":"Evento IX Semin\u00e1rio da Consci\u00eancia Negra de Pelotas -SECONEP\/2017 &#8211; 13 \u00e0 18 de Novembro","author":"nuaad","date":"22\/03\/2022","format":false,"excerpt":"Realizado de 13 \u00a0\u00e0 18 de Novembro, no Museu do Doce, localizado no Centro de Pelotas, Pra\u00e7a Cel Pedro Os\u00f3rio, Casar\u00e3o 8. Sendo que no dia 18 foi o encerramento com o nome sempre denominado como Kizomba na Pra\u00e7a - tarde para interagir completamente com atividades art\u00edsticas e comidas e\u2026","rel":"","context":"Post similar","block_context":{"text":"Post similar","link":""},"img":{"alt_text":"","src":"https:\/\/i0.wp.com\/wp.ufpel.edu.br\/naaf\/files\/2018\/06\/23213210_758574631011012_4904965281141643428_o-1.jpg?resize=350%2C200","width":350,"height":200},"classes":[]},{"id":2880,"url":"https:\/\/wp.ufpel.edu.br\/naaf\/eventos\/eventos-2018\/x-edicao-do-seconep-2018\/","url_meta":{"origin":2878,"position":1},"title":"X Edi\u00e7\u00e3o do SECONEP, 2018. &#8211; 21, 23 e 25 de Novembro de 2018","author":"nuaad","date":"22\/03\/2022","format":false,"excerpt":"Acads. \u00a0Lourivaldo Junior e Marcela Lima O Semin\u00e1rio da Consci\u00eancia Negra de Pelotas - SECONEP - evento organizado e realizado anualmente por estudantes e servidores da UFPel, al\u00e9m da sociedade civil, completa em 2018 seus 10 anos. A import\u00e2ncia de se realizar um evento como este \u00e9 o fato de\u2026","rel":"","context":"Post similar","block_context":{"text":"Post similar","link":""},"img":{"alt_text":"","src":"","width":0,"height":0},"classes":[]},{"id":2875,"url":"https:\/\/wp.ufpel.edu.br\/naaf\/eventos\/eventos-2018\/foto-coletiva-dos-negros-e-negras-da-ufpel-20-de-novembro-2018\/","url_meta":{"origin":2878,"position":2},"title":"Foto coletiva dos Negros e Negras da UFPel &#8211; 20 de Novembro, 2018","author":"nuaad","date":"22\/03\/2022","format":false,"excerpt":"SIM, REPRESENTATIVIDADE IMPORTA! E ESTAMOS AQUI! E \u00e9 por isso, que n\u00f3s da Universidade Federal de Pelotas, nos espelhamos nos eventos da UFRGS, para mostrar que a UFPEL, tem sim, um grande n\u00famero de alunos negros e que somos resist\u00eancia! Portanto, convidamos docentes, discentes, servidores e terceirizadxs negrxs a se\u2026","rel":"","context":"Post similar","block_context":{"text":"Post similar","link":""},"img":{"alt_text":"","src":"https:\/\/i0.wp.com\/wp.ufpel.edu.br\/naaf\/files\/2018\/12\/FOTO-TWO-NEGROS-20-DE-NOV.jpg?resize=350%2C200","width":350,"height":200,"srcset":"https:\/\/i0.wp.com\/wp.ufpel.edu.br\/naaf\/files\/2018\/12\/FOTO-TWO-NEGROS-20-DE-NOV.jpg?resize=350%2C200 1x, https:\/\/i0.wp.com\/wp.ufpel.edu.br\/naaf\/files\/2018\/12\/FOTO-TWO-NEGROS-20-DE-NOV.jpg?resize=525%2C300 1.5x, https:\/\/i0.wp.com\/wp.ufpel.edu.br\/naaf\/files\/2018\/12\/FOTO-TWO-NEGROS-20-DE-NOV.jpg?resize=700%2C400 2x"},"classes":[]},{"id":2869,"url":"https:\/\/wp.ufpel.edu.br\/naaf\/eventos\/eventos-2018\/sus-voce-conhece-a-politica-nacional-de-saude-integral-da-populacao-negra\/","url_meta":{"origin":2878,"position":3},"title":"#SUS: Voc\u00ea conhece a Pol\u00edtica Nacional de Sa\u00fade Integral da Popula\u00e7\u00e3o Negra? &#8211; 16 de Julho de 2018","author":"nuaad","date":"22\/03\/2022","format":false,"excerpt":"Acad.\u00a0 Isadora Cardoso Caleiro \u00a0\u00a0Na segunda feira dia dezesseis de julho aconteceu no Centro de Engenharias da UFPel \u2013 CEng, a palestra: Da Adversidade para a Diversidade: O Espa\u00e7o de Jovens Negras no Mercado de Trabalho, contando com a presen\u00e7a de tr\u00eas jovens negras que atuam na \u00e1rea da Engenharia,\u2026","rel":"","context":"Post similar","block_context":{"text":"Post similar","link":""},"img":{"alt_text":"","src":"https:\/\/i0.wp.com\/wp.ufpel.edu.br\/naaf\/files\/2018\/08\/evento-Da-adiversidade-para-a-diversidade-400x267.jpg?resize=350%2C200&ssl=1","width":350,"height":200},"classes":[]},{"id":2865,"url":"https:\/\/wp.ufpel.edu.br\/naaf\/eventos\/eventos-2018\/2o-ed-seminario-discutindo-o-25-de-julho-o-que-eu-tenho-a-ver-com-isso\/","url_meta":{"origin":2878,"position":4},"title":"\u00a02\u00ba Ed. Semin\u00e1rio: Discutindo O 25 De Julho \u2013 O Que Eu Tenho a Ver Com Isso? 26, 27, 28 de Julho de 2018","author":"nuaad","date":"22\/03\/2022","format":false,"excerpt":"Nos dias 26, 27 e 28 de julho, no Audit\u00f3rio T\u00e9rreo do Campus II-ICH, DA Universidade Federal de Pelotas (UFPel), foi realizada a segunda edi\u00e7\u00e3o do Semin\u00e1rio \u201cDiscutindo O 25 De Julho \u2013 O Que Eu Tenho a Ver Com Isso?\u201d, organizado pelo N\u00facleo de A\u00e7\u00f5es Afirmativas e Diversidade (NUAAD),\u2026","rel":"","context":"Post similar","block_context":{"text":"Post similar","link":""},"img":{"alt_text":"","src":"","width":0,"height":0},"classes":[]},{"id":3080,"url":"https:\/\/wp.ufpel.edu.br\/naaf\/projetos-externos\/stay-black\/","url_meta":{"origin":2878,"position":5},"title":"Stay Black","author":"nuaad","date":"07\/04\/2022","format":false,"excerpt":"Idealizado em 2016, em Pelotas, pela MC e produtora Bartira \"B.ART\" Val Marques, o coletivo Stay Black come\u00e7ou enquanto um organizador de rodas de conversa, festas e eventos de rua com o prop\u00f3sito de exaltar a cultura negra e, hoje, \u00e9 uma produtora musical focada em divulgar e fortalecer artistas\u2026","rel":"","context":"Post similar","block_context":{"text":"Post similar","link":""},"img":{"alt_text":"","src":"https:\/\/i0.wp.com\/wp.ufpel.edu.br\/naaf\/files\/2022\/04\/WhatsApp-Image-2022-04-07-at-11.13.09-e1649341325447-400x118.jpeg?resize=350%2C200&ssl=1","width":350,"height":200},"classes":[]}],"_links":{"self":[{"href":"https:\/\/wp.ufpel.edu.br\/naaf\/wp-json\/wp\/v2\/pages\/2878","targetHints":{"allow":["GET"]}}],"collection":[{"href":"https:\/\/wp.ufpel.edu.br\/naaf\/wp-json\/wp\/v2\/pages"}],"about":[{"href":"https:\/\/wp.ufpel.edu.br\/naaf\/wp-json\/wp\/v2\/types\/page"}],"author":[{"embeddable":true,"href":"https:\/\/wp.ufpel.edu.br\/naaf\/wp-json\/wp\/v2\/users\/1133"}],"replies":[{"embeddable":true,"href":"https:\/\/wp.ufpel.edu.br\/naaf\/wp-json\/wp\/v2\/comments?post=2878"}],"version-history":[{"count":2,"href":"https:\/\/wp.ufpel.edu.br\/naaf\/wp-json\/wp\/v2\/pages\/2878\/revisions"}],"predecessor-version":[{"id":2900,"href":"https:\/\/wp.ufpel.edu.br\/naaf\/wp-json\/wp\/v2\/pages\/2878\/revisions\/2900"}],"up":[{"embeddable":true,"href":"https:\/\/wp.ufpel.edu.br\/naaf\/wp-json\/wp\/v2\/pages\/2840"}],"wp:attachment":[{"href":"https:\/\/wp.ufpel.edu.br\/naaf\/wp-json\/wp\/v2\/media?parent=2878"}],"curies":[{"name":"wp","href":"https:\/\/api.w.org\/{rel}","templated":true}]}}