{"id":2873,"date":"2022-03-22T11:34:14","date_gmt":"2022-03-22T14:34:14","guid":{"rendered":"https:\/\/wp.ufpel.edu.br\/naaf\/?page_id=2873"},"modified":"2022-03-23T09:36:49","modified_gmt":"2022-03-23T12:36:49","slug":"prefeitura-municipal-e-universidade-federal-de-pelotas-realizam-em-parceria-curso-de-capacitacao-para-comissoes-de-heteroidentificacao-17-de-setembro-2018","status":"publish","type":"page","link":"https:\/\/wp.ufpel.edu.br\/naaf\/eventos\/eventos-2018\/prefeitura-municipal-e-universidade-federal-de-pelotas-realizam-em-parceria-curso-de-capacitacao-para-comissoes-de-heteroidentificacao-17-de-setembro-2018\/","title":{"rendered":"Prefeitura Municipal e Universidade Federal de Pelotas realizam \u00a0em parceria \u201cCurso de Capacita\u00e7\u00e3o para Comiss\u00f5es de Heteroidentifica\u00e7\u00e3o\u201d &#8211; 17 de Setembro, 2018"},"content":{"rendered":"<p style=\"text-align: right\"><span style=\"background-color: #ffffff;color: #000000\"><strong><i>Acads. Marcela Lima e Isadora Caleiro<\/i><\/strong><\/span><\/p>\n<p style=\"text-align: justify\"><span style=\"font-weight: 400;background-color: #ffffff;color: #000000\">O N\u00facleo de A\u00e7\u00f5es Afirmativas e Diversidade da UFPel, juntamente com a Prefeitura Municipal de Pelotas, realizou, nesta <strong>segunda-feira, 17 de setembro, o Curso Intensivo de Capacita\u00e7\u00e3o para Comiss\u00f5es de Heteroidentifica\u00e7\u00e3o, na sala de reuni\u00f5es do COCEPE\/UFPel<\/strong>. <\/span><span style=\"background-color: #ffffff;color: #000000\"><span style=\"font-weight: 400\">A<\/span><span style=\"font-weight: 400\"> Portaria Normativa n\u00b0 4, emitida pelo Minist\u00e9rio do Planejamento, Desenvolvimento e Gest\u00e3o, regulamenta um procedimento chamado de heteroidentifica\u00e7\u00e3o, <\/span><span style=\"font-weight: 400\">que tem por fun\u00e7\u00e3o <\/span><span style=\"font-weight: 400\">verificar as autodeclara\u00e7\u00f5es apresentadas por candidatos que estejam concorrendo pelas vagas reservadas \u00e0 popula\u00e7\u00e3o negra ou ind\u00edgenas, determinando se os mesmos s\u00e3o realmente sujeitos de direito, dessa forma, evitando eventuais fraudes.\u00a0<\/span><\/span><span style=\"font-weight: 400;background-color: #ffffff;color: #000000\">A norma prev\u00ea que essas bancas devem ter cinco pessoas, al\u00e9m de suplentes, todas \u201cde reputa\u00e7\u00e3o ilibada, residentes no Brasil e que tenham participado do curso sobre a tem\u00e1tica da promo\u00e7\u00e3o da igualdade racial e do enfrentamento ao racismo\u201d (art. 6\u00ba, \u00a71\u00ba da Portaria Normativa n\u00ba 4).<\/span><\/p>\n<p style=\"text-align: justify\"><span style=\"font-weight: 400;background-color: #ffffff;color: #000000\">Outro crit\u00e9rio \u00e9 o de que esses grupos sejam formados de maneira diversa, com homens, mulheres, brancos e negros. Conscientes desta determina\u00e7\u00e3o, das 8h at\u00e9 \u00e0s 19h, os participantes passaram por palestras que tencionaram \u00e0s quest\u00f5es raciais e sobre reserva de vagas para ingressantes na UFPel ou postulantes ao servi\u00e7o p\u00fablico municipal. A capacita\u00e7\u00e3o contou uma programa\u00e7\u00e3o que incluiu: di\u00e1logos, din\u00e2micas e trocas de experi\u00eancias. \u00a0<\/span><span style=\"font-weight: 400;background-color: #ffffff;color: #000000\">\u201cO processo \u00e9 reparat\u00f3rio e \u00e9 muito confundido como benef\u00edcio\u201d relatou o professor e advogado F\u00e1bio Gon\u00e7alves, pontuando a import\u00e2ncia dessa forma de avalia\u00e7\u00e3o nos concursos, pois antes disto, as fraudes eram recorrentes e agora, com a presen\u00e7a desses cursos de heteroidentifica\u00e7\u00e3o, o controle para o acesso eficaz e sem irregularidades \u00e9 maior.<\/span><\/p>\n<p style=\"text-align: justify\"><span style=\"font-weight: 400;background-color: #ffffff;color: #000000\">Em nome da Prefeitura Municipal de Pelotas, a professora Clotilde Vit\u00f3ria, pontuou a necessidade das A\u00e7\u00f5es Afirmativas: \u201cConstantemente essas pol\u00edticas se fazem necess\u00e1rias at\u00e9 que se apague definitivamente as marcas que esse regime social de sujei\u00e7\u00e3o deixou, para que haja realmente uma sociedade igualit\u00e1ria\u201d. A professora Rosemar Lemos, chefe do NUAAD, realizou uma din\u00e2mica educativa sobre a \u00a0identifica\u00e7\u00e3o dos enfrentamentos dos negros na sociedade. Palestraram ainda: acad\u00eamica Geiselaine Dias, a professora Ledeci Coutinho e os advogados Alexandre Gastal e Ros\u00e2ngela Minho. Profissionais que contribu\u00edram para a forma\u00e7\u00e3o de vinte pessoas que, basicamente capacitadas neste curso receberam ao final a devida certifica\u00e7\u00e3o.<\/span><\/p>\n","protected":false},"excerpt":{"rendered":"<p>Acads. Marcela Lima e Isadora Caleiro O N\u00facleo de A\u00e7\u00f5es Afirmativas e Diversidade da UFPel, juntamente com a Prefeitura Municipal de Pelotas, realizou, nesta segunda-feira, 17 de setembro, o Curso Intensivo de Capacita\u00e7\u00e3o para Comiss\u00f5es de Heteroidentifica\u00e7\u00e3o, na sala de reuni\u00f5es do COCEPE\/UFPel. A Portaria Normativa n\u00b0 4, emitida pelo Minist\u00e9rio do Planejamento, Desenvolvimento e &hellip; <\/p>\n<p><a class=\"more-link btn\" href=\"https:\/\/wp.ufpel.edu.br\/naaf\/eventos\/eventos-2018\/prefeitura-municipal-e-universidade-federal-de-pelotas-realizam-em-parceria-curso-de-capacitacao-para-comissoes-de-heteroidentificacao-17-de-setembro-2018\/\">Continue lendo<\/a><\/p>\n","protected":false},"author":1133,"featured_media":0,"parent":2840,"menu_order":3,"comment_status":"closed","ping_status":"closed","template":"","meta":{"jetpack_post_was_ever_published":false,"footnotes":""},"class_list":["post-2873","page","type-page","status-publish","hentry","nodate","item-wrap"],"jetpack_sharing_enabled":true,"jetpack_shortlink":"https:\/\/wp.me\/P9uOP6-Kl","jetpack_likes_enabled":true,"jetpack-related-posts":[{"id":2844,"url":"https:\/\/wp.ufpel.edu.br\/naaf\/eventos\/eventos-2018\/curso-de-capacitacao-promovido-pelo-nuaad-para-comissao-de-verificacao-de-alunos-e-servidores-ingressantes-na-ufpel-via-cotas-raciais\/","url_meta":{"origin":2873,"position":0},"title":"Curso de Capacita\u00e7\u00e3o promovido pelo NUAAD, para Comiss\u00e3o de Verifica\u00e7\u00e3o de alunos e servidores ingressantes na UFPel via Cotas Raciais.\u00a025 e 26 de Janeiro de 2018 \u00a0\u00a0","author":"nuaad","date":"22\/03\/2022","format":false,"excerpt":"Acad\u00eamica Geiselaine Dias e Servidor Damasio Duval \u00a0\u00a0\u00a0\u00a0\u00a0\u00a0\u00a0\u00a0\u00a0\u00a0\u00a0\u00a0\u00a0\u00a0\u00a0\u00a0\u00a0\u00a0\u00a0\u00a0\u00a0\u00a0\u00a0\u00a0\u00a0\u00a0\u00a0\u00a0\u00a0\u00a0\u00a0\u00a0\u00a0\u00a0\u00a0\u00a0\u00a0\u00a0\u00a0\u00a0\u00a0 \u00a0 \u00a0 \u00a0 \u00a0 \u00a0 \u00a0 \u00a0 \u00a0 \u00a0 \u00a0\u00a0 O N\u00facleo de A\u00e7\u00f5es Afirmativas e Diversidade da UFPel, realizou, nos dias 25 e 26 de janeiro, o Curso de Capacita\u00e7\u00e3o para Comiss\u00f5es de Heteroidentifica\u00e7\u00e3o, no pr\u00e9dio Lyceu Rio-grandense - \u00a0Sala do\u2026","rel":"","context":"Post similar","block_context":{"text":"Post similar","link":""},"img":{"alt_text":"","src":"","width":0,"height":0},"classes":[]},{"id":2854,"url":"https:\/\/wp.ufpel.edu.br\/naaf\/eventos\/eventos-2018\/oficina-de-promocao-da-igualdade-racial-e-enfrentamento-ao-racismo-2018-18-de-maio\/","url_meta":{"origin":2873,"position":1},"title":"Oficina de Promo\u00e7\u00e3o da Igualdade Racial e Enfrentamento ao Racismo\/ 2018 &#8211; 18 de Maio","author":"nuaad","date":"22\/03\/2022","format":false,"excerpt":"Comiss\u00e3o Especial que analisa a veracidade do componente \u00e9tnico-racial dos candidatos que se autodeclaram negros nos processos seletivos ou em concursos p\u00fablicos para provimentos de cargos na Universidade Federal de Pelotas, em conjunto com a Coordena\u00e7\u00e3o de Inclus\u00e3o e Diversidade promoveu na \u00faltima sexta-feira, dia 18 de maio, oficina denominada\u2026","rel":"","context":"Post similar","block_context":{"text":"Post similar","link":""},"img":{"alt_text":"","src":"https:\/\/i0.wp.com\/wp.ufpel.edu.br\/naaf\/files\/2018\/06\/Design-sem-nome.png?resize=350%2C200","width":350,"height":200,"srcset":"https:\/\/i0.wp.com\/wp.ufpel.edu.br\/naaf\/files\/2018\/06\/Design-sem-nome.png?resize=350%2C200 1x, https:\/\/i0.wp.com\/wp.ufpel.edu.br\/naaf\/files\/2018\/06\/Design-sem-nome.png?resize=525%2C300 1.5x, https:\/\/i0.wp.com\/wp.ufpel.edu.br\/naaf\/files\/2018\/06\/Design-sem-nome.png?resize=700%2C400 2x, https:\/\/i0.wp.com\/wp.ufpel.edu.br\/naaf\/files\/2018\/06\/Design-sem-nome.png?resize=1050%2C600 3x"},"classes":[]},{"id":61,"url":"https:\/\/wp.ufpel.edu.br\/naaf\/politicas\/","url_meta":{"origin":2873,"position":2},"title":"Pol\u00edticas de A\u00e7\u00f5es Afirmativas da UFPel","author":"naaf","date":"19\/09\/2017","format":false,"excerpt":"Sobre pol\u00edticas de a\u00e7\u00f5es afirmativas Ap\u00f3s um longo per\u00edodo de lutas dos movimentos sociais e implementa\u00e7\u00e3o de pol\u00edticas de n\u00edvel estadual e aut\u00f4nomas em algumas institui\u00e7\u00f5es, as pol\u00edticas de a\u00e7\u00f5es afirmativas nas Institui\u00e7\u00f5es Federais de Ensino Superior (IFES) foram aprovadas em n\u00edvel federal pela Lei 12.711\/12. Esta lei ficou conhecida\u2026","rel":"","context":"Post similar","block_context":{"text":"Post similar","link":""},"img":{"alt_text":"","src":"","width":0,"height":0},"classes":[]},{"id":2871,"url":"https:\/\/wp.ufpel.edu.br\/naaf\/eventos\/eventos-2018\/ifsul-de-pelotas-inaugura-sala-de-acoes-afirmativas-e-diversidade-12-09-2018\/","url_meta":{"origin":2873,"position":3},"title":"IFSUL DE PELOTAS INAUGURA SALA DE A\u00c7\u00d5ES AFIRMATIVAS E DIVERSIDADE 12\/09\/2018","author":"nuaad","date":"22\/03\/2022","format":false,"excerpt":"\u00a0Pelas Acads. Marcela Lima e Isadora Caleiro Aconteceu na tarde de quarta-feira (12 de setembro de 2018), a inaugura\u00e7\u00e3o da Sala dos N\u00facleos de A\u00e7\u00f5es Afirmativas \u00a0do IFSul da cidade Pelotas, na qual foram instalados o NUGED (N\u00facleo de G\u00eanero e Diversidade), NEABI (N\u00facleo de Estudos Afro e Ind\u00edgenas) e\u2026","rel":"","context":"Post similar","block_context":{"text":"Post similar","link":""},"img":{"alt_text":"","src":"","width":0,"height":0},"classes":[]},{"id":3447,"url":"https:\/\/wp.ufpel.edu.br\/naaf\/diretrizes-para-recurso\/","url_meta":{"origin":2873,"position":4},"title":"Diretrizes para Recurso","author":"nuaad","date":"26\/08\/2022","format":false,"excerpt":"A divulga\u00e7\u00e3o dos resultados do procedimento de heteroidentifica\u00e7\u00e3o \u00e9 de responsabilidade da unidade organizadora do processo seletivo. O(a) candidato(a) dever\u00e1 acompanhar a p\u00e1gina oficial do processo seletivo do qual participa. Em caso de indeferimento, o(a) candidato(a) poder\u00e1 interpor recurso, no prazo de 3 dias \u00fateis, contados a partir da divulga\u00e7\u00e3o\u2026","rel":"","context":"Post similar","block_context":{"text":"Post similar","link":""},"img":{"alt_text":"","src":"","width":0,"height":0},"classes":[]},{"id":2863,"url":"https:\/\/wp.ufpel.edu.br\/naaf\/eventos\/eventos-2018\/nuaad-na-fenadoce-de-pelotas-2018-07-junho\/","url_meta":{"origin":2873,"position":5},"title":"NUAAD na Fenadoce de Pelotas\/ 2018 &#8211; 07 Junho","author":"nuaad","date":"22\/03\/2022","format":false,"excerpt":"Evento anual recebeu estande do NUAAD UFPEL No dia 07 de junho, quinta-feira, O NUAAD (N\u00facleo de A\u00e7\u00f5es Afirmativas) compareceu a Fenadoce de Pelotas, evento com foco na gastronomia do doce e na tradi\u00e7\u00e3o doceira de Pelotas, que se realiza desde o ano de 1986 na cidade, organizado pela prefeitura\u2026","rel":"","context":"Post similar","block_context":{"text":"Post similar","link":""},"img":{"alt_text":"","src":"https:\/\/i0.wp.com\/wp.ufpel.edu.br\/naaf\/files\/2018\/06\/3b09937b-6f29-412f-989a-6fe5de36b5d2.jpeg?resize=350%2C200","width":350,"height":200,"srcset":"https:\/\/i0.wp.com\/wp.ufpel.edu.br\/naaf\/files\/2018\/06\/3b09937b-6f29-412f-989a-6fe5de36b5d2.jpeg?resize=350%2C200 1x, https:\/\/i0.wp.com\/wp.ufpel.edu.br\/naaf\/files\/2018\/06\/3b09937b-6f29-412f-989a-6fe5de36b5d2.jpeg?resize=525%2C300 1.5x, https:\/\/i0.wp.com\/wp.ufpel.edu.br\/naaf\/files\/2018\/06\/3b09937b-6f29-412f-989a-6fe5de36b5d2.jpeg?resize=700%2C400 2x"},"classes":[]}],"_links":{"self":[{"href":"https:\/\/wp.ufpel.edu.br\/naaf\/wp-json\/wp\/v2\/pages\/2873","targetHints":{"allow":["GET"]}}],"collection":[{"href":"https:\/\/wp.ufpel.edu.br\/naaf\/wp-json\/wp\/v2\/pages"}],"about":[{"href":"https:\/\/wp.ufpel.edu.br\/naaf\/wp-json\/wp\/v2\/types\/page"}],"author":[{"embeddable":true,"href":"https:\/\/wp.ufpel.edu.br\/naaf\/wp-json\/wp\/v2\/users\/1133"}],"replies":[{"embeddable":true,"href":"https:\/\/wp.ufpel.edu.br\/naaf\/wp-json\/wp\/v2\/comments?post=2873"}],"version-history":[{"count":1,"href":"https:\/\/wp.ufpel.edu.br\/naaf\/wp-json\/wp\/v2\/pages\/2873\/revisions"}],"predecessor-version":[{"id":2874,"href":"https:\/\/wp.ufpel.edu.br\/naaf\/wp-json\/wp\/v2\/pages\/2873\/revisions\/2874"}],"up":[{"embeddable":true,"href":"https:\/\/wp.ufpel.edu.br\/naaf\/wp-json\/wp\/v2\/pages\/2840"}],"wp:attachment":[{"href":"https:\/\/wp.ufpel.edu.br\/naaf\/wp-json\/wp\/v2\/media?parent=2873"}],"curies":[{"name":"wp","href":"https:\/\/api.w.org\/{rel}","templated":true}]}}