{"id":2871,"date":"2022-03-22T11:32:03","date_gmt":"2022-03-22T14:32:03","guid":{"rendered":"https:\/\/wp.ufpel.edu.br\/naaf\/?page_id=2871"},"modified":"2022-03-23T09:35:09","modified_gmt":"2022-03-23T12:35:09","slug":"ifsul-de-pelotas-inaugura-sala-de-acoes-afirmativas-e-diversidade-12-09-2018","status":"publish","type":"page","link":"https:\/\/wp.ufpel.edu.br\/naaf\/eventos\/eventos-2018\/ifsul-de-pelotas-inaugura-sala-de-acoes-afirmativas-e-diversidade-12-09-2018\/","title":{"rendered":"IFSUL DE PELOTAS INAUGURA SALA DE A\u00c7\u00d5ES AFIRMATIVAS E DIVERSIDADE 12\/09\/2018"},"content":{"rendered":"<p style=\"text-align: right\"><span style=\"color: #000000\"><i><strong>\u00a0Pelas Acads. Marcela Lima e Isadora Caleiro<\/strong><\/i><\/span><\/p>\n<p style=\"text-align: justify\"><span style=\"color: #000000\">Aconteceu na tarde de quarta-feira (12 de setembro de 2018), a inaugura\u00e7\u00e3o da Sala dos N\u00facleos de A\u00e7\u00f5es Afirmativas \u00a0do IFSul da cidade Pelotas, na qual foram instalados o NUGED (N\u00facleo de G\u00eanero e Diversidade), NEABI (N\u00facleo de Estudos Afro e Ind\u00edgenas) e o NAPNE (N\u00facleo de Apoio a Necessidades Especiais).<\/span><\/p>\n<p style=\"text-align: justify\"><span style=\"color: #000000\">Uma iniciativa que busca aproximar alunos e servidores das rela\u00e7\u00f5es \u00e9tnico-raciais e das quest\u00f5es de g\u00eanero e acessibilidade, oportunizando um espa\u00e7o de di\u00e1logos, pesquisa, oficinas e din\u00e2micas, dando voz \u00e0s demandas de inser\u00e7\u00e3o desses alunos e compreens\u00e3o de ra\u00e7a, g\u00eanero e diversidade nas suas necessidades particulares e no \u00e2mbito \u00a0escolar. A professora respons\u00e1vel pela elabora\u00e7\u00e3o da sala Renata Porcellis (t\u00e9cnica em a\u00e7\u00f5es educacionais e pesquisadora em g\u00eanero e identidade) falou sobre a necessidade que o Instituto tinha em poder contar com uma sala que pudesse acolher essas quest\u00f5es, a qual todos os alunos tivessem acesso.<\/span><\/p>\n<p style=\"text-align: justify\"><span style=\"color: #000000\">A aluna do curso integrado de comunica\u00e7\u00e3o visual, Natalia Fagundes, de 18 anos, relatou que \u201cA sala ainda n\u00e3o tem muita visibilidade, mas eu, como mulher LGBT negra, vou ajudar para que esse lugar de aceita\u00e7\u00e3o e lutas, sirva para muitas pessoas que procuram um espa\u00e7o para se identificar, o IF est\u00e1 de parab\u00e9ns por essa iniciativa\u201d<\/span><\/p>\n<p style=\"text-align: justify\"><span style=\"color: #000000\">Programa\u00e7\u00f5es est\u00e3o sendo organizadas com tem\u00e1ticas de interesse dos alunos e das suas diversas necessidades. Tereza Cristina B. Duarte, professora de Artes Visuais, \u00e9 a respons\u00e1vel pelo NEABI, sendo uma das \u00fanicas professoras negras da IFSul Pelotas, entende louv\u00e1vel, depois de tanto tempo, o Campus ser contemplado com esse espa\u00e7o, no qual se poder\u00e1 levantar quest\u00f5es de ra\u00e7a e g\u00eanero em um trabalho colaborativo com os alunos, professores e servidores da institui\u00e7\u00e3o. A demanda partiu dos alunos (gr\u00eamio estudantil) e logo depois os professores foram aderindo \u00e0 luta, \u00a0al\u00e9m de poderem colocar essas quest\u00f5es no \u00e2mbito acad\u00eamico, nas aulas, nos debates na sala.<\/span><\/p>\n<p style=\"text-align: justify\"><span style=\"color: #000000\">V\u00e1rios alunos, professores e convidados prestigiaram a inaugura\u00e7\u00e3o, al\u00e9m da representa\u00e7\u00e3o do N\u00facleo de A\u00e7\u00f5es Afirmativas e Diversidade da UFPel \u2013 Chefia e bolsistas. \u00a0No evento houve m\u00fasica, salgados, do\u00e7uras e muita conversa produtiva, al\u00e9m da performance de Jackson Paes da Silva \u2013 Drag Ravena.<\/span><\/p>\n<p style=\"text-align: justify\"><span style=\"color: #000000\">A Chefe do N\u00facleo de A\u00e7\u00f5es Afirmativas e Diversidade da UFPEL, Prof. Rosemar Lemos e as bolsistas Marcela Lima e Isadora Caleiro prestigiaram a iniciativa daquela Institui\u00e7\u00e3o de Ensino Superior.<\/span><\/p>\n","protected":false},"excerpt":{"rendered":"<p>\u00a0Pelas Acads. Marcela Lima e Isadora Caleiro Aconteceu na tarde de quarta-feira (12 de setembro de 2018), a inaugura\u00e7\u00e3o da Sala dos N\u00facleos de A\u00e7\u00f5es Afirmativas \u00a0do IFSul da cidade Pelotas, na qual foram instalados o NUGED (N\u00facleo de G\u00eanero e Diversidade), NEABI (N\u00facleo de Estudos Afro e Ind\u00edgenas) e o NAPNE (N\u00facleo de Apoio &hellip; <\/p>\n<p><a class=\"more-link btn\" href=\"https:\/\/wp.ufpel.edu.br\/naaf\/eventos\/eventos-2018\/ifsul-de-pelotas-inaugura-sala-de-acoes-afirmativas-e-diversidade-12-09-2018\/\">Continue lendo<\/a><\/p>\n","protected":false},"author":1133,"featured_media":0,"parent":2840,"menu_order":4,"comment_status":"closed","ping_status":"closed","template":"","meta":{"jetpack_post_was_ever_published":false,"footnotes":""},"class_list":["post-2871","page","type-page","status-publish","hentry","nodate","item-wrap"],"jetpack_sharing_enabled":true,"jetpack_shortlink":"https:\/\/wp.me\/P9uOP6-Kj","jetpack_likes_enabled":true,"jetpack-related-posts":[{"id":2844,"url":"https:\/\/wp.ufpel.edu.br\/naaf\/eventos\/eventos-2018\/curso-de-capacitacao-promovido-pelo-nuaad-para-comissao-de-verificacao-de-alunos-e-servidores-ingressantes-na-ufpel-via-cotas-raciais\/","url_meta":{"origin":2871,"position":0},"title":"Curso de Capacita\u00e7\u00e3o promovido pelo NUAAD, para Comiss\u00e3o de Verifica\u00e7\u00e3o de alunos e servidores ingressantes na UFPel via Cotas Raciais.\u00a025 e 26 de Janeiro de 2018 \u00a0\u00a0","author":"nuaad","date":"22\/03\/2022","format":false,"excerpt":"Acad\u00eamica Geiselaine Dias e Servidor Damasio Duval \u00a0\u00a0\u00a0\u00a0\u00a0\u00a0\u00a0\u00a0\u00a0\u00a0\u00a0\u00a0\u00a0\u00a0\u00a0\u00a0\u00a0\u00a0\u00a0\u00a0\u00a0\u00a0\u00a0\u00a0\u00a0\u00a0\u00a0\u00a0\u00a0\u00a0\u00a0\u00a0\u00a0\u00a0\u00a0\u00a0\u00a0\u00a0\u00a0\u00a0\u00a0 \u00a0 \u00a0 \u00a0 \u00a0 \u00a0 \u00a0 \u00a0 \u00a0 \u00a0 \u00a0\u00a0 O N\u00facleo de A\u00e7\u00f5es Afirmativas e Diversidade da UFPel, realizou, nos dias 25 e 26 de janeiro, o Curso de Capacita\u00e7\u00e3o para Comiss\u00f5es de Heteroidentifica\u00e7\u00e3o, no pr\u00e9dio Lyceu Rio-grandense - \u00a0Sala do\u2026","rel":"","context":"Post similar","block_context":{"text":"Post similar","link":""},"img":{"alt_text":"","src":"","width":0,"height":0},"classes":[]},{"id":2865,"url":"https:\/\/wp.ufpel.edu.br\/naaf\/eventos\/eventos-2018\/2o-ed-seminario-discutindo-o-25-de-julho-o-que-eu-tenho-a-ver-com-isso\/","url_meta":{"origin":2871,"position":1},"title":"\u00a02\u00ba Ed. Semin\u00e1rio: Discutindo O 25 De Julho \u2013 O Que Eu Tenho a Ver Com Isso? 26, 27, 28 de Julho de 2018","author":"nuaad","date":"22\/03\/2022","format":false,"excerpt":"Nos dias 26, 27 e 28 de julho, no Audit\u00f3rio T\u00e9rreo do Campus II-ICH, DA Universidade Federal de Pelotas (UFPel), foi realizada a segunda edi\u00e7\u00e3o do Semin\u00e1rio \u201cDiscutindo O 25 De Julho \u2013 O Que Eu Tenho a Ver Com Isso?\u201d, organizado pelo N\u00facleo de A\u00e7\u00f5es Afirmativas e Diversidade (NUAAD),\u2026","rel":"","context":"Post similar","block_context":{"text":"Post similar","link":""},"img":{"alt_text":"","src":"","width":0,"height":0},"classes":[]},{"id":2861,"url":"https:\/\/wp.ufpel.edu.br\/naaf\/eventos\/eventos-2018\/nuaad-na-radiocom-a-importancia-das-cotas-como-instrumento-de-reparacao-social-na-historica-2018-26-de-maio\/","url_meta":{"origin":2871,"position":2},"title":"NUAAD na R\u00e1diocom, a Import\u00e2ncia das Cotas como Instrumento de Repara\u00e7\u00e3o Social na Hist\u00f3rica\/ 2018 &#8211; 26 de Maio","author":"nuaad","date":"22\/03\/2022","format":false,"excerpt":"O programa apresentado por Felipe Souza, no dia 26\/05, na R\u00e1dioCom , contou com a significativa participa\u00e7\u00e3o das entrevistadas Beatriz Helena Mendes da Silva, Bacharel em Antropologia pela UFPEL e Rosemar Gomes Lemos, Professora Associada da UFPEL, Chefe do N\u00facleo de A\u00e7\u00f5es Afirmativas e Diversidade (NUAAD) ambas contribu\u00edram com as\u2026","rel":"","context":"Post similar","block_context":{"text":"Post similar","link":""},"img":{"alt_text":"","src":"https:\/\/i0.wp.com\/wp.ufpel.edu.br\/naaf\/files\/2018\/06\/32242c2b-6d13-4b62-a03a-cad70444a8b2.jpeg?resize=350%2C200","width":350,"height":200,"srcset":"https:\/\/i0.wp.com\/wp.ufpel.edu.br\/naaf\/files\/2018\/06\/32242c2b-6d13-4b62-a03a-cad70444a8b2.jpeg?resize=350%2C200 1x, https:\/\/i0.wp.com\/wp.ufpel.edu.br\/naaf\/files\/2018\/06\/32242c2b-6d13-4b62-a03a-cad70444a8b2.jpeg?resize=525%2C300 1.5x, https:\/\/i0.wp.com\/wp.ufpel.edu.br\/naaf\/files\/2018\/06\/32242c2b-6d13-4b62-a03a-cad70444a8b2.jpeg?resize=700%2C400 2x"},"classes":[]},{"id":2836,"url":"https:\/\/wp.ufpel.edu.br\/naaf\/eventos\/eventos-2017\/i-jornada-do-nucleo-de-estudos-e-pesquisas-eleeko-enfrentamento-a-violencia-racial-de-genero-e-sexualidade-em-dialogo-com-o-crprs-17-e-18-de-outubro-de-2017\/","url_meta":{"origin":2871,"position":3},"title":"I Jornada do N\u00facleo de Estudos e Pesquisas \u00c9\u2019l\u00e9\u00e9ko: Enfrentamento \u00e0 Viol\u00eancia Racial, de G\u00eanero e Sexualidade em di\u00e1logo com o CRPRS &#8211; 17 e 18 de Outubro de 2017","author":"nuaad","date":"22\/03\/2022","format":false,"excerpt":"NUAAD - N\u00facleo de A\u00e7\u00f5es Afirmativas e Diversidade UFPel\u00a0se fez presente no dia 17 de outubro na\u00a0I Jornada do N\u00facleo de Estudos e Pesquisas \u00c9\u2019l\u00e9\u00e9ko. Atrav\u00e9s dessa parceria, foram feitas identidade visual e cobertura fotogr\u00e1fica.Agradecemos a oportunidade do\u00a0Grupo E'l\u00e9\u00e9ko\u00a0vendo que o objetivo do evento foi cumprido com \u00eaxito. Sobre o\u2026","rel":"","context":"Post similar","block_context":{"text":"Post similar","link":""},"img":{"alt_text":"","src":"https:\/\/i0.wp.com\/wp.ufpel.edu.br\/naaf\/files\/2017\/09\/jornadaeleeko_17out-54-of-112-400x266.jpg?resize=350%2C200&ssl=1","width":350,"height":200},"classes":[]},{"id":2121,"url":"https:\/\/wp.ufpel.edu.br\/naaf\/politicas\/pos-graduacao-2\/formulario-mapeamento-e-divulgacao-de-trabalhos\/","url_meta":{"origin":2871,"position":4},"title":"Mapeamento e divulga\u00e7\u00e3o de trabalhos","author":"naaf","date":"17\/07\/2020","format":false,"excerpt":"Ajude o N\u00facleo de A\u00e7\u00f5es Afirmativas e Diversidade a mapear os alunos Negros, Ind\u00edgenas e Quilombolas nos cursos de P\u00f3s-Gradua\u00e7\u00e3o da UFPel e envie seu trabalho (projeto\/disserta\u00e7\u00e3o\/tese\/artigo\/resumo expandido\/paper\/etc.). Em breve teremos uma se\u00e7\u00e3o para divulga\u00e7\u00e3o desses trabalhos no site do N\u00facleo.","rel":"","context":"Post similar","block_context":{"text":"Post similar","link":""},"img":{"alt_text":"","src":"","width":0,"height":0},"classes":[]},{"id":2859,"url":"https:\/\/wp.ufpel.edu.br\/naaf\/eventos\/eventos-2018\/i-semana-academica-africana-de-pelotas-tem-como-tema-a-colonizacao-descolonizacao-africana-e-as-transformacoes-socioeconomicas-e-culturais-no-continente\/","url_meta":{"origin":2871,"position":5},"title":"I Semana Acad\u00eamica Africana de Pelotas tem como tema a Coloniza\u00e7\u00e3o\/Descoloniza\u00e7\u00e3o Africana e as transforma\u00e7\u00f5es socioecon\u00f4micas e culturais no continente 24 e 26 de Maio de 2018","author":"nuaad","date":"22\/03\/2022","format":false,"excerpt":"Tr\u00eas dias foram dedicados para este evento, 24 e 25 de Maio, no Audit\u00f3rio do Campus ll \/ICH da UFPel Rua Almirante Barroso 1202 \u00a0 O Nuaad, esteve presente na I semana Africana de Pelotas, que ocorreu dos dias 24 a 26 de Maio, na qual a professora e chefe\u2026","rel":"","context":"Post similar","block_context":{"text":"Post similar","link":""},"img":{"alt_text":"","src":"https:\/\/i0.wp.com\/wp.ufpel.edu.br\/naaf\/files\/2018\/06\/33432942_1476839879088135_2396710000207593472_o.jpg?resize=350%2C200","width":350,"height":200,"srcset":"https:\/\/i0.wp.com\/wp.ufpel.edu.br\/naaf\/files\/2018\/06\/33432942_1476839879088135_2396710000207593472_o.jpg?resize=350%2C200 1x, https:\/\/i0.wp.com\/wp.ufpel.edu.br\/naaf\/files\/2018\/06\/33432942_1476839879088135_2396710000207593472_o.jpg?resize=525%2C300 1.5x, https:\/\/i0.wp.com\/wp.ufpel.edu.br\/naaf\/files\/2018\/06\/33432942_1476839879088135_2396710000207593472_o.jpg?resize=700%2C400 2x, https:\/\/i0.wp.com\/wp.ufpel.edu.br\/naaf\/files\/2018\/06\/33432942_1476839879088135_2396710000207593472_o.jpg?resize=1050%2C600 3x, https:\/\/i0.wp.com\/wp.ufpel.edu.br\/naaf\/files\/2018\/06\/33432942_1476839879088135_2396710000207593472_o.jpg?resize=1400%2C800 4x"},"classes":[]}],"_links":{"self":[{"href":"https:\/\/wp.ufpel.edu.br\/naaf\/wp-json\/wp\/v2\/pages\/2871","targetHints":{"allow":["GET"]}}],"collection":[{"href":"https:\/\/wp.ufpel.edu.br\/naaf\/wp-json\/wp\/v2\/pages"}],"about":[{"href":"https:\/\/wp.ufpel.edu.br\/naaf\/wp-json\/wp\/v2\/types\/page"}],"author":[{"embeddable":true,"href":"https:\/\/wp.ufpel.edu.br\/naaf\/wp-json\/wp\/v2\/users\/1133"}],"replies":[{"embeddable":true,"href":"https:\/\/wp.ufpel.edu.br\/naaf\/wp-json\/wp\/v2\/comments?post=2871"}],"version-history":[{"count":1,"href":"https:\/\/wp.ufpel.edu.br\/naaf\/wp-json\/wp\/v2\/pages\/2871\/revisions"}],"predecessor-version":[{"id":2872,"href":"https:\/\/wp.ufpel.edu.br\/naaf\/wp-json\/wp\/v2\/pages\/2871\/revisions\/2872"}],"up":[{"embeddable":true,"href":"https:\/\/wp.ufpel.edu.br\/naaf\/wp-json\/wp\/v2\/pages\/2840"}],"wp:attachment":[{"href":"https:\/\/wp.ufpel.edu.br\/naaf\/wp-json\/wp\/v2\/media?parent=2871"}],"curies":[{"name":"wp","href":"https:\/\/api.w.org\/{rel}","templated":true}]}}