{"id":2869,"date":"2022-03-22T11:30:35","date_gmt":"2022-03-22T14:30:35","guid":{"rendered":"https:\/\/wp.ufpel.edu.br\/naaf\/?page_id=2869"},"modified":"2022-03-23T09:32:54","modified_gmt":"2022-03-23T12:32:54","slug":"sus-voce-conhece-a-politica-nacional-de-saude-integral-da-populacao-negra","status":"publish","type":"page","link":"https:\/\/wp.ufpel.edu.br\/naaf\/eventos\/eventos-2018\/sus-voce-conhece-a-politica-nacional-de-saude-integral-da-populacao-negra\/","title":{"rendered":"#SUS: Voc\u00ea conhece a Pol\u00edtica Nacional de Sa\u00fade Integral da Popula\u00e7\u00e3o Negra? &#8211; 16 de Julho de 2018"},"content":{"rendered":"<h1 style=\"text-align: right\"><span style=\"font-size: 12pt;color: #000000\"><em>Acad.\u00a0 Isadora Cardoso Caleiro<\/em><\/span><\/h1>\n<p style=\"text-align: justify\"><span style=\"color: #000000\">\u00a0\u00a0Na segunda feira dia <strong>dezesseis de julho<\/strong> aconteceu no Centro de Engenharias da UFPel \u2013 CEng, a palestra: Da Adversidade para a Diversidade: O Espa\u00e7o de Jovens Negras no Mercado de Trabalho, contando com a presen\u00e7a de tr\u00eas jovens negras que atuam na \u00e1rea da Engenharia, Jh\u00e9ssika Rose (Aluna de Engenharia El\u00e9trica\/Eletr\u00f4nica \u2013 PUCRS), Ana Vargas (Engenheira de Produ\u00e7\u00e3o \u2013 UFPEL) e Jessica Ferreira (Aluna da Engenharia de Produ\u00e7\u00e3o \u2013 UFPEL).<\/span><\/p>\n<p style=\"text-align: justify\"><span style=\"color: #000000\">\u00a0\u00a0O Evento come\u00e7ou com a apresenta\u00e7\u00e3o do grupo Akalanto Poesia, composto por Jeniffer Fernandes, Jessica Porciuncula, Bartira Val Marques e Wesley Silveira, ap\u00f3s se deu in\u00edcio a Palestra. Com um tom de bate-papo bem descontra\u00eddo, as palestrantes se emocionaram ao relembrar todas as dificuldades que encontraram e ainda encontram como mulheres negras na sociedade. Jh\u00e9ssika Rose, que trabalha na empresa RBS no setor de Engenharia de Transmiss\u00e3o relatou \u201cEu tenho que ser muito melhor do que os caras que est\u00e3o trabalhando junto comigo para ficar no mesmo patamar que eles, ent\u00e3o \u00e9 bem dif\u00edcil\u201d. Ana Vargas, \u00fanica mulher negra em seu emprego revelou \u201cTodas as pessoas que eu podia incentivar ao longo do meu caminho, eu incentivava\u201d. J\u00e9ssica Ferreira, \u00fanica negra formada em Eletrot\u00e9cnica pelo IFSul em sua turma e participou do Programa Ci\u00eancias sem Fronteiras, disse: \u201cSempre senti muita falta de ter colegas negros\u201d.<\/span><\/p>\n<p style=\"text-align: justify\"><span style=\"color: #000000\">\u00a0\u00a0\u00a0A conversa foi de grande import\u00e2ncia e incentivou ainda mais as mulheres em rela\u00e7\u00e3o ao empoderamento, resist\u00eancia e persist\u00eancia, al\u00e9m de influenciar outras jovens negras. A Palestra pode ser acompanhada presencialmente e atrav\u00e9s da transmiss\u00e3o ao vivo que ocorreu via Rede Social: \u201cOutras Vozes\u201d.<\/span><\/p>\n<p>&nbsp;<\/p>\n<div id=\"attachment_878\" style=\"width: 509px\" class=\"wp-caption aligncenter\"><img data-recalc-dims=\"1\" loading=\"lazy\" decoding=\"async\" aria-describedby=\"caption-attachment-878\" data-attachment-id=\"878\" data-permalink=\"https:\/\/wp.ufpel.edu.br\/naaf\/evento-da-adiversidade-para-a-diversidade\/\" data-orig-file=\"https:\/\/i0.wp.com\/wp.ufpel.edu.br\/naaf\/files\/2018\/08\/evento-Da-adiversidade-para-a-diversidade.jpg?fit=960%2C640&amp;ssl=1\" data-orig-size=\"960,640\" data-comments-opened=\"0\" data-image-meta=\"{&quot;aperture&quot;:&quot;0&quot;,&quot;credit&quot;:&quot;&quot;,&quot;camera&quot;:&quot;&quot;,&quot;caption&quot;:&quot;&quot;,&quot;created_timestamp&quot;:&quot;0&quot;,&quot;copyright&quot;:&quot;&quot;,&quot;focal_length&quot;:&quot;0&quot;,&quot;iso&quot;:&quot;0&quot;,&quot;shutter_speed&quot;:&quot;0&quot;,&quot;title&quot;:&quot;&quot;,&quot;orientation&quot;:&quot;0&quot;}\" data-image-title=\"\" data-image-description=\"\" data-image-caption=\"&lt;p&gt;fonte: Prof. Dr. Gilson Porci\u00fancula&lt;\/p&gt;\n\" data-medium-file=\"https:\/\/i0.wp.com\/wp.ufpel.edu.br\/naaf\/files\/2018\/08\/evento-Da-adiversidade-para-a-diversidade.jpg?fit=400%2C267&amp;ssl=1\" data-large-file=\"https:\/\/i0.wp.com\/wp.ufpel.edu.br\/naaf\/files\/2018\/08\/evento-Da-adiversidade-para-a-diversidade.jpg?fit=750%2C500&amp;ssl=1\" class=\" wp-image-878\" src=\"https:\/\/i0.wp.com\/wp.ufpel.edu.br\/naaf\/files\/2018\/08\/evento-Da-adiversidade-para-a-diversidade.jpg?resize=509%2C340&#038;ssl=1\" alt=\"\" width=\"509\" height=\"340\" srcset=\"https:\/\/i0.wp.com\/wp.ufpel.edu.br\/naaf\/files\/2018\/08\/evento-Da-adiversidade-para-a-diversidade.jpg?resize=400%2C267&amp;ssl=1 400w, https:\/\/i0.wp.com\/wp.ufpel.edu.br\/naaf\/files\/2018\/08\/evento-Da-adiversidade-para-a-diversidade.jpg?resize=768%2C512&amp;ssl=1 768w, https:\/\/i0.wp.com\/wp.ufpel.edu.br\/naaf\/files\/2018\/08\/evento-Da-adiversidade-para-a-diversidade.jpg?w=960&amp;ssl=1 960w\" sizes=\"auto, (max-width: 509px) 100vw, 509px\" \/><p id=\"caption-attachment-878\" class=\"wp-caption-text\"><span style=\"color: #000000\">Fonte: Prof. Dr. Gilson Porci\u00fancula<\/span><\/p><\/div>\n<p>&nbsp;<\/p>\n","protected":false},"excerpt":{"rendered":"<p>Acad.\u00a0 Isadora Cardoso Caleiro \u00a0\u00a0Na segunda feira dia dezesseis de julho aconteceu no Centro de Engenharias da UFPel \u2013 CEng, a palestra: Da Adversidade para a Diversidade: O Espa\u00e7o de Jovens Negras no Mercado de Trabalho, contando com a presen\u00e7a de tr\u00eas jovens negras que atuam na \u00e1rea da Engenharia, Jh\u00e9ssika Rose (Aluna de Engenharia &hellip; <\/p>\n<p><a class=\"more-link btn\" href=\"https:\/\/wp.ufpel.edu.br\/naaf\/eventos\/eventos-2018\/sus-voce-conhece-a-politica-nacional-de-saude-integral-da-populacao-negra\/\">Continue lendo<\/a><\/p>\n","protected":false},"author":1133,"featured_media":0,"parent":2840,"menu_order":6,"comment_status":"closed","ping_status":"closed","template":"","meta":{"jetpack_post_was_ever_published":false,"footnotes":""},"class_list":["post-2869","page","type-page","status-publish","hentry","nodate","item-wrap"],"jetpack_sharing_enabled":true,"jetpack_shortlink":"https:\/\/wp.me\/P9uOP6-Kh","jetpack_likes_enabled":true,"jetpack-related-posts":[{"id":2830,"url":"https:\/\/wp.ufpel.edu.br\/naaf\/eventos\/eventos-2017\/palestra-a-insercao-do-negro-na-engenharia-e-no-mercado-de-trabalho-15-de-maio-de-2017\/","url_meta":{"origin":2869,"position":0},"title":"Palestra: A Inser\u00e7\u00e3o do Negro na Engenharia e no Mercado de Trabalho &#8211; 15 de Maio de 2017","author":"nuaad","date":"22\/03\/2022","format":false,"excerpt":"O Grupo de Estudo do CENG: Exatas Diversidades Afro Ind\u00edgena Brasileiras - ProEDAI, realizou no dia 15 de Maio a palestra: A Inser\u00e7\u00e3o do Negro na Engenharia e no Mercado de Trabalho, o\u00a0palestrante do evento foi o professor Roberlaine Ribeiro Jorge, Diretor do Campus Alegrete da UNIPAMPA. Este evento faz\u2026","rel":"","context":"Post similar","block_context":{"text":"Post similar","link":""},"img":{"alt_text":"","src":"https:\/\/i0.wp.com\/wp.ufpel.edu.br\/naaf\/files\/2017\/09\/18451362_1691632694188204_6419659562097589787_o-400x242.jpg?resize=350%2C200&ssl=1","width":350,"height":200},"classes":[]},{"id":2865,"url":"https:\/\/wp.ufpel.edu.br\/naaf\/eventos\/eventos-2018\/2o-ed-seminario-discutindo-o-25-de-julho-o-que-eu-tenho-a-ver-com-isso\/","url_meta":{"origin":2869,"position":1},"title":"\u00a02\u00ba Ed. Semin\u00e1rio: Discutindo O 25 De Julho \u2013 O Que Eu Tenho a Ver Com Isso? 26, 27, 28 de Julho de 2018","author":"nuaad","date":"22\/03\/2022","format":false,"excerpt":"Nos dias 26, 27 e 28 de julho, no Audit\u00f3rio T\u00e9rreo do Campus II-ICH, DA Universidade Federal de Pelotas (UFPel), foi realizada a segunda edi\u00e7\u00e3o do Semin\u00e1rio \u201cDiscutindo O 25 De Julho \u2013 O Que Eu Tenho a Ver Com Isso?\u201d, organizado pelo N\u00facleo de A\u00e7\u00f5es Afirmativas e Diversidade (NUAAD),\u2026","rel":"","context":"Post similar","block_context":{"text":"Post similar","link":""},"img":{"alt_text":"","src":"","width":0,"height":0},"classes":[]},{"id":2867,"url":"https:\/\/wp.ufpel.edu.br\/naaf\/eventos\/eventos-2018\/nuaad-participa-politica-nacional-de-saude-integral-da-populacao-negra-dialogos-com-a-renafro-saude\/","url_meta":{"origin":2869,"position":2},"title":"NUAAD Participa: Pol\u00edtica Nacional de Sa\u00fade Integral da Popula\u00e7\u00e3o Negra: Di\u00e1logos com a Renafro Sa\u00fade &#8211; 15 de Julho, 2018","author":"nuaad","date":"22\/03\/2022","format":false,"excerpt":"No dia 15 de julho de 2018, no Sal\u00e3o Nobre da Prefeitura Municipal de Pelotas, realizou-se o evento sobre: \u201cPol\u00edtica Nacional de Sa\u00fade Integral da Popula\u00e7\u00e3o Negra\u201d, das 8 \u00e0s 12 horas. O evento, que abrangeu toda a popula\u00e7\u00e3o pelotense, se deteve na fortifica\u00e7\u00e3o da informa\u00e7\u00e3o e promo\u00e7\u00e3o sobre a\u2026","rel":"","context":"Post similar","block_context":{"text":"Post similar","link":""},"img":{"alt_text":"","src":"https:\/\/i2.wp.com\/wp.ufpel.edu.br\/naaf\/files\/2018\/06\/2090e9c0-f0bf-4b5c-b2c3-caafe491438e.jpeg?resize=350%2C200&ssl=1","width":350,"height":200},"classes":[]},{"id":2832,"url":"https:\/\/wp.ufpel.edu.br\/naaf\/eventos\/eventos-2017\/discutindo-o-25-de-julho-o-que-eu-tenho-a-ver-com-isso-24-de-julho-de-2017\/","url_meta":{"origin":2869,"position":3},"title":"Discutindo O 25 De Julho \u2013 O Que Eu Tenho a Ver Com Isso? &#8211; 24 de Julho de 2017","author":"nuaad","date":"22\/03\/2022","format":false,"excerpt":"Percebe-se o quanto \u00e9 necess\u00e1rio o empoderamento das mulheres que vivem na cidade de Pelotas, incluindo estudantes das universidades\/faculdades e a popula\u00e7\u00e3o local. A partir desta demanda o NUAAD prop\u00f4s este evento com o objetivo de informar e\/ou conscientizar seus participantes, a fim de que conscientes e unidXs seja poss\u00edvel\u2026","rel":"","context":"Post similar","block_context":{"text":"Post similar","link":""},"img":{"alt_text":"","src":"https:\/\/i0.wp.com\/wp.ufpel.edu.br\/naaf\/files\/2017\/09\/20258308_1716317298674263_5726712877145438825_n-400x265.jpg?resize=350%2C200&ssl=1","width":350,"height":200},"classes":[]},{"id":2861,"url":"https:\/\/wp.ufpel.edu.br\/naaf\/eventos\/eventos-2018\/nuaad-na-radiocom-a-importancia-das-cotas-como-instrumento-de-reparacao-social-na-historica-2018-26-de-maio\/","url_meta":{"origin":2869,"position":4},"title":"NUAAD na R\u00e1diocom, a Import\u00e2ncia das Cotas como Instrumento de Repara\u00e7\u00e3o Social na Hist\u00f3rica\/ 2018 &#8211; 26 de Maio","author":"nuaad","date":"22\/03\/2022","format":false,"excerpt":"O programa apresentado por Felipe Souza, no dia 26\/05, na R\u00e1dioCom , contou com a significativa participa\u00e7\u00e3o das entrevistadas Beatriz Helena Mendes da Silva, Bacharel em Antropologia pela UFPEL e Rosemar Gomes Lemos, Professora Associada da UFPEL, Chefe do N\u00facleo de A\u00e7\u00f5es Afirmativas e Diversidade (NUAAD) ambas contribu\u00edram com as\u2026","rel":"","context":"Post similar","block_context":{"text":"Post similar","link":""},"img":{"alt_text":"","src":"https:\/\/i0.wp.com\/wp.ufpel.edu.br\/naaf\/files\/2018\/06\/32242c2b-6d13-4b62-a03a-cad70444a8b2.jpeg?resize=350%2C200","width":350,"height":200,"srcset":"https:\/\/i0.wp.com\/wp.ufpel.edu.br\/naaf\/files\/2018\/06\/32242c2b-6d13-4b62-a03a-cad70444a8b2.jpeg?resize=350%2C200 1x, https:\/\/i0.wp.com\/wp.ufpel.edu.br\/naaf\/files\/2018\/06\/32242c2b-6d13-4b62-a03a-cad70444a8b2.jpeg?resize=525%2C300 1.5x, https:\/\/i0.wp.com\/wp.ufpel.edu.br\/naaf\/files\/2018\/06\/32242c2b-6d13-4b62-a03a-cad70444a8b2.jpeg?resize=700%2C400 2x"},"classes":[]},{"id":2856,"url":"https:\/\/wp.ufpel.edu.br\/naaf\/eventos\/eventos-2018\/direito-e-emancipacao-por-uma-interpretacao-libertaria-da-norma-2018-23-de-maio\/","url_meta":{"origin":2869,"position":5},"title":"Direito e Emancipa\u00e7\u00e3o : Por uma Interpreta\u00e7\u00e3o Libert\u00e1ria da Norma\/ 2018 &#8211; 23 de Maio","author":"nuaad","date":"22\/03\/2022","format":false,"excerpt":"O evento que aconteceu na quarta-feira, 23 de Maio, falou sobre o \u201cdia depois da aboli\u00e7\u00e3o da escravatura\u201d Realizado no pr\u00e9dio do Direito da Ufpel, o evento ministrado por tr\u00eas palestrantes Advogados. Dr. F\u00e1bio Gon\u00e7alves, Dra. Ros\u00e2ngela Minho e Dr. Ant\u00f4nio Carlos Rosa, contou com apresenta\u00e7\u00e3o musical feita pela Prof\u00aa\u2026","rel":"","context":"Post similar","block_context":{"text":"Post similar","link":""},"img":{"alt_text":"","src":"https:\/\/i0.wp.com\/wp.ufpel.edu.br\/naaf\/files\/2018\/06\/36029910_1735821493162727_8335180122961215488_n.jpg?resize=350%2C200","width":350,"height":200,"srcset":"https:\/\/i0.wp.com\/wp.ufpel.edu.br\/naaf\/files\/2018\/06\/36029910_1735821493162727_8335180122961215488_n.jpg?resize=350%2C200 1x, https:\/\/i0.wp.com\/wp.ufpel.edu.br\/naaf\/files\/2018\/06\/36029910_1735821493162727_8335180122961215488_n.jpg?resize=525%2C300 1.5x, https:\/\/i0.wp.com\/wp.ufpel.edu.br\/naaf\/files\/2018\/06\/36029910_1735821493162727_8335180122961215488_n.jpg?resize=700%2C400 2x, https:\/\/i0.wp.com\/wp.ufpel.edu.br\/naaf\/files\/2018\/06\/36029910_1735821493162727_8335180122961215488_n.jpg?resize=1050%2C600 3x, https:\/\/i0.wp.com\/wp.ufpel.edu.br\/naaf\/files\/2018\/06\/36029910_1735821493162727_8335180122961215488_n.jpg?resize=1400%2C800 4x"},"classes":[]}],"_links":{"self":[{"href":"https:\/\/wp.ufpel.edu.br\/naaf\/wp-json\/wp\/v2\/pages\/2869","targetHints":{"allow":["GET"]}}],"collection":[{"href":"https:\/\/wp.ufpel.edu.br\/naaf\/wp-json\/wp\/v2\/pages"}],"about":[{"href":"https:\/\/wp.ufpel.edu.br\/naaf\/wp-json\/wp\/v2\/types\/page"}],"author":[{"embeddable":true,"href":"https:\/\/wp.ufpel.edu.br\/naaf\/wp-json\/wp\/v2\/users\/1133"}],"replies":[{"embeddable":true,"href":"https:\/\/wp.ufpel.edu.br\/naaf\/wp-json\/wp\/v2\/comments?post=2869"}],"version-history":[{"count":3,"href":"https:\/\/wp.ufpel.edu.br\/naaf\/wp-json\/wp\/v2\/pages\/2869\/revisions"}],"predecessor-version":[{"id":2902,"href":"https:\/\/wp.ufpel.edu.br\/naaf\/wp-json\/wp\/v2\/pages\/2869\/revisions\/2902"}],"up":[{"embeddable":true,"href":"https:\/\/wp.ufpel.edu.br\/naaf\/wp-json\/wp\/v2\/pages\/2840"}],"wp:attachment":[{"href":"https:\/\/wp.ufpel.edu.br\/naaf\/wp-json\/wp\/v2\/media?parent=2869"}],"curies":[{"name":"wp","href":"https:\/\/api.w.org\/{rel}","templated":true}]}}