{"id":2863,"date":"2022-03-22T11:26:33","date_gmt":"2022-03-22T14:26:33","guid":{"rendered":"https:\/\/wp.ufpel.edu.br\/naaf\/?page_id=2863"},"modified":"2022-03-23T09:39:58","modified_gmt":"2022-03-23T12:39:58","slug":"nuaad-na-fenadoce-de-pelotas-2018-07-junho","status":"publish","type":"page","link":"https:\/\/wp.ufpel.edu.br\/naaf\/eventos\/eventos-2018\/nuaad-na-fenadoce-de-pelotas-2018-07-junho\/","title":{"rendered":"NUAAD na Fenadoce de Pelotas\/ 2018 &#8211; 07 Junho"},"content":{"rendered":"<h2 style=\"text-align: center\"><span style=\"color: #000000\"><i><span style=\"font-weight: 400\">Evento anual recebeu estande do NUAAD UFPEL <\/span><\/i><\/span><\/h2>\n<p style=\"text-align: justify\"><span style=\"color: #000000\">No dia 07 de junho, quinta-feira, O NUAAD (N\u00facleo de A\u00e7\u00f5es Afirmativas) compareceu a Fenadoce de Pelotas, evento com foco na gastronomia do doce e na tradi\u00e7\u00e3o doceira de <i>Pelotas, <\/i>que se realiza desde o ano de 1986 na cidade, organizado pela prefeitura e demais colaboradores. Com a proposta de realizar v\u00e1rias atividades no estande da UFPel, o NUAAD, que tinha como proposta de levar ao p\u00fablico em geral, a possibilidade de aprender sobre a cultura africana independente da idade, sexo e etnia. A confec\u00e7\u00e3o de turbantes foi muito requisitada pelo p\u00fablico e feminino, que teve a possibilidade de aprender a fazer \u00a0e tirar fotos com o look completo (batons, colares, etc). \u201cFicou evidente que tudo referente a cultura Afro, trata-se da quest\u00e3o de ver, pois a cada mulher que sa\u00eda do estande com seu turbante e empoderada, chegavam mais mulheres solicitando colocar turbante, percebi que foi de extrema import\u00e2ncia nossa participa\u00e7\u00e3o ativa no estande da ufpel, divulgando tanto as cotas raciais como parte da cultura africana por meio das oficinas as quais o Grupo de extens\u00e3o DEA (Design, Escola e Arte) , gerido pela Prof\u00aa Rosemar, ministram a sociedade. \u201d Afirmou Geise, bolsista do NUAAD.<\/span><\/p>\n<p style=\"text-align: justify\"><span style=\"color: #000000\">Houve tamb\u00e9m distribui\u00e7\u00e3o do panfleto informativo do NUAAD, que consta breve explica\u00e7\u00f5es sobre os diversos n\u00facleos que integram a faculdade como tamb\u00e9m os contatos de endere\u00e7o eletr\u00f4nico e telefones.<\/span><\/p>\n<p class=\"jetpack-slideshow-noscript robots-nocontent\">Este slideshow necessita de JavaScript.<\/p><div id=\"gallery-2863-1-slideshow\" class=\"jetpack-slideshow-window jetpack-slideshow jetpack-slideshow-black\" data-trans=\"fade\" data-autostart=\"1\" data-gallery=\"[{&quot;src&quot;:&quot;https:\\\/\\\/i0.wp.com\\\/wp.ufpel.edu.br\\\/naaf\\\/files\\\/2018\\\/06\\\/3b09937b-6f29-412f-989a-6fe5de36b5d2.jpeg?fit=774%2C1032\\u0026ssl=1&quot;,&quot;id&quot;:&quot;702&quot;,&quot;title&quot;:&quot;3b09937b-6f29-412f-989a-6fe5de36b5d2&quot;,&quot;alt&quot;:&quot;&quot;,&quot;caption&quot;:&quot;Fotos: Acervo NUAAD&quot;,&quot;itemprop&quot;:&quot;image&quot;},{&quot;src&quot;:&quot;https:\\\/\\\/i0.wp.com\\\/wp.ufpel.edu.br\\\/naaf\\\/files\\\/2018\\\/06\\\/1a1f66b2-828f-42c9-ad24-0cd09f812a33.jpeg?fit=774%2C1032\\u0026ssl=1&quot;,&quot;id&quot;:&quot;701&quot;,&quot;title&quot;:&quot;1a1f66b2-828f-42c9-ad24-0cd09f812a33&quot;,&quot;alt&quot;:&quot;&quot;,&quot;caption&quot;:&quot;&quot;,&quot;itemprop&quot;:&quot;image&quot;},{&quot;src&quot;:&quot;https:\\\/\\\/i0.wp.com\\\/wp.ufpel.edu.br\\\/naaf\\\/files\\\/2018\\\/06\\\/d4f49af0-14da-4d21-827b-7cf1d3c019f6.jpeg?fit=1032%2C774\\u0026ssl=1&quot;,&quot;id&quot;:&quot;710&quot;,&quot;title&quot;:&quot;d4f49af0-14da-4d21-827b-7cf1d3c019f6&quot;,&quot;alt&quot;:&quot;&quot;,&quot;caption&quot;:&quot;&quot;,&quot;itemprop&quot;:&quot;image&quot;},{&quot;src&quot;:&quot;https:\\\/\\\/i0.wp.com\\\/wp.ufpel.edu.br\\\/naaf\\\/files\\\/2018\\\/06\\\/b10ce0d6-2fa7-48c7-9a1a-02bf9f7dc95d.jpeg?fit=1032%2C774\\u0026ssl=1&quot;,&quot;id&quot;:&quot;709&quot;,&quot;title&quot;:&quot;b10ce0d6-2fa7-48c7-9a1a-02bf9f7dc95d&quot;,&quot;alt&quot;:&quot;&quot;,&quot;caption&quot;:&quot;&quot;,&quot;itemprop&quot;:&quot;image&quot;},{&quot;src&quot;:&quot;https:\\\/\\\/i0.wp.com\\\/wp.ufpel.edu.br\\\/naaf\\\/files\\\/2018\\\/06\\\/72772cbf-9874-424d-8002-4b807e20c638.jpeg?fit=774%2C1032\\u0026ssl=1&quot;,&quot;id&quot;:&quot;707&quot;,&quot;title&quot;:&quot;72772cbf-9874-424d-8002-4b807e20c638&quot;,&quot;alt&quot;:&quot;&quot;,&quot;caption&quot;:&quot;&quot;,&quot;itemprop&quot;:&quot;image&quot;}]\" itemscope itemtype=\"https:\/\/schema.org\/ImageGallery\"><\/div>\n<h1><\/h1>\n","protected":false},"excerpt":{"rendered":"<p>Evento anual recebeu estande do NUAAD UFPEL No dia 07 de junho, quinta-feira, O NUAAD (N\u00facleo de A\u00e7\u00f5es Afirmativas) compareceu a Fenadoce de Pelotas, evento com foco na gastronomia do doce e na tradi\u00e7\u00e3o doceira de Pelotas, que se realiza desde o ano de 1986 na cidade, organizado pela prefeitura e demais colaboradores. Com a &hellip; <\/p>\n<p><a class=\"more-link btn\" href=\"https:\/\/wp.ufpel.edu.br\/naaf\/eventos\/eventos-2018\/nuaad-na-fenadoce-de-pelotas-2018-07-junho\/\">Continue lendo<\/a><\/p>\n","protected":false},"author":1133,"featured_media":0,"parent":2840,"menu_order":8,"comment_status":"closed","ping_status":"closed","template":"","meta":{"jetpack_post_was_ever_published":false,"footnotes":""},"class_list":["post-2863","page","type-page","status-publish","hentry","nodate","item-wrap"],"jetpack_sharing_enabled":true,"jetpack_shortlink":"https:\/\/wp.me\/P9uOP6-Kb","jetpack_likes_enabled":true,"jetpack-related-posts":[{"id":2842,"url":"https:\/\/wp.ufpel.edu.br\/naaf\/eventos\/eventos-2018\/evento-ix-seminario-da-consciencia-negra-de-pelotas-seconep-2017-13-a-18-de-novembro\/","url_meta":{"origin":2863,"position":0},"title":"Evento IX Semin\u00e1rio da Consci\u00eancia Negra de Pelotas -SECONEP\/2017 &#8211; 13 \u00e0 18 de Novembro","author":"nuaad","date":"22\/03\/2022","format":false,"excerpt":"Realizado de 13 \u00a0\u00e0 18 de Novembro, no Museu do Doce, localizado no Centro de Pelotas, Pra\u00e7a Cel Pedro Os\u00f3rio, Casar\u00e3o 8. Sendo que no dia 18 foi o encerramento com o nome sempre denominado como Kizomba na Pra\u00e7a - tarde para interagir completamente com atividades art\u00edsticas e comidas e\u2026","rel":"","context":"Post similar","block_context":{"text":"Post similar","link":""},"img":{"alt_text":"","src":"https:\/\/i0.wp.com\/wp.ufpel.edu.br\/naaf\/files\/2018\/06\/23213210_758574631011012_4904965281141643428_o-1.jpg?resize=350%2C200","width":350,"height":200},"classes":[]},{"id":2859,"url":"https:\/\/wp.ufpel.edu.br\/naaf\/eventos\/eventos-2018\/i-semana-academica-africana-de-pelotas-tem-como-tema-a-colonizacao-descolonizacao-africana-e-as-transformacoes-socioeconomicas-e-culturais-no-continente\/","url_meta":{"origin":2863,"position":1},"title":"I Semana Acad\u00eamica Africana de Pelotas tem como tema a Coloniza\u00e7\u00e3o\/Descoloniza\u00e7\u00e3o Africana e as transforma\u00e7\u00f5es socioecon\u00f4micas e culturais no continente 24 e 26 de Maio de 2018","author":"nuaad","date":"22\/03\/2022","format":false,"excerpt":"Tr\u00eas dias foram dedicados para este evento, 24 e 25 de Maio, no Audit\u00f3rio do Campus ll \/ICH da UFPel Rua Almirante Barroso 1202 \u00a0 O Nuaad, esteve presente na I semana Africana de Pelotas, que ocorreu dos dias 24 a 26 de Maio, na qual a professora e chefe\u2026","rel":"","context":"Post similar","block_context":{"text":"Post similar","link":""},"img":{"alt_text":"","src":"https:\/\/i0.wp.com\/wp.ufpel.edu.br\/naaf\/files\/2018\/06\/33432942_1476839879088135_2396710000207593472_o.jpg?resize=350%2C200","width":350,"height":200,"srcset":"https:\/\/i0.wp.com\/wp.ufpel.edu.br\/naaf\/files\/2018\/06\/33432942_1476839879088135_2396710000207593472_o.jpg?resize=350%2C200 1x, https:\/\/i0.wp.com\/wp.ufpel.edu.br\/naaf\/files\/2018\/06\/33432942_1476839879088135_2396710000207593472_o.jpg?resize=525%2C300 1.5x, https:\/\/i0.wp.com\/wp.ufpel.edu.br\/naaf\/files\/2018\/06\/33432942_1476839879088135_2396710000207593472_o.jpg?resize=700%2C400 2x, https:\/\/i0.wp.com\/wp.ufpel.edu.br\/naaf\/files\/2018\/06\/33432942_1476839879088135_2396710000207593472_o.jpg?resize=1050%2C600 3x, https:\/\/i0.wp.com\/wp.ufpel.edu.br\/naaf\/files\/2018\/06\/33432942_1476839879088135_2396710000207593472_o.jpg?resize=1400%2C800 4x"},"classes":[]},{"id":2880,"url":"https:\/\/wp.ufpel.edu.br\/naaf\/eventos\/eventos-2018\/x-edicao-do-seconep-2018\/","url_meta":{"origin":2863,"position":2},"title":"X Edi\u00e7\u00e3o do SECONEP, 2018. &#8211; 21, 23 e 25 de Novembro de 2018","author":"nuaad","date":"22\/03\/2022","format":false,"excerpt":"Acads. \u00a0Lourivaldo Junior e Marcela Lima O Semin\u00e1rio da Consci\u00eancia Negra de Pelotas - SECONEP - evento organizado e realizado anualmente por estudantes e servidores da UFPel, al\u00e9m da sociedade civil, completa em 2018 seus 10 anos. A import\u00e2ncia de se realizar um evento como este \u00e9 o fato de\u2026","rel":"","context":"Post similar","block_context":{"text":"Post similar","link":""},"img":{"alt_text":"","src":"","width":0,"height":0},"classes":[]},{"id":2844,"url":"https:\/\/wp.ufpel.edu.br\/naaf\/eventos\/eventos-2018\/curso-de-capacitacao-promovido-pelo-nuaad-para-comissao-de-verificacao-de-alunos-e-servidores-ingressantes-na-ufpel-via-cotas-raciais\/","url_meta":{"origin":2863,"position":3},"title":"Curso de Capacita\u00e7\u00e3o promovido pelo NUAAD, para Comiss\u00e3o de Verifica\u00e7\u00e3o de alunos e servidores ingressantes na UFPel via Cotas Raciais.\u00a025 e 26 de Janeiro de 2018 \u00a0\u00a0","author":"nuaad","date":"22\/03\/2022","format":false,"excerpt":"Acad\u00eamica Geiselaine Dias e Servidor Damasio Duval \u00a0\u00a0\u00a0\u00a0\u00a0\u00a0\u00a0\u00a0\u00a0\u00a0\u00a0\u00a0\u00a0\u00a0\u00a0\u00a0\u00a0\u00a0\u00a0\u00a0\u00a0\u00a0\u00a0\u00a0\u00a0\u00a0\u00a0\u00a0\u00a0\u00a0\u00a0\u00a0\u00a0\u00a0\u00a0\u00a0\u00a0\u00a0\u00a0\u00a0\u00a0 \u00a0 \u00a0 \u00a0 \u00a0 \u00a0 \u00a0 \u00a0 \u00a0 \u00a0 \u00a0\u00a0 O N\u00facleo de A\u00e7\u00f5es Afirmativas e Diversidade da UFPel, realizou, nos dias 25 e 26 de janeiro, o Curso de Capacita\u00e7\u00e3o para Comiss\u00f5es de Heteroidentifica\u00e7\u00e3o, no pr\u00e9dio Lyceu Rio-grandense - \u00a0Sala do\u2026","rel":"","context":"Post similar","block_context":{"text":"Post similar","link":""},"img":{"alt_text":"","src":"","width":0,"height":0},"classes":[]},{"id":2819,"url":"https:\/\/wp.ufpel.edu.br\/naaf\/eventos\/eventos-2017\/seminario-as-cotas-raciais-e-seus-sujeitos-de-direito-11-marco-de-2017\/","url_meta":{"origin":2863,"position":4},"title":"Semin\u00e1rio &#8220;As Cotas Raciais e Seus Sujeitos de Direito&#8221; &#8211; 11 Mar\u00e7o de 2017","author":"nuaad","date":"22\/03\/2022","format":false,"excerpt":"Semin\u00e1rio \"As Cotas Raciais e Seus Sujeitos de Direito\" - 11 Mar\u00e7o de 2017 Neste evento foi discutido o conceito jur\u00eddico de \"pardo\" e o alcance jur\u00eddico da autodeclara\u00e7\u00e3o para cotas raciais al\u00e9m do m\u00e9todo utilizado na Hetoroidentifica\u00e7\u00e3o para banir as fraudes e a \"afro conveni\u00eancia\". Por\u00a0Gleidson Renato Martins Dias,\u2026","rel":"","context":"Post similar","block_context":{"text":"Post similar","link":""},"img":{"alt_text":"","src":"https:\/\/i0.wp.com\/wp.ufpel.edu.br\/naaf\/files\/2017\/09\/17192325_421772294827674_2671318346559121243_o-400x255.jpg?resize=350%2C200&ssl=1","width":350,"height":200},"classes":[]},{"id":2873,"url":"https:\/\/wp.ufpel.edu.br\/naaf\/eventos\/eventos-2018\/prefeitura-municipal-e-universidade-federal-de-pelotas-realizam-em-parceria-curso-de-capacitacao-para-comissoes-de-heteroidentificacao-17-de-setembro-2018\/","url_meta":{"origin":2863,"position":5},"title":"Prefeitura Municipal e Universidade Federal de Pelotas realizam \u00a0em parceria \u201cCurso de Capacita\u00e7\u00e3o para Comiss\u00f5es de Heteroidentifica\u00e7\u00e3o\u201d &#8211; 17 de Setembro, 2018","author":"nuaad","date":"22\/03\/2022","format":false,"excerpt":"Acads. Marcela Lima e Isadora Caleiro O N\u00facleo de A\u00e7\u00f5es Afirmativas e Diversidade da UFPel, juntamente com a Prefeitura Municipal de Pelotas, realizou, nesta segunda-feira, 17 de setembro, o Curso Intensivo de Capacita\u00e7\u00e3o para Comiss\u00f5es de Heteroidentifica\u00e7\u00e3o, na sala de reuni\u00f5es do COCEPE\/UFPel. A Portaria Normativa n\u00b0 4, emitida pelo\u2026","rel":"","context":"Post similar","block_context":{"text":"Post similar","link":""},"img":{"alt_text":"","src":"","width":0,"height":0},"classes":[]}],"_links":{"self":[{"href":"https:\/\/wp.ufpel.edu.br\/naaf\/wp-json\/wp\/v2\/pages\/2863","targetHints":{"allow":["GET"]}}],"collection":[{"href":"https:\/\/wp.ufpel.edu.br\/naaf\/wp-json\/wp\/v2\/pages"}],"about":[{"href":"https:\/\/wp.ufpel.edu.br\/naaf\/wp-json\/wp\/v2\/types\/page"}],"author":[{"embeddable":true,"href":"https:\/\/wp.ufpel.edu.br\/naaf\/wp-json\/wp\/v2\/users\/1133"}],"replies":[{"embeddable":true,"href":"https:\/\/wp.ufpel.edu.br\/naaf\/wp-json\/wp\/v2\/comments?post=2863"}],"version-history":[{"count":1,"href":"https:\/\/wp.ufpel.edu.br\/naaf\/wp-json\/wp\/v2\/pages\/2863\/revisions"}],"predecessor-version":[{"id":2864,"href":"https:\/\/wp.ufpel.edu.br\/naaf\/wp-json\/wp\/v2\/pages\/2863\/revisions\/2864"}],"up":[{"embeddable":true,"href":"https:\/\/wp.ufpel.edu.br\/naaf\/wp-json\/wp\/v2\/pages\/2840"}],"wp:attachment":[{"href":"https:\/\/wp.ufpel.edu.br\/naaf\/wp-json\/wp\/v2\/media?parent=2863"}],"curies":[{"name":"wp","href":"https:\/\/api.w.org\/{rel}","templated":true}]}}