{"id":2861,"date":"2022-03-22T11:25:26","date_gmt":"2022-03-22T14:25:26","guid":{"rendered":"https:\/\/wp.ufpel.edu.br\/naaf\/?page_id=2861"},"modified":"2022-03-23T09:41:06","modified_gmt":"2022-03-23T12:41:06","slug":"nuaad-na-radiocom-a-importancia-das-cotas-como-instrumento-de-reparacao-social-na-historica-2018-26-de-maio","status":"publish","type":"page","link":"https:\/\/wp.ufpel.edu.br\/naaf\/eventos\/eventos-2018\/nuaad-na-radiocom-a-importancia-das-cotas-como-instrumento-de-reparacao-social-na-historica-2018-26-de-maio\/","title":{"rendered":"NUAAD na R\u00e1diocom, a Import\u00e2ncia das Cotas como Instrumento de Repara\u00e7\u00e3o Social na Hist\u00f3rica\/ 2018 &#8211; 26 de Maio"},"content":{"rendered":"<p style=\"text-align: justify\"><span style=\"color: #000000\">O programa apresentado por Felipe Souza, no dia 26\/05, na R\u00e1dioCom , contou com a significativa participa\u00e7\u00e3o das entrevistadas Beatriz Helena Mendes da Silva, Bacharel em Antropologia pela UFPEL e Rosemar Gomes Lemos, Professora Associada da UFPEL, Chefe do N\u00facleo de A\u00e7\u00f5es Afirmativas e Diversidade (NUAAD) ambas contribu\u00edram com as suas elucubra\u00e7\u00f5es acerca da import\u00e2ncia das cotas, tem\u00e1tica essa que foi combust\u00edvel para pensar na pol\u00edtica de cotas, onde 25% de alunos cotistas, negros, pardos e ind\u00edgenas se inserem na universidade. O objetivo do n\u00facleo \u00e9 garantir a perman\u00eancia desses cotistas, refor\u00e7ando a identidade de cada um, para que podemos ter graduados em v\u00e1rios \u00e2mbitos, que se sintam capazes de ocupar os espa\u00e7os que quiserem, contribuindo dentro da sociedade e dentro da pr\u00f3pria universidade. Falou sobre diversos projetos de apoio aos alunos, fornecido pelo NUAAD, como o de produ\u00e7\u00e3o de reda\u00e7\u00f5es, da sala de leitura Professor Jorge Alvacir, espa\u00e7o. Cabe salientar, que a professora divulgou as pr\u00f3ximas palestras e eventos dos m\u00eas de julho e agosto. Segundo relato da Professora Rosemar \u201co objetivo, \u00e9 que cada vez mais, possamos ver nos quadros de formatura, a diversidade estampada\u201d, finalizou.<\/span><\/p>\n<p><strong><span style=\"color: #000000\">Clique em cima da foto para ser direcionado a galeria onde elas est\u00e3o em tamanho maior.\u00a0<\/span><\/strong><\/p>\n\n\t\t<style type=\"text\/css\">\n\t\t\t#gallery-1 {\n\t\t\t\tmargin: auto;\n\t\t\t}\n\t\t\t#gallery-1 .gallery-item {\n\t\t\t\tfloat: left;\n\t\t\t\tmargin-top: 10px;\n\t\t\t\ttext-align: center;\n\t\t\t\twidth: 33%;\n\t\t\t}\n\t\t\t#gallery-1 img {\n\t\t\t\tborder: 2px solid #cfcfcf;\n\t\t\t}\n\t\t\t#gallery-1 .gallery-caption {\n\t\t\t\tmargin-left: 0;\n\t\t\t}\n\t\t\t\/* see gallery_shortcode() in wp-includes\/media.php *\/\n\t\t<\/style>\n\t\t<div data-carousel-extra='{&quot;blog_id&quot;:802,&quot;permalink&quot;:&quot;https:\/\/wp.ufpel.edu.br\/naaf\/eventos\/eventos-2018\/nuaad-na-radiocom-a-importancia-das-cotas-como-instrumento-de-reparacao-social-na-historica-2018-26-de-maio\/&quot;}' id='gallery-1' class='gallery galleryid-2861 gallery-columns-3 gallery-size-thumbnail'><dl class='gallery-item'>\n\t\t\t<dt class='gallery-icon landscape'>\n\t\t\t\t<a href='https:\/\/wp.ufpel.edu.br\/naaf\/eventos\/32242c2b-6d13-4b62-a03a-cad70444a8b2\/'><img loading=\"lazy\" decoding=\"async\" width=\"200\" height=\"200\" src=\"https:\/\/i0.wp.com\/wp.ufpel.edu.br\/naaf\/files\/2018\/06\/32242c2b-6d13-4b62-a03a-cad70444a8b2.jpeg?resize=200%2C200&amp;ssl=1\" class=\"attachment-thumbnail size-thumbnail\" alt=\"\" srcset=\"https:\/\/i0.wp.com\/wp.ufpel.edu.br\/naaf\/files\/2018\/06\/32242c2b-6d13-4b62-a03a-cad70444a8b2.jpeg?resize=200%2C200&amp;ssl=1 200w, https:\/\/i0.wp.com\/wp.ufpel.edu.br\/naaf\/files\/2018\/06\/32242c2b-6d13-4b62-a03a-cad70444a8b2.jpeg?zoom=2&amp;resize=200%2C200&amp;ssl=1 400w, https:\/\/i0.wp.com\/wp.ufpel.edu.br\/naaf\/files\/2018\/06\/32242c2b-6d13-4b62-a03a-cad70444a8b2.jpeg?zoom=3&amp;resize=200%2C200&amp;ssl=1 600w\" sizes=\"auto, (max-width: 200px) 100vw, 200px\" data-attachment-id=\"706\" data-permalink=\"https:\/\/wp.ufpel.edu.br\/naaf\/eventos\/32242c2b-6d13-4b62-a03a-cad70444a8b2\/\" data-orig-file=\"https:\/\/i0.wp.com\/wp.ufpel.edu.br\/naaf\/files\/2018\/06\/32242c2b-6d13-4b62-a03a-cad70444a8b2.jpeg?fit=960%2C720&amp;ssl=1\" data-orig-size=\"960,720\" data-comments-opened=\"0\" data-image-meta=\"{&quot;aperture&quot;:&quot;0&quot;,&quot;credit&quot;:&quot;&quot;,&quot;camera&quot;:&quot;&quot;,&quot;caption&quot;:&quot;&quot;,&quot;created_timestamp&quot;:&quot;0&quot;,&quot;copyright&quot;:&quot;&quot;,&quot;focal_length&quot;:&quot;0&quot;,&quot;iso&quot;:&quot;0&quot;,&quot;shutter_speed&quot;:&quot;0&quot;,&quot;title&quot;:&quot;&quot;,&quot;orientation&quot;:&quot;0&quot;}\" data-image-title=\"32242c2b-6d13-4b62-a03a-cad70444a8b2\" data-image-description=\"\" data-image-caption=\"\" data-medium-file=\"https:\/\/i0.wp.com\/wp.ufpel.edu.br\/naaf\/files\/2018\/06\/32242c2b-6d13-4b62-a03a-cad70444a8b2.jpeg?fit=400%2C300&amp;ssl=1\" data-large-file=\"https:\/\/i0.wp.com\/wp.ufpel.edu.br\/naaf\/files\/2018\/06\/32242c2b-6d13-4b62-a03a-cad70444a8b2.jpeg?fit=750%2C563&amp;ssl=1\" \/><\/a>\n\t\t\t<\/dt><\/dl><dl class='gallery-item'>\n\t\t\t<dt class='gallery-icon landscape'>\n\t\t\t\t<a href='https:\/\/wp.ufpel.edu.br\/naaf\/eventos\/ab236e6e-e051-4829-a5e6-c93af160d191\/'><img loading=\"lazy\" decoding=\"async\" width=\"200\" height=\"200\" src=\"https:\/\/i0.wp.com\/wp.ufpel.edu.br\/naaf\/files\/2018\/06\/ab236e6e-e051-4829-a5e6-c93af160d191.jpeg?resize=200%2C200&amp;ssl=1\" class=\"attachment-thumbnail size-thumbnail\" alt=\"\" srcset=\"https:\/\/i0.wp.com\/wp.ufpel.edu.br\/naaf\/files\/2018\/06\/ab236e6e-e051-4829-a5e6-c93af160d191.jpeg?resize=200%2C200&amp;ssl=1 200w, https:\/\/i0.wp.com\/wp.ufpel.edu.br\/naaf\/files\/2018\/06\/ab236e6e-e051-4829-a5e6-c93af160d191.jpeg?zoom=2&amp;resize=200%2C200&amp;ssl=1 400w, https:\/\/i0.wp.com\/wp.ufpel.edu.br\/naaf\/files\/2018\/06\/ab236e6e-e051-4829-a5e6-c93af160d191.jpeg?zoom=3&amp;resize=200%2C200&amp;ssl=1 600w\" sizes=\"auto, (max-width: 200px) 100vw, 200px\" data-attachment-id=\"708\" data-permalink=\"https:\/\/wp.ufpel.edu.br\/naaf\/eventos\/ab236e6e-e051-4829-a5e6-c93af160d191\/\" data-orig-file=\"https:\/\/i0.wp.com\/wp.ufpel.edu.br\/naaf\/files\/2018\/06\/ab236e6e-e051-4829-a5e6-c93af160d191.jpeg?fit=960%2C720&amp;ssl=1\" data-orig-size=\"960,720\" data-comments-opened=\"0\" data-image-meta=\"{&quot;aperture&quot;:&quot;0&quot;,&quot;credit&quot;:&quot;&quot;,&quot;camera&quot;:&quot;&quot;,&quot;caption&quot;:&quot;&quot;,&quot;created_timestamp&quot;:&quot;0&quot;,&quot;copyright&quot;:&quot;&quot;,&quot;focal_length&quot;:&quot;0&quot;,&quot;iso&quot;:&quot;0&quot;,&quot;shutter_speed&quot;:&quot;0&quot;,&quot;title&quot;:&quot;&quot;,&quot;orientation&quot;:&quot;0&quot;}\" data-image-title=\"ab236e6e-e051-4829-a5e6-c93af160d191\" data-image-description=\"\" data-image-caption=\"\" data-medium-file=\"https:\/\/i0.wp.com\/wp.ufpel.edu.br\/naaf\/files\/2018\/06\/ab236e6e-e051-4829-a5e6-c93af160d191.jpeg?fit=400%2C300&amp;ssl=1\" data-large-file=\"https:\/\/i0.wp.com\/wp.ufpel.edu.br\/naaf\/files\/2018\/06\/ab236e6e-e051-4829-a5e6-c93af160d191.jpeg?fit=750%2C563&amp;ssl=1\" \/><\/a>\n\t\t\t<\/dt><\/dl><dl class='gallery-item'>\n\t\t\t<dt class='gallery-icon landscape'>\n\t\t\t\t<a href='https:\/\/wp.ufpel.edu.br\/naaf\/eventos\/5cb96bd1-5404-4261-b58e-ad3c0ecfa9d2\/'><img loading=\"lazy\" decoding=\"async\" width=\"200\" height=\"200\" src=\"https:\/\/i0.wp.com\/wp.ufpel.edu.br\/naaf\/files\/2018\/06\/5cb96bd1-5404-4261-b58e-ad3c0ecfa9d2.jpeg?resize=200%2C200&amp;ssl=1\" class=\"attachment-thumbnail size-thumbnail\" alt=\"\" srcset=\"https:\/\/i0.wp.com\/wp.ufpel.edu.br\/naaf\/files\/2018\/06\/5cb96bd1-5404-4261-b58e-ad3c0ecfa9d2.jpeg?resize=200%2C200&amp;ssl=1 200w, https:\/\/i0.wp.com\/wp.ufpel.edu.br\/naaf\/files\/2018\/06\/5cb96bd1-5404-4261-b58e-ad3c0ecfa9d2.jpeg?zoom=2&amp;resize=200%2C200&amp;ssl=1 400w, https:\/\/i0.wp.com\/wp.ufpel.edu.br\/naaf\/files\/2018\/06\/5cb96bd1-5404-4261-b58e-ad3c0ecfa9d2.jpeg?zoom=3&amp;resize=200%2C200&amp;ssl=1 600w\" sizes=\"auto, (max-width: 200px) 100vw, 200px\" data-attachment-id=\"703\" data-permalink=\"https:\/\/wp.ufpel.edu.br\/naaf\/eventos\/5cb96bd1-5404-4261-b58e-ad3c0ecfa9d2\/\" data-orig-file=\"https:\/\/i0.wp.com\/wp.ufpel.edu.br\/naaf\/files\/2018\/06\/5cb96bd1-5404-4261-b58e-ad3c0ecfa9d2.jpeg?fit=960%2C720&amp;ssl=1\" data-orig-size=\"960,720\" data-comments-opened=\"0\" data-image-meta=\"{&quot;aperture&quot;:&quot;0&quot;,&quot;credit&quot;:&quot;&quot;,&quot;camera&quot;:&quot;&quot;,&quot;caption&quot;:&quot;&quot;,&quot;created_timestamp&quot;:&quot;0&quot;,&quot;copyright&quot;:&quot;&quot;,&quot;focal_length&quot;:&quot;0&quot;,&quot;iso&quot;:&quot;0&quot;,&quot;shutter_speed&quot;:&quot;0&quot;,&quot;title&quot;:&quot;&quot;,&quot;orientation&quot;:&quot;0&quot;}\" data-image-title=\"5cb96bd1-5404-4261-b58e-ad3c0ecfa9d2\" data-image-description=\"\" data-image-caption=\"\" data-medium-file=\"https:\/\/i0.wp.com\/wp.ufpel.edu.br\/naaf\/files\/2018\/06\/5cb96bd1-5404-4261-b58e-ad3c0ecfa9d2.jpeg?fit=400%2C300&amp;ssl=1\" data-large-file=\"https:\/\/i0.wp.com\/wp.ufpel.edu.br\/naaf\/files\/2018\/06\/5cb96bd1-5404-4261-b58e-ad3c0ecfa9d2.jpeg?fit=750%2C563&amp;ssl=1\" \/><\/a>\n\t\t\t<\/dt><\/dl><br style=\"clear: both\" \/>\n\t\t<\/div>\n\n<p>&nbsp;<\/p>\n","protected":false},"excerpt":{"rendered":"<p>O programa apresentado por Felipe Souza, no dia 26\/05, na R\u00e1dioCom , contou com a significativa participa\u00e7\u00e3o das entrevistadas Beatriz Helena Mendes da Silva, Bacharel em Antropologia pela UFPEL e Rosemar Gomes Lemos, Professora Associada da UFPEL, Chefe do N\u00facleo de A\u00e7\u00f5es Afirmativas e Diversidade (NUAAD) ambas contribu\u00edram com as suas elucubra\u00e7\u00f5es acerca da import\u00e2ncia &hellip; <\/p>\n<p><a class=\"more-link btn\" href=\"https:\/\/wp.ufpel.edu.br\/naaf\/eventos\/eventos-2018\/nuaad-na-radiocom-a-importancia-das-cotas-como-instrumento-de-reparacao-social-na-historica-2018-26-de-maio\/\">Continue lendo<\/a><\/p>\n","protected":false},"author":1133,"featured_media":0,"parent":2840,"menu_order":9,"comment_status":"closed","ping_status":"closed","template":"","meta":{"jetpack_post_was_ever_published":false,"footnotes":""},"class_list":["post-2861","page","type-page","status-publish","hentry","nodate","item-wrap"],"jetpack_sharing_enabled":true,"jetpack_shortlink":"https:\/\/wp.me\/P9uOP6-K9","jetpack_likes_enabled":true,"jetpack-related-posts":[{"id":2158,"url":"https:\/\/wp.ufpel.edu.br\/naaf\/politicas\/pos-graduacao-2\/estudantes-cotistas-na-pos-graduacao-em-construcao\/","url_meta":{"origin":2861,"position":0},"title":"Estudantes cotistas na P\u00f3s-Gradua\u00e7\u00e3o (Em constru\u00e7\u00e3o)","author":"naaf","date":"17\/07\/2020","format":false,"excerpt":"O sistema de cotas \u00e9tnico-raciais na P\u00f3s-Gradua\u00e7\u00e3o configura a quest\u00e3o das a\u00e7\u00f5es afirmativas como um processo amplo dentro da UFPel, visando atender a demanda criada pelas cotas na gradua\u00e7\u00e3o e promover a democratiza\u00e7\u00e3o e a equidade das oportunidades de acesso \u00e0 educa\u00e7\u00e3o. Entende-se que todos os Programas de P\u00f3s-Gradua\u00e7\u00e3o da\u2026","rel":"","context":"Post similar","block_context":{"text":"Post similar","link":""},"img":{"alt_text":"","src":"","width":0,"height":0},"classes":[]},{"id":245,"url":"https:\/\/wp.ufpel.edu.br\/naaf\/politicas\/pos-graduacao-2\/","url_meta":{"origin":2861,"position":1},"title":"P\u00f3s-Gradua\u00e7\u00e3o","author":"naaf","date":"27\/10\/2017","format":false,"excerpt":"No primeiro semestre de 2017, a UFPel tornou-se uma das primeiras Universidades Federais do pa\u00eds a aprovar uma pol\u00edtica de cotas \u00e9tnico-raciais para a P\u00f3s-Gradua\u00e7\u00e3o. A Resolu\u00e7\u00e3o n\u00ba 05\/2017, do Conselho Universit\u00e1rio (CONSUN) da UFPel, reserva 25% das vagas nos Programas de P\u00f3s-Gradua\u00e7\u00e3o stricto sensu da institui\u00e7\u00e3o para estudantes negros,\u2026","rel":"","context":"Post similar","block_context":{"text":"Post similar","link":""},"img":{"alt_text":"","src":"","width":0,"height":0},"classes":[]},{"id":2827,"url":"https:\/\/wp.ufpel.edu.br\/naaf\/eventos\/eventos-2017\/palestra-de-acolhida-aos-alunos-cotistas-ufpel-26-de-abril-de-2017\/","url_meta":{"origin":2861,"position":2},"title":"Palestra de Acolhida aos Alunos Cotistas &#8211; UFPEL &#8211; 26 de Abril de 2017","author":"nuaad","date":"22\/03\/2022","format":false,"excerpt":"O NUAAD realizou no dia 26 de Abril de 2017 uma palestra de Acolhida aos Alunos Cotistas da UFpel ministrada por Frei David (Forma\u00e7\u00e3o Superior em Filosofia e Teologia- ITF) no Audit\u00f3rio do Centro de Artes. H\u00e1 mais de 20 anos, Frei David dedica-se a trabalhos populares, sobretudo na \u00e1rea\u2026","rel":"","context":"Post similar","block_context":{"text":"Post similar","link":""},"img":{"alt_text":"","src":"https:\/\/i0.wp.com\/wp.ufpel.edu.br\/naaf\/files\/2017\/09\/DSC_0565-400x229.jpg?resize=350%2C200&ssl=1","width":350,"height":200},"classes":[]},{"id":2844,"url":"https:\/\/wp.ufpel.edu.br\/naaf\/eventos\/eventos-2018\/curso-de-capacitacao-promovido-pelo-nuaad-para-comissao-de-verificacao-de-alunos-e-servidores-ingressantes-na-ufpel-via-cotas-raciais\/","url_meta":{"origin":2861,"position":3},"title":"Curso de Capacita\u00e7\u00e3o promovido pelo NUAAD, para Comiss\u00e3o de Verifica\u00e7\u00e3o de alunos e servidores ingressantes na UFPel via Cotas Raciais.\u00a025 e 26 de Janeiro de 2018 \u00a0\u00a0","author":"nuaad","date":"22\/03\/2022","format":false,"excerpt":"Acad\u00eamica Geiselaine Dias e Servidor Damasio Duval \u00a0\u00a0\u00a0\u00a0\u00a0\u00a0\u00a0\u00a0\u00a0\u00a0\u00a0\u00a0\u00a0\u00a0\u00a0\u00a0\u00a0\u00a0\u00a0\u00a0\u00a0\u00a0\u00a0\u00a0\u00a0\u00a0\u00a0\u00a0\u00a0\u00a0\u00a0\u00a0\u00a0\u00a0\u00a0\u00a0\u00a0\u00a0\u00a0\u00a0\u00a0 \u00a0 \u00a0 \u00a0 \u00a0 \u00a0 \u00a0 \u00a0 \u00a0 \u00a0 \u00a0\u00a0 O N\u00facleo de A\u00e7\u00f5es Afirmativas e Diversidade da UFPel, realizou, nos dias 25 e 26 de janeiro, o Curso de Capacita\u00e7\u00e3o para Comiss\u00f5es de Heteroidentifica\u00e7\u00e3o, no pr\u00e9dio Lyceu Rio-grandense - \u00a0Sala do\u2026","rel":"","context":"Post similar","block_context":{"text":"Post similar","link":""},"img":{"alt_text":"","src":"","width":0,"height":0},"classes":[]},{"id":2863,"url":"https:\/\/wp.ufpel.edu.br\/naaf\/eventos\/eventos-2018\/nuaad-na-fenadoce-de-pelotas-2018-07-junho\/","url_meta":{"origin":2861,"position":4},"title":"NUAAD na Fenadoce de Pelotas\/ 2018 &#8211; 07 Junho","author":"nuaad","date":"22\/03\/2022","format":false,"excerpt":"Evento anual recebeu estande do NUAAD UFPEL No dia 07 de junho, quinta-feira, O NUAAD (N\u00facleo de A\u00e7\u00f5es Afirmativas) compareceu a Fenadoce de Pelotas, evento com foco na gastronomia do doce e na tradi\u00e7\u00e3o doceira de Pelotas, que se realiza desde o ano de 1986 na cidade, organizado pela prefeitura\u2026","rel":"","context":"Post similar","block_context":{"text":"Post similar","link":""},"img":{"alt_text":"","src":"https:\/\/i0.wp.com\/wp.ufpel.edu.br\/naaf\/files\/2018\/06\/3b09937b-6f29-412f-989a-6fe5de36b5d2.jpeg?resize=350%2C200","width":350,"height":200,"srcset":"https:\/\/i0.wp.com\/wp.ufpel.edu.br\/naaf\/files\/2018\/06\/3b09937b-6f29-412f-989a-6fe5de36b5d2.jpeg?resize=350%2C200 1x, https:\/\/i0.wp.com\/wp.ufpel.edu.br\/naaf\/files\/2018\/06\/3b09937b-6f29-412f-989a-6fe5de36b5d2.jpeg?resize=525%2C300 1.5x, https:\/\/i0.wp.com\/wp.ufpel.edu.br\/naaf\/files\/2018\/06\/3b09937b-6f29-412f-989a-6fe5de36b5d2.jpeg?resize=700%2C400 2x"},"classes":[]},{"id":61,"url":"https:\/\/wp.ufpel.edu.br\/naaf\/politicas\/","url_meta":{"origin":2861,"position":5},"title":"Pol\u00edticas de A\u00e7\u00f5es Afirmativas da UFPel","author":"naaf","date":"19\/09\/2017","format":false,"excerpt":"Sobre pol\u00edticas de a\u00e7\u00f5es afirmativas Ap\u00f3s um longo per\u00edodo de lutas dos movimentos sociais e implementa\u00e7\u00e3o de pol\u00edticas de n\u00edvel estadual e aut\u00f4nomas em algumas institui\u00e7\u00f5es, as pol\u00edticas de a\u00e7\u00f5es afirmativas nas Institui\u00e7\u00f5es Federais de Ensino Superior (IFES) foram aprovadas em n\u00edvel federal pela Lei 12.711\/12. Esta lei ficou conhecida\u2026","rel":"","context":"Post similar","block_context":{"text":"Post similar","link":""},"img":{"alt_text":"","src":"","width":0,"height":0},"classes":[]}],"_links":{"self":[{"href":"https:\/\/wp.ufpel.edu.br\/naaf\/wp-json\/wp\/v2\/pages\/2861","targetHints":{"allow":["GET"]}}],"collection":[{"href":"https:\/\/wp.ufpel.edu.br\/naaf\/wp-json\/wp\/v2\/pages"}],"about":[{"href":"https:\/\/wp.ufpel.edu.br\/naaf\/wp-json\/wp\/v2\/types\/page"}],"author":[{"embeddable":true,"href":"https:\/\/wp.ufpel.edu.br\/naaf\/wp-json\/wp\/v2\/users\/1133"}],"replies":[{"embeddable":true,"href":"https:\/\/wp.ufpel.edu.br\/naaf\/wp-json\/wp\/v2\/comments?post=2861"}],"version-history":[{"count":1,"href":"https:\/\/wp.ufpel.edu.br\/naaf\/wp-json\/wp\/v2\/pages\/2861\/revisions"}],"predecessor-version":[{"id":2862,"href":"https:\/\/wp.ufpel.edu.br\/naaf\/wp-json\/wp\/v2\/pages\/2861\/revisions\/2862"}],"up":[{"embeddable":true,"href":"https:\/\/wp.ufpel.edu.br\/naaf\/wp-json\/wp\/v2\/pages\/2840"}],"wp:attachment":[{"href":"https:\/\/wp.ufpel.edu.br\/naaf\/wp-json\/wp\/v2\/media?parent=2861"}],"curies":[{"name":"wp","href":"https:\/\/api.w.org\/{rel}","templated":true}]}}