{"id":2856,"date":"2022-03-22T11:23:34","date_gmt":"2022-03-22T14:23:34","guid":{"rendered":"https:\/\/wp.ufpel.edu.br\/naaf\/?page_id=2856"},"modified":"2022-03-23T09:42:17","modified_gmt":"2022-03-23T12:42:17","slug":"direito-e-emancipacao-por-uma-interpretacao-libertaria-da-norma-2018-23-de-maio","status":"publish","type":"page","link":"https:\/\/wp.ufpel.edu.br\/naaf\/eventos\/eventos-2018\/direito-e-emancipacao-por-uma-interpretacao-libertaria-da-norma-2018-23-de-maio\/","title":{"rendered":"Direito e Emancipa\u00e7\u00e3o : Por uma Interpreta\u00e7\u00e3o Libert\u00e1ria da Norma\/ 2018 &#8211; 23 de Maio"},"content":{"rendered":"<h2 style=\"text-align: center\"><span style=\"color: #000000\"><i><span style=\"font-weight: 400\">O evento que aconteceu na quarta-feira, 23 de Maio, falou sobre o \u201cdia depois da aboli\u00e7\u00e3o da escravatura\u201d<\/span><\/i><\/span><\/h2>\n<p style=\"text-align: justify\"><span style=\"color: #000000\">Realizado no pr\u00e9dio do Direito da Ufpel, o evento ministrado por tr\u00eas palestrantes Advogados. Dr. F\u00e1bio Gon\u00e7alves, Dra. Ros\u00e2ngela Minho e Dr. Ant\u00f4nio Carlos Rosa, contou com apresenta\u00e7\u00e3o musical feita pela Prof\u00aa e chefe do NUAAD Rosemar Lemos e com o estudante da UFPel e artista aut\u00f4nomo, Mateus Cardoso, que trouxeram um repert\u00f3rio com m\u00fasicas que evidenciam o negro e sua origem. Ao decorrer do evento, houve roda de conversa e mostra do filme (Navio Negreiro) al\u00e9m de uma troca de conhecimentos sobre as causas negras. Em relato, o aluno do 1\u00ba ano do curso de Direito da Universidade, Lourivaldo Jr. disse que \u201c mesmo o aluno negro, tendo esfolado os joelhos para ter alcan\u00e7ado o curso t\u00e3o desejado na universidade, \u00e9 exigido mais comprometimento e dedica\u00e7\u00e3o que os demais assim sendo que deve ser o melhor dentre os melhores no \u00e2mbito da sala de aula.\u201d A palestra trouxe uma reflex\u00e3o sobre a Lei \u00c1urea, a inser\u00e7\u00e3o do negro na contemporaneidade e as estrat\u00e9gias para o enfrentamento do racismo. O audit\u00f3rio recebeu alunos de v\u00e1rios cursos nos hor\u00e1rios de 18h at\u00e9 as 22h, com entrega de certificados<b>. \u00a0<\/b><\/span><\/p>\n\n\t\t<style type=\"text\/css\">\n\t\t\t#gallery-1 {\n\t\t\t\tmargin: auto;\n\t\t\t}\n\t\t\t#gallery-1 .gallery-item {\n\t\t\t\tfloat: left;\n\t\t\t\tmargin-top: 10px;\n\t\t\t\ttext-align: center;\n\t\t\t\twidth: 50%;\n\t\t\t}\n\t\t\t#gallery-1 img {\n\t\t\t\tborder: 2px solid #cfcfcf;\n\t\t\t}\n\t\t\t#gallery-1 .gallery-caption {\n\t\t\t\tmargin-left: 0;\n\t\t\t}\n\t\t\t\/* see gallery_shortcode() in wp-includes\/media.php *\/\n\t\t<\/style>\n\t\t<div data-carousel-extra='{&quot;blog_id&quot;:802,&quot;permalink&quot;:&quot;https:\/\/wp.ufpel.edu.br\/naaf\/eventos\/eventos-2018\/direito-e-emancipacao-por-uma-interpretacao-libertaria-da-norma-2018-23-de-maio\/&quot;}' id='gallery-1' class='gallery galleryid-2856 gallery-columns-2 gallery-size-thumbnail'><dl class='gallery-item'>\n\t\t\t<dt class='gallery-icon landscape'>\n\t\t\t\t<a href='https:\/\/wp.ufpel.edu.br\/naaf\/eventos\/36029910_1735821493162727_8335180122961215488_n\/'><img loading=\"lazy\" decoding=\"async\" width=\"200\" height=\"200\" src=\"https:\/\/i0.wp.com\/wp.ufpel.edu.br\/naaf\/files\/2018\/06\/36029910_1735821493162727_8335180122961215488_n.jpg?resize=200%2C200&amp;ssl=1\" class=\"attachment-thumbnail size-thumbnail\" alt=\"\" aria-describedby=\"gallery-1-738\" srcset=\"https:\/\/i0.wp.com\/wp.ufpel.edu.br\/naaf\/files\/2018\/06\/36029910_1735821493162727_8335180122961215488_n.jpg?resize=200%2C200&amp;ssl=1 200w, https:\/\/i0.wp.com\/wp.ufpel.edu.br\/naaf\/files\/2018\/06\/36029910_1735821493162727_8335180122961215488_n.jpg?zoom=2&amp;resize=200%2C200&amp;ssl=1 400w, https:\/\/i0.wp.com\/wp.ufpel.edu.br\/naaf\/files\/2018\/06\/36029910_1735821493162727_8335180122961215488_n.jpg?zoom=3&amp;resize=200%2C200&amp;ssl=1 600w\" sizes=\"auto, (max-width: 200px) 100vw, 200px\" data-attachment-id=\"738\" data-permalink=\"https:\/\/wp.ufpel.edu.br\/naaf\/eventos\/36029910_1735821493162727_8335180122961215488_n\/\" data-orig-file=\"https:\/\/i0.wp.com\/wp.ufpel.edu.br\/naaf\/files\/2018\/06\/36029910_1735821493162727_8335180122961215488_n.jpg?fit=4096%2C3072&amp;ssl=1\" data-orig-size=\"4096,3072\" data-comments-opened=\"0\" data-image-meta=\"{&quot;aperture&quot;:&quot;0&quot;,&quot;credit&quot;:&quot;&quot;,&quot;camera&quot;:&quot;&quot;,&quot;caption&quot;:&quot;&quot;,&quot;created_timestamp&quot;:&quot;0&quot;,&quot;copyright&quot;:&quot;&quot;,&quot;focal_length&quot;:&quot;0&quot;,&quot;iso&quot;:&quot;0&quot;,&quot;shutter_speed&quot;:&quot;0&quot;,&quot;title&quot;:&quot;&quot;,&quot;orientation&quot;:&quot;0&quot;}\" data-image-title=\"36029910_1735821493162727_8335180122961215488_n\" data-image-description=\"\" data-image-caption=\"&lt;p&gt;Foto: Acervo NUAAD&lt;\/p&gt;\n\" data-medium-file=\"https:\/\/i0.wp.com\/wp.ufpel.edu.br\/naaf\/files\/2018\/06\/36029910_1735821493162727_8335180122961215488_n.jpg?fit=400%2C300&amp;ssl=1\" data-large-file=\"https:\/\/i0.wp.com\/wp.ufpel.edu.br\/naaf\/files\/2018\/06\/36029910_1735821493162727_8335180122961215488_n.jpg?fit=750%2C563&amp;ssl=1\" \/><\/a>\n\t\t\t<\/dt>\n\t\t\t\t<dd class='wp-caption-text gallery-caption' id='gallery-1-738'>\n\t\t\t\tFoto: Acervo NUAAD\n\t\t\t\t<\/dd><\/dl><dl class='gallery-item'>\n\t\t\t<dt class='gallery-icon landscape'>\n\t\t\t\t<a href='https:\/\/wp.ufpel.edu.br\/naaf\/eventos\/32952140_622232488114986_8018268565092171776_o\/'><img loading=\"lazy\" decoding=\"async\" width=\"200\" height=\"200\" src=\"https:\/\/i0.wp.com\/wp.ufpel.edu.br\/naaf\/files\/2018\/06\/32952140_622232488114986_8018268565092171776_o.jpg?resize=200%2C200&amp;ssl=1\" class=\"attachment-thumbnail size-thumbnail\" alt=\"\" aria-describedby=\"gallery-1-722\" srcset=\"https:\/\/i0.wp.com\/wp.ufpel.edu.br\/naaf\/files\/2018\/06\/32952140_622232488114986_8018268565092171776_o.jpg?resize=200%2C200&amp;ssl=1 200w, https:\/\/i0.wp.com\/wp.ufpel.edu.br\/naaf\/files\/2018\/06\/32952140_622232488114986_8018268565092171776_o.jpg?zoom=2&amp;resize=200%2C200&amp;ssl=1 400w, https:\/\/i0.wp.com\/wp.ufpel.edu.br\/naaf\/files\/2018\/06\/32952140_622232488114986_8018268565092171776_o.jpg?zoom=3&amp;resize=200%2C200&amp;ssl=1 600w\" sizes=\"auto, (max-width: 200px) 100vw, 200px\" data-attachment-id=\"722\" data-permalink=\"https:\/\/wp.ufpel.edu.br\/naaf\/eventos\/32952140_622232488114986_8018268565092171776_o\/\" data-orig-file=\"https:\/\/i0.wp.com\/wp.ufpel.edu.br\/naaf\/files\/2018\/06\/32952140_622232488114986_8018268565092171776_o.jpg?fit=2048%2C1448&amp;ssl=1\" data-orig-size=\"2048,1448\" data-comments-opened=\"0\" data-image-meta=\"{&quot;aperture&quot;:&quot;0&quot;,&quot;credit&quot;:&quot;&quot;,&quot;camera&quot;:&quot;&quot;,&quot;caption&quot;:&quot;&quot;,&quot;created_timestamp&quot;:&quot;0&quot;,&quot;copyright&quot;:&quot;&quot;,&quot;focal_length&quot;:&quot;0&quot;,&quot;iso&quot;:&quot;0&quot;,&quot;shutter_speed&quot;:&quot;0&quot;,&quot;title&quot;:&quot;&quot;,&quot;orientation&quot;:&quot;0&quot;}\" data-image-title=\"32952140_622232488114986_8018268565092171776_o\" data-image-description=\"\" data-image-caption=\"&lt;p&gt;ARTE: Matheus Borges&lt;\/p&gt;\n\" data-medium-file=\"https:\/\/i0.wp.com\/wp.ufpel.edu.br\/naaf\/files\/2018\/06\/32952140_622232488114986_8018268565092171776_o.jpg?fit=400%2C283&amp;ssl=1\" data-large-file=\"https:\/\/i0.wp.com\/wp.ufpel.edu.br\/naaf\/files\/2018\/06\/32952140_622232488114986_8018268565092171776_o.jpg?fit=750%2C530&amp;ssl=1\" \/><\/a>\n\t\t\t<\/dt>\n\t\t\t\t<dd class='wp-caption-text gallery-caption' id='gallery-1-722'>\n\t\t\t\tARTE: Matheus Borges\n\t\t\t\t<\/dd><\/dl><br style=\"clear: both\" \/>\n\t\t<\/div>\n\n<p>&nbsp;<\/p>\n","protected":false},"excerpt":{"rendered":"<p>O evento que aconteceu na quarta-feira, 23 de Maio, falou sobre o \u201cdia depois da aboli\u00e7\u00e3o da escravatura\u201d Realizado no pr\u00e9dio do Direito da Ufpel, o evento ministrado por tr\u00eas palestrantes Advogados. Dr. F\u00e1bio Gon\u00e7alves, Dra. Ros\u00e2ngela Minho e Dr. Ant\u00f4nio Carlos Rosa, contou com apresenta\u00e7\u00e3o musical feita pela Prof\u00aa e chefe do NUAAD Rosemar &hellip; <\/p>\n<p><a class=\"more-link btn\" href=\"https:\/\/wp.ufpel.edu.br\/naaf\/eventos\/eventos-2018\/direito-e-emancipacao-por-uma-interpretacao-libertaria-da-norma-2018-23-de-maio\/\">Continue lendo<\/a><\/p>\n","protected":false},"author":1133,"featured_media":0,"parent":2840,"menu_order":11,"comment_status":"closed","ping_status":"closed","template":"","meta":{"jetpack_post_was_ever_published":false,"footnotes":""},"class_list":["post-2856","page","type-page","status-publish","hentry","nodate","item-wrap"],"jetpack_sharing_enabled":true,"jetpack_shortlink":"https:\/\/wp.me\/P9uOP6-K4","jetpack_likes_enabled":true,"jetpack-related-posts":[{"id":2844,"url":"https:\/\/wp.ufpel.edu.br\/naaf\/eventos\/eventos-2018\/curso-de-capacitacao-promovido-pelo-nuaad-para-comissao-de-verificacao-de-alunos-e-servidores-ingressantes-na-ufpel-via-cotas-raciais\/","url_meta":{"origin":2856,"position":0},"title":"Curso de Capacita\u00e7\u00e3o promovido pelo NUAAD, para Comiss\u00e3o de Verifica\u00e7\u00e3o de alunos e servidores ingressantes na UFPel via Cotas Raciais.\u00a025 e 26 de Janeiro de 2018 \u00a0\u00a0","author":"nuaad","date":"22\/03\/2022","format":false,"excerpt":"Acad\u00eamica Geiselaine Dias e Servidor Damasio Duval \u00a0\u00a0\u00a0\u00a0\u00a0\u00a0\u00a0\u00a0\u00a0\u00a0\u00a0\u00a0\u00a0\u00a0\u00a0\u00a0\u00a0\u00a0\u00a0\u00a0\u00a0\u00a0\u00a0\u00a0\u00a0\u00a0\u00a0\u00a0\u00a0\u00a0\u00a0\u00a0\u00a0\u00a0\u00a0\u00a0\u00a0\u00a0\u00a0\u00a0\u00a0 \u00a0 \u00a0 \u00a0 \u00a0 \u00a0 \u00a0 \u00a0 \u00a0 \u00a0 \u00a0\u00a0 O N\u00facleo de A\u00e7\u00f5es Afirmativas e Diversidade da UFPel, realizou, nos dias 25 e 26 de janeiro, o Curso de Capacita\u00e7\u00e3o para Comiss\u00f5es de Heteroidentifica\u00e7\u00e3o, no pr\u00e9dio Lyceu Rio-grandense - \u00a0Sala do\u2026","rel":"","context":"Post similar","block_context":{"text":"Post similar","link":""},"img":{"alt_text":"","src":"","width":0,"height":0},"classes":[]},{"id":2832,"url":"https:\/\/wp.ufpel.edu.br\/naaf\/eventos\/eventos-2017\/discutindo-o-25-de-julho-o-que-eu-tenho-a-ver-com-isso-24-de-julho-de-2017\/","url_meta":{"origin":2856,"position":1},"title":"Discutindo O 25 De Julho \u2013 O Que Eu Tenho a Ver Com Isso? &#8211; 24 de Julho de 2017","author":"nuaad","date":"22\/03\/2022","format":false,"excerpt":"Percebe-se o quanto \u00e9 necess\u00e1rio o empoderamento das mulheres que vivem na cidade de Pelotas, incluindo estudantes das universidades\/faculdades e a popula\u00e7\u00e3o local. A partir desta demanda o NUAAD prop\u00f4s este evento com o objetivo de informar e\/ou conscientizar seus participantes, a fim de que conscientes e unidXs seja poss\u00edvel\u2026","rel":"","context":"Post similar","block_context":{"text":"Post similar","link":""},"img":{"alt_text":"","src":"https:\/\/i0.wp.com\/wp.ufpel.edu.br\/naaf\/files\/2017\/09\/20258308_1716317298674263_5726712877145438825_n-400x265.jpg?resize=350%2C200&ssl=1","width":350,"height":200},"classes":[]},{"id":2830,"url":"https:\/\/wp.ufpel.edu.br\/naaf\/eventos\/eventos-2017\/palestra-a-insercao-do-negro-na-engenharia-e-no-mercado-de-trabalho-15-de-maio-de-2017\/","url_meta":{"origin":2856,"position":2},"title":"Palestra: A Inser\u00e7\u00e3o do Negro na Engenharia e no Mercado de Trabalho &#8211; 15 de Maio de 2017","author":"nuaad","date":"22\/03\/2022","format":false,"excerpt":"O Grupo de Estudo do CENG: Exatas Diversidades Afro Ind\u00edgena Brasileiras - ProEDAI, realizou no dia 15 de Maio a palestra: A Inser\u00e7\u00e3o do Negro na Engenharia e no Mercado de Trabalho, o\u00a0palestrante do evento foi o professor Roberlaine Ribeiro Jorge, Diretor do Campus Alegrete da UNIPAMPA. Este evento faz\u2026","rel":"","context":"Post similar","block_context":{"text":"Post similar","link":""},"img":{"alt_text":"","src":"https:\/\/i0.wp.com\/wp.ufpel.edu.br\/naaf\/files\/2017\/09\/18451362_1691632694188204_6419659562097589787_o-400x242.jpg?resize=350%2C200&ssl=1","width":350,"height":200},"classes":[]},{"id":2873,"url":"https:\/\/wp.ufpel.edu.br\/naaf\/eventos\/eventos-2018\/prefeitura-municipal-e-universidade-federal-de-pelotas-realizam-em-parceria-curso-de-capacitacao-para-comissoes-de-heteroidentificacao-17-de-setembro-2018\/","url_meta":{"origin":2856,"position":3},"title":"Prefeitura Municipal e Universidade Federal de Pelotas realizam \u00a0em parceria \u201cCurso de Capacita\u00e7\u00e3o para Comiss\u00f5es de Heteroidentifica\u00e7\u00e3o\u201d &#8211; 17 de Setembro, 2018","author":"nuaad","date":"22\/03\/2022","format":false,"excerpt":"Acads. Marcela Lima e Isadora Caleiro O N\u00facleo de A\u00e7\u00f5es Afirmativas e Diversidade da UFPel, juntamente com a Prefeitura Municipal de Pelotas, realizou, nesta segunda-feira, 17 de setembro, o Curso Intensivo de Capacita\u00e7\u00e3o para Comiss\u00f5es de Heteroidentifica\u00e7\u00e3o, na sala de reuni\u00f5es do COCEPE\/UFPel. A Portaria Normativa n\u00b0 4, emitida pelo\u2026","rel":"","context":"Post similar","block_context":{"text":"Post similar","link":""},"img":{"alt_text":"","src":"","width":0,"height":0},"classes":[]},{"id":2819,"url":"https:\/\/wp.ufpel.edu.br\/naaf\/eventos\/eventos-2017\/seminario-as-cotas-raciais-e-seus-sujeitos-de-direito-11-marco-de-2017\/","url_meta":{"origin":2856,"position":4},"title":"Semin\u00e1rio &#8220;As Cotas Raciais e Seus Sujeitos de Direito&#8221; &#8211; 11 Mar\u00e7o de 2017","author":"nuaad","date":"22\/03\/2022","format":false,"excerpt":"Semin\u00e1rio \"As Cotas Raciais e Seus Sujeitos de Direito\" - 11 Mar\u00e7o de 2017 Neste evento foi discutido o conceito jur\u00eddico de \"pardo\" e o alcance jur\u00eddico da autodeclara\u00e7\u00e3o para cotas raciais al\u00e9m do m\u00e9todo utilizado na Hetoroidentifica\u00e7\u00e3o para banir as fraudes e a \"afro conveni\u00eancia\". Por\u00a0Gleidson Renato Martins Dias,\u2026","rel":"","context":"Post similar","block_context":{"text":"Post similar","link":""},"img":{"alt_text":"","src":"https:\/\/i0.wp.com\/wp.ufpel.edu.br\/naaf\/files\/2017\/09\/17192325_421772294827674_2671318346559121243_o-400x255.jpg?resize=350%2C200&ssl=1","width":350,"height":200},"classes":[]},{"id":2878,"url":"https:\/\/wp.ufpel.edu.br\/naaf\/eventos\/eventos-2018\/semana-da-consciencia-negra-de-arroio-grande-edicao-maristela-correa-09-10-e-12-de-novembro-2018\/","url_meta":{"origin":2856,"position":5},"title":"Semana da Consci\u00eancia Negra de Arroio Grande &#8211; Edi\u00e7\u00e3o: MARISTELA CORR\u00caA- 09, 10 e 12 de Novembro, 2018.\u00a0","author":"nuaad","date":"22\/03\/2022","format":false,"excerpt":"Acad. Geiselaine Dias, Lourivaldo Jr. Isadora Caleiro, Marcela Lima e Servidor Damasio Rodrigues O munic\u00edpio de Arroio Grande recebeu a 1\u00aa \u00a0Semana da Consci\u00eancia Negra, no m\u00eas de Novembro, evento que abordou temas como \u00a0educa\u00e7\u00e3o, cultura, sa\u00fade e seguran\u00e7a da comunidade negra arroio-grandense. Foram realizadas palestras, apresenta\u00e7\u00f5es culturais, oficinas did\u00e1tico-pedag\u00f3gicas\u2026","rel":"","context":"Post similar","block_context":{"text":"Post similar","link":""},"img":{"alt_text":"","src":"","width":0,"height":0},"classes":[]}],"_links":{"self":[{"href":"https:\/\/wp.ufpel.edu.br\/naaf\/wp-json\/wp\/v2\/pages\/2856","targetHints":{"allow":["GET"]}}],"collection":[{"href":"https:\/\/wp.ufpel.edu.br\/naaf\/wp-json\/wp\/v2\/pages"}],"about":[{"href":"https:\/\/wp.ufpel.edu.br\/naaf\/wp-json\/wp\/v2\/types\/page"}],"author":[{"embeddable":true,"href":"https:\/\/wp.ufpel.edu.br\/naaf\/wp-json\/wp\/v2\/users\/1133"}],"replies":[{"embeddable":true,"href":"https:\/\/wp.ufpel.edu.br\/naaf\/wp-json\/wp\/v2\/comments?post=2856"}],"version-history":[{"count":1,"href":"https:\/\/wp.ufpel.edu.br\/naaf\/wp-json\/wp\/v2\/pages\/2856\/revisions"}],"predecessor-version":[{"id":2858,"href":"https:\/\/wp.ufpel.edu.br\/naaf\/wp-json\/wp\/v2\/pages\/2856\/revisions\/2858"}],"up":[{"embeddable":true,"href":"https:\/\/wp.ufpel.edu.br\/naaf\/wp-json\/wp\/v2\/pages\/2840"}],"wp:attachment":[{"href":"https:\/\/wp.ufpel.edu.br\/naaf\/wp-json\/wp\/v2\/media?parent=2856"}],"curies":[{"name":"wp","href":"https:\/\/api.w.org\/{rel}","templated":true}]}}