{"id":2854,"date":"2022-03-22T11:21:24","date_gmt":"2022-03-22T14:21:24","guid":{"rendered":"https:\/\/wp.ufpel.edu.br\/naaf\/?page_id=2854"},"modified":"2022-03-23T09:42:47","modified_gmt":"2022-03-23T12:42:47","slug":"oficina-de-promocao-da-igualdade-racial-e-enfrentamento-ao-racismo-2018-18-de-maio","status":"publish","type":"page","link":"https:\/\/wp.ufpel.edu.br\/naaf\/eventos\/eventos-2018\/oficina-de-promocao-da-igualdade-racial-e-enfrentamento-ao-racismo-2018-18-de-maio\/","title":{"rendered":"Oficina de Promo\u00e7\u00e3o da Igualdade Racial e Enfrentamento ao Racismo\/ 2018 &#8211; 18 de Maio"},"content":{"rendered":"<p style=\"text-align: justify\"><span style=\"color: #000000\"><span style=\"font-size: 12pt\">Comiss\u00e3o Especial que analisa a veracidade do componente \u00e9tnico-racial dos candidatos que <\/span><span style=\"font-size: 12pt\">se autodeclaram negros nos processos seletivos ou em concursos p\u00fablicos para provimentos de cargos na Universidade Federal de Pelotas, em conjunto com a Coordena\u00e7\u00e3o de Inclus\u00e3o e Diversidade promoveu na \u00faltima sexta-feira, dia 18 de maio, oficina denominada \u201cPromo\u00e7\u00e3o da Igualdade Racial e Enfrentamento ao Racismo, em um contexto \u00e9tnico-racial e inclusivo\u201d. O evento, que foi realizado no Audit\u00f3rio II do Centro de Artes, contou com a participa\u00e7\u00e3o 66 (sessenta e seis), dos 90 (noventa) inscritos. Na ocasi\u00e3o estiveram presentes representa\u00e7\u00f5es de segmentos variados, tais como: Movimentos Sociais Negros; Institui\u00e7\u00f5es locais e regionais, como IFSul, FURG, UNIPAMPA, Prefeitura; Representa\u00e7\u00f5es de Comunidades Ind\u00edgenas e Quilombolas, os quais enalteceram a iniciativa com suas falas aguerridas.<\/span><\/span><\/p>\n<p style=\"text-align: justify\"><span style=\"font-size: 12pt;color: #000000\">Na oportunidade realizou-se uma reflex\u00e3o acerca dos importantes temas trazidos pelos palestrantes, informando ao p\u00fablico \u00a0sobre o hist\u00f3rico da discuss\u00e3o racial no Brasil, a necessidade das a\u00e7\u00f5es afirmativas &#8211; AA, com enfoque especial na Universidade, e o papel desempenhado pelas comiss\u00f5es de heteroidentifica\u00e7\u00e3o, respons\u00e1veis pela verifica\u00e7\u00e3o complementar da autodeclara\u00e7\u00e3o \u00e9tnico-racial prestada pelos candidatos a alunos e servidores que pretendem ocupar vagas destinadas ao acesso afirmativo na UFPEL.<\/span><\/p>\n<p style=\"text-align: justify\"><span style=\"font-size: 12pt;color: #000000\">Segundo destacaram as t\u00e9cnicas-administrativas respons\u00e1veis pela organiza\u00e7\u00e3o, Adriana Gomes e Mara Beatriz Gomes, inicialmente a oficina foi pensada, em car\u00e1ter de urg\u00eancia, para atender \u00e0 formalidade de capacita\u00e7\u00e3o dos membros das comiss\u00f5es de heteroidentifica\u00e7\u00e3o trazida pela Portaria Normativa MPOG 04\/2018, bem como para renovar e ampliar seus quadros, de modo que todos os respons\u00e1veis estejam compromissados e coesos em garantir o acesso efetivamente aos sujeitos dessa pol\u00edtica. Por\u00e9m, diante da relev\u00e2ncia e diversidade do eixo tem\u00e1tico relativo \u00e0s AA\u2019s, e especialmente pela demanda do p\u00fablico que se fez presente, a discuss\u00e3o continuar\u00e1 no decorrer do ano, atrav\u00e9s de novos encontros, dentro da estrutura de um projeto de extens\u00e3o que visa fortalecer no ambiente universit\u00e1rio a cultura, identidade e a autoestima desses grupos \u00e9tnico-raciais que ainda s\u00e3o discriminados nos espa\u00e7os institucionais.<\/span><\/p>\n<p style=\"text-align: justify\"><span style=\"font-size: 12pt;color: #000000\">(Fonte: Mara Beatriz Gomes)<\/span><\/p>\n\n\t\t<style type=\"text\/css\">\n\t\t\t#gallery-1 {\n\t\t\t\tmargin: auto;\n\t\t\t}\n\t\t\t#gallery-1 .gallery-item {\n\t\t\t\tfloat: left;\n\t\t\t\tmargin-top: 10px;\n\t\t\t\ttext-align: center;\n\t\t\t\twidth: 33%;\n\t\t\t}\n\t\t\t#gallery-1 img {\n\t\t\t\tborder: 2px solid #cfcfcf;\n\t\t\t}\n\t\t\t#gallery-1 .gallery-caption {\n\t\t\t\tmargin-left: 0;\n\t\t\t}\n\t\t\t\/* see gallery_shortcode() in wp-includes\/media.php *\/\n\t\t<\/style>\n\t\t<div data-carousel-extra='{&quot;blog_id&quot;:802,&quot;permalink&quot;:&quot;https:\/\/wp.ufpel.edu.br\/naaf\/eventos\/eventos-2018\/oficina-de-promocao-da-igualdade-racial-e-enfrentamento-ao-racismo-2018-18-de-maio\/&quot;}' id='gallery-1' class='gallery galleryid-2854 gallery-columns-3 gallery-size-thumbnail'><dl class='gallery-item'>\n\t\t\t<dt class='gallery-icon landscape'>\n\t\t\t\t<a href='https:\/\/wp.ufpel.edu.br\/naaf\/eventos\/design-sem-nome\/'><img loading=\"lazy\" decoding=\"async\" width=\"200\" height=\"200\" src=\"https:\/\/i0.wp.com\/wp.ufpel.edu.br\/naaf\/files\/2018\/06\/Design-sem-nome.png?resize=200%2C200&amp;ssl=1\" class=\"attachment-thumbnail size-thumbnail\" alt=\"\" srcset=\"https:\/\/i0.wp.com\/wp.ufpel.edu.br\/naaf\/files\/2018\/06\/Design-sem-nome.png?w=1080&amp;ssl=1 1080w, https:\/\/i0.wp.com\/wp.ufpel.edu.br\/naaf\/files\/2018\/06\/Design-sem-nome.png?resize=200%2C200&amp;ssl=1 200w, https:\/\/i0.wp.com\/wp.ufpel.edu.br\/naaf\/files\/2018\/06\/Design-sem-nome.png?resize=400%2C400&amp;ssl=1 400w, https:\/\/i0.wp.com\/wp.ufpel.edu.br\/naaf\/files\/2018\/06\/Design-sem-nome.png?resize=768%2C768&amp;ssl=1 768w, https:\/\/i0.wp.com\/wp.ufpel.edu.br\/naaf\/files\/2018\/06\/Design-sem-nome.png?resize=1024%2C1024&amp;ssl=1 1024w\" sizes=\"auto, (max-width: 200px) 100vw, 200px\" data-attachment-id=\"691\" data-permalink=\"https:\/\/wp.ufpel.edu.br\/naaf\/eventos\/design-sem-nome\/\" data-orig-file=\"https:\/\/i0.wp.com\/wp.ufpel.edu.br\/naaf\/files\/2018\/06\/Design-sem-nome.png?fit=1080%2C1080&amp;ssl=1\" data-orig-size=\"1080,1080\" data-comments-opened=\"0\" data-image-meta=\"{&quot;aperture&quot;:&quot;0&quot;,&quot;credit&quot;:&quot;&quot;,&quot;camera&quot;:&quot;&quot;,&quot;caption&quot;:&quot;&quot;,&quot;created_timestamp&quot;:&quot;0&quot;,&quot;copyright&quot;:&quot;&quot;,&quot;focal_length&quot;:&quot;0&quot;,&quot;iso&quot;:&quot;0&quot;,&quot;shutter_speed&quot;:&quot;0&quot;,&quot;title&quot;:&quot;&quot;,&quot;orientation&quot;:&quot;0&quot;}\" data-image-title=\"Design sem nome\" data-image-description=\"\" data-image-caption=\"\" data-medium-file=\"https:\/\/i0.wp.com\/wp.ufpel.edu.br\/naaf\/files\/2018\/06\/Design-sem-nome.png?fit=400%2C400&amp;ssl=1\" data-large-file=\"https:\/\/i0.wp.com\/wp.ufpel.edu.br\/naaf\/files\/2018\/06\/Design-sem-nome.png?fit=750%2C750&amp;ssl=1\" \/><\/a>\n\t\t\t<\/dt><\/dl><dl class='gallery-item'>\n\t\t\t<dt class='gallery-icon landscape'>\n\t\t\t\t<a href='https:\/\/wp.ufpel.edu.br\/naaf\/eventos\/p1\/'><img loading=\"lazy\" decoding=\"async\" width=\"200\" height=\"200\" src=\"https:\/\/i0.wp.com\/wp.ufpel.edu.br\/naaf\/files\/2018\/06\/p1.png?resize=200%2C200&amp;ssl=1\" class=\"attachment-thumbnail size-thumbnail\" alt=\"\" srcset=\"https:\/\/i0.wp.com\/wp.ufpel.edu.br\/naaf\/files\/2018\/06\/p1.png?w=1080&amp;ssl=1 1080w, https:\/\/i0.wp.com\/wp.ufpel.edu.br\/naaf\/files\/2018\/06\/p1.png?resize=200%2C200&amp;ssl=1 200w, https:\/\/i0.wp.com\/wp.ufpel.edu.br\/naaf\/files\/2018\/06\/p1.png?resize=400%2C400&amp;ssl=1 400w, https:\/\/i0.wp.com\/wp.ufpel.edu.br\/naaf\/files\/2018\/06\/p1.png?resize=768%2C768&amp;ssl=1 768w, https:\/\/i0.wp.com\/wp.ufpel.edu.br\/naaf\/files\/2018\/06\/p1.png?resize=1024%2C1024&amp;ssl=1 1024w\" sizes=\"auto, (max-width: 200px) 100vw, 200px\" data-attachment-id=\"692\" data-permalink=\"https:\/\/wp.ufpel.edu.br\/naaf\/eventos\/p1\/\" data-orig-file=\"https:\/\/i0.wp.com\/wp.ufpel.edu.br\/naaf\/files\/2018\/06\/p1.png?fit=1080%2C1080&amp;ssl=1\" data-orig-size=\"1080,1080\" data-comments-opened=\"0\" data-image-meta=\"{&quot;aperture&quot;:&quot;0&quot;,&quot;credit&quot;:&quot;&quot;,&quot;camera&quot;:&quot;&quot;,&quot;caption&quot;:&quot;&quot;,&quot;created_timestamp&quot;:&quot;0&quot;,&quot;copyright&quot;:&quot;&quot;,&quot;focal_length&quot;:&quot;0&quot;,&quot;iso&quot;:&quot;0&quot;,&quot;shutter_speed&quot;:&quot;0&quot;,&quot;title&quot;:&quot;&quot;,&quot;orientation&quot;:&quot;0&quot;}\" data-image-title=\"p1\" data-image-description=\"\" data-image-caption=\"\" data-medium-file=\"https:\/\/i0.wp.com\/wp.ufpel.edu.br\/naaf\/files\/2018\/06\/p1.png?fit=400%2C400&amp;ssl=1\" data-large-file=\"https:\/\/i0.wp.com\/wp.ufpel.edu.br\/naaf\/files\/2018\/06\/p1.png?fit=750%2C750&amp;ssl=1\" \/><\/a>\n\t\t\t<\/dt><\/dl><dl class='gallery-item'>\n\t\t\t<dt class='gallery-icon landscape'>\n\t\t\t\t<a href='https:\/\/wp.ufpel.edu.br\/naaf\/eventos\/p2\/'><img loading=\"lazy\" decoding=\"async\" width=\"200\" height=\"200\" src=\"https:\/\/i0.wp.com\/wp.ufpel.edu.br\/naaf\/files\/2018\/06\/p2.png?resize=200%2C200&amp;ssl=1\" class=\"attachment-thumbnail size-thumbnail\" alt=\"\" srcset=\"https:\/\/i0.wp.com\/wp.ufpel.edu.br\/naaf\/files\/2018\/06\/p2.png?w=1080&amp;ssl=1 1080w, https:\/\/i0.wp.com\/wp.ufpel.edu.br\/naaf\/files\/2018\/06\/p2.png?resize=200%2C200&amp;ssl=1 200w, https:\/\/i0.wp.com\/wp.ufpel.edu.br\/naaf\/files\/2018\/06\/p2.png?resize=400%2C400&amp;ssl=1 400w, https:\/\/i0.wp.com\/wp.ufpel.edu.br\/naaf\/files\/2018\/06\/p2.png?resize=768%2C768&amp;ssl=1 768w, https:\/\/i0.wp.com\/wp.ufpel.edu.br\/naaf\/files\/2018\/06\/p2.png?resize=1024%2C1024&amp;ssl=1 1024w\" sizes=\"auto, (max-width: 200px) 100vw, 200px\" data-attachment-id=\"693\" data-permalink=\"https:\/\/wp.ufpel.edu.br\/naaf\/eventos\/p2\/\" data-orig-file=\"https:\/\/i0.wp.com\/wp.ufpel.edu.br\/naaf\/files\/2018\/06\/p2.png?fit=1080%2C1080&amp;ssl=1\" data-orig-size=\"1080,1080\" data-comments-opened=\"0\" data-image-meta=\"{&quot;aperture&quot;:&quot;0&quot;,&quot;credit&quot;:&quot;&quot;,&quot;camera&quot;:&quot;&quot;,&quot;caption&quot;:&quot;&quot;,&quot;created_timestamp&quot;:&quot;0&quot;,&quot;copyright&quot;:&quot;&quot;,&quot;focal_length&quot;:&quot;0&quot;,&quot;iso&quot;:&quot;0&quot;,&quot;shutter_speed&quot;:&quot;0&quot;,&quot;title&quot;:&quot;&quot;,&quot;orientation&quot;:&quot;0&quot;}\" data-image-title=\"p2\" data-image-description=\"\" data-image-caption=\"\" data-medium-file=\"https:\/\/i0.wp.com\/wp.ufpel.edu.br\/naaf\/files\/2018\/06\/p2.png?fit=400%2C400&amp;ssl=1\" data-large-file=\"https:\/\/i0.wp.com\/wp.ufpel.edu.br\/naaf\/files\/2018\/06\/p2.png?fit=750%2C750&amp;ssl=1\" \/><\/a>\n\t\t\t<\/dt><\/dl><br style=\"clear: both\" \/>\n\t\t<\/div>\n\n","protected":false},"excerpt":{"rendered":"<p>Comiss\u00e3o Especial que analisa a veracidade do componente \u00e9tnico-racial dos candidatos que se autodeclaram negros nos processos seletivos ou em concursos p\u00fablicos para provimentos de cargos na Universidade Federal de Pelotas, em conjunto com a Coordena\u00e7\u00e3o de Inclus\u00e3o e Diversidade promoveu na \u00faltima sexta-feira, dia 18 de maio, oficina denominada \u201cPromo\u00e7\u00e3o da Igualdade Racial e &hellip; <\/p>\n<p><a class=\"more-link btn\" href=\"https:\/\/wp.ufpel.edu.br\/naaf\/eventos\/eventos-2018\/oficina-de-promocao-da-igualdade-racial-e-enfrentamento-ao-racismo-2018-18-de-maio\/\">Continue lendo<\/a><\/p>\n","protected":false},"author":1133,"featured_media":0,"parent":2840,"menu_order":12,"comment_status":"closed","ping_status":"closed","template":"","meta":{"jetpack_post_was_ever_published":false,"footnotes":""},"class_list":["post-2854","page","type-page","status-publish","hentry","nodate","item-wrap"],"jetpack_sharing_enabled":true,"jetpack_shortlink":"https:\/\/wp.me\/P9uOP6-K2","jetpack_likes_enabled":true,"jetpack-related-posts":[{"id":2873,"url":"https:\/\/wp.ufpel.edu.br\/naaf\/eventos\/eventos-2018\/prefeitura-municipal-e-universidade-federal-de-pelotas-realizam-em-parceria-curso-de-capacitacao-para-comissoes-de-heteroidentificacao-17-de-setembro-2018\/","url_meta":{"origin":2854,"position":0},"title":"Prefeitura Municipal e Universidade Federal de Pelotas realizam \u00a0em parceria \u201cCurso de Capacita\u00e7\u00e3o para Comiss\u00f5es de Heteroidentifica\u00e7\u00e3o\u201d &#8211; 17 de Setembro, 2018","author":"nuaad","date":"22\/03\/2022","format":false,"excerpt":"Acads. Marcela Lima e Isadora Caleiro O N\u00facleo de A\u00e7\u00f5es Afirmativas e Diversidade da UFPel, juntamente com a Prefeitura Municipal de Pelotas, realizou, nesta segunda-feira, 17 de setembro, o Curso Intensivo de Capacita\u00e7\u00e3o para Comiss\u00f5es de Heteroidentifica\u00e7\u00e3o, na sala de reuni\u00f5es do COCEPE\/UFPel. A Portaria Normativa n\u00b0 4, emitida pelo\u2026","rel":"","context":"Post similar","block_context":{"text":"Post similar","link":""},"img":{"alt_text":"","src":"","width":0,"height":0},"classes":[]},{"id":73,"url":"https:\/\/wp.ufpel.edu.br\/naaf\/analisedaspoliticas\/","url_meta":{"origin":2854,"position":1},"title":"Notas","author":"naaf","date":"19\/09\/2017","format":false,"excerpt":"Manifesto dos estudantes Ind\u00edgenas e Quilombolas da UFPel Em resposta \u00e0s dificuldades impostas pela pandemia de coronav\u00edrus e \u00e0s pr\u00f3prias limita\u00e7\u00f5es que encontram em suas trajet\u00f3rias acad\u00eamicas, os discentes Ind\u00edgenas e Quilombolas da UFPel elaboraram e divulgaram o documento \u201cManifesto dos Estudantes Ind\u00edgenas e Quilombolas\u201d. Neste Manifesto, esses estudantes exp\u00f5em\u2026","rel":"","context":"Post similar","block_context":{"text":"Post similar","link":""},"img":{"alt_text":"","src":"","width":0,"height":0},"classes":[]},{"id":245,"url":"https:\/\/wp.ufpel.edu.br\/naaf\/politicas\/pos-graduacao-2\/","url_meta":{"origin":2854,"position":2},"title":"P\u00f3s-Gradua\u00e7\u00e3o","author":"naaf","date":"27\/10\/2017","format":false,"excerpt":"No primeiro semestre de 2017, a UFPel tornou-se uma das primeiras Universidades Federais do pa\u00eds a aprovar uma pol\u00edtica de cotas \u00e9tnico-raciais para a P\u00f3s-Gradua\u00e7\u00e3o. A Resolu\u00e7\u00e3o n\u00ba 05\/2017, do Conselho Universit\u00e1rio (CONSUN) da UFPel, reserva 25% das vagas nos Programas de P\u00f3s-Gradua\u00e7\u00e3o stricto sensu da institui\u00e7\u00e3o para estudantes negros,\u2026","rel":"","context":"Post similar","block_context":{"text":"Post similar","link":""},"img":{"alt_text":"","src":"","width":0,"height":0},"classes":[]},{"id":2867,"url":"https:\/\/wp.ufpel.edu.br\/naaf\/eventos\/eventos-2018\/nuaad-participa-politica-nacional-de-saude-integral-da-populacao-negra-dialogos-com-a-renafro-saude\/","url_meta":{"origin":2854,"position":3},"title":"NUAAD Participa: Pol\u00edtica Nacional de Sa\u00fade Integral da Popula\u00e7\u00e3o Negra: Di\u00e1logos com a Renafro Sa\u00fade &#8211; 15 de Julho, 2018","author":"nuaad","date":"22\/03\/2022","format":false,"excerpt":"No dia 15 de julho de 2018, no Sal\u00e3o Nobre da Prefeitura Municipal de Pelotas, realizou-se o evento sobre: \u201cPol\u00edtica Nacional de Sa\u00fade Integral da Popula\u00e7\u00e3o Negra\u201d, das 8 \u00e0s 12 horas. O evento, que abrangeu toda a popula\u00e7\u00e3o pelotense, se deteve na fortifica\u00e7\u00e3o da informa\u00e7\u00e3o e promo\u00e7\u00e3o sobre a\u2026","rel":"","context":"Post similar","block_context":{"text":"Post similar","link":""},"img":{"alt_text":"","src":"https:\/\/i2.wp.com\/wp.ufpel.edu.br\/naaf\/files\/2018\/06\/2090e9c0-f0bf-4b5c-b2c3-caafe491438e.jpeg?resize=350%2C200&ssl=1","width":350,"height":200},"classes":[]},{"id":4689,"url":"https:\/\/wp.ufpel.edu.br\/naaf\/sobre-nos\/","url_meta":{"origin":2854,"position":4},"title":"Sobre n\u00f3s","author":"nuaad","date":"06\/09\/2024","format":false,"excerpt":"O N\u00facleo de A\u00e7\u00f5es Afirmativas e Diversidade desenvolve atividades relacionadas ao gerenciamento das vagas ocupadas por cotistas ou direcionadas a estes; atividades educativas e informativas nas escolas p\u00fablicas de Educa\u00e7\u00e3o B\u00e1sica, bem como a promo\u00e7\u00e3o de eventos que permitam a aproxima\u00e7\u00e3o da Universidade e a inclus\u00e3o de ind\u00edgenas e quilombolas\u2026","rel":"","context":"Post similar","block_context":{"text":"Post similar","link":""},"img":{"alt_text":"","src":"","width":0,"height":0},"classes":[]},{"id":61,"url":"https:\/\/wp.ufpel.edu.br\/naaf\/politicas\/","url_meta":{"origin":2854,"position":5},"title":"Pol\u00edticas de A\u00e7\u00f5es Afirmativas da UFPel","author":"naaf","date":"19\/09\/2017","format":false,"excerpt":"Sobre pol\u00edticas de a\u00e7\u00f5es afirmativas Ap\u00f3s um longo per\u00edodo de lutas dos movimentos sociais e implementa\u00e7\u00e3o de pol\u00edticas de n\u00edvel estadual e aut\u00f4nomas em algumas institui\u00e7\u00f5es, as pol\u00edticas de a\u00e7\u00f5es afirmativas nas Institui\u00e7\u00f5es Federais de Ensino Superior (IFES) foram aprovadas em n\u00edvel federal pela Lei 12.711\/12. Esta lei ficou conhecida\u2026","rel":"","context":"Post similar","block_context":{"text":"Post similar","link":""},"img":{"alt_text":"","src":"","width":0,"height":0},"classes":[]}],"_links":{"self":[{"href":"https:\/\/wp.ufpel.edu.br\/naaf\/wp-json\/wp\/v2\/pages\/2854","targetHints":{"allow":["GET"]}}],"collection":[{"href":"https:\/\/wp.ufpel.edu.br\/naaf\/wp-json\/wp\/v2\/pages"}],"about":[{"href":"https:\/\/wp.ufpel.edu.br\/naaf\/wp-json\/wp\/v2\/types\/page"}],"author":[{"embeddable":true,"href":"https:\/\/wp.ufpel.edu.br\/naaf\/wp-json\/wp\/v2\/users\/1133"}],"replies":[{"embeddable":true,"href":"https:\/\/wp.ufpel.edu.br\/naaf\/wp-json\/wp\/v2\/comments?post=2854"}],"version-history":[{"count":1,"href":"https:\/\/wp.ufpel.edu.br\/naaf\/wp-json\/wp\/v2\/pages\/2854\/revisions"}],"predecessor-version":[{"id":2855,"href":"https:\/\/wp.ufpel.edu.br\/naaf\/wp-json\/wp\/v2\/pages\/2854\/revisions\/2855"}],"up":[{"embeddable":true,"href":"https:\/\/wp.ufpel.edu.br\/naaf\/wp-json\/wp\/v2\/pages\/2840"}],"wp:attachment":[{"href":"https:\/\/wp.ufpel.edu.br\/naaf\/wp-json\/wp\/v2\/media?parent=2854"}],"curies":[{"name":"wp","href":"https:\/\/api.w.org\/{rel}","templated":true}]}}