{"id":2852,"date":"2022-03-22T11:20:20","date_gmt":"2022-03-22T14:20:20","guid":{"rendered":"https:\/\/wp.ufpel.edu.br\/naaf\/?page_id=2852"},"modified":"2022-03-23T09:43:38","modified_gmt":"2022-03-23T12:43:38","slug":"projeto-dea-da-universidade-federal-de-pelotas-fazendo-a-diferenca-na-escola-2018-09-e-14-de-maio","status":"publish","type":"page","link":"https:\/\/wp.ufpel.edu.br\/naaf\/eventos\/eventos-2018\/projeto-dea-da-universidade-federal-de-pelotas-fazendo-a-diferenca-na-escola-2018-09-e-14-de-maio\/","title":{"rendered":"Projeto DEA, da Universidade Federal de Pelotas, Fazendo a diferen\u00e7a na Escola\/ 2018 &#8211; 09 e 14 de Maio"},"content":{"rendered":"<p><span style=\"color: #000000\">Nos dias 09 e 14 de Maio, com o apoio do NUAAD, o \u00a0grupo do DEA (Design, Escola e Arte) com o projeto &#8211; Viagem ao Futuro, se dirigiu at\u00e9 o Instituto S\u00e3o Benedito, localizado na F\u00e9lix. Trabalhando com a tem\u00e1tica: Express\u00f5es Culturais Africanas &#8211; TURBANTES, PINTURA FACIAL E M\u00c1SCARAS AFRICANAS.<\/span><\/p>\n<p><span style=\"color: #000000\">Com din\u00e2micas pensadas para remeter \u00e0 cultura africana, as crian\u00e7as assistiram no primeiro momento, uma exibi\u00e7\u00e3o de slides feitos pelo Acad\u00eamico de Jornalismo Micael Ara\u00fajo, a qual foi apresentada por ele juntamente com com Marcela Lima, tamb\u00e9m acad\u00eamica do Curso de Jornalismo.<\/span><\/p>\n<p><span style=\"color: #000000\">Os oficineiros Manuella, Tassiele, Gi\u00f3rgia, e Alex, apresentaram o filme \u201cZARAFA\u201d e logo ap\u00f3s, coordenaram atividades relacionadas com o filme. Foi proposto um \u201cfinal\u201d, na qual cada crian\u00e7a (em duplas) foi instigada a elaborar um desfecho para o filme (visto que o mesmo \u00a0foi assistido at\u00e9 a metade). Da\u00ed ent\u00e3o, cada desenho ou texto, teve a finalidade de acionar com o imagin\u00e1rio de cada uma delas, em rela\u00e7\u00e3o com tudo o que foi apresentado na oficina promovida pelo DEA.<\/span><\/p>\n<p><span style=\"color: #000000\">Al\u00e9m disso, houve produ\u00e7\u00e3o de m\u00e1scaras (Tassiele e Alex) , Pintura Facial ( Marcela e Gi\u00f3rgia) e gincana (Manuella e Micael)<\/span><\/p>\n<p><span style=\"color: #000000\">Todas as atividades foram elaboradas pelo Grupo DEA, complementando oficinas anteriores, realizadas na mesma institui\u00e7\u00e3o de ensino. Por causa da demanda, o grupo viu a necessidade de voltar e complementar o que tinha proposto na semana anterior. Em que passar v\u00eddeos para melhorar a auto estima das meninas da escola, tran\u00e7as e maquiagens, visando trabalhar com o \u2018reconhecimento\u2019 de si mesma, da beleza e afirma\u00e7\u00e3o de cada uma.<\/span><\/p>\n<p class=\"jetpack-slideshow-noscript robots-nocontent\">Este slideshow necessita de JavaScript.<\/p><div id=\"gallery-2852-1-slideshow\" class=\"jetpack-slideshow-window jetpack-slideshow jetpack-slideshow-black\" data-trans=\"fade\" data-autostart=\"1\" data-gallery=\"[{&quot;src&quot;:&quot;https:\\\/\\\/i0.wp.com\\\/wp.ufpel.edu.br\\\/naaf\\\/files\\\/2018\\\/06\\\/d386d742-8b3a-4e6c-ab24-d8ca478f6be9.jpeg?fit=1280%2C960\\u0026ssl=1&quot;,&quot;id&quot;:&quot;711&quot;,&quot;title&quot;:&quot;d386d742-8b3a-4e6c-ab24-d8ca478f6be9&quot;,&quot;alt&quot;:&quot;&quot;,&quot;caption&quot;:&quot;&quot;,&quot;itemprop&quot;:&quot;image&quot;},{&quot;src&quot;:&quot;https:\\\/\\\/i0.wp.com\\\/wp.ufpel.edu.br\\\/naaf\\\/files\\\/2018\\\/06\\\/edf6353f-c228-4a4f-818a-403ca45a3996.jpeg?fit=720%2C960\\u0026ssl=1&quot;,&quot;id&quot;:&quot;712&quot;,&quot;title&quot;:&quot;Oficina S\\u00e3o Benedito&quot;,&quot;alt&quot;:&quot;&quot;,&quot;caption&quot;:&quot;&quot;,&quot;itemprop&quot;:&quot;image&quot;},{&quot;src&quot;:&quot;https:\\\/\\\/i0.wp.com\\\/wp.ufpel.edu.br\\\/naaf\\\/files\\\/2018\\\/06\\\/36ed613c-c350-4886-b4c1-28a1a43c7f4e.jpeg?fit=1280%2C960\\u0026ssl=1&quot;,&quot;id&quot;:&quot;704&quot;,&quot;title&quot;:&quot;36ed613c-c350-4886-b4c1-28a1a43c7f4e&quot;,&quot;alt&quot;:&quot;&quot;,&quot;caption&quot;:&quot;&quot;,&quot;itemprop&quot;:&quot;image&quot;},{&quot;src&quot;:&quot;https:\\\/\\\/i0.wp.com\\\/wp.ufpel.edu.br\\\/naaf\\\/files\\\/2018\\\/06\\\/36002938_1735804839831059_2587354969887735808_n.jpg?fit=1040%2C585\\u0026ssl=1&quot;,&quot;id&quot;:&quot;731&quot;,&quot;title&quot;:&quot;36002938_1735804839831059_2587354969887735808_n&quot;,&quot;alt&quot;:&quot;&quot;,&quot;caption&quot;:&quot;&quot;,&quot;itemprop&quot;:&quot;image&quot;},{&quot;src&quot;:&quot;https:\\\/\\\/i0.wp.com\\\/wp.ufpel.edu.br\\\/naaf\\\/files\\\/2018\\\/06\\\/36025518_1735804853164391_6054863873914175488_n.jpg?fit=1040%2C585\\u0026ssl=1&quot;,&quot;id&quot;:&quot;732&quot;,&quot;title&quot;:&quot;36025518_1735804853164391_6054863873914175488_n&quot;,&quot;alt&quot;:&quot;&quot;,&quot;caption&quot;:&quot;&quot;,&quot;itemprop&quot;:&quot;image&quot;},{&quot;src&quot;:&quot;https:\\\/\\\/i0.wp.com\\\/wp.ufpel.edu.br\\\/naaf\\\/files\\\/2018\\\/06\\\/36031402_1735804863164390_3693020306546360320_n.jpg?fit=960%2C1280\\u0026ssl=1&quot;,&quot;id&quot;:&quot;733&quot;,&quot;title&quot;:&quot;36031402_1735804863164390_3693020306546360320_n&quot;,&quot;alt&quot;:&quot;&quot;,&quot;caption&quot;:&quot;&quot;,&quot;itemprop&quot;:&quot;image&quot;},{&quot;src&quot;:&quot;https:\\\/\\\/i0.wp.com\\\/wp.ufpel.edu.br\\\/naaf\\\/files\\\/2018\\\/06\\\/33901225_2034910246582180_6927030122365059072_o.jpg?fit=2048%2C1327\\u0026ssl=1&quot;,&quot;id&quot;:&quot;734&quot;,&quot;title&quot;:&quot;33901225_2034910246582180_6927030122365059072_o&quot;,&quot;alt&quot;:&quot;&quot;,&quot;caption&quot;:&quot;&quot;,&quot;itemprop&quot;:&quot;image&quot;},{&quot;src&quot;:&quot;https:\\\/\\\/i0.wp.com\\\/wp.ufpel.edu.br\\\/naaf\\\/files\\\/2018\\\/06\\\/34012097_2034909916582213_579568234156523520_o.jpg?fit=2048%2C1489\\u0026ssl=1&quot;,&quot;id&quot;:&quot;735&quot;,&quot;title&quot;:&quot;34012097_2034909916582213_579568234156523520_o&quot;,&quot;alt&quot;:&quot;&quot;,&quot;caption&quot;:&quot;&quot;,&quot;itemprop&quot;:&quot;image&quot;}]\" itemscope itemtype=\"https:\/\/schema.org\/ImageGallery\"><\/div>\n","protected":false},"excerpt":{"rendered":"<p>Nos dias 09 e 14 de Maio, com o apoio do NUAAD, o \u00a0grupo do DEA (Design, Escola e Arte) com o projeto &#8211; Viagem ao Futuro, se dirigiu at\u00e9 o Instituto S\u00e3o Benedito, localizado na F\u00e9lix. Trabalhando com a tem\u00e1tica: Express\u00f5es Culturais Africanas &#8211; TURBANTES, PINTURA FACIAL E M\u00c1SCARAS AFRICANAS. Com din\u00e2micas pensadas para &hellip; <\/p>\n<p><a class=\"more-link btn\" href=\"https:\/\/wp.ufpel.edu.br\/naaf\/eventos\/eventos-2018\/projeto-dea-da-universidade-federal-de-pelotas-fazendo-a-diferenca-na-escola-2018-09-e-14-de-maio\/\">Continue lendo<\/a><\/p>\n","protected":false},"author":1133,"featured_media":0,"parent":2840,"menu_order":13,"comment_status":"closed","ping_status":"closed","template":"","meta":{"jetpack_post_was_ever_published":false,"footnotes":""},"class_list":["post-2852","page","type-page","status-publish","hentry","nodate","item-wrap"],"jetpack_sharing_enabled":true,"jetpack_shortlink":"https:\/\/wp.me\/P9uOP6-K0","jetpack_likes_enabled":true,"jetpack-related-posts":[{"id":2834,"url":"https:\/\/wp.ufpel.edu.br\/naaf\/eventos\/eventos-2017\/acoes-afirmativas-por-que-para-quem-25-de-agosto-de-2017\/","url_meta":{"origin":2852,"position":0},"title":"&#8220;A\u00e7\u00f5es Afirmativas: Por qu\u00ea? Para Quem?&#8221; &#8211; 25 de Agosto de 2017","author":"nuaad","date":"22\/03\/2022","format":false,"excerpt":"A Professora Dra.\u00a0Rosemar Lemos\u00a0no dia 25 de agosto palestrou sobre o tema: \"A\u00e7\u00f5es Afirmativas: Por qu\u00ea? Para Quem?\" para mais de 200 pessoas discorrendo sobre as a\u00e7\u00f5es que a UFPel vem realizando enquanto NUAAD. Al\u00e9m disso, na mesma data foi desenvolvido o Projeto de Extens\u00e3o \"Viagem ao Futuro\" sob o\u2026","rel":"","context":"Post similar","block_context":{"text":"Post similar","link":""},"img":{"alt_text":"","src":"https:\/\/i0.wp.com\/wp.ufpel.edu.br\/naaf\/files\/2017\/09\/21054972_504172136587689_389193303700099899_o-400x256.jpg?resize=350%2C200&ssl=1","width":350,"height":200},"classes":[]},{"id":2880,"url":"https:\/\/wp.ufpel.edu.br\/naaf\/eventos\/eventos-2018\/x-edicao-do-seconep-2018\/","url_meta":{"origin":2852,"position":1},"title":"X Edi\u00e7\u00e3o do SECONEP, 2018. &#8211; 21, 23 e 25 de Novembro de 2018","author":"nuaad","date":"22\/03\/2022","format":false,"excerpt":"Acads. \u00a0Lourivaldo Junior e Marcela Lima O Semin\u00e1rio da Consci\u00eancia Negra de Pelotas - SECONEP - evento organizado e realizado anualmente por estudantes e servidores da UFPel, al\u00e9m da sociedade civil, completa em 2018 seus 10 anos. A import\u00e2ncia de se realizar um evento como este \u00e9 o fato de\u2026","rel":"","context":"Post similar","block_context":{"text":"Post similar","link":""},"img":{"alt_text":"","src":"","width":0,"height":0},"classes":[]},{"id":2830,"url":"https:\/\/wp.ufpel.edu.br\/naaf\/eventos\/eventos-2017\/palestra-a-insercao-do-negro-na-engenharia-e-no-mercado-de-trabalho-15-de-maio-de-2017\/","url_meta":{"origin":2852,"position":2},"title":"Palestra: A Inser\u00e7\u00e3o do Negro na Engenharia e no Mercado de Trabalho &#8211; 15 de Maio de 2017","author":"nuaad","date":"22\/03\/2022","format":false,"excerpt":"O Grupo de Estudo do CENG: Exatas Diversidades Afro Ind\u00edgena Brasileiras - ProEDAI, realizou no dia 15 de Maio a palestra: A Inser\u00e7\u00e3o do Negro na Engenharia e no Mercado de Trabalho, o\u00a0palestrante do evento foi o professor Roberlaine Ribeiro Jorge, Diretor do Campus Alegrete da UNIPAMPA. Este evento faz\u2026","rel":"","context":"Post similar","block_context":{"text":"Post similar","link":""},"img":{"alt_text":"","src":"https:\/\/i0.wp.com\/wp.ufpel.edu.br\/naaf\/files\/2017\/09\/18451362_1691632694188204_6419659562097589787_o-400x242.jpg?resize=350%2C200&ssl=1","width":350,"height":200},"classes":[]},{"id":2859,"url":"https:\/\/wp.ufpel.edu.br\/naaf\/eventos\/eventos-2018\/i-semana-academica-africana-de-pelotas-tem-como-tema-a-colonizacao-descolonizacao-africana-e-as-transformacoes-socioeconomicas-e-culturais-no-continente\/","url_meta":{"origin":2852,"position":3},"title":"I Semana Acad\u00eamica Africana de Pelotas tem como tema a Coloniza\u00e7\u00e3o\/Descoloniza\u00e7\u00e3o Africana e as transforma\u00e7\u00f5es socioecon\u00f4micas e culturais no continente 24 e 26 de Maio de 2018","author":"nuaad","date":"22\/03\/2022","format":false,"excerpt":"Tr\u00eas dias foram dedicados para este evento, 24 e 25 de Maio, no Audit\u00f3rio do Campus ll \/ICH da UFPel Rua Almirante Barroso 1202 \u00a0 O Nuaad, esteve presente na I semana Africana de Pelotas, que ocorreu dos dias 24 a 26 de Maio, na qual a professora e chefe\u2026","rel":"","context":"Post similar","block_context":{"text":"Post similar","link":""},"img":{"alt_text":"","src":"https:\/\/i0.wp.com\/wp.ufpel.edu.br\/naaf\/files\/2018\/06\/33432942_1476839879088135_2396710000207593472_o.jpg?resize=350%2C200","width":350,"height":200,"srcset":"https:\/\/i0.wp.com\/wp.ufpel.edu.br\/naaf\/files\/2018\/06\/33432942_1476839879088135_2396710000207593472_o.jpg?resize=350%2C200 1x, https:\/\/i0.wp.com\/wp.ufpel.edu.br\/naaf\/files\/2018\/06\/33432942_1476839879088135_2396710000207593472_o.jpg?resize=525%2C300 1.5x, https:\/\/i0.wp.com\/wp.ufpel.edu.br\/naaf\/files\/2018\/06\/33432942_1476839879088135_2396710000207593472_o.jpg?resize=700%2C400 2x, https:\/\/i0.wp.com\/wp.ufpel.edu.br\/naaf\/files\/2018\/06\/33432942_1476839879088135_2396710000207593472_o.jpg?resize=1050%2C600 3x, https:\/\/i0.wp.com\/wp.ufpel.edu.br\/naaf\/files\/2018\/06\/33432942_1476839879088135_2396710000207593472_o.jpg?resize=1400%2C800 4x"},"classes":[]},{"id":2865,"url":"https:\/\/wp.ufpel.edu.br\/naaf\/eventos\/eventos-2018\/2o-ed-seminario-discutindo-o-25-de-julho-o-que-eu-tenho-a-ver-com-isso\/","url_meta":{"origin":2852,"position":4},"title":"\u00a02\u00ba Ed. Semin\u00e1rio: Discutindo O 25 De Julho \u2013 O Que Eu Tenho a Ver Com Isso? 26, 27, 28 de Julho de 2018","author":"nuaad","date":"22\/03\/2022","format":false,"excerpt":"Nos dias 26, 27 e 28 de julho, no Audit\u00f3rio T\u00e9rreo do Campus II-ICH, DA Universidade Federal de Pelotas (UFPel), foi realizada a segunda edi\u00e7\u00e3o do Semin\u00e1rio \u201cDiscutindo O 25 De Julho \u2013 O Que Eu Tenho a Ver Com Isso?\u201d, organizado pelo N\u00facleo de A\u00e7\u00f5es Afirmativas e Diversidade (NUAAD),\u2026","rel":"","context":"Post similar","block_context":{"text":"Post similar","link":""},"img":{"alt_text":"","src":"","width":0,"height":0},"classes":[]},{"id":2854,"url":"https:\/\/wp.ufpel.edu.br\/naaf\/eventos\/eventos-2018\/oficina-de-promocao-da-igualdade-racial-e-enfrentamento-ao-racismo-2018-18-de-maio\/","url_meta":{"origin":2852,"position":5},"title":"Oficina de Promo\u00e7\u00e3o da Igualdade Racial e Enfrentamento ao Racismo\/ 2018 &#8211; 18 de Maio","author":"nuaad","date":"22\/03\/2022","format":false,"excerpt":"Comiss\u00e3o Especial que analisa a veracidade do componente \u00e9tnico-racial dos candidatos que se autodeclaram negros nos processos seletivos ou em concursos p\u00fablicos para provimentos de cargos na Universidade Federal de Pelotas, em conjunto com a Coordena\u00e7\u00e3o de Inclus\u00e3o e Diversidade promoveu na \u00faltima sexta-feira, dia 18 de maio, oficina denominada\u2026","rel":"","context":"Post similar","block_context":{"text":"Post similar","link":""},"img":{"alt_text":"","src":"https:\/\/i0.wp.com\/wp.ufpel.edu.br\/naaf\/files\/2018\/06\/Design-sem-nome.png?resize=350%2C200","width":350,"height":200,"srcset":"https:\/\/i0.wp.com\/wp.ufpel.edu.br\/naaf\/files\/2018\/06\/Design-sem-nome.png?resize=350%2C200 1x, https:\/\/i0.wp.com\/wp.ufpel.edu.br\/naaf\/files\/2018\/06\/Design-sem-nome.png?resize=525%2C300 1.5x, https:\/\/i0.wp.com\/wp.ufpel.edu.br\/naaf\/files\/2018\/06\/Design-sem-nome.png?resize=700%2C400 2x, https:\/\/i0.wp.com\/wp.ufpel.edu.br\/naaf\/files\/2018\/06\/Design-sem-nome.png?resize=1050%2C600 3x"},"classes":[]}],"_links":{"self":[{"href":"https:\/\/wp.ufpel.edu.br\/naaf\/wp-json\/wp\/v2\/pages\/2852","targetHints":{"allow":["GET"]}}],"collection":[{"href":"https:\/\/wp.ufpel.edu.br\/naaf\/wp-json\/wp\/v2\/pages"}],"about":[{"href":"https:\/\/wp.ufpel.edu.br\/naaf\/wp-json\/wp\/v2\/types\/page"}],"author":[{"embeddable":true,"href":"https:\/\/wp.ufpel.edu.br\/naaf\/wp-json\/wp\/v2\/users\/1133"}],"replies":[{"embeddable":true,"href":"https:\/\/wp.ufpel.edu.br\/naaf\/wp-json\/wp\/v2\/comments?post=2852"}],"version-history":[{"count":1,"href":"https:\/\/wp.ufpel.edu.br\/naaf\/wp-json\/wp\/v2\/pages\/2852\/revisions"}],"predecessor-version":[{"id":2853,"href":"https:\/\/wp.ufpel.edu.br\/naaf\/wp-json\/wp\/v2\/pages\/2852\/revisions\/2853"}],"up":[{"embeddable":true,"href":"https:\/\/wp.ufpel.edu.br\/naaf\/wp-json\/wp\/v2\/pages\/2840"}],"wp:attachment":[{"href":"https:\/\/wp.ufpel.edu.br\/naaf\/wp-json\/wp\/v2\/media?parent=2852"}],"curies":[{"name":"wp","href":"https:\/\/api.w.org\/{rel}","templated":true}]}}