{"id":2850,"date":"2022-03-22T11:19:17","date_gmt":"2022-03-22T14:19:17","guid":{"rendered":"https:\/\/wp.ufpel.edu.br\/naaf\/?page_id=2850"},"modified":"2022-03-23T09:52:59","modified_gmt":"2022-03-23T12:52:59","slug":"yoga-no-contexto-etnico-social-a-perspectiva-de-um-monge-africano-2018-27-de-abril","status":"publish","type":"page","link":"https:\/\/wp.ufpel.edu.br\/naaf\/eventos\/eventos-2018\/yoga-no-contexto-etnico-social-a-perspectiva-de-um-monge-africano-2018-27-de-abril\/","title":{"rendered":"Yoga no contexto \u00e9tnico social: a perspectiva de um monge africano\/ 2018 &#8211; 27 de Abril"},"content":{"rendered":"<p style=\"text-align: justify\"><span style=\"color: #000000\">27\/04 \u00e0s 17h no endere\u00e7o Almirante Barroso 1734 NUAAD, sala 7 nome do palestrante Jinanananda (Congo), realizou-se uma corrente filos\u00f3fica que permeia diversas assuntos essenciais para serem discutidos na contemporaneidade.<\/span><\/p>\n<p style=\"text-align: justify\"><span style=\"color: #000000\">Monge Dada Jinanananda, um dos Monges da Organiza\u00e7\u00e3o Ananda Marga que \u00e9 localizada no mundo inteiro iniciada na \u00edndia, essa organiza\u00e7\u00e3o tem como vis\u00e3o \u00a0trazer de volta a integra\u00e7\u00e3o da vida interna com a externa, Ele comenta sobre se acordamos feliz nosso rosto \u00e9 repleto de luz, nossa mente de acordo com a frequ\u00eancia vibracional que se coloca pode a chegar a modificar nossa morfologia, o corpo f\u00edsico \u00e9 a sua frequ\u00eancia vibracional condensada.<\/span><\/p>\n<p style=\"text-align: justify\"><span style=\"color: #000000\">A yoga n\u00e3o \u00e9 apenas torcer e movimentar o corpo de forma esquisita. Yoga \u00e9 muito mais do que estas posturas. Derivado da palavra em s\u00e2nscrito \u201cyuj\u201d, que significa \u201cunir ou integrar\u201d, yoga \u00e9 um conjunto de conhecimentos de mais de 5.000 anos. Yoga \u00e9 harmonizar o corpo com a mente e a respira\u00e7\u00e3o, atrav\u00e9s de t\u00e9cnicas de respira\u00e7\u00e3o (pranayamas), posturas de yoga (\u00e1sanas) e medita\u00e7\u00e3o.<\/span><\/p>\n<p style=\"text-align: justify\"><span style=\"color: #000000\"><a style=\"color: #000000\" href=\"https:\/\/eadeptus.com.br\/video-o-que-e-yoga-por-monge-dada-jinanananda\/\">Fonte: V\u00eddeo o que \u00e9 yoga por Monge Dada-jinanananda<\/a><\/span><\/p>\n<div id=\"attachment_713\" style=\"width: 400px\" class=\"wp-caption aligncenter\"><img data-recalc-dims=\"1\" loading=\"lazy\" decoding=\"async\" aria-describedby=\"caption-attachment-713\" data-attachment-id=\"713\" data-permalink=\"https:\/\/wp.ufpel.edu.br\/naaf\/eventos\/fc84d414-eecb-4773-965b-3677aae2c2c9\/\" data-orig-file=\"https:\/\/i0.wp.com\/wp.ufpel.edu.br\/naaf\/files\/2018\/06\/fc84d414-eecb-4773-965b-3677aae2c2c9.jpeg?fit=1280%2C853&amp;ssl=1\" data-orig-size=\"1280,853\" data-comments-opened=\"0\" data-image-meta=\"{&quot;aperture&quot;:&quot;0&quot;,&quot;credit&quot;:&quot;&quot;,&quot;camera&quot;:&quot;&quot;,&quot;caption&quot;:&quot;&quot;,&quot;created_timestamp&quot;:&quot;0&quot;,&quot;copyright&quot;:&quot;&quot;,&quot;focal_length&quot;:&quot;0&quot;,&quot;iso&quot;:&quot;0&quot;,&quot;shutter_speed&quot;:&quot;0&quot;,&quot;title&quot;:&quot;&quot;,&quot;orientation&quot;:&quot;0&quot;}\" data-image-title=\"fc84d414-eecb-4773-965b-3677aae2c2c9\" data-image-description=\"\" data-image-caption=\"\" data-medium-file=\"https:\/\/i0.wp.com\/wp.ufpel.edu.br\/naaf\/files\/2018\/06\/fc84d414-eecb-4773-965b-3677aae2c2c9.jpeg?fit=400%2C267&amp;ssl=1\" data-large-file=\"https:\/\/i0.wp.com\/wp.ufpel.edu.br\/naaf\/files\/2018\/06\/fc84d414-eecb-4773-965b-3677aae2c2c9.jpeg?fit=750%2C500&amp;ssl=1\" class=\"wp-image-713 size-medium\" src=\"https:\/\/i0.wp.com\/wp.ufpel.edu.br\/naaf\/files\/2018\/06\/fc84d414-eecb-4773-965b-3677aae2c2c9.jpeg?resize=400%2C267&#038;ssl=1\" alt=\"\" width=\"400\" height=\"267\" srcset=\"https:\/\/i0.wp.com\/wp.ufpel.edu.br\/naaf\/files\/2018\/06\/fc84d414-eecb-4773-965b-3677aae2c2c9.jpeg?resize=400%2C267&amp;ssl=1 400w, https:\/\/i0.wp.com\/wp.ufpel.edu.br\/naaf\/files\/2018\/06\/fc84d414-eecb-4773-965b-3677aae2c2c9.jpeg?resize=768%2C512&amp;ssl=1 768w, https:\/\/i0.wp.com\/wp.ufpel.edu.br\/naaf\/files\/2018\/06\/fc84d414-eecb-4773-965b-3677aae2c2c9.jpeg?resize=1024%2C682&amp;ssl=1 1024w, https:\/\/i0.wp.com\/wp.ufpel.edu.br\/naaf\/files\/2018\/06\/fc84d414-eecb-4773-965b-3677aae2c2c9.jpeg?w=1280&amp;ssl=1 1280w\" sizes=\"auto, (max-width: 400px) 100vw, 400px\" \/><p id=\"caption-attachment-713\" class=\"wp-caption-text\"><span style=\"color: #000000\">Foto: Acervo NUAAD<\/span><\/p><\/div>\n<h1><\/h1>\n","protected":false},"excerpt":{"rendered":"<p>27\/04 \u00e0s 17h no endere\u00e7o Almirante Barroso 1734 NUAAD, sala 7 nome do palestrante Jinanananda (Congo), realizou-se uma corrente filos\u00f3fica que permeia diversas assuntos essenciais para serem discutidos na contemporaneidade. Monge Dada Jinanananda, um dos Monges da Organiza\u00e7\u00e3o Ananda Marga que \u00e9 localizada no mundo inteiro iniciada na \u00edndia, essa organiza\u00e7\u00e3o tem como vis\u00e3o \u00a0trazer &hellip; <\/p>\n<p><a class=\"more-link btn\" href=\"https:\/\/wp.ufpel.edu.br\/naaf\/eventos\/eventos-2018\/yoga-no-contexto-etnico-social-a-perspectiva-de-um-monge-africano-2018-27-de-abril\/\">Continue lendo<\/a><\/p>\n","protected":false},"author":1133,"featured_media":0,"parent":2840,"menu_order":14,"comment_status":"closed","ping_status":"closed","template":"","meta":{"jetpack_post_was_ever_published":false,"footnotes":""},"class_list":["post-2850","page","type-page","status-publish","hentry","nodate","item-wrap"],"jetpack_sharing_enabled":true,"jetpack_shortlink":"https:\/\/wp.me\/P9uOP6-JY","jetpack_likes_enabled":true,"jetpack-related-posts":[{"id":4699,"url":"https:\/\/wp.ufpel.edu.br\/naaf\/auxilios\/","url_meta":{"origin":2850,"position":0},"title":"Aux\u00edlios e Bolsas","author":"nuaad","date":"06\/09\/2024","format":false,"excerpt":"Quem tem direito? Todos os estudantes ind\u00edgenas e quilombolas devidamente matriculados. Existe desempenho acad\u00eamico m\u00ednimo exigido? Sim. No que diz respeito a: matr\u00edcula, frequ\u00eancia e notas. Matr\u00edcula - O que \u00e9 exigido? Exige-se que os estudantes no tempo regular do curso devam estar matriculados em pelo menos 80% das disciplinas\u2026","rel":"","context":"Post similar","block_context":{"text":"Post similar","link":""},"img":{"alt_text":"","src":"","width":0,"height":0},"classes":[]},{"id":2848,"url":"https:\/\/wp.ufpel.edu.br\/naaf\/eventos\/eventos-2019\/representacao-na-reuniao-de-organizacao-do-copene-sul-2019\/","url_meta":{"origin":2850,"position":1},"title":"Representa\u00e7\u00e3o na reuni\u00e3o de organiza\u00e7\u00e3o do COPENE SUL 2019","author":"nuaad","date":"22\/03\/2022","format":false,"excerpt":"Pela Acad. Geiselaine Dias\u00a0 A Chefe do N\u00facleo de A\u00e7\u00f5es Afirmativas e professora da UFPel Dra\u00aa\u00a0Rosemar Lemos, compareceu ao evento de organiza\u00e7\u00e3o do\u00a0COPENE SUL 2019, o qual ser\u00e1 realizado na Unipampa -Jaguar\u00e3o \u2013 RS de 16 \u00e0 19 de julho de 2019. \u00a0Junto dela, fizeram parte do grupo que representou\u2026","rel":"","context":"Post similar","block_context":{"text":"Post similar","link":""},"img":{"alt_text":"","src":"https:\/\/i0.wp.com\/wp.ufpel.edu.br\/naaf\/files\/2018\/04\/facebook_1525723969606.jpg?resize=350%2C200&ssl=1","width":350,"height":200},"classes":[]},{"id":2854,"url":"https:\/\/wp.ufpel.edu.br\/naaf\/eventos\/eventos-2018\/oficina-de-promocao-da-igualdade-racial-e-enfrentamento-ao-racismo-2018-18-de-maio\/","url_meta":{"origin":2850,"position":2},"title":"Oficina de Promo\u00e7\u00e3o da Igualdade Racial e Enfrentamento ao Racismo\/ 2018 &#8211; 18 de Maio","author":"nuaad","date":"22\/03\/2022","format":false,"excerpt":"Comiss\u00e3o Especial que analisa a veracidade do componente \u00e9tnico-racial dos candidatos que se autodeclaram negros nos processos seletivos ou em concursos p\u00fablicos para provimentos de cargos na Universidade Federal de Pelotas, em conjunto com a Coordena\u00e7\u00e3o de Inclus\u00e3o e Diversidade promoveu na \u00faltima sexta-feira, dia 18 de maio, oficina denominada\u2026","rel":"","context":"Post similar","block_context":{"text":"Post similar","link":""},"img":{"alt_text":"","src":"https:\/\/i0.wp.com\/wp.ufpel.edu.br\/naaf\/files\/2018\/06\/Design-sem-nome.png?resize=350%2C200","width":350,"height":200,"srcset":"https:\/\/i0.wp.com\/wp.ufpel.edu.br\/naaf\/files\/2018\/06\/Design-sem-nome.png?resize=350%2C200 1x, https:\/\/i0.wp.com\/wp.ufpel.edu.br\/naaf\/files\/2018\/06\/Design-sem-nome.png?resize=525%2C300 1.5x, https:\/\/i0.wp.com\/wp.ufpel.edu.br\/naaf\/files\/2018\/06\/Design-sem-nome.png?resize=700%2C400 2x, https:\/\/i0.wp.com\/wp.ufpel.edu.br\/naaf\/files\/2018\/06\/Design-sem-nome.png?resize=1050%2C600 3x"},"classes":[]},{"id":2865,"url":"https:\/\/wp.ufpel.edu.br\/naaf\/eventos\/eventos-2018\/2o-ed-seminario-discutindo-o-25-de-julho-o-que-eu-tenho-a-ver-com-isso\/","url_meta":{"origin":2850,"position":3},"title":"\u00a02\u00ba Ed. Semin\u00e1rio: Discutindo O 25 De Julho \u2013 O Que Eu Tenho a Ver Com Isso? 26, 27, 28 de Julho de 2018","author":"nuaad","date":"22\/03\/2022","format":false,"excerpt":"Nos dias 26, 27 e 28 de julho, no Audit\u00f3rio T\u00e9rreo do Campus II-ICH, DA Universidade Federal de Pelotas (UFPel), foi realizada a segunda edi\u00e7\u00e3o do Semin\u00e1rio \u201cDiscutindo O 25 De Julho \u2013 O Que Eu Tenho a Ver Com Isso?\u201d, organizado pelo N\u00facleo de A\u00e7\u00f5es Afirmativas e Diversidade (NUAAD),\u2026","rel":"","context":"Post similar","block_context":{"text":"Post similar","link":""},"img":{"alt_text":"","src":"","width":0,"height":0},"classes":[]},{"id":2859,"url":"https:\/\/wp.ufpel.edu.br\/naaf\/eventos\/eventos-2018\/i-semana-academica-africana-de-pelotas-tem-como-tema-a-colonizacao-descolonizacao-africana-e-as-transformacoes-socioeconomicas-e-culturais-no-continente\/","url_meta":{"origin":2850,"position":4},"title":"I Semana Acad\u00eamica Africana de Pelotas tem como tema a Coloniza\u00e7\u00e3o\/Descoloniza\u00e7\u00e3o Africana e as transforma\u00e7\u00f5es socioecon\u00f4micas e culturais no continente 24 e 26 de Maio de 2018","author":"nuaad","date":"22\/03\/2022","format":false,"excerpt":"Tr\u00eas dias foram dedicados para este evento, 24 e 25 de Maio, no Audit\u00f3rio do Campus ll \/ICH da UFPel Rua Almirante Barroso 1202 \u00a0 O Nuaad, esteve presente na I semana Africana de Pelotas, que ocorreu dos dias 24 a 26 de Maio, na qual a professora e chefe\u2026","rel":"","context":"Post similar","block_context":{"text":"Post similar","link":""},"img":{"alt_text":"","src":"https:\/\/i0.wp.com\/wp.ufpel.edu.br\/naaf\/files\/2018\/06\/33432942_1476839879088135_2396710000207593472_o.jpg?resize=350%2C200","width":350,"height":200,"srcset":"https:\/\/i0.wp.com\/wp.ufpel.edu.br\/naaf\/files\/2018\/06\/33432942_1476839879088135_2396710000207593472_o.jpg?resize=350%2C200 1x, https:\/\/i0.wp.com\/wp.ufpel.edu.br\/naaf\/files\/2018\/06\/33432942_1476839879088135_2396710000207593472_o.jpg?resize=525%2C300 1.5x, https:\/\/i0.wp.com\/wp.ufpel.edu.br\/naaf\/files\/2018\/06\/33432942_1476839879088135_2396710000207593472_o.jpg?resize=700%2C400 2x, https:\/\/i0.wp.com\/wp.ufpel.edu.br\/naaf\/files\/2018\/06\/33432942_1476839879088135_2396710000207593472_o.jpg?resize=1050%2C600 3x, https:\/\/i0.wp.com\/wp.ufpel.edu.br\/naaf\/files\/2018\/06\/33432942_1476839879088135_2396710000207593472_o.jpg?resize=1400%2C800 4x"},"classes":[]},{"id":2863,"url":"https:\/\/wp.ufpel.edu.br\/naaf\/eventos\/eventos-2018\/nuaad-na-fenadoce-de-pelotas-2018-07-junho\/","url_meta":{"origin":2850,"position":5},"title":"NUAAD na Fenadoce de Pelotas\/ 2018 &#8211; 07 Junho","author":"nuaad","date":"22\/03\/2022","format":false,"excerpt":"Evento anual recebeu estande do NUAAD UFPEL No dia 07 de junho, quinta-feira, O NUAAD (N\u00facleo de A\u00e7\u00f5es Afirmativas) compareceu a Fenadoce de Pelotas, evento com foco na gastronomia do doce e na tradi\u00e7\u00e3o doceira de Pelotas, que se realiza desde o ano de 1986 na cidade, organizado pela prefeitura\u2026","rel":"","context":"Post similar","block_context":{"text":"Post similar","link":""},"img":{"alt_text":"","src":"https:\/\/i0.wp.com\/wp.ufpel.edu.br\/naaf\/files\/2018\/06\/3b09937b-6f29-412f-989a-6fe5de36b5d2.jpeg?resize=350%2C200","width":350,"height":200,"srcset":"https:\/\/i0.wp.com\/wp.ufpel.edu.br\/naaf\/files\/2018\/06\/3b09937b-6f29-412f-989a-6fe5de36b5d2.jpeg?resize=350%2C200 1x, https:\/\/i0.wp.com\/wp.ufpel.edu.br\/naaf\/files\/2018\/06\/3b09937b-6f29-412f-989a-6fe5de36b5d2.jpeg?resize=525%2C300 1.5x, https:\/\/i0.wp.com\/wp.ufpel.edu.br\/naaf\/files\/2018\/06\/3b09937b-6f29-412f-989a-6fe5de36b5d2.jpeg?resize=700%2C400 2x"},"classes":[]}],"_links":{"self":[{"href":"https:\/\/wp.ufpel.edu.br\/naaf\/wp-json\/wp\/v2\/pages\/2850","targetHints":{"allow":["GET"]}}],"collection":[{"href":"https:\/\/wp.ufpel.edu.br\/naaf\/wp-json\/wp\/v2\/pages"}],"about":[{"href":"https:\/\/wp.ufpel.edu.br\/naaf\/wp-json\/wp\/v2\/types\/page"}],"author":[{"embeddable":true,"href":"https:\/\/wp.ufpel.edu.br\/naaf\/wp-json\/wp\/v2\/users\/1133"}],"replies":[{"embeddable":true,"href":"https:\/\/wp.ufpel.edu.br\/naaf\/wp-json\/wp\/v2\/comments?post=2850"}],"version-history":[{"count":2,"href":"https:\/\/wp.ufpel.edu.br\/naaf\/wp-json\/wp\/v2\/pages\/2850\/revisions"}],"predecessor-version":[{"id":2903,"href":"https:\/\/wp.ufpel.edu.br\/naaf\/wp-json\/wp\/v2\/pages\/2850\/revisions\/2903"}],"up":[{"embeddable":true,"href":"https:\/\/wp.ufpel.edu.br\/naaf\/wp-json\/wp\/v2\/pages\/2840"}],"wp:attachment":[{"href":"https:\/\/wp.ufpel.edu.br\/naaf\/wp-json\/wp\/v2\/media?parent=2850"}],"curies":[{"name":"wp","href":"https:\/\/api.w.org\/{rel}","templated":true}]}}