{"id":2846,"date":"2022-03-22T11:13:53","date_gmt":"2022-03-22T14:13:53","guid":{"rendered":"https:\/\/wp.ufpel.edu.br\/naaf\/?page_id=2846"},"modified":"2022-04-07T10:22:29","modified_gmt":"2022-04-07T13:22:29","slug":"eventos-2019","status":"publish","type":"page","link":"https:\/\/wp.ufpel.edu.br\/naaf\/eventos\/eventos-2019\/","title":{"rendered":"Eventos 2019"},"content":{"rendered":"","protected":false},"excerpt":{"rendered":"","protected":false},"author":1133,"featured_media":0,"parent":70,"menu_order":2,"comment_status":"closed","ping_status":"closed","template":"","meta":{"jetpack_post_was_ever_published":false,"footnotes":""},"class_list":["post-2846","page","type-page","status-publish","hentry","nodate","item-wrap"],"jetpack_sharing_enabled":true,"jetpack_shortlink":"https:\/\/wp.me\/P9uOP6-JU","jetpack_likes_enabled":true,"jetpack-related-posts":[{"id":2848,"url":"https:\/\/wp.ufpel.edu.br\/naaf\/eventos\/eventos-2019\/representacao-na-reuniao-de-organizacao-do-copene-sul-2019\/","url_meta":{"origin":2846,"position":0},"title":"Representa\u00e7\u00e3o na reuni\u00e3o de organiza\u00e7\u00e3o do COPENE SUL 2019","author":"nuaad","date":"22\/03\/2022","format":false,"excerpt":"Pela Acad. Geiselaine Dias\u00a0 A Chefe do N\u00facleo de A\u00e7\u00f5es Afirmativas e professora da UFPel Dra\u00aa\u00a0Rosemar Lemos, compareceu ao evento de organiza\u00e7\u00e3o do\u00a0COPENE SUL 2019, o qual ser\u00e1 realizado na Unipampa -Jaguar\u00e3o \u2013 RS de 16 \u00e0 19 de julho de 2019. \u00a0Junto dela, fizeram parte do grupo que representou\u2026","rel":"","context":"Post similar","block_context":{"text":"Post similar","link":""},"img":{"alt_text":"","src":"https:\/\/i0.wp.com\/wp.ufpel.edu.br\/naaf\/files\/2018\/04\/facebook_1525723969606.jpg?resize=350%2C200&ssl=1","width":350,"height":200},"classes":[]},{"id":2820,"url":"https:\/\/wp.ufpel.edu.br\/naaf\/eventos\/eventos-2017\/","url_meta":{"origin":2846,"position":1},"title":"Eventos 2017","author":"nuaad","date":"22\/03\/2022","format":false,"excerpt":"","rel":"","context":"Post similar","block_context":{"text":"Post similar","link":""},"img":{"alt_text":"","src":"","width":0,"height":0},"classes":[]},{"id":2840,"url":"https:\/\/wp.ufpel.edu.br\/naaf\/eventos\/eventos-2018\/","url_meta":{"origin":2846,"position":2},"title":"Eventos 2018","author":"nuaad","date":"22\/03\/2022","format":false,"excerpt":"","rel":"","context":"Post similar","block_context":{"text":"Post similar","link":""},"img":{"alt_text":"","src":"","width":0,"height":0},"classes":[]},{"id":2882,"url":"https:\/\/wp.ufpel.edu.br\/naaf\/eventos\/eventos-2022\/","url_meta":{"origin":2846,"position":3},"title":"Eventos 2022","author":"nuaad","date":"22\/03\/2022","format":false,"excerpt":"https:\/\/wp.ufpel.edu.br\/naaf\/2022\/05\/24\/formacao-para-bancas-de-heteroidentifacao\/ https:\/\/wp.ufpel.edu.br\/naaf\/2022\/04\/18\/programa-universidade-territorio-indigena\/ https:\/\/wp.ufpel.edu.br\/naaf\/2022\/03\/25\/primeira-roda-de-conversa-com-os-discentes-indigenas-quilombolas-e-negros-e-negras-cotistas-24-de-marco-de-2022\/ https:\/\/wp.ufpel.edu.br\/naaf\/2022\/03\/15\/1a-jornada-de-agroecologia-da-teia-dos-povos-em-luta-do-rio-grande-do-sul\/","rel":"","context":"Post similar","block_context":{"text":"Post similar","link":""},"img":{"alt_text":"","src":"","width":0,"height":0},"classes":[]},{"id":70,"url":"https:\/\/wp.ufpel.edu.br\/naaf\/eventos\/","url_meta":{"origin":2846,"position":4},"title":"Eventos","author":"naaf","date":"19\/09\/2017","format":false,"excerpt":"","rel":"","context":"Post similar","block_context":{"text":"Post similar","link":""},"img":{"alt_text":"","src":"https:\/\/i0.wp.com\/wp.ufpel.edu.br\/naaf\/files\/2018\/06\/23213210_758574631011012_4904965281141643428_o.jpg?fit=452%2C640&ssl=1&resize=350%2C200","width":350,"height":200},"classes":[]},{"id":4220,"url":"https:\/\/wp.ufpel.edu.br\/naaf\/eventos-2\/","url_meta":{"origin":2846,"position":5},"title":"Eventos","author":"naaf","date":"04\/09\/2023","format":false,"excerpt":"","rel":"","context":"Post similar","block_context":{"text":"Post similar","link":""},"img":{"alt_text":"","src":"","width":0,"height":0},"classes":[]}],"_links":{"self":[{"href":"https:\/\/wp.ufpel.edu.br\/naaf\/wp-json\/wp\/v2\/pages\/2846","targetHints":{"allow":["GET"]}}],"collection":[{"href":"https:\/\/wp.ufpel.edu.br\/naaf\/wp-json\/wp\/v2\/pages"}],"about":[{"href":"https:\/\/wp.ufpel.edu.br\/naaf\/wp-json\/wp\/v2\/types\/page"}],"author":[{"embeddable":true,"href":"https:\/\/wp.ufpel.edu.br\/naaf\/wp-json\/wp\/v2\/users\/1133"}],"replies":[{"embeddable":true,"href":"https:\/\/wp.ufpel.edu.br\/naaf\/wp-json\/wp\/v2\/comments?post=2846"}],"version-history":[{"count":1,"href":"https:\/\/wp.ufpel.edu.br\/naaf\/wp-json\/wp\/v2\/pages\/2846\/revisions"}],"predecessor-version":[{"id":2847,"href":"https:\/\/wp.ufpel.edu.br\/naaf\/wp-json\/wp\/v2\/pages\/2846\/revisions\/2847"}],"up":[{"embeddable":true,"href":"https:\/\/wp.ufpel.edu.br\/naaf\/wp-json\/wp\/v2\/pages\/70"}],"wp:attachment":[{"href":"https:\/\/wp.ufpel.edu.br\/naaf\/wp-json\/wp\/v2\/media?parent=2846"}],"curies":[{"name":"wp","href":"https:\/\/api.w.org\/{rel}","templated":true}]}}