{"id":2844,"date":"2022-03-22T11:10:39","date_gmt":"2022-03-22T14:10:39","guid":{"rendered":"https:\/\/wp.ufpel.edu.br\/naaf\/?page_id=2844"},"modified":"2022-03-23T09:44:17","modified_gmt":"2022-03-23T12:44:17","slug":"curso-de-capacitacao-promovido-pelo-nuaad-para-comissao-de-verificacao-de-alunos-e-servidores-ingressantes-na-ufpel-via-cotas-raciais","status":"publish","type":"page","link":"https:\/\/wp.ufpel.edu.br\/naaf\/eventos\/eventos-2018\/curso-de-capacitacao-promovido-pelo-nuaad-para-comissao-de-verificacao-de-alunos-e-servidores-ingressantes-na-ufpel-via-cotas-raciais\/","title":{"rendered":"Curso de Capacita\u00e7\u00e3o promovido pelo NUAAD, para Comiss\u00e3o de Verifica\u00e7\u00e3o de alunos e servidores ingressantes na UFPel via Cotas Raciais.\u00a025 e 26 de Janeiro de 2018 \u00a0\u00a0"},"content":{"rendered":"<p style=\"text-align: justify\"><span style=\"color: #000000\"><span style=\"font-weight: 400\"><em><strong><span style=\"font-size: 12pt\">Acad\u00eamica Geiselaine Dias e Servidor Damasio Duval<\/span> <\/strong><\/em>\u00a0\u00a0\u00a0\u00a0<\/span><span style=\"font-weight: 400\">\u00a0\u00a0\u00a0\u00a0\u00a0\u00a0\u00a0\u00a0\u00a0\u00a0\u00a0\u00a0\u00a0\u00a0\u00a0\u00a0\u00a0\u00a0\u00a0\u00a0\u00a0\u00a0\u00a0\u00a0\u00a0\u00a0\u00a0\u00a0\u00a0\u00a0\u00a0\u00a0\u00a0\u00a0\u00a0\u00a0<\/span><span style=\"font-weight: 400\">\u00a0 \u00a0 \u00a0 \u00a0 \u00a0 \u00a0 \u00a0 \u00a0 \u00a0 \u00a0 \u00a0\u00a0<\/span><\/span><\/p>\n<p style=\"text-align: justify\"><span style=\"color: #000000\"><span style=\"font-weight: 400\">O N\u00facleo de A\u00e7\u00f5es Afirmativas e Diversidade da UFPel, realizou, nos dias 25 e 26 de janeiro, o Curso de Capacita\u00e7\u00e3o para Comiss\u00f5es de Heteroidentifica\u00e7\u00e3o, no pr\u00e9dio Lyceu Rio-grandense &#8211; \u00a0Sala do CONSUN e Sala 5.\u00a0<\/span><span style=\"font-weight: 400\">Neste curso, os futuros membros da Comiss\u00e3o de Heteroidentifica\u00e7\u00e3o da UFPel foram instru\u00eddos sobre a utiliza\u00e7\u00e3o do <\/span><span style=\"font-weight: 400\">Sistema Eletr\u00f4nico de Informa\u00e7\u00f5es (SEI), pelo palestrante<\/span><span style=\"font-weight: 400\"> P<\/span><span style=\"font-weight: 400\">aulo de Almeida Afonso, da Pr\u00f3-Reitoria de Assuntos Estudantis<\/span><span style=\"font-weight: 400\">.<\/span><span style=\"font-weight: 400\"> A partir do dia 1\u00ba de Novembro do ano de 2017 a Universidade Federal de Pelotas adotou o <\/span><span style=\"font-weight: 400\">Sistema Eletr\u00f4nico de Informa\u00e7\u00f5es, o qual<\/span><span style=\"font-weight: 400\"> facilita a circula\u00e7\u00e3o de processos e documentos entre as unidades da UFPel, sendo utilizado amplamente pela Comiss\u00e3o.\u00a0<\/span><span style=\"font-weight: 400\">Tamb\u00e9m foi discutida implementa\u00e7\u00e3o da Portaria Normativa n\u00ba 4, do Minist\u00e9rio do Planejamento, Desenvolvimento e Gest\u00e3o, a qual regulamenta os procedimentos de heteroidentifica\u00e7\u00e3o e \u00e9 utilizada para o cumprimento da pol\u00edtica prevista na \u201clei de cotas\u201d (Lei 12.711\/2012).<\/span><\/span><\/p>\n<p><span style=\"color: #000000\"><span style=\"font-weight: 400\">Entre os temas abordados no Curso, destaca-se a palestra realizada pelo Vice-Reitor da UFPel, Luis Amaral, e pela Professora e Chefe do N\u00facleo de A\u00e7\u00f5es Afirmativas e Diversidade, Rosemar Lemos, sobre \u201cAbertura e sensibiliza\u00e7\u00e3o\u201d quanto \u00e0 necessidade das pol\u00edticas de a\u00e7\u00f5es afirmativas no ensino superior; a palestra sobre<\/span> <span style=\"font-weight: 400\">as experi\u00eancias da UFPel com as A\u00e7\u00f5es Afirmativas e o hist\u00f3rico do NUAAD e da Comiss\u00e3o, com o advogado Ant\u00f4nio Carlos Pinto Rosa e o acad\u00eamico Mailson Santiago, do curso de Hist\u00f3ria da UFPel.\u00a0<\/span><span style=\"font-weight: 400\">Esta palestra abordou a atua\u00e7\u00e3o da UFPel no epis\u00f3dio da den\u00fancia de fraude no acesso por cotas raciais, a ocupa\u00e7\u00e3o das vagas destinadas \u00e0 reserva racial e a identifica\u00e7\u00e3o dos sujeitos de direito destas, temas que tamb\u00e9m foram objeto das palestras dos profissionais F\u00e1bio Gon\u00e7alves, da Prefeitura Municipal e da Ordem dos Advogados do Brasil, Gleidson Renato Martins Dias, Especialista em Direito P\u00fablico e integrante do F\u00f3rum Nacional de Comiss\u00f5es de Heteroidentifica\u00e7\u00e3o e Carla \u00c1vila, professora da Universidade Cat\u00f3lica de Pelotas.<\/span><\/span><\/p>\n<p><span style=\"color: #000000\"><span style=\"font-weight: 400\">Outras modalidades de a\u00e7\u00f5es afirmativas foram apresentadas pela Professora vinculada ao N\u00facleo de Acessibilidade e Inclus\u00e3o (NAI) da UFPel, Rita C\u00f3ssio, sobre ingresso por defici\u00eancia, e pelas servidoras da Pr\u00f3-Reitoria de Assist\u00eancia Estudantil (PRAE), sobre ingresso por renda familiar. Os palestrantes fizeram sua imensa contribui\u00e7\u00e3o assim como os ouvintes questionando e acrescentando com suas experi\u00eancias obtidas ao longo da jornada que percorreram por essa causa.\u00a0\u00a0<\/span><span style=\"font-weight: 400\">O evento durou dois dias e teve extensa programa\u00e7\u00e3o, possibilitando a capacita\u00e7\u00e3o dos profissionais que foram assim habilitados a atuar na Comiss\u00e3o de Heteroidentifica\u00e7\u00e3o da UFPel, com a honrosa miss\u00e3o de garantir o acesso \u00e0 Universidade para os devidos sujeitos de direito previstos na legisla\u00e7\u00e3o.\u00a0<\/span><\/span><\/p>\n","protected":false},"excerpt":{"rendered":"<p>Acad\u00eamica Geiselaine Dias e Servidor Damasio Duval \u00a0\u00a0\u00a0\u00a0\u00a0\u00a0\u00a0\u00a0\u00a0\u00a0\u00a0\u00a0\u00a0\u00a0\u00a0\u00a0\u00a0\u00a0\u00a0\u00a0\u00a0\u00a0\u00a0\u00a0\u00a0\u00a0\u00a0\u00a0\u00a0\u00a0\u00a0\u00a0\u00a0\u00a0\u00a0\u00a0\u00a0\u00a0\u00a0\u00a0\u00a0 \u00a0 \u00a0 \u00a0 \u00a0 \u00a0 \u00a0 \u00a0 \u00a0 \u00a0 \u00a0\u00a0 O N\u00facleo de A\u00e7\u00f5es Afirmativas e Diversidade da UFPel, realizou, nos dias 25 e 26 de janeiro, o Curso de Capacita\u00e7\u00e3o para Comiss\u00f5es de Heteroidentifica\u00e7\u00e3o, no pr\u00e9dio Lyceu Rio-grandense &#8211; \u00a0Sala do CONSUN e Sala 5.\u00a0Neste curso, &hellip; <\/p>\n<p><a class=\"more-link btn\" href=\"https:\/\/wp.ufpel.edu.br\/naaf\/eventos\/eventos-2018\/curso-de-capacitacao-promovido-pelo-nuaad-para-comissao-de-verificacao-de-alunos-e-servidores-ingressantes-na-ufpel-via-cotas-raciais\/\">Continue lendo<\/a><\/p>\n","protected":false},"author":1133,"featured_media":0,"parent":2840,"menu_order":15,"comment_status":"closed","ping_status":"closed","template":"","meta":{"jetpack_post_was_ever_published":false,"footnotes":""},"class_list":["post-2844","page","type-page","status-publish","hentry","nodate","item-wrap"],"jetpack_sharing_enabled":true,"jetpack_shortlink":"https:\/\/wp.me\/P9uOP6-JS","jetpack_likes_enabled":true,"jetpack-related-posts":[{"id":2873,"url":"https:\/\/wp.ufpel.edu.br\/naaf\/eventos\/eventos-2018\/prefeitura-municipal-e-universidade-federal-de-pelotas-realizam-em-parceria-curso-de-capacitacao-para-comissoes-de-heteroidentificacao-17-de-setembro-2018\/","url_meta":{"origin":2844,"position":0},"title":"Prefeitura Municipal e Universidade Federal de Pelotas realizam \u00a0em parceria \u201cCurso de Capacita\u00e7\u00e3o para Comiss\u00f5es de Heteroidentifica\u00e7\u00e3o\u201d &#8211; 17 de Setembro, 2018","author":"nuaad","date":"22\/03\/2022","format":false,"excerpt":"Acads. Marcela Lima e Isadora Caleiro O N\u00facleo de A\u00e7\u00f5es Afirmativas e Diversidade da UFPel, juntamente com a Prefeitura Municipal de Pelotas, realizou, nesta segunda-feira, 17 de setembro, o Curso Intensivo de Capacita\u00e7\u00e3o para Comiss\u00f5es de Heteroidentifica\u00e7\u00e3o, na sala de reuni\u00f5es do COCEPE\/UFPel. A Portaria Normativa n\u00b0 4, emitida pelo\u2026","rel":"","context":"Post similar","block_context":{"text":"Post similar","link":""},"img":{"alt_text":"","src":"","width":0,"height":0},"classes":[]},{"id":61,"url":"https:\/\/wp.ufpel.edu.br\/naaf\/politicas\/","url_meta":{"origin":2844,"position":1},"title":"Pol\u00edticas de A\u00e7\u00f5es Afirmativas da UFPel","author":"naaf","date":"19\/09\/2017","format":false,"excerpt":"Sobre pol\u00edticas de a\u00e7\u00f5es afirmativas Ap\u00f3s um longo per\u00edodo de lutas dos movimentos sociais e implementa\u00e7\u00e3o de pol\u00edticas de n\u00edvel estadual e aut\u00f4nomas em algumas institui\u00e7\u00f5es, as pol\u00edticas de a\u00e7\u00f5es afirmativas nas Institui\u00e7\u00f5es Federais de Ensino Superior (IFES) foram aprovadas em n\u00edvel federal pela Lei 12.711\/12. Esta lei ficou conhecida\u2026","rel":"","context":"Post similar","block_context":{"text":"Post similar","link":""},"img":{"alt_text":"","src":"","width":0,"height":0},"classes":[]},{"id":2854,"url":"https:\/\/wp.ufpel.edu.br\/naaf\/eventos\/eventos-2018\/oficina-de-promocao-da-igualdade-racial-e-enfrentamento-ao-racismo-2018-18-de-maio\/","url_meta":{"origin":2844,"position":2},"title":"Oficina de Promo\u00e7\u00e3o da Igualdade Racial e Enfrentamento ao Racismo\/ 2018 &#8211; 18 de Maio","author":"nuaad","date":"22\/03\/2022","format":false,"excerpt":"Comiss\u00e3o Especial que analisa a veracidade do componente \u00e9tnico-racial dos candidatos que se autodeclaram negros nos processos seletivos ou em concursos p\u00fablicos para provimentos de cargos na Universidade Federal de Pelotas, em conjunto com a Coordena\u00e7\u00e3o de Inclus\u00e3o e Diversidade promoveu na \u00faltima sexta-feira, dia 18 de maio, oficina denominada\u2026","rel":"","context":"Post similar","block_context":{"text":"Post similar","link":""},"img":{"alt_text":"","src":"https:\/\/i0.wp.com\/wp.ufpel.edu.br\/naaf\/files\/2018\/06\/Design-sem-nome.png?resize=350%2C200","width":350,"height":200,"srcset":"https:\/\/i0.wp.com\/wp.ufpel.edu.br\/naaf\/files\/2018\/06\/Design-sem-nome.png?resize=350%2C200 1x, https:\/\/i0.wp.com\/wp.ufpel.edu.br\/naaf\/files\/2018\/06\/Design-sem-nome.png?resize=525%2C300 1.5x, https:\/\/i0.wp.com\/wp.ufpel.edu.br\/naaf\/files\/2018\/06\/Design-sem-nome.png?resize=700%2C400 2x, https:\/\/i0.wp.com\/wp.ufpel.edu.br\/naaf\/files\/2018\/06\/Design-sem-nome.png?resize=1050%2C600 3x"},"classes":[]},{"id":245,"url":"https:\/\/wp.ufpel.edu.br\/naaf\/politicas\/pos-graduacao-2\/","url_meta":{"origin":2844,"position":3},"title":"P\u00f3s-Gradua\u00e7\u00e3o","author":"naaf","date":"27\/10\/2017","format":false,"excerpt":"No primeiro semestre de 2017, a UFPel tornou-se uma das primeiras Universidades Federais do pa\u00eds a aprovar uma pol\u00edtica de cotas \u00e9tnico-raciais para a P\u00f3s-Gradua\u00e7\u00e3o. A Resolu\u00e7\u00e3o n\u00ba 05\/2017, do Conselho Universit\u00e1rio (CONSUN) da UFPel, reserva 25% das vagas nos Programas de P\u00f3s-Gradua\u00e7\u00e3o stricto sensu da institui\u00e7\u00e3o para estudantes negros,\u2026","rel":"","context":"Post similar","block_context":{"text":"Post similar","link":""},"img":{"alt_text":"","src":"","width":0,"height":0},"classes":[]},{"id":3447,"url":"https:\/\/wp.ufpel.edu.br\/naaf\/diretrizes-para-recurso\/","url_meta":{"origin":2844,"position":4},"title":"Diretrizes para Recurso","author":"nuaad","date":"26\/08\/2022","format":false,"excerpt":"A divulga\u00e7\u00e3o dos resultados do procedimento de heteroidentifica\u00e7\u00e3o \u00e9 de responsabilidade da unidade organizadora do processo seletivo. O(a) candidato(a) dever\u00e1 acompanhar a p\u00e1gina oficial do processo seletivo do qual participa. Em caso de indeferimento, o(a) candidato(a) poder\u00e1 interpor recurso, no prazo de 3 dias \u00fateis, contados a partir da divulga\u00e7\u00e3o\u2026","rel":"","context":"Post similar","block_context":{"text":"Post similar","link":""},"img":{"alt_text":"","src":"","width":0,"height":0},"classes":[]},{"id":67,"url":"https:\/\/wp.ufpel.edu.br\/naaf\/legislacao\/","url_meta":{"origin":2844,"position":5},"title":"Legisla\u00e7\u00e3o","author":"naaf","date":"19\/09\/2017","format":false,"excerpt":"Leis Federais: Lei n\u00ba 9.784, de 29 de janeiro de 1999 - Regula o processo administrativo no \u00e2mbito da Administra\u00e7\u00e3o P\u00fablica Federal. Lei n\u00ba 12.089, de 11 de novembro de 2009. - Pro\u00edbe que uma mesma pessoa ocupe 2 (duas) vagas simultaneamente em institui\u00e7\u00f5es p\u00fablicas de ensino superior. Lei n\u00ba\u2026","rel":"","context":"Post similar","block_context":{"text":"Post similar","link":""},"img":{"alt_text":"","src":"","width":0,"height":0},"classes":[]}],"_links":{"self":[{"href":"https:\/\/wp.ufpel.edu.br\/naaf\/wp-json\/wp\/v2\/pages\/2844","targetHints":{"allow":["GET"]}}],"collection":[{"href":"https:\/\/wp.ufpel.edu.br\/naaf\/wp-json\/wp\/v2\/pages"}],"about":[{"href":"https:\/\/wp.ufpel.edu.br\/naaf\/wp-json\/wp\/v2\/types\/page"}],"author":[{"embeddable":true,"href":"https:\/\/wp.ufpel.edu.br\/naaf\/wp-json\/wp\/v2\/users\/1133"}],"replies":[{"embeddable":true,"href":"https:\/\/wp.ufpel.edu.br\/naaf\/wp-json\/wp\/v2\/comments?post=2844"}],"version-history":[{"count":2,"href":"https:\/\/wp.ufpel.edu.br\/naaf\/wp-json\/wp\/v2\/pages\/2844\/revisions"}],"predecessor-version":[{"id":2899,"href":"https:\/\/wp.ufpel.edu.br\/naaf\/wp-json\/wp\/v2\/pages\/2844\/revisions\/2899"}],"up":[{"embeddable":true,"href":"https:\/\/wp.ufpel.edu.br\/naaf\/wp-json\/wp\/v2\/pages\/2840"}],"wp:attachment":[{"href":"https:\/\/wp.ufpel.edu.br\/naaf\/wp-json\/wp\/v2\/media?parent=2844"}],"curies":[{"name":"wp","href":"https:\/\/api.w.org\/{rel}","templated":true}]}}