{"id":2840,"date":"2022-03-22T11:05:09","date_gmt":"2022-03-22T14:05:09","guid":{"rendered":"https:\/\/wp.ufpel.edu.br\/naaf\/?page_id=2840"},"modified":"2022-04-07T10:22:35","modified_gmt":"2022-04-07T13:22:35","slug":"eventos-2018","status":"publish","type":"page","link":"https:\/\/wp.ufpel.edu.br\/naaf\/eventos\/eventos-2018\/","title":{"rendered":"Eventos 2018"},"content":{"rendered":"","protected":false},"excerpt":{"rendered":"","protected":false},"author":1133,"featured_media":0,"parent":70,"menu_order":3,"comment_status":"closed","ping_status":"closed","template":"","meta":{"jetpack_post_was_ever_published":false,"footnotes":""},"class_list":["post-2840","page","type-page","status-publish","hentry","nodate","item-wrap"],"jetpack_sharing_enabled":true,"jetpack_shortlink":"https:\/\/wp.me\/P9uOP6-JO","jetpack_likes_enabled":true,"jetpack-related-posts":[{"id":2861,"url":"https:\/\/wp.ufpel.edu.br\/naaf\/eventos\/eventos-2018\/nuaad-na-radiocom-a-importancia-das-cotas-como-instrumento-de-reparacao-social-na-historica-2018-26-de-maio\/","url_meta":{"origin":2840,"position":0},"title":"NUAAD na R\u00e1diocom, a Import\u00e2ncia das Cotas como Instrumento de Repara\u00e7\u00e3o Social na Hist\u00f3rica\/ 2018 &#8211; 26 de Maio","author":"nuaad","date":"22\/03\/2022","format":false,"excerpt":"O programa apresentado por Felipe Souza, no dia 26\/05, na R\u00e1dioCom , contou com a significativa participa\u00e7\u00e3o das entrevistadas Beatriz Helena Mendes da Silva, Bacharel em Antropologia pela UFPEL e Rosemar Gomes Lemos, Professora Associada da UFPEL, Chefe do N\u00facleo de A\u00e7\u00f5es Afirmativas e Diversidade (NUAAD) ambas contribu\u00edram com as\u2026","rel":"","context":"Post similar","block_context":{"text":"Post similar","link":""},"img":{"alt_text":"","src":"https:\/\/i0.wp.com\/wp.ufpel.edu.br\/naaf\/files\/2018\/06\/32242c2b-6d13-4b62-a03a-cad70444a8b2.jpeg?resize=350%2C200","width":350,"height":200,"srcset":"https:\/\/i0.wp.com\/wp.ufpel.edu.br\/naaf\/files\/2018\/06\/32242c2b-6d13-4b62-a03a-cad70444a8b2.jpeg?resize=350%2C200 1x, https:\/\/i0.wp.com\/wp.ufpel.edu.br\/naaf\/files\/2018\/06\/32242c2b-6d13-4b62-a03a-cad70444a8b2.jpeg?resize=525%2C300 1.5x, https:\/\/i0.wp.com\/wp.ufpel.edu.br\/naaf\/files\/2018\/06\/32242c2b-6d13-4b62-a03a-cad70444a8b2.jpeg?resize=700%2C400 2x"},"classes":[]},{"id":2875,"url":"https:\/\/wp.ufpel.edu.br\/naaf\/eventos\/eventos-2018\/foto-coletiva-dos-negros-e-negras-da-ufpel-20-de-novembro-2018\/","url_meta":{"origin":2840,"position":1},"title":"Foto coletiva dos Negros e Negras da UFPel &#8211; 20 de Novembro, 2018","author":"nuaad","date":"22\/03\/2022","format":false,"excerpt":"SIM, REPRESENTATIVIDADE IMPORTA! E ESTAMOS AQUI! E \u00e9 por isso, que n\u00f3s da Universidade Federal de Pelotas, nos espelhamos nos eventos da UFRGS, para mostrar que a UFPEL, tem sim, um grande n\u00famero de alunos negros e que somos resist\u00eancia! Portanto, convidamos docentes, discentes, servidores e terceirizadxs negrxs a se\u2026","rel":"","context":"Post similar","block_context":{"text":"Post similar","link":""},"img":{"alt_text":"","src":"https:\/\/i0.wp.com\/wp.ufpel.edu.br\/naaf\/files\/2018\/12\/FOTO-TWO-NEGROS-20-DE-NOV.jpg?resize=350%2C200","width":350,"height":200,"srcset":"https:\/\/i0.wp.com\/wp.ufpel.edu.br\/naaf\/files\/2018\/12\/FOTO-TWO-NEGROS-20-DE-NOV.jpg?resize=350%2C200 1x, https:\/\/i0.wp.com\/wp.ufpel.edu.br\/naaf\/files\/2018\/12\/FOTO-TWO-NEGROS-20-DE-NOV.jpg?resize=525%2C300 1.5x, https:\/\/i0.wp.com\/wp.ufpel.edu.br\/naaf\/files\/2018\/12\/FOTO-TWO-NEGROS-20-DE-NOV.jpg?resize=700%2C400 2x"},"classes":[]},{"id":2850,"url":"https:\/\/wp.ufpel.edu.br\/naaf\/eventos\/eventos-2018\/yoga-no-contexto-etnico-social-a-perspectiva-de-um-monge-africano-2018-27-de-abril\/","url_meta":{"origin":2840,"position":2},"title":"Yoga no contexto \u00e9tnico social: a perspectiva de um monge africano\/ 2018 &#8211; 27 de Abril","author":"nuaad","date":"22\/03\/2022","format":false,"excerpt":"27\/04 \u00e0s 17h no endere\u00e7o Almirante Barroso 1734 NUAAD, sala 7 nome do palestrante Jinanananda (Congo), realizou-se uma corrente filos\u00f3fica que permeia diversas assuntos essenciais para serem discutidos na contemporaneidade. Monge Dada Jinanananda, um dos Monges da Organiza\u00e7\u00e3o Ananda Marga que \u00e9 localizada no mundo inteiro iniciada na \u00edndia, essa\u2026","rel":"","context":"Post similar","block_context":{"text":"Post similar","link":""},"img":{"alt_text":"","src":"https:\/\/i0.wp.com\/wp.ufpel.edu.br\/naaf\/files\/2018\/06\/fc84d414-eecb-4773-965b-3677aae2c2c9-400x267.jpeg?resize=350%2C200&ssl=1","width":350,"height":200},"classes":[]},{"id":2856,"url":"https:\/\/wp.ufpel.edu.br\/naaf\/eventos\/eventos-2018\/direito-e-emancipacao-por-uma-interpretacao-libertaria-da-norma-2018-23-de-maio\/","url_meta":{"origin":2840,"position":3},"title":"Direito e Emancipa\u00e7\u00e3o : Por uma Interpreta\u00e7\u00e3o Libert\u00e1ria da Norma\/ 2018 &#8211; 23 de Maio","author":"nuaad","date":"22\/03\/2022","format":false,"excerpt":"O evento que aconteceu na quarta-feira, 23 de Maio, falou sobre o \u201cdia depois da aboli\u00e7\u00e3o da escravatura\u201d Realizado no pr\u00e9dio do Direito da Ufpel, o evento ministrado por tr\u00eas palestrantes Advogados. Dr. F\u00e1bio Gon\u00e7alves, Dra. Ros\u00e2ngela Minho e Dr. Ant\u00f4nio Carlos Rosa, contou com apresenta\u00e7\u00e3o musical feita pela Prof\u00aa\u2026","rel":"","context":"Post similar","block_context":{"text":"Post similar","link":""},"img":{"alt_text":"","src":"https:\/\/i0.wp.com\/wp.ufpel.edu.br\/naaf\/files\/2018\/06\/36029910_1735821493162727_8335180122961215488_n.jpg?resize=350%2C200","width":350,"height":200,"srcset":"https:\/\/i0.wp.com\/wp.ufpel.edu.br\/naaf\/files\/2018\/06\/36029910_1735821493162727_8335180122961215488_n.jpg?resize=350%2C200 1x, https:\/\/i0.wp.com\/wp.ufpel.edu.br\/naaf\/files\/2018\/06\/36029910_1735821493162727_8335180122961215488_n.jpg?resize=525%2C300 1.5x, https:\/\/i0.wp.com\/wp.ufpel.edu.br\/naaf\/files\/2018\/06\/36029910_1735821493162727_8335180122961215488_n.jpg?resize=700%2C400 2x, https:\/\/i0.wp.com\/wp.ufpel.edu.br\/naaf\/files\/2018\/06\/36029910_1735821493162727_8335180122961215488_n.jpg?resize=1050%2C600 3x, https:\/\/i0.wp.com\/wp.ufpel.edu.br\/naaf\/files\/2018\/06\/36029910_1735821493162727_8335180122961215488_n.jpg?resize=1400%2C800 4x"},"classes":[]},{"id":2863,"url":"https:\/\/wp.ufpel.edu.br\/naaf\/eventos\/eventos-2018\/nuaad-na-fenadoce-de-pelotas-2018-07-junho\/","url_meta":{"origin":2840,"position":4},"title":"NUAAD na Fenadoce de Pelotas\/ 2018 &#8211; 07 Junho","author":"nuaad","date":"22\/03\/2022","format":false,"excerpt":"Evento anual recebeu estande do NUAAD UFPEL No dia 07 de junho, quinta-feira, O NUAAD (N\u00facleo de A\u00e7\u00f5es Afirmativas) compareceu a Fenadoce de Pelotas, evento com foco na gastronomia do doce e na tradi\u00e7\u00e3o doceira de Pelotas, que se realiza desde o ano de 1986 na cidade, organizado pela prefeitura\u2026","rel":"","context":"Post similar","block_context":{"text":"Post similar","link":""},"img":{"alt_text":"","src":"https:\/\/i0.wp.com\/wp.ufpel.edu.br\/naaf\/files\/2018\/06\/3b09937b-6f29-412f-989a-6fe5de36b5d2.jpeg?resize=350%2C200","width":350,"height":200,"srcset":"https:\/\/i0.wp.com\/wp.ufpel.edu.br\/naaf\/files\/2018\/06\/3b09937b-6f29-412f-989a-6fe5de36b5d2.jpeg?resize=350%2C200 1x, https:\/\/i0.wp.com\/wp.ufpel.edu.br\/naaf\/files\/2018\/06\/3b09937b-6f29-412f-989a-6fe5de36b5d2.jpeg?resize=525%2C300 1.5x, https:\/\/i0.wp.com\/wp.ufpel.edu.br\/naaf\/files\/2018\/06\/3b09937b-6f29-412f-989a-6fe5de36b5d2.jpeg?resize=700%2C400 2x"},"classes":[]},{"id":2842,"url":"https:\/\/wp.ufpel.edu.br\/naaf\/eventos\/eventos-2018\/evento-ix-seminario-da-consciencia-negra-de-pelotas-seconep-2017-13-a-18-de-novembro\/","url_meta":{"origin":2840,"position":5},"title":"Evento IX Semin\u00e1rio da Consci\u00eancia Negra de Pelotas -SECONEP\/2017 &#8211; 13 \u00e0 18 de Novembro","author":"nuaad","date":"22\/03\/2022","format":false,"excerpt":"Realizado de 13 \u00a0\u00e0 18 de Novembro, no Museu do Doce, localizado no Centro de Pelotas, Pra\u00e7a Cel Pedro Os\u00f3rio, Casar\u00e3o 8. Sendo que no dia 18 foi o encerramento com o nome sempre denominado como Kizomba na Pra\u00e7a - tarde para interagir completamente com atividades art\u00edsticas e comidas e\u2026","rel":"","context":"Post similar","block_context":{"text":"Post similar","link":""},"img":{"alt_text":"","src":"https:\/\/i0.wp.com\/wp.ufpel.edu.br\/naaf\/files\/2018\/06\/23213210_758574631011012_4904965281141643428_o-1.jpg?resize=350%2C200","width":350,"height":200},"classes":[]}],"_links":{"self":[{"href":"https:\/\/wp.ufpel.edu.br\/naaf\/wp-json\/wp\/v2\/pages\/2840","targetHints":{"allow":["GET"]}}],"collection":[{"href":"https:\/\/wp.ufpel.edu.br\/naaf\/wp-json\/wp\/v2\/pages"}],"about":[{"href":"https:\/\/wp.ufpel.edu.br\/naaf\/wp-json\/wp\/v2\/types\/page"}],"author":[{"embeddable":true,"href":"https:\/\/wp.ufpel.edu.br\/naaf\/wp-json\/wp\/v2\/users\/1133"}],"replies":[{"embeddable":true,"href":"https:\/\/wp.ufpel.edu.br\/naaf\/wp-json\/wp\/v2\/comments?post=2840"}],"version-history":[{"count":1,"href":"https:\/\/wp.ufpel.edu.br\/naaf\/wp-json\/wp\/v2\/pages\/2840\/revisions"}],"predecessor-version":[{"id":2841,"href":"https:\/\/wp.ufpel.edu.br\/naaf\/wp-json\/wp\/v2\/pages\/2840\/revisions\/2841"}],"up":[{"embeddable":true,"href":"https:\/\/wp.ufpel.edu.br\/naaf\/wp-json\/wp\/v2\/pages\/70"}],"wp:attachment":[{"href":"https:\/\/wp.ufpel.edu.br\/naaf\/wp-json\/wp\/v2\/media?parent=2840"}],"curies":[{"name":"wp","href":"https:\/\/api.w.org\/{rel}","templated":true}]}}