{"id":2838,"date":"2022-03-22T11:04:30","date_gmt":"2022-03-22T14:04:30","guid":{"rendered":"https:\/\/wp.ufpel.edu.br\/naaf\/?page_id=2838"},"modified":"2022-03-22T11:04:30","modified_gmt":"2022-03-22T14:04:30","slug":"jornada-das-humanidades-2017-24-de-outubro-de-2017","status":"publish","type":"page","link":"https:\/\/wp.ufpel.edu.br\/naaf\/eventos\/eventos-2017\/jornada-das-humanidades-2017-24-de-outubro-de-2017\/","title":{"rendered":"Jornada das Humanidades 2017 &#8211; 24 de Outubro de 2017"},"content":{"rendered":"<p style=\"text-align: justify\"><span style=\"color: #000000\">A professora da UFPel Dra.\u00a0<a class=\"profileLink\" style=\"color: #000000\" href=\"https:\/\/www.facebook.com\/rosemar.lemos?fref=mentions\"><strong>Rosemar Lemos<\/strong><\/a>, representando o NUAAD, foi convidada para participar do Semin\u00e1rio de Humanidades organizado pelo NEABI do Instituto Federal de Educa\u00e7\u00e3o Tecnol\u00f3gica do Rio Grande do Sul &#8211; IFRS &#8211; Campus Canoas no dia 24 de outubro de 2017, onde ministrou a palestra <strong>&#8220;Pol\u00edticas de A\u00e7\u00f5es Afirmativas nas Universidades Federais&#8221;<\/strong>, pertencente a mesa de <strong>Quest\u00f5es \u00c9tnicas e Raciais<\/strong>.<\/span><\/p>\n<p><span style=\"color: #000000\"><strong>Fotos:<\/strong><\/span><\/p>\n<p><span style=\"color: #000000\"><strong><a style=\"color: #000000\" href=\"https:\/\/i0.wp.com\/wp.ufpel.edu.br\/naaf\/files\/2017\/09\/22769920_527563567581879_2242776321985958457_o.jpg?ssl=1\"><img data-recalc-dims=\"1\" loading=\"lazy\" decoding=\"async\" data-attachment-id=\"308\" data-permalink=\"https:\/\/wp.ufpel.edu.br\/naaf\/eventos\/22769920_527563567581879_2242776321985958457_o\/\" data-orig-file=\"https:\/\/i0.wp.com\/wp.ufpel.edu.br\/naaf\/files\/2017\/09\/22769920_527563567581879_2242776321985958457_o.jpg?fit=1040%2C585&amp;ssl=1\" data-orig-size=\"1040,585\" data-comments-opened=\"0\" data-image-meta=\"{&quot;aperture&quot;:&quot;0&quot;,&quot;credit&quot;:&quot;&quot;,&quot;camera&quot;:&quot;&quot;,&quot;caption&quot;:&quot;&quot;,&quot;created_timestamp&quot;:&quot;0&quot;,&quot;copyright&quot;:&quot;&quot;,&quot;focal_length&quot;:&quot;0&quot;,&quot;iso&quot;:&quot;0&quot;,&quot;shutter_speed&quot;:&quot;0&quot;,&quot;title&quot;:&quot;&quot;,&quot;orientation&quot;:&quot;0&quot;}\" data-image-title=\"22769920_527563567581879_2242776321985958457_o\" data-image-description=\"\" data-image-caption=\"\" data-medium-file=\"https:\/\/i0.wp.com\/wp.ufpel.edu.br\/naaf\/files\/2017\/09\/22769920_527563567581879_2242776321985958457_o.jpg?fit=400%2C225&amp;ssl=1\" data-large-file=\"https:\/\/i0.wp.com\/wp.ufpel.edu.br\/naaf\/files\/2017\/09\/22769920_527563567581879_2242776321985958457_o.jpg?fit=750%2C422&amp;ssl=1\" class=\"alignnone wp-image-308\" src=\"https:\/\/i0.wp.com\/wp.ufpel.edu.br\/naaf\/files\/2017\/09\/22769920_527563567581879_2242776321985958457_o.jpg?resize=309%2C174&#038;ssl=1\" alt=\"\" width=\"309\" height=\"174\" srcset=\"https:\/\/i0.wp.com\/wp.ufpel.edu.br\/naaf\/files\/2017\/09\/22769920_527563567581879_2242776321985958457_o.jpg?resize=400%2C225&amp;ssl=1 400w, https:\/\/i0.wp.com\/wp.ufpel.edu.br\/naaf\/files\/2017\/09\/22769920_527563567581879_2242776321985958457_o.jpg?resize=768%2C432&amp;ssl=1 768w, https:\/\/i0.wp.com\/wp.ufpel.edu.br\/naaf\/files\/2017\/09\/22769920_527563567581879_2242776321985958457_o.jpg?resize=1024%2C576&amp;ssl=1 1024w, https:\/\/i0.wp.com\/wp.ufpel.edu.br\/naaf\/files\/2017\/09\/22769920_527563567581879_2242776321985958457_o.jpg?w=1040&amp;ssl=1 1040w\" sizes=\"auto, (max-width: 309px) 100vw, 309px\" \/><\/a>\u00a0 <a style=\"color: #000000\" href=\"https:\/\/i0.wp.com\/wp.ufpel.edu.br\/naaf\/files\/2017\/09\/22770943_527563704248532_588632791852702933_o.jpg?ssl=1\"><img data-recalc-dims=\"1\" loading=\"lazy\" decoding=\"async\" data-attachment-id=\"309\" data-permalink=\"https:\/\/wp.ufpel.edu.br\/naaf\/eventos\/22770943_527563704248532_588632791852702933_o\/\" data-orig-file=\"https:\/\/i0.wp.com\/wp.ufpel.edu.br\/naaf\/files\/2017\/09\/22770943_527563704248532_588632791852702933_o.jpg?fit=1040%2C585&amp;ssl=1\" data-orig-size=\"1040,585\" data-comments-opened=\"0\" data-image-meta=\"{&quot;aperture&quot;:&quot;0&quot;,&quot;credit&quot;:&quot;&quot;,&quot;camera&quot;:&quot;&quot;,&quot;caption&quot;:&quot;&quot;,&quot;created_timestamp&quot;:&quot;0&quot;,&quot;copyright&quot;:&quot;&quot;,&quot;focal_length&quot;:&quot;0&quot;,&quot;iso&quot;:&quot;0&quot;,&quot;shutter_speed&quot;:&quot;0&quot;,&quot;title&quot;:&quot;&quot;,&quot;orientation&quot;:&quot;0&quot;}\" data-image-title=\"22770943_527563704248532_588632791852702933_o\" data-image-description=\"\" data-image-caption=\"\" data-medium-file=\"https:\/\/i0.wp.com\/wp.ufpel.edu.br\/naaf\/files\/2017\/09\/22770943_527563704248532_588632791852702933_o.jpg?fit=400%2C225&amp;ssl=1\" data-large-file=\"https:\/\/i0.wp.com\/wp.ufpel.edu.br\/naaf\/files\/2017\/09\/22770943_527563704248532_588632791852702933_o.jpg?fit=750%2C422&amp;ssl=1\" class=\"alignnone wp-image-309\" src=\"https:\/\/i0.wp.com\/wp.ufpel.edu.br\/naaf\/files\/2017\/09\/22770943_527563704248532_588632791852702933_o.jpg?resize=309%2C174&#038;ssl=1\" alt=\"\" width=\"309\" height=\"174\" srcset=\"https:\/\/i0.wp.com\/wp.ufpel.edu.br\/naaf\/files\/2017\/09\/22770943_527563704248532_588632791852702933_o.jpg?resize=400%2C225&amp;ssl=1 400w, https:\/\/i0.wp.com\/wp.ufpel.edu.br\/naaf\/files\/2017\/09\/22770943_527563704248532_588632791852702933_o.jpg?resize=768%2C432&amp;ssl=1 768w, https:\/\/i0.wp.com\/wp.ufpel.edu.br\/naaf\/files\/2017\/09\/22770943_527563704248532_588632791852702933_o.jpg?resize=1024%2C576&amp;ssl=1 1024w, https:\/\/i0.wp.com\/wp.ufpel.edu.br\/naaf\/files\/2017\/09\/22770943_527563704248532_588632791852702933_o.jpg?w=1040&amp;ssl=1 1040w\" sizes=\"auto, (max-width: 309px) 100vw, 309px\" \/><\/a><\/strong><\/span><\/p>\n<p><span style=\"color: #000000\"><strong><a style=\"color: #000000\" href=\"https:\/\/i0.wp.com\/wp.ufpel.edu.br\/naaf\/files\/2017\/09\/22780516_527565460915023_2312448332178090474_n.png?ssl=1\"><img data-recalc-dims=\"1\" loading=\"lazy\" decoding=\"async\" data-attachment-id=\"310\" data-permalink=\"https:\/\/wp.ufpel.edu.br\/naaf\/eventos\/22780516_527565460915023_2312448332178090474_n\/\" data-orig-file=\"https:\/\/i0.wp.com\/wp.ufpel.edu.br\/naaf\/files\/2017\/09\/22780516_527565460915023_2312448332178090474_n.png?fit=572%2C807&amp;ssl=1\" data-orig-size=\"572,807\" data-comments-opened=\"0\" data-image-meta=\"{&quot;aperture&quot;:&quot;0&quot;,&quot;credit&quot;:&quot;&quot;,&quot;camera&quot;:&quot;&quot;,&quot;caption&quot;:&quot;&quot;,&quot;created_timestamp&quot;:&quot;0&quot;,&quot;copyright&quot;:&quot;&quot;,&quot;focal_length&quot;:&quot;0&quot;,&quot;iso&quot;:&quot;0&quot;,&quot;shutter_speed&quot;:&quot;0&quot;,&quot;title&quot;:&quot;&quot;,&quot;orientation&quot;:&quot;0&quot;}\" data-image-title=\"22780516_527565460915023_2312448332178090474_n\" data-image-description=\"\" data-image-caption=\"\" data-medium-file=\"https:\/\/i0.wp.com\/wp.ufpel.edu.br\/naaf\/files\/2017\/09\/22780516_527565460915023_2312448332178090474_n.png?fit=284%2C400&amp;ssl=1\" data-large-file=\"https:\/\/i0.wp.com\/wp.ufpel.edu.br\/naaf\/files\/2017\/09\/22780516_527565460915023_2312448332178090474_n.png?fit=572%2C807&amp;ssl=1\" class=\"wp-image-310 aligncenter\" src=\"https:\/\/i0.wp.com\/wp.ufpel.edu.br\/naaf\/files\/2017\/09\/22780516_527565460915023_2312448332178090474_n.png?resize=260%2C366&#038;ssl=1\" alt=\"\" width=\"260\" height=\"366\" srcset=\"https:\/\/i0.wp.com\/wp.ufpel.edu.br\/naaf\/files\/2017\/09\/22780516_527565460915023_2312448332178090474_n.png?resize=284%2C400&amp;ssl=1 284w, https:\/\/i0.wp.com\/wp.ufpel.edu.br\/naaf\/files\/2017\/09\/22780516_527565460915023_2312448332178090474_n.png?w=572&amp;ssl=1 572w\" sizes=\"auto, (max-width: 260px) 100vw, 260px\" \/><\/a><\/strong><\/span><\/p>\n","protected":false},"excerpt":{"rendered":"<p>A professora da UFPel Dra.\u00a0Rosemar Lemos, representando o NUAAD, foi convidada para participar do Semin\u00e1rio de Humanidades organizado pelo NEABI do Instituto Federal de Educa\u00e7\u00e3o Tecnol\u00f3gica do Rio Grande do Sul &#8211; IFRS &#8211; Campus Canoas no dia 24 de outubro de 2017, onde ministrou a palestra &#8220;Pol\u00edticas de A\u00e7\u00f5es Afirmativas nas Universidades Federais&#8221;, pertencente &hellip; <\/p>\n<p><a class=\"more-link btn\" href=\"https:\/\/wp.ufpel.edu.br\/naaf\/eventos\/eventos-2017\/jornada-das-humanidades-2017-24-de-outubro-de-2017\/\">Continue lendo<\/a><\/p>\n","protected":false},"author":1133,"featured_media":0,"parent":2820,"menu_order":0,"comment_status":"closed","ping_status":"closed","template":"","meta":{"jetpack_post_was_ever_published":false,"footnotes":""},"class_list":["post-2838","page","type-page","status-publish","hentry","nodate","item-wrap"],"jetpack_sharing_enabled":true,"jetpack_shortlink":"https:\/\/wp.me\/P9uOP6-JM","jetpack_likes_enabled":true,"jetpack-related-posts":[{"id":2836,"url":"https:\/\/wp.ufpel.edu.br\/naaf\/eventos\/eventos-2017\/i-jornada-do-nucleo-de-estudos-e-pesquisas-eleeko-enfrentamento-a-violencia-racial-de-genero-e-sexualidade-em-dialogo-com-o-crprs-17-e-18-de-outubro-de-2017\/","url_meta":{"origin":2838,"position":0},"title":"I Jornada do N\u00facleo de Estudos e Pesquisas \u00c9\u2019l\u00e9\u00e9ko: Enfrentamento \u00e0 Viol\u00eancia Racial, de G\u00eanero e Sexualidade em di\u00e1logo com o CRPRS &#8211; 17 e 18 de Outubro de 2017","author":"nuaad","date":"22\/03\/2022","format":false,"excerpt":"NUAAD - N\u00facleo de A\u00e7\u00f5es Afirmativas e Diversidade UFPel\u00a0se fez presente no dia 17 de outubro na\u00a0I Jornada do N\u00facleo de Estudos e Pesquisas \u00c9\u2019l\u00e9\u00e9ko. Atrav\u00e9s dessa parceria, foram feitas identidade visual e cobertura fotogr\u00e1fica.Agradecemos a oportunidade do\u00a0Grupo E'l\u00e9\u00e9ko\u00a0vendo que o objetivo do evento foi cumprido com \u00eaxito. Sobre o\u2026","rel":"","context":"Post similar","block_context":{"text":"Post similar","link":""},"img":{"alt_text":"","src":"https:\/\/i0.wp.com\/wp.ufpel.edu.br\/naaf\/files\/2017\/09\/jornadaeleeko_17out-54-of-112-400x266.jpg?resize=350%2C200&ssl=1","width":350,"height":200},"classes":[]},{"id":67,"url":"https:\/\/wp.ufpel.edu.br\/naaf\/legislacao\/","url_meta":{"origin":2838,"position":1},"title":"Legisla\u00e7\u00e3o","author":"naaf","date":"19\/09\/2017","format":false,"excerpt":"Leis Federais: Lei n\u00ba 9.784, de 29 de janeiro de 1999 - Regula o processo administrativo no \u00e2mbito da Administra\u00e7\u00e3o P\u00fablica Federal. Lei n\u00ba 12.089, de 11 de novembro de 2009. - Pro\u00edbe que uma mesma pessoa ocupe 2 (duas) vagas simultaneamente em institui\u00e7\u00f5es p\u00fablicas de ensino superior. Lei n\u00ba\u2026","rel":"","context":"Post similar","block_context":{"text":"Post similar","link":""},"img":{"alt_text":"","src":"","width":0,"height":0},"classes":[]},{"id":3029,"url":"https:\/\/wp.ufpel.edu.br\/naaf\/pos-graduacao\/2018-2\/","url_meta":{"origin":2838,"position":2},"title":"2018","author":"nuaad","date":"07\/04\/2022","format":false,"excerpt":"Dezembro Relat\u00f3rio Preliminar - PPG Qu\u00edmica - Mestrado (09\/Jan\/2019) Novembro Relat\u00f3rio Preliminar - PPG em Biotecnologia - Mestrado\u00a0(26\/Nov\/2018) Relat\u00f3rio Preliminar - PPG em Direito - Mestrado\u00a0(26\/Nov\/2018) Relat\u00f3rio Definitivo - PPG em Biotecnologia - Mestrado\u00a0(30\/Nov\/2018) Relat\u00f3rio Definitivo - PPG em Direito - Mestrado\u00a0(30\/Nov\/2018) Outubro\u00a0 Relat\u00f3rio Final- PPG em Educa\u00e7\u00e3o - 2018\/2\u2026","rel":"","context":"Post similar","block_context":{"text":"Post similar","link":""},"img":{"alt_text":"","src":"","width":0,"height":0},"classes":[]},{"id":3031,"url":"https:\/\/wp.ufpel.edu.br\/naaf\/pos-graduacao\/2019-2\/","url_meta":{"origin":2838,"position":3},"title":"2019","author":"nuaad","date":"07\/04\/2022","format":false,"excerpt":"Dezembro Relat\u00f3rio Definitivo PPG Fisiologia Vegetal - Publicado em 09\/12\/2019 Relat\u00f3rio Definitivo PPG Recursos H\u00eddricos - Publicado em 09\/12\/2020 Relat\u00f3rio Preliminar PPG Geografia - Publicado em 09\/12\/2019 Relat\u00f3rio Definitivo PPG Biotecnologia - Publicado em 20\/12\/2020 Relat\u00f3rio Definitivo PPG Modelagem Matem\u00e1tica - Publicado em 20\/12\/2020 Relat\u00f3rio Definitivo PPG Geografia \u2013 Publicado\u2026","rel":"","context":"Post similar","block_context":{"text":"Post similar","link":""},"img":{"alt_text":"","src":"","width":0,"height":0},"classes":[]},{"id":3027,"url":"https:\/\/wp.ufpel.edu.br\/naaf\/pos-graduacao\/2017-2\/","url_meta":{"origin":2838,"position":4},"title":"2017","author":"nuaad","date":"07\/04\/2022","format":false,"excerpt":"Dezembro Relat\u00f3rio preliminar PPGANT Antropologia 04 12 2017 Relatorio preliminar PPG Meteorologia 11 12 2017 Relat\u00f3rio preliminar PPG Educa\u00e7\u00e3o 12 12 2017 Relat\u00f3rio preliminar PPG Arquitetura e Urbanismo 12 12 2017 Relat\u00f3rio preliminar PPG Recursos H\u00eddricos 12 12 2017 Relat\u00f3rio preliminar PPG em Educa\u00e7\u00e3o 15 12 2017 Relat\u00f3rio preliminar PPGZ\u2026","rel":"","context":"Post similar","block_context":{"text":"Post similar","link":""},"img":{"alt_text":"","src":"","width":0,"height":0},"classes":[]},{"id":122,"url":"https:\/\/wp.ufpel.edu.br\/naaf\/sisu\/2017-2\/","url_meta":{"origin":2838,"position":5},"title":"2017\/1","author":"naaf","date":"25\/10\/2017","format":false,"excerpt":"Chamada Regular SISU 2017\/1 - Relat\u00f3rio Preliminar - Chamada Regular SISU 2017\/1 - Relat\u00f3rio Definitivo - Chamada Regular Primeira Convoca\u00e7\u00e3o SISU 2017\/1 - Relat\u00f3rio Preliminar - 1\u00aa Convoca\u00e7\u00e3o SISU 2017\/1 - Relat\u00f3rio Definitivo - 1\u00aa Convoca\u00e7\u00e3o Segunda Convoca\u00e7\u00e3o SISU 2017\/1 - Relat\u00f3rio Preliminar - 2\u00aa Convoca\u00e7\u00e3o SISU 2017\/1 - Relat\u00f3rio\u2026","rel":"","context":"Post similar","block_context":{"text":"Post similar","link":""},"img":{"alt_text":"","src":"","width":0,"height":0},"classes":[]}],"_links":{"self":[{"href":"https:\/\/wp.ufpel.edu.br\/naaf\/wp-json\/wp\/v2\/pages\/2838","targetHints":{"allow":["GET"]}}],"collection":[{"href":"https:\/\/wp.ufpel.edu.br\/naaf\/wp-json\/wp\/v2\/pages"}],"about":[{"href":"https:\/\/wp.ufpel.edu.br\/naaf\/wp-json\/wp\/v2\/types\/page"}],"author":[{"embeddable":true,"href":"https:\/\/wp.ufpel.edu.br\/naaf\/wp-json\/wp\/v2\/users\/1133"}],"replies":[{"embeddable":true,"href":"https:\/\/wp.ufpel.edu.br\/naaf\/wp-json\/wp\/v2\/comments?post=2838"}],"version-history":[{"count":1,"href":"https:\/\/wp.ufpel.edu.br\/naaf\/wp-json\/wp\/v2\/pages\/2838\/revisions"}],"predecessor-version":[{"id":2839,"href":"https:\/\/wp.ufpel.edu.br\/naaf\/wp-json\/wp\/v2\/pages\/2838\/revisions\/2839"}],"up":[{"embeddable":true,"href":"https:\/\/wp.ufpel.edu.br\/naaf\/wp-json\/wp\/v2\/pages\/2820"}],"wp:attachment":[{"href":"https:\/\/wp.ufpel.edu.br\/naaf\/wp-json\/wp\/v2\/media?parent=2838"}],"curies":[{"name":"wp","href":"https:\/\/api.w.org\/{rel}","templated":true}]}}