{"id":2836,"date":"2022-03-22T11:02:55","date_gmt":"2022-03-22T14:02:55","guid":{"rendered":"https:\/\/wp.ufpel.edu.br\/naaf\/?page_id=2836"},"modified":"2022-03-23T09:17:57","modified_gmt":"2022-03-23T12:17:57","slug":"i-jornada-do-nucleo-de-estudos-e-pesquisas-eleeko-enfrentamento-a-violencia-racial-de-genero-e-sexualidade-em-dialogo-com-o-crprs-17-e-18-de-outubro-de-2017","status":"publish","type":"page","link":"https:\/\/wp.ufpel.edu.br\/naaf\/eventos\/eventos-2017\/i-jornada-do-nucleo-de-estudos-e-pesquisas-eleeko-enfrentamento-a-violencia-racial-de-genero-e-sexualidade-em-dialogo-com-o-crprs-17-e-18-de-outubro-de-2017\/","title":{"rendered":"I Jornada do N\u00facleo de Estudos e Pesquisas \u00c9\u2019l\u00e9\u00e9ko: Enfrentamento \u00e0 Viol\u00eancia Racial, de G\u00eanero e Sexualidade em di\u00e1logo com o CRPRS &#8211; 17 e 18 de Outubro de 2017"},"content":{"rendered":"<p style=\"text-align: justify\"><span style=\"color: #000000\"><strong><a class=\"profileLink\" style=\"color: #000000\" href=\"https:\/\/www.facebook.com\/NUAADCAPEUFPel\/?fref=mentions\">NUAAD &#8211; N\u00facleo de A\u00e7\u00f5es Afirmativas e Diversidade UFPel<\/a>\u00a0<\/strong>se fez presente no dia 17 de outubro na\u00a0<strong><a id=\"js_chl\" class=\"profileLink\" style=\"color: #000000\" href=\"https:\/\/www.facebook.com\/events\/169741403596465\/?acontext=%7B%22source%22%3A3%2C%22source_newsfeed_story_type%22%3A%22regular%22%2C%22action_history%22%3A%22%5B%7B%5C%22surface%5C%22%3A%5C%22newsfeed%5C%22%2C%5C%22mechanism%5C%22%3A%5C%22feed_story%5C%22%2C%5C%22extra_data%5C%22%3A%5B%5D%7D%5D%22%2C%22has_source%22%3Atrue%7D&amp;source=3&amp;source_newsfeed_story_type=regular&amp;action_history=%5B%7B%22surface%22%3A%22newsfeed%22%2C%22mechanism%22%3A%22feed_story%22%2C%22extra_data%22%3A%5B%5D%7D%5D&amp;has_source=1&amp;fref=mentions\">I Jornada do N\u00facleo de Estudos e Pesquisas \u00c9\u2019l\u00e9\u00e9ko<\/a><\/strong>. Atrav\u00e9s dessa parceria, foram feitas identidade visual e cobertura fotogr\u00e1fica.Agradecemos a oportunidade do\u00a0<strong><a class=\"profileLink\" style=\"color: #000000\" href=\"https:\/\/www.facebook.com\/grupoeleeko\/?fref=mentions\">Grupo E&#8217;l\u00e9\u00e9ko<\/a><\/strong>\u00a0vendo que o objetivo do evento foi cumprido com \u00eaxito.<\/span><br \/>\n<span style=\"color: #000000\"><strong>Sobre o Evento:<\/strong> Em um momento de crise pol\u00edtica no pa\u00eds, cujas manifesta\u00e7\u00f5es de \u00f3dio contra grupos subalternizados pelo colonialismo e colonialidade tornam p\u00fablica e evidente a necessidade de problematizar a viol\u00eancia racial, de g\u00eanero e sexualidade, e criar redes de enfrentamento e resist\u00eancia a essas viol\u00eancias em um Estado de Exce\u00e7\u00e3o, surge a I Jornada do N\u00facleo de Estudos e Pesquisas \u00c9&#8217;leeko, ocorrida nos dias 17 e 18 de Outubro no audit\u00f3rio da Faculdade de Medicina &#8211; UFpel.\u00a0A tem\u00e1tica do encontro discutiu a interseccionalidade de ra\u00e7a, g\u00eanero e sexualidade e suas rela\u00e7\u00f5es com o Estado em um contexto geopol\u00edtico de redu\u00e7\u00e3o da democracia que, por sua vez, repercute em todas as inst\u00e2ncias sociais e intersubjetivas produzindo efeitos sobre os modos de viver e se relacionar no coletivo.<\/span><br \/>\n<span style=\"color: #000000\">Uma Jornada que buscava potencializar discuss\u00f5es, mobiliza\u00e7\u00f5es sociais e acad\u00eamicas na perspectiva de fomentar propostas e a\u00e7\u00f5es coletivas de enfrentamento \u00e0s viol\u00eancias em prol de uma sociedade mais justa, equ\u00e2nime e democr\u00e1tica.<\/span><\/p>\n<p><span style=\"color: #000000\"><strong>Fotos:<\/strong><\/span><\/p>\n<p><span style=\"color: #000000\"><strong><a style=\"color: #000000\" href=\"https:\/\/i0.wp.com\/wp.ufpel.edu.br\/naaf\/files\/2017\/09\/jornadaeleeko_17out-54-of-112.jpg?ssl=1\"><img data-recalc-dims=\"1\" loading=\"lazy\" decoding=\"async\" data-attachment-id=\"297\" data-permalink=\"https:\/\/wp.ufpel.edu.br\/naaf\/eventos\/jornadaeleeko_17out-54-of-112\/\" data-orig-file=\"https:\/\/i0.wp.com\/wp.ufpel.edu.br\/naaf\/files\/2017\/09\/jornadaeleeko_17out-54-of-112.jpg?fit=5456%2C3632&amp;ssl=1\" data-orig-size=\"5456,3632\" data-comments-opened=\"0\" data-image-meta=\"{&quot;aperture&quot;:&quot;0&quot;,&quot;credit&quot;:&quot;&quot;,&quot;camera&quot;:&quot;&quot;,&quot;caption&quot;:&quot;&quot;,&quot;created_timestamp&quot;:&quot;0&quot;,&quot;copyright&quot;:&quot;&quot;,&quot;focal_length&quot;:&quot;0&quot;,&quot;iso&quot;:&quot;0&quot;,&quot;shutter_speed&quot;:&quot;0&quot;,&quot;title&quot;:&quot;&quot;,&quot;orientation&quot;:&quot;0&quot;}\" data-image-title=\"jornadaeleeko_17out (54 of 112)\" data-image-description=\"\" data-image-caption=\"\" data-medium-file=\"https:\/\/i0.wp.com\/wp.ufpel.edu.br\/naaf\/files\/2017\/09\/jornadaeleeko_17out-54-of-112.jpg?fit=400%2C266&amp;ssl=1\" data-large-file=\"https:\/\/i0.wp.com\/wp.ufpel.edu.br\/naaf\/files\/2017\/09\/jornadaeleeko_17out-54-of-112.jpg?fit=750%2C500&amp;ssl=1\" class=\"wp-image-297 aligncenter\" src=\"https:\/\/i0.wp.com\/wp.ufpel.edu.br\/naaf\/files\/2017\/09\/jornadaeleeko_17out-54-of-112.jpg?resize=271%2C180&#038;ssl=1\" alt=\"\" width=\"271\" height=\"180\" srcset=\"https:\/\/i0.wp.com\/wp.ufpel.edu.br\/naaf\/files\/2017\/09\/jornadaeleeko_17out-54-of-112.jpg?resize=400%2C266&amp;ssl=1 400w, https:\/\/i0.wp.com\/wp.ufpel.edu.br\/naaf\/files\/2017\/09\/jornadaeleeko_17out-54-of-112.jpg?resize=768%2C511&amp;ssl=1 768w, https:\/\/i0.wp.com\/wp.ufpel.edu.br\/naaf\/files\/2017\/09\/jornadaeleeko_17out-54-of-112.jpg?resize=1024%2C682&amp;ssl=1 1024w, https:\/\/i0.wp.com\/wp.ufpel.edu.br\/naaf\/files\/2017\/09\/jornadaeleeko_17out-54-of-112.jpg?w=1500&amp;ssl=1 1500w, https:\/\/i0.wp.com\/wp.ufpel.edu.br\/naaf\/files\/2017\/09\/jornadaeleeko_17out-54-of-112.jpg?w=2250&amp;ssl=1 2250w\" sizes=\"auto, (max-width: 271px) 100vw, 271px\" \/><\/a><\/strong><\/span><\/p>\n<p><span style=\"color: #000000\"><strong><a style=\"color: #000000\" href=\"https:\/\/i0.wp.com\/wp.ufpel.edu.br\/naaf\/files\/2017\/09\/21150142_119964728728234_3509465214916713110_n.jpg?ssl=1\"><img data-recalc-dims=\"1\" loading=\"lazy\" decoding=\"async\" data-attachment-id=\"299\" data-permalink=\"https:\/\/wp.ufpel.edu.br\/naaf\/eventos\/21150142_119964728728234_3509465214916713110_n\/\" data-orig-file=\"https:\/\/i0.wp.com\/wp.ufpel.edu.br\/naaf\/files\/2017\/09\/21150142_119964728728234_3509465214916713110_n.jpg?fit=828%2C315&amp;ssl=1\" data-orig-size=\"828,315\" data-comments-opened=\"0\" data-image-meta=\"{&quot;aperture&quot;:&quot;0&quot;,&quot;credit&quot;:&quot;&quot;,&quot;camera&quot;:&quot;&quot;,&quot;caption&quot;:&quot;&quot;,&quot;created_timestamp&quot;:&quot;0&quot;,&quot;copyright&quot;:&quot;&quot;,&quot;focal_length&quot;:&quot;0&quot;,&quot;iso&quot;:&quot;0&quot;,&quot;shutter_speed&quot;:&quot;0&quot;,&quot;title&quot;:&quot;&quot;,&quot;orientation&quot;:&quot;0&quot;}\" data-image-title=\"21150142_119964728728234_3509465214916713110_n\" data-image-description=\"\" data-image-caption=\"\" data-medium-file=\"https:\/\/i0.wp.com\/wp.ufpel.edu.br\/naaf\/files\/2017\/09\/21150142_119964728728234_3509465214916713110_n.jpg?fit=400%2C152&amp;ssl=1\" data-large-file=\"https:\/\/i0.wp.com\/wp.ufpel.edu.br\/naaf\/files\/2017\/09\/21150142_119964728728234_3509465214916713110_n.jpg?fit=750%2C285&amp;ssl=1\" class=\"wp-image-299 aligncenter\" src=\"https:\/\/i0.wp.com\/wp.ufpel.edu.br\/naaf\/files\/2017\/09\/21150142_119964728728234_3509465214916713110_n.jpg?resize=569%2C216&#038;ssl=1\" alt=\"\" width=\"569\" height=\"216\" srcset=\"https:\/\/i0.wp.com\/wp.ufpel.edu.br\/naaf\/files\/2017\/09\/21150142_119964728728234_3509465214916713110_n.jpg?resize=400%2C152&amp;ssl=1 400w, https:\/\/i0.wp.com\/wp.ufpel.edu.br\/naaf\/files\/2017\/09\/21150142_119964728728234_3509465214916713110_n.jpg?resize=768%2C292&amp;ssl=1 768w, https:\/\/i0.wp.com\/wp.ufpel.edu.br\/naaf\/files\/2017\/09\/21150142_119964728728234_3509465214916713110_n.jpg?w=828&amp;ssl=1 828w\" sizes=\"auto, (max-width: 569px) 100vw, 569px\" \/><\/a><\/strong><\/span><\/p>\n","protected":false},"excerpt":{"rendered":"<p>NUAAD &#8211; N\u00facleo de A\u00e7\u00f5es Afirmativas e Diversidade UFPel\u00a0se fez presente no dia 17 de outubro na\u00a0I Jornada do N\u00facleo de Estudos e Pesquisas \u00c9\u2019l\u00e9\u00e9ko. Atrav\u00e9s dessa parceria, foram feitas identidade visual e cobertura fotogr\u00e1fica.Agradecemos a oportunidade do\u00a0Grupo E&#8217;l\u00e9\u00e9ko\u00a0vendo que o objetivo do evento foi cumprido com \u00eaxito. Sobre o Evento: Em um momento de &hellip; <\/p>\n<p><a class=\"more-link btn\" href=\"https:\/\/wp.ufpel.edu.br\/naaf\/eventos\/eventos-2017\/i-jornada-do-nucleo-de-estudos-e-pesquisas-eleeko-enfrentamento-a-violencia-racial-de-genero-e-sexualidade-em-dialogo-com-o-crprs-17-e-18-de-outubro-de-2017\/\">Continue lendo<\/a><\/p>\n","protected":false},"author":1133,"featured_media":0,"parent":2820,"menu_order":1,"comment_status":"closed","ping_status":"closed","template":"","meta":{"jetpack_post_was_ever_published":false,"footnotes":""},"class_list":["post-2836","page","type-page","status-publish","hentry","nodate","item-wrap"],"jetpack_sharing_enabled":true,"jetpack_shortlink":"https:\/\/wp.me\/P9uOP6-JK","jetpack_likes_enabled":true,"jetpack-related-posts":[{"id":2838,"url":"https:\/\/wp.ufpel.edu.br\/naaf\/eventos\/eventos-2017\/jornada-das-humanidades-2017-24-de-outubro-de-2017\/","url_meta":{"origin":2836,"position":0},"title":"Jornada das Humanidades 2017 &#8211; 24 de Outubro de 2017","author":"nuaad","date":"22\/03\/2022","format":false,"excerpt":"A professora da UFPel Dra.\u00a0Rosemar Lemos, representando o NUAAD, foi convidada para participar do Semin\u00e1rio de Humanidades organizado pelo NEABI do Instituto Federal de Educa\u00e7\u00e3o Tecnol\u00f3gica do Rio Grande do Sul - IFRS - Campus Canoas no dia 24 de outubro de 2017, onde ministrou a palestra \"Pol\u00edticas de A\u00e7\u00f5es\u2026","rel":"","context":"Post similar","block_context":{"text":"Post similar","link":""},"img":{"alt_text":"","src":"https:\/\/i0.wp.com\/wp.ufpel.edu.br\/naaf\/files\/2017\/09\/22769920_527563567581879_2242776321985958457_o-400x225.jpg?resize=350%2C200&ssl=1","width":350,"height":200},"classes":[]},{"id":2871,"url":"https:\/\/wp.ufpel.edu.br\/naaf\/eventos\/eventos-2018\/ifsul-de-pelotas-inaugura-sala-de-acoes-afirmativas-e-diversidade-12-09-2018\/","url_meta":{"origin":2836,"position":1},"title":"IFSUL DE PELOTAS INAUGURA SALA DE A\u00c7\u00d5ES AFIRMATIVAS E DIVERSIDADE 12\/09\/2018","author":"nuaad","date":"22\/03\/2022","format":false,"excerpt":"\u00a0Pelas Acads. Marcela Lima e Isadora Caleiro Aconteceu na tarde de quarta-feira (12 de setembro de 2018), a inaugura\u00e7\u00e3o da Sala dos N\u00facleos de A\u00e7\u00f5es Afirmativas \u00a0do IFSul da cidade Pelotas, na qual foram instalados o NUGED (N\u00facleo de G\u00eanero e Diversidade), NEABI (N\u00facleo de Estudos Afro e Ind\u00edgenas) e\u2026","rel":"","context":"Post similar","block_context":{"text":"Post similar","link":""},"img":{"alt_text":"","src":"","width":0,"height":0},"classes":[]},{"id":2844,"url":"https:\/\/wp.ufpel.edu.br\/naaf\/eventos\/eventos-2018\/curso-de-capacitacao-promovido-pelo-nuaad-para-comissao-de-verificacao-de-alunos-e-servidores-ingressantes-na-ufpel-via-cotas-raciais\/","url_meta":{"origin":2836,"position":2},"title":"Curso de Capacita\u00e7\u00e3o promovido pelo NUAAD, para Comiss\u00e3o de Verifica\u00e7\u00e3o de alunos e servidores ingressantes na UFPel via Cotas Raciais.\u00a025 e 26 de Janeiro de 2018 \u00a0\u00a0","author":"nuaad","date":"22\/03\/2022","format":false,"excerpt":"Acad\u00eamica Geiselaine Dias e Servidor Damasio Duval \u00a0\u00a0\u00a0\u00a0\u00a0\u00a0\u00a0\u00a0\u00a0\u00a0\u00a0\u00a0\u00a0\u00a0\u00a0\u00a0\u00a0\u00a0\u00a0\u00a0\u00a0\u00a0\u00a0\u00a0\u00a0\u00a0\u00a0\u00a0\u00a0\u00a0\u00a0\u00a0\u00a0\u00a0\u00a0\u00a0\u00a0\u00a0\u00a0\u00a0\u00a0 \u00a0 \u00a0 \u00a0 \u00a0 \u00a0 \u00a0 \u00a0 \u00a0 \u00a0 \u00a0\u00a0 O N\u00facleo de A\u00e7\u00f5es Afirmativas e Diversidade da UFPel, realizou, nos dias 25 e 26 de janeiro, o Curso de Capacita\u00e7\u00e3o para Comiss\u00f5es de Heteroidentifica\u00e7\u00e3o, no pr\u00e9dio Lyceu Rio-grandense - \u00a0Sala do\u2026","rel":"","context":"Post similar","block_context":{"text":"Post similar","link":""},"img":{"alt_text":"","src":"","width":0,"height":0},"classes":[]},{"id":2121,"url":"https:\/\/wp.ufpel.edu.br\/naaf\/politicas\/pos-graduacao-2\/formulario-mapeamento-e-divulgacao-de-trabalhos\/","url_meta":{"origin":2836,"position":3},"title":"Mapeamento e divulga\u00e7\u00e3o de trabalhos","author":"naaf","date":"17\/07\/2020","format":false,"excerpt":"Ajude o N\u00facleo de A\u00e7\u00f5es Afirmativas e Diversidade a mapear os alunos Negros, Ind\u00edgenas e Quilombolas nos cursos de P\u00f3s-Gradua\u00e7\u00e3o da UFPel e envie seu trabalho (projeto\/disserta\u00e7\u00e3o\/tese\/artigo\/resumo expandido\/paper\/etc.). Em breve teremos uma se\u00e7\u00e3o para divulga\u00e7\u00e3o desses trabalhos no site do N\u00facleo.","rel":"","context":"Post similar","block_context":{"text":"Post similar","link":""},"img":{"alt_text":"","src":"","width":0,"height":0},"classes":[]},{"id":2848,"url":"https:\/\/wp.ufpel.edu.br\/naaf\/eventos\/eventos-2019\/representacao-na-reuniao-de-organizacao-do-copene-sul-2019\/","url_meta":{"origin":2836,"position":4},"title":"Representa\u00e7\u00e3o na reuni\u00e3o de organiza\u00e7\u00e3o do COPENE SUL 2019","author":"nuaad","date":"22\/03\/2022","format":false,"excerpt":"Pela Acad. Geiselaine Dias\u00a0 A Chefe do N\u00facleo de A\u00e7\u00f5es Afirmativas e professora da UFPel Dra\u00aa\u00a0Rosemar Lemos, compareceu ao evento de organiza\u00e7\u00e3o do\u00a0COPENE SUL 2019, o qual ser\u00e1 realizado na Unipampa -Jaguar\u00e3o \u2013 RS de 16 \u00e0 19 de julho de 2019. \u00a0Junto dela, fizeram parte do grupo que representou\u2026","rel":"","context":"Post similar","block_context":{"text":"Post similar","link":""},"img":{"alt_text":"","src":"https:\/\/i0.wp.com\/wp.ufpel.edu.br\/naaf\/files\/2018\/04\/facebook_1525723969606.jpg?resize=350%2C200&ssl=1","width":350,"height":200},"classes":[]},{"id":2066,"url":"https:\/\/wp.ufpel.edu.br\/naaf\/contato\/fale-conosco\/","url_meta":{"origin":2836,"position":5},"title":"Fale conosco","author":"naaf","date":"02\/07\/2020","format":false,"excerpt":"\u00a0 Caso as informa\u00e7\u00f5es n\u00e3o estejam preenchidas corretamente, o N\u00facleo de A\u00e7\u00f5es Afirmativas e Diversidade poder\u00e1 n\u00e3o responder sua mensagem.","rel":"","context":"Post similar","block_context":{"text":"Post similar","link":""},"img":{"alt_text":"","src":"","width":0,"height":0},"classes":[]}],"_links":{"self":[{"href":"https:\/\/wp.ufpel.edu.br\/naaf\/wp-json\/wp\/v2\/pages\/2836","targetHints":{"allow":["GET"]}}],"collection":[{"href":"https:\/\/wp.ufpel.edu.br\/naaf\/wp-json\/wp\/v2\/pages"}],"about":[{"href":"https:\/\/wp.ufpel.edu.br\/naaf\/wp-json\/wp\/v2\/types\/page"}],"author":[{"embeddable":true,"href":"https:\/\/wp.ufpel.edu.br\/naaf\/wp-json\/wp\/v2\/users\/1133"}],"replies":[{"embeddable":true,"href":"https:\/\/wp.ufpel.edu.br\/naaf\/wp-json\/wp\/v2\/comments?post=2836"}],"version-history":[{"count":1,"href":"https:\/\/wp.ufpel.edu.br\/naaf\/wp-json\/wp\/v2\/pages\/2836\/revisions"}],"predecessor-version":[{"id":2837,"href":"https:\/\/wp.ufpel.edu.br\/naaf\/wp-json\/wp\/v2\/pages\/2836\/revisions\/2837"}],"up":[{"embeddable":true,"href":"https:\/\/wp.ufpel.edu.br\/naaf\/wp-json\/wp\/v2\/pages\/2820"}],"wp:attachment":[{"href":"https:\/\/wp.ufpel.edu.br\/naaf\/wp-json\/wp\/v2\/media?parent=2836"}],"curies":[{"name":"wp","href":"https:\/\/api.w.org\/{rel}","templated":true}]}}