{"id":2832,"date":"2022-03-22T10:56:59","date_gmt":"2022-03-22T13:56:59","guid":{"rendered":"https:\/\/wp.ufpel.edu.br\/naaf\/?page_id=2832"},"modified":"2022-03-23T09:19:10","modified_gmt":"2022-03-23T12:19:10","slug":"discutindo-o-25-de-julho-o-que-eu-tenho-a-ver-com-isso-24-de-julho-de-2017","status":"publish","type":"page","link":"https:\/\/wp.ufpel.edu.br\/naaf\/eventos\/eventos-2017\/discutindo-o-25-de-julho-o-que-eu-tenho-a-ver-com-isso-24-de-julho-de-2017\/","title":{"rendered":"Discutindo O 25 De Julho \u2013 O Que Eu Tenho a Ver Com Isso? &#8211; 24 de Julho de 2017"},"content":{"rendered":"<p style=\"text-align: justify\"><span style=\"color: #000000\">Percebe-se o quanto \u00e9 necess\u00e1rio o empoderamento das mulheres que vivem na cidade de Pelotas, incluindo estudantes das universidades\/faculdades e a popula\u00e7\u00e3o local. A partir desta demanda o NUAAD prop\u00f4s este evento com o objetivo de informar e\/ou conscientizar seus participantes, a fim de que conscientes e unidXs seja poss\u00edvel a busca de a\u00e7\u00f5es que permitam a redu\u00e7\u00e3o das injusti\u00e7as sociais pelas quais o povo negro tem vivido. Tamb\u00e9m quer construir o conhecimento a cerca das particularidades nas quest\u00f5es de g\u00eanero inerentes \u00e0s mulheres negras e as responsabilidades de todos na luta por uma sociedade mais igualit\u00e1ria. O evento ocorreu nos dias 22 e 24 de Julho, no Sal\u00e3o de Atos da Faculdade de Direito &#8211; UFpel, os temas abordados foram: \u201cA Mulher Negra na Educa\u00e7\u00e3o e no Empreendedorismo\u201d; A Mulher Negra na Tecnologia e no Ativismo\u201d, discutidos pelas palestrantes: Doutoranda\u00a0<a style=\"color: #000000\" href=\"https:\/\/www.facebook.com\/fernanda.oliveira.988711\">Fernanda Oliveira<\/a>, Prof.\u00a0<a style=\"color: #000000\" href=\"https:\/\/www.facebook.com\/ledeci.coutinho\">Ledeci Coutinho<\/a>, Prof.\u00a0<a style=\"color: #000000\" href=\"https:\/\/www.facebook.com\/rosselane.alvesdesouza\">Rosselane Alves de Souza<\/a>, Acad.\u00a0<a style=\"color: #000000\" href=\"https:\/\/www.facebook.com\/luciana.custodio.16\">Luciana Custodio<\/a>,\u00a0<a style=\"color: #000000\" href=\"https:\/\/www.facebook.com\/lisianeglemos\">Lisiane GL<\/a>\u00a0e Bach. e Mestranda em Direito\u00a0<a style=\"color: #000000\" href=\"https:\/\/www.facebook.com\/ninebueno\">Winnie Bueno<\/a>.<\/span><\/p>\n<p><span style=\"color: #000000\"><strong>Fotos:<br \/>\n<\/strong><\/span><\/p>\n<p><span style=\"color: #000000\"><strong><a style=\"color: #000000\" href=\"https:\/\/i0.wp.com\/wp.ufpel.edu.br\/naaf\/files\/2017\/09\/20258308_1716317298674263_5726712877145438825_n.jpg?ssl=1\"><img data-recalc-dims=\"1\" loading=\"lazy\" decoding=\"async\" data-attachment-id=\"268\" data-permalink=\"https:\/\/wp.ufpel.edu.br\/naaf\/eventos\/20258308_1716317298674263_5726712877145438825_n\/\" data-orig-file=\"https:\/\/i0.wp.com\/wp.ufpel.edu.br\/naaf\/files\/2017\/09\/20258308_1716317298674263_5726712877145438825_n.jpg?fit=840%2C556&amp;ssl=1\" data-orig-size=\"840,556\" data-comments-opened=\"0\" data-image-meta=\"{&quot;aperture&quot;:&quot;0&quot;,&quot;credit&quot;:&quot;Picasa&quot;,&quot;camera&quot;:&quot;&quot;,&quot;caption&quot;:&quot;&quot;,&quot;created_timestamp&quot;:&quot;0&quot;,&quot;copyright&quot;:&quot;&quot;,&quot;focal_length&quot;:&quot;0&quot;,&quot;iso&quot;:&quot;0&quot;,&quot;shutter_speed&quot;:&quot;0&quot;,&quot;title&quot;:&quot;&quot;,&quot;orientation&quot;:&quot;0&quot;}\" data-image-title=\"20258308_1716317298674263_5726712877145438825_n\" data-image-description=\"\" data-image-caption=\"\" data-medium-file=\"https:\/\/i0.wp.com\/wp.ufpel.edu.br\/naaf\/files\/2017\/09\/20258308_1716317298674263_5726712877145438825_n.jpg?fit=400%2C265&amp;ssl=1\" data-large-file=\"https:\/\/i0.wp.com\/wp.ufpel.edu.br\/naaf\/files\/2017\/09\/20258308_1716317298674263_5726712877145438825_n.jpg?fit=750%2C496&amp;ssl=1\" class=\"alignnone wp-image-268\" src=\"https:\/\/i0.wp.com\/wp.ufpel.edu.br\/naaf\/files\/2017\/09\/20258308_1716317298674263_5726712877145438825_n.jpg?resize=277%2C183&#038;ssl=1\" alt=\"\" width=\"277\" height=\"183\" srcset=\"https:\/\/i0.wp.com\/wp.ufpel.edu.br\/naaf\/files\/2017\/09\/20258308_1716317298674263_5726712877145438825_n.jpg?resize=400%2C265&amp;ssl=1 400w, https:\/\/i0.wp.com\/wp.ufpel.edu.br\/naaf\/files\/2017\/09\/20258308_1716317298674263_5726712877145438825_n.jpg?resize=768%2C508&amp;ssl=1 768w, https:\/\/i0.wp.com\/wp.ufpel.edu.br\/naaf\/files\/2017\/09\/20258308_1716317298674263_5726712877145438825_n.jpg?w=840&amp;ssl=1 840w\" sizes=\"auto, (max-width: 277px) 100vw, 277px\" \/>\u00a0\u00a0 <\/a><a style=\"color: #000000\" href=\"https:\/\/i0.wp.com\/wp.ufpel.edu.br\/naaf\/files\/2017\/09\/thumbnail_10.jpg?ssl=1\"><img data-recalc-dims=\"1\" loading=\"lazy\" decoding=\"async\" data-attachment-id=\"274\" data-permalink=\"https:\/\/wp.ufpel.edu.br\/naaf\/eventos\/thumbnail_10\/\" data-orig-file=\"https:\/\/i0.wp.com\/wp.ufpel.edu.br\/naaf\/files\/2017\/09\/thumbnail_10.jpg?fit=840%2C556&amp;ssl=1\" data-orig-size=\"840,556\" data-comments-opened=\"0\" data-image-meta=\"{&quot;aperture&quot;:&quot;0&quot;,&quot;credit&quot;:&quot;&quot;,&quot;camera&quot;:&quot;&quot;,&quot;caption&quot;:&quot;&quot;,&quot;created_timestamp&quot;:&quot;0&quot;,&quot;copyright&quot;:&quot;&quot;,&quot;focal_length&quot;:&quot;0&quot;,&quot;iso&quot;:&quot;0&quot;,&quot;shutter_speed&quot;:&quot;0&quot;,&quot;title&quot;:&quot;&quot;,&quot;orientation&quot;:&quot;0&quot;}\" data-image-title=\"thumbnail_10\" data-image-description=\"\" data-image-caption=\"\" data-medium-file=\"https:\/\/i0.wp.com\/wp.ufpel.edu.br\/naaf\/files\/2017\/09\/thumbnail_10.jpg?fit=400%2C265&amp;ssl=1\" data-large-file=\"https:\/\/i0.wp.com\/wp.ufpel.edu.br\/naaf\/files\/2017\/09\/thumbnail_10.jpg?fit=750%2C496&amp;ssl=1\" class=\"alignnone wp-image-274\" src=\"https:\/\/i0.wp.com\/wp.ufpel.edu.br\/naaf\/files\/2017\/09\/thumbnail_10.jpg?resize=270%2C179&#038;ssl=1\" alt=\"\" width=\"270\" height=\"179\" srcset=\"https:\/\/i0.wp.com\/wp.ufpel.edu.br\/naaf\/files\/2017\/09\/thumbnail_10.jpg?resize=400%2C265&amp;ssl=1 400w, https:\/\/i0.wp.com\/wp.ufpel.edu.br\/naaf\/files\/2017\/09\/thumbnail_10.jpg?resize=768%2C508&amp;ssl=1 768w, https:\/\/i0.wp.com\/wp.ufpel.edu.br\/naaf\/files\/2017\/09\/thumbnail_10.jpg?w=840&amp;ssl=1 840w\" sizes=\"auto, (max-width: 270px) 100vw, 270px\" \/><\/a><a style=\"color: #000000\" href=\"https:\/\/wp.ufpel.edu.br\/naaf\/files\/2017\/09\/20258308_1716317298674263_5726712877145438825_n.jpg\">\u00a0\u00a0 <\/a><a style=\"color: #000000\" href=\"https:\/\/i0.wp.com\/wp.ufpel.edu.br\/naaf\/files\/2017\/09\/thumbnail_23.jpg?ssl=1\"><img data-recalc-dims=\"1\" loading=\"lazy\" decoding=\"async\" data-attachment-id=\"283\" data-permalink=\"https:\/\/wp.ufpel.edu.br\/naaf\/eventos\/thumbnail_23\/\" data-orig-file=\"https:\/\/i0.wp.com\/wp.ufpel.edu.br\/naaf\/files\/2017\/09\/thumbnail_23.jpg?fit=836%2C558&amp;ssl=1\" data-orig-size=\"836,558\" data-comments-opened=\"0\" data-image-meta=\"{&quot;aperture&quot;:&quot;0&quot;,&quot;credit&quot;:&quot;&quot;,&quot;camera&quot;:&quot;&quot;,&quot;caption&quot;:&quot;&quot;,&quot;created_timestamp&quot;:&quot;0&quot;,&quot;copyright&quot;:&quot;&quot;,&quot;focal_length&quot;:&quot;0&quot;,&quot;iso&quot;:&quot;0&quot;,&quot;shutter_speed&quot;:&quot;0&quot;,&quot;title&quot;:&quot;&quot;,&quot;orientation&quot;:&quot;0&quot;}\" data-image-title=\"thumbnail_23\" data-image-description=\"\" data-image-caption=\"\" data-medium-file=\"https:\/\/i0.wp.com\/wp.ufpel.edu.br\/naaf\/files\/2017\/09\/thumbnail_23.jpg?fit=400%2C267&amp;ssl=1\" data-large-file=\"https:\/\/i0.wp.com\/wp.ufpel.edu.br\/naaf\/files\/2017\/09\/thumbnail_23.jpg?fit=750%2C501&amp;ssl=1\" class=\"alignnone wp-image-283\" src=\"https:\/\/i0.wp.com\/wp.ufpel.edu.br\/naaf\/files\/2017\/09\/thumbnail_23.jpg?resize=276%2C183&#038;ssl=1\" alt=\"\" width=\"276\" height=\"183\" srcset=\"https:\/\/i0.wp.com\/wp.ufpel.edu.br\/naaf\/files\/2017\/09\/thumbnail_23.jpg?resize=400%2C267&amp;ssl=1 400w, https:\/\/i0.wp.com\/wp.ufpel.edu.br\/naaf\/files\/2017\/09\/thumbnail_23.jpg?resize=768%2C513&amp;ssl=1 768w, https:\/\/i0.wp.com\/wp.ufpel.edu.br\/naaf\/files\/2017\/09\/thumbnail_23.jpg?w=836&amp;ssl=1 836w\" sizes=\"auto, (max-width: 276px) 100vw, 276px\" \/><\/a><a style=\"color: #000000\" href=\"https:\/\/wp.ufpel.edu.br\/naaf\/files\/2017\/09\/20258308_1716317298674263_5726712877145438825_n.jpg\">\u00a0 \u00a0<\/a><a style=\"color: #000000\" href=\"https:\/\/i0.wp.com\/wp.ufpel.edu.br\/naaf\/files\/2017\/09\/thumbnail_3.jpg?ssl=1\"><img data-recalc-dims=\"1\" loading=\"lazy\" decoding=\"async\" data-attachment-id=\"273\" data-permalink=\"https:\/\/wp.ufpel.edu.br\/naaf\/eventos\/thumbnail_3\/\" data-orig-file=\"https:\/\/i0.wp.com\/wp.ufpel.edu.br\/naaf\/files\/2017\/09\/thumbnail_3.jpg?fit=839%2C558&amp;ssl=1\" data-orig-size=\"839,558\" data-comments-opened=\"0\" data-image-meta=\"{&quot;aperture&quot;:&quot;0&quot;,&quot;credit&quot;:&quot;&quot;,&quot;camera&quot;:&quot;&quot;,&quot;caption&quot;:&quot;&quot;,&quot;created_timestamp&quot;:&quot;0&quot;,&quot;copyright&quot;:&quot;&quot;,&quot;focal_length&quot;:&quot;0&quot;,&quot;iso&quot;:&quot;0&quot;,&quot;shutter_speed&quot;:&quot;0&quot;,&quot;title&quot;:&quot;&quot;,&quot;orientation&quot;:&quot;0&quot;}\" data-image-title=\"thumbnail_3\" data-image-description=\"\" data-image-caption=\"\" data-medium-file=\"https:\/\/i0.wp.com\/wp.ufpel.edu.br\/naaf\/files\/2017\/09\/thumbnail_3.jpg?fit=400%2C266&amp;ssl=1\" data-large-file=\"https:\/\/i0.wp.com\/wp.ufpel.edu.br\/naaf\/files\/2017\/09\/thumbnail_3.jpg?fit=750%2C499&amp;ssl=1\" class=\"alignnone wp-image-273\" src=\"https:\/\/i0.wp.com\/wp.ufpel.edu.br\/naaf\/files\/2017\/09\/thumbnail_3.jpg?resize=271%2C180&#038;ssl=1\" alt=\"\" width=\"271\" height=\"180\" srcset=\"https:\/\/i0.wp.com\/wp.ufpel.edu.br\/naaf\/files\/2017\/09\/thumbnail_3.jpg?resize=400%2C266&amp;ssl=1 400w, https:\/\/i0.wp.com\/wp.ufpel.edu.br\/naaf\/files\/2017\/09\/thumbnail_3.jpg?resize=768%2C511&amp;ssl=1 768w, https:\/\/i0.wp.com\/wp.ufpel.edu.br\/naaf\/files\/2017\/09\/thumbnail_3.jpg?w=839&amp;ssl=1 839w\" sizes=\"auto, (max-width: 271px) 100vw, 271px\" \/><\/a><\/strong><\/span><\/p>\n<p><span style=\"color: #000000\"><strong><a style=\"color: #000000\" href=\"https:\/\/i0.wp.com\/wp.ufpel.edu.br\/naaf\/files\/2017\/09\/19943045_483715428633360_815100035300769559_o.jpg?ssl=1\"><img data-recalc-dims=\"1\" loading=\"lazy\" decoding=\"async\" data-attachment-id=\"267\" data-permalink=\"https:\/\/wp.ufpel.edu.br\/naaf\/eventos\/19943045_483715428633360_815100035300769559_o\/\" data-orig-file=\"https:\/\/i0.wp.com\/wp.ufpel.edu.br\/naaf\/files\/2017\/09\/19943045_483715428633360_815100035300769559_o.jpg?fit=2048%2C1056&amp;ssl=1\" data-orig-size=\"2048,1056\" data-comments-opened=\"0\" data-image-meta=\"{&quot;aperture&quot;:&quot;0&quot;,&quot;credit&quot;:&quot;&quot;,&quot;camera&quot;:&quot;&quot;,&quot;caption&quot;:&quot;&quot;,&quot;created_timestamp&quot;:&quot;0&quot;,&quot;copyright&quot;:&quot;&quot;,&quot;focal_length&quot;:&quot;0&quot;,&quot;iso&quot;:&quot;0&quot;,&quot;shutter_speed&quot;:&quot;0&quot;,&quot;title&quot;:&quot;&quot;,&quot;orientation&quot;:&quot;0&quot;}\" data-image-title=\"19943045_483715428633360_815100035300769559_o\" data-image-description=\"\" data-image-caption=\"\" data-medium-file=\"https:\/\/i0.wp.com\/wp.ufpel.edu.br\/naaf\/files\/2017\/09\/19943045_483715428633360_815100035300769559_o.jpg?fit=400%2C206&amp;ssl=1\" data-large-file=\"https:\/\/i0.wp.com\/wp.ufpel.edu.br\/naaf\/files\/2017\/09\/19943045_483715428633360_815100035300769559_o.jpg?fit=750%2C387&amp;ssl=1\" class=\"alignnone wp-image-267\" src=\"https:\/\/i0.wp.com\/wp.ufpel.edu.br\/naaf\/files\/2017\/09\/19943045_483715428633360_815100035300769559_o.jpg?resize=556%2C286&#038;ssl=1\" alt=\"\" width=\"556\" height=\"286\" srcset=\"https:\/\/i0.wp.com\/wp.ufpel.edu.br\/naaf\/files\/2017\/09\/19943045_483715428633360_815100035300769559_o.jpg?resize=400%2C206&amp;ssl=1 400w, https:\/\/i0.wp.com\/wp.ufpel.edu.br\/naaf\/files\/2017\/09\/19943045_483715428633360_815100035300769559_o.jpg?resize=768%2C396&amp;ssl=1 768w, https:\/\/i0.wp.com\/wp.ufpel.edu.br\/naaf\/files\/2017\/09\/19943045_483715428633360_815100035300769559_o.jpg?resize=1024%2C528&amp;ssl=1 1024w, https:\/\/i0.wp.com\/wp.ufpel.edu.br\/naaf\/files\/2017\/09\/19943045_483715428633360_815100035300769559_o.jpg?w=2048&amp;ssl=1 2048w, https:\/\/i0.wp.com\/wp.ufpel.edu.br\/naaf\/files\/2017\/09\/19943045_483715428633360_815100035300769559_o.jpg?w=1500&amp;ssl=1 1500w\" sizes=\"auto, (max-width: 556px) 100vw, 556px\" \/><\/a><\/strong><\/span><\/p>\n<p>&nbsp;<\/p>\n<p>&nbsp;<\/p>\n","protected":false},"excerpt":{"rendered":"<p>Percebe-se o quanto \u00e9 necess\u00e1rio o empoderamento das mulheres que vivem na cidade de Pelotas, incluindo estudantes das universidades\/faculdades e a popula\u00e7\u00e3o local. A partir desta demanda o NUAAD prop\u00f4s este evento com o objetivo de informar e\/ou conscientizar seus participantes, a fim de que conscientes e unidXs seja poss\u00edvel a busca de a\u00e7\u00f5es que &hellip; <\/p>\n<p><a class=\"more-link btn\" href=\"https:\/\/wp.ufpel.edu.br\/naaf\/eventos\/eventos-2017\/discutindo-o-25-de-julho-o-que-eu-tenho-a-ver-com-isso-24-de-julho-de-2017\/\">Continue lendo<\/a><\/p>\n","protected":false},"author":1133,"featured_media":0,"parent":2820,"menu_order":3,"comment_status":"closed","ping_status":"closed","template":"","meta":{"jetpack_post_was_ever_published":false,"footnotes":""},"class_list":["post-2832","page","type-page","status-publish","hentry","nodate","item-wrap"],"jetpack_sharing_enabled":true,"jetpack_shortlink":"https:\/\/wp.me\/P9uOP6-JG","jetpack_likes_enabled":true,"jetpack-related-posts":[{"id":2865,"url":"https:\/\/wp.ufpel.edu.br\/naaf\/eventos\/eventos-2018\/2o-ed-seminario-discutindo-o-25-de-julho-o-que-eu-tenho-a-ver-com-isso\/","url_meta":{"origin":2832,"position":0},"title":"\u00a02\u00ba Ed. Semin\u00e1rio: Discutindo O 25 De Julho \u2013 O Que Eu Tenho a Ver Com Isso? 26, 27, 28 de Julho de 2018","author":"nuaad","date":"22\/03\/2022","format":false,"excerpt":"Nos dias 26, 27 e 28 de julho, no Audit\u00f3rio T\u00e9rreo do Campus II-ICH, DA Universidade Federal de Pelotas (UFPel), foi realizada a segunda edi\u00e7\u00e3o do Semin\u00e1rio \u201cDiscutindo O 25 De Julho \u2013 O Que Eu Tenho a Ver Com Isso?\u201d, organizado pelo N\u00facleo de A\u00e7\u00f5es Afirmativas e Diversidade (NUAAD),\u2026","rel":"","context":"Post similar","block_context":{"text":"Post similar","link":""},"img":{"alt_text":"","src":"","width":0,"height":0},"classes":[]},{"id":2869,"url":"https:\/\/wp.ufpel.edu.br\/naaf\/eventos\/eventos-2018\/sus-voce-conhece-a-politica-nacional-de-saude-integral-da-populacao-negra\/","url_meta":{"origin":2832,"position":1},"title":"#SUS: Voc\u00ea conhece a Pol\u00edtica Nacional de Sa\u00fade Integral da Popula\u00e7\u00e3o Negra? &#8211; 16 de Julho de 2018","author":"nuaad","date":"22\/03\/2022","format":false,"excerpt":"Acad.\u00a0 Isadora Cardoso Caleiro \u00a0\u00a0Na segunda feira dia dezesseis de julho aconteceu no Centro de Engenharias da UFPel \u2013 CEng, a palestra: Da Adversidade para a Diversidade: O Espa\u00e7o de Jovens Negras no Mercado de Trabalho, contando com a presen\u00e7a de tr\u00eas jovens negras que atuam na \u00e1rea da Engenharia,\u2026","rel":"","context":"Post similar","block_context":{"text":"Post similar","link":""},"img":{"alt_text":"","src":"https:\/\/i0.wp.com\/wp.ufpel.edu.br\/naaf\/files\/2018\/08\/evento-Da-adiversidade-para-a-diversidade-400x267.jpg?resize=350%2C200&ssl=1","width":350,"height":200},"classes":[]},{"id":2867,"url":"https:\/\/wp.ufpel.edu.br\/naaf\/eventos\/eventos-2018\/nuaad-participa-politica-nacional-de-saude-integral-da-populacao-negra-dialogos-com-a-renafro-saude\/","url_meta":{"origin":2832,"position":2},"title":"NUAAD Participa: Pol\u00edtica Nacional de Sa\u00fade Integral da Popula\u00e7\u00e3o Negra: Di\u00e1logos com a Renafro Sa\u00fade &#8211; 15 de Julho, 2018","author":"nuaad","date":"22\/03\/2022","format":false,"excerpt":"No dia 15 de julho de 2018, no Sal\u00e3o Nobre da Prefeitura Municipal de Pelotas, realizou-se o evento sobre: \u201cPol\u00edtica Nacional de Sa\u00fade Integral da Popula\u00e7\u00e3o Negra\u201d, das 8 \u00e0s 12 horas. O evento, que abrangeu toda a popula\u00e7\u00e3o pelotense, se deteve na fortifica\u00e7\u00e3o da informa\u00e7\u00e3o e promo\u00e7\u00e3o sobre a\u2026","rel":"","context":"Post similar","block_context":{"text":"Post similar","link":""},"img":{"alt_text":"","src":"https:\/\/i2.wp.com\/wp.ufpel.edu.br\/naaf\/files\/2018\/06\/2090e9c0-f0bf-4b5c-b2c3-caafe491438e.jpeg?resize=350%2C200&ssl=1","width":350,"height":200},"classes":[]},{"id":2880,"url":"https:\/\/wp.ufpel.edu.br\/naaf\/eventos\/eventos-2018\/x-edicao-do-seconep-2018\/","url_meta":{"origin":2832,"position":3},"title":"X Edi\u00e7\u00e3o do SECONEP, 2018. &#8211; 21, 23 e 25 de Novembro de 2018","author":"nuaad","date":"22\/03\/2022","format":false,"excerpt":"Acads. \u00a0Lourivaldo Junior e Marcela Lima O Semin\u00e1rio da Consci\u00eancia Negra de Pelotas - SECONEP - evento organizado e realizado anualmente por estudantes e servidores da UFPel, al\u00e9m da sociedade civil, completa em 2018 seus 10 anos. A import\u00e2ncia de se realizar um evento como este \u00e9 o fato de\u2026","rel":"","context":"Post similar","block_context":{"text":"Post similar","link":""},"img":{"alt_text":"","src":"","width":0,"height":0},"classes":[]},{"id":2863,"url":"https:\/\/wp.ufpel.edu.br\/naaf\/eventos\/eventos-2018\/nuaad-na-fenadoce-de-pelotas-2018-07-junho\/","url_meta":{"origin":2832,"position":4},"title":"NUAAD na Fenadoce de Pelotas\/ 2018 &#8211; 07 Junho","author":"nuaad","date":"22\/03\/2022","format":false,"excerpt":"Evento anual recebeu estande do NUAAD UFPEL No dia 07 de junho, quinta-feira, O NUAAD (N\u00facleo de A\u00e7\u00f5es Afirmativas) compareceu a Fenadoce de Pelotas, evento com foco na gastronomia do doce e na tradi\u00e7\u00e3o doceira de Pelotas, que se realiza desde o ano de 1986 na cidade, organizado pela prefeitura\u2026","rel":"","context":"Post similar","block_context":{"text":"Post similar","link":""},"img":{"alt_text":"","src":"https:\/\/i0.wp.com\/wp.ufpel.edu.br\/naaf\/files\/2018\/06\/3b09937b-6f29-412f-989a-6fe5de36b5d2.jpeg?resize=350%2C200","width":350,"height":200,"srcset":"https:\/\/i0.wp.com\/wp.ufpel.edu.br\/naaf\/files\/2018\/06\/3b09937b-6f29-412f-989a-6fe5de36b5d2.jpeg?resize=350%2C200 1x, https:\/\/i0.wp.com\/wp.ufpel.edu.br\/naaf\/files\/2018\/06\/3b09937b-6f29-412f-989a-6fe5de36b5d2.jpeg?resize=525%2C300 1.5x, https:\/\/i0.wp.com\/wp.ufpel.edu.br\/naaf\/files\/2018\/06\/3b09937b-6f29-412f-989a-6fe5de36b5d2.jpeg?resize=700%2C400 2x"},"classes":[]},{"id":2878,"url":"https:\/\/wp.ufpel.edu.br\/naaf\/eventos\/eventos-2018\/semana-da-consciencia-negra-de-arroio-grande-edicao-maristela-correa-09-10-e-12-de-novembro-2018\/","url_meta":{"origin":2832,"position":5},"title":"Semana da Consci\u00eancia Negra de Arroio Grande &#8211; Edi\u00e7\u00e3o: MARISTELA CORR\u00caA- 09, 10 e 12 de Novembro, 2018.\u00a0","author":"nuaad","date":"22\/03\/2022","format":false,"excerpt":"Acad. Geiselaine Dias, Lourivaldo Jr. Isadora Caleiro, Marcela Lima e Servidor Damasio Rodrigues O munic\u00edpio de Arroio Grande recebeu a 1\u00aa \u00a0Semana da Consci\u00eancia Negra, no m\u00eas de Novembro, evento que abordou temas como \u00a0educa\u00e7\u00e3o, cultura, sa\u00fade e seguran\u00e7a da comunidade negra arroio-grandense. Foram realizadas palestras, apresenta\u00e7\u00f5es culturais, oficinas did\u00e1tico-pedag\u00f3gicas\u2026","rel":"","context":"Post similar","block_context":{"text":"Post similar","link":""},"img":{"alt_text":"","src":"","width":0,"height":0},"classes":[]}],"_links":{"self":[{"href":"https:\/\/wp.ufpel.edu.br\/naaf\/wp-json\/wp\/v2\/pages\/2832","targetHints":{"allow":["GET"]}}],"collection":[{"href":"https:\/\/wp.ufpel.edu.br\/naaf\/wp-json\/wp\/v2\/pages"}],"about":[{"href":"https:\/\/wp.ufpel.edu.br\/naaf\/wp-json\/wp\/v2\/types\/page"}],"author":[{"embeddable":true,"href":"https:\/\/wp.ufpel.edu.br\/naaf\/wp-json\/wp\/v2\/users\/1133"}],"replies":[{"embeddable":true,"href":"https:\/\/wp.ufpel.edu.br\/naaf\/wp-json\/wp\/v2\/comments?post=2832"}],"version-history":[{"count":1,"href":"https:\/\/wp.ufpel.edu.br\/naaf\/wp-json\/wp\/v2\/pages\/2832\/revisions"}],"predecessor-version":[{"id":2833,"href":"https:\/\/wp.ufpel.edu.br\/naaf\/wp-json\/wp\/v2\/pages\/2832\/revisions\/2833"}],"up":[{"embeddable":true,"href":"https:\/\/wp.ufpel.edu.br\/naaf\/wp-json\/wp\/v2\/pages\/2820"}],"wp:attachment":[{"href":"https:\/\/wp.ufpel.edu.br\/naaf\/wp-json\/wp\/v2\/media?parent=2832"}],"curies":[{"name":"wp","href":"https:\/\/api.w.org\/{rel}","templated":true}]}}