{"id":2827,"date":"2022-03-22T10:51:32","date_gmt":"2022-03-22T13:51:32","guid":{"rendered":"https:\/\/wp.ufpel.edu.br\/naaf\/?page_id=2827"},"modified":"2022-03-23T09:20:20","modified_gmt":"2022-03-23T12:20:20","slug":"palestra-de-acolhida-aos-alunos-cotistas-ufpel-26-de-abril-de-2017","status":"publish","type":"page","link":"https:\/\/wp.ufpel.edu.br\/naaf\/eventos\/eventos-2017\/palestra-de-acolhida-aos-alunos-cotistas-ufpel-26-de-abril-de-2017\/","title":{"rendered":"Palestra de Acolhida aos Alunos Cotistas &#8211; UFPEL &#8211; 26 de Abril de 2017"},"content":{"rendered":"<p><span style=\"color: #000000\">O NUAAD realizou no dia 26 de Abril de 2017 uma palestra de Acolhida aos Alunos Cotistas da UFpel ministrada por <strong>Frei David<\/strong> (Forma\u00e7\u00e3o Superior em Filosofia e Teologia- ITF) no Audit\u00f3rio do Centro de Artes. H\u00e1 mais de 20 anos, Frei David dedica-se a trabalhos populares, sobretudo na \u00e1rea da educa\u00e7\u00e3o para carentes e afrodescendentes, com participa\u00e7\u00e3o em Congressos, Semin\u00e1rios e Encontros em todo Brasil sobre esse tema.<\/span><br \/>\n<span style=\"color: #000000\">Atualmente tem se destacado como uma das principais figuras do cen\u00e1rio nacional no debate sobre Pol\u00edticas de A\u00e7\u00f5es Afirmativas para afrodescendentes nas Universidades P\u00fablicas. Destacou-se efetivamente na implanta\u00e7\u00e3o e solidifica\u00e7\u00e3o do sistema de Cotas na Universidade Estadual do Rio de Janeiro (RJ), o mesmo trabalho que trouxe para S\u00e3o Paulo e agora implanta nos estados de Minas Gerais e Esp\u00edrito Santo.<\/span><\/p>\n<p><span style=\"color: #000000\">Fonte:\u00a0<a style=\"color: #000000\" href=\"http:\/\/www.franciscanos.org.br\/sefras\/educafro\/quemsantos.html\" target=\"_blank\" rel=\"nofollow noopener noreferrer\">http:\/\/www.franciscanos.org.br\/sefras\/educafro\/quemsantos.html<\/a><\/span><\/p>\n<p><span style=\"color: #000000\"><strong>Fotos: <\/strong>fotos tiradas pela CCS Ufpel<\/span><\/p>\n<p><span style=\"color: #000000\"><strong><a style=\"color: #000000\" href=\"https:\/\/i0.wp.com\/wp.ufpel.edu.br\/naaf\/files\/2017\/09\/DSC_0565.jpg?ssl=1\"><img data-recalc-dims=\"1\" loading=\"lazy\" decoding=\"async\" data-attachment-id=\"224\" data-permalink=\"https:\/\/wp.ufpel.edu.br\/naaf\/eventos\/dsc_0565\/\" data-orig-file=\"https:\/\/i0.wp.com\/wp.ufpel.edu.br\/naaf\/files\/2017\/09\/DSC_0565.jpg?fit=1887%2C1080&amp;ssl=1\" data-orig-size=\"1887,1080\" data-comments-opened=\"0\" data-image-meta=\"{&quot;aperture&quot;:&quot;4.8&quot;,&quot;credit&quot;:&quot;&quot;,&quot;camera&quot;:&quot;NIKON D7000&quot;,&quot;caption&quot;:&quot;&quot;,&quot;created_timestamp&quot;:&quot;1493200058&quot;,&quot;copyright&quot;:&quot;&quot;,&quot;focal_length&quot;:&quot;45&quot;,&quot;iso&quot;:&quot;1600&quot;,&quot;shutter_speed&quot;:&quot;0.02&quot;,&quot;title&quot;:&quot;&quot;,&quot;orientation&quot;:&quot;1&quot;}\" data-image-title=\"DSC_0565\" data-image-description=\"\" data-image-caption=\"\" data-medium-file=\"https:\/\/i0.wp.com\/wp.ufpel.edu.br\/naaf\/files\/2017\/09\/DSC_0565.jpg?fit=400%2C229&amp;ssl=1\" data-large-file=\"https:\/\/i0.wp.com\/wp.ufpel.edu.br\/naaf\/files\/2017\/09\/DSC_0565.jpg?fit=750%2C429&amp;ssl=1\" class=\"alignnone wp-image-224\" src=\"https:\/\/i0.wp.com\/wp.ufpel.edu.br\/naaf\/files\/2017\/09\/DSC_0565.jpg?resize=214%2C123&#038;ssl=1\" alt=\"\" width=\"214\" height=\"123\" srcset=\"https:\/\/i0.wp.com\/wp.ufpel.edu.br\/naaf\/files\/2017\/09\/DSC_0565.jpg?resize=400%2C229&amp;ssl=1 400w, https:\/\/i0.wp.com\/wp.ufpel.edu.br\/naaf\/files\/2017\/09\/DSC_0565.jpg?resize=768%2C440&amp;ssl=1 768w, https:\/\/i0.wp.com\/wp.ufpel.edu.br\/naaf\/files\/2017\/09\/DSC_0565.jpg?resize=1024%2C586&amp;ssl=1 1024w, https:\/\/i0.wp.com\/wp.ufpel.edu.br\/naaf\/files\/2017\/09\/DSC_0565.jpg?w=1887&amp;ssl=1 1887w, https:\/\/i0.wp.com\/wp.ufpel.edu.br\/naaf\/files\/2017\/09\/DSC_0565.jpg?w=1500&amp;ssl=1 1500w\" sizes=\"auto, (max-width: 214px) 100vw, 214px\" \/><\/a>\u00a0 <a style=\"color: #000000\" href=\"https:\/\/i0.wp.com\/wp.ufpel.edu.br\/naaf\/files\/2017\/09\/DSC_0664.jpg?ssl=1\"><img data-recalc-dims=\"1\" loading=\"lazy\" decoding=\"async\" data-attachment-id=\"225\" data-permalink=\"https:\/\/wp.ufpel.edu.br\/naaf\/eventos\/dsc_0664\/\" data-orig-file=\"https:\/\/i0.wp.com\/wp.ufpel.edu.br\/naaf\/files\/2017\/09\/DSC_0664.jpg?fit=1631%2C1080&amp;ssl=1\" data-orig-size=\"1631,1080\" data-comments-opened=\"0\" data-image-meta=\"{&quot;aperture&quot;:&quot;7.1&quot;,&quot;credit&quot;:&quot;&quot;,&quot;camera&quot;:&quot;NIKON D7000&quot;,&quot;caption&quot;:&quot;&quot;,&quot;created_timestamp&quot;:&quot;1493201953&quot;,&quot;copyright&quot;:&quot;&quot;,&quot;focal_length&quot;:&quot;105&quot;,&quot;iso&quot;:&quot;5000&quot;,&quot;shutter_speed&quot;:&quot;0.025&quot;,&quot;title&quot;:&quot;&quot;,&quot;orientation&quot;:&quot;1&quot;}\" data-image-title=\"DSC_0664\" data-image-description=\"\" data-image-caption=\"\" data-medium-file=\"https:\/\/i0.wp.com\/wp.ufpel.edu.br\/naaf\/files\/2017\/09\/DSC_0664.jpg?fit=400%2C265&amp;ssl=1\" data-large-file=\"https:\/\/i0.wp.com\/wp.ufpel.edu.br\/naaf\/files\/2017\/09\/DSC_0664.jpg?fit=750%2C497&amp;ssl=1\" class=\"alignnone wp-image-225\" src=\"https:\/\/i0.wp.com\/wp.ufpel.edu.br\/naaf\/files\/2017\/09\/DSC_0664.jpg?resize=184%2C122&#038;ssl=1\" alt=\"\" width=\"184\" height=\"122\" srcset=\"https:\/\/i0.wp.com\/wp.ufpel.edu.br\/naaf\/files\/2017\/09\/DSC_0664.jpg?resize=400%2C265&amp;ssl=1 400w, https:\/\/i0.wp.com\/wp.ufpel.edu.br\/naaf\/files\/2017\/09\/DSC_0664.jpg?resize=768%2C509&amp;ssl=1 768w, https:\/\/i0.wp.com\/wp.ufpel.edu.br\/naaf\/files\/2017\/09\/DSC_0664.jpg?resize=1024%2C678&amp;ssl=1 1024w, https:\/\/i0.wp.com\/wp.ufpel.edu.br\/naaf\/files\/2017\/09\/DSC_0664.jpg?w=1631&amp;ssl=1 1631w, https:\/\/i0.wp.com\/wp.ufpel.edu.br\/naaf\/files\/2017\/09\/DSC_0664.jpg?w=1500&amp;ssl=1 1500w\" sizes=\"auto, (max-width: 184px) 100vw, 184px\" \/><\/a>\u00a0 \u00a0 <a style=\"color: #000000\" href=\"https:\/\/i0.wp.com\/wp.ufpel.edu.br\/naaf\/files\/2017\/09\/18118824_447464522258451_5429513311384385384_n.jpg?ssl=1\"><img data-recalc-dims=\"1\" loading=\"lazy\" decoding=\"async\" data-attachment-id=\"222\" data-permalink=\"https:\/\/wp.ufpel.edu.br\/naaf\/eventos\/18118824_447464522258451_5429513311384385384_n\/\" data-orig-file=\"https:\/\/i0.wp.com\/wp.ufpel.edu.br\/naaf\/files\/2017\/09\/18118824_447464522258451_5429513311384385384_n.jpg?fit=960%2C540&amp;ssl=1\" data-orig-size=\"960,540\" data-comments-opened=\"0\" data-image-meta=\"{&quot;aperture&quot;:&quot;0&quot;,&quot;credit&quot;:&quot;&quot;,&quot;camera&quot;:&quot;&quot;,&quot;caption&quot;:&quot;&quot;,&quot;created_timestamp&quot;:&quot;0&quot;,&quot;copyright&quot;:&quot;&quot;,&quot;focal_length&quot;:&quot;0&quot;,&quot;iso&quot;:&quot;0&quot;,&quot;shutter_speed&quot;:&quot;0&quot;,&quot;title&quot;:&quot;&quot;,&quot;orientation&quot;:&quot;0&quot;}\" data-image-title=\"18118824_447464522258451_5429513311384385384_n\" data-image-description=\"\" data-image-caption=\"\" data-medium-file=\"https:\/\/i0.wp.com\/wp.ufpel.edu.br\/naaf\/files\/2017\/09\/18118824_447464522258451_5429513311384385384_n.jpg?fit=400%2C225&amp;ssl=1\" data-large-file=\"https:\/\/i0.wp.com\/wp.ufpel.edu.br\/naaf\/files\/2017\/09\/18118824_447464522258451_5429513311384385384_n.jpg?fit=750%2C422&amp;ssl=1\" class=\"alignnone wp-image-222\" src=\"https:\/\/i0.wp.com\/wp.ufpel.edu.br\/naaf\/files\/2017\/09\/18118824_447464522258451_5429513311384385384_n.jpg?resize=219%2C123&#038;ssl=1\" alt=\"\" width=\"219\" height=\"123\" srcset=\"https:\/\/i0.wp.com\/wp.ufpel.edu.br\/naaf\/files\/2017\/09\/18118824_447464522258451_5429513311384385384_n.jpg?resize=400%2C225&amp;ssl=1 400w, https:\/\/i0.wp.com\/wp.ufpel.edu.br\/naaf\/files\/2017\/09\/18118824_447464522258451_5429513311384385384_n.jpg?resize=768%2C432&amp;ssl=1 768w, https:\/\/i0.wp.com\/wp.ufpel.edu.br\/naaf\/files\/2017\/09\/18118824_447464522258451_5429513311384385384_n.jpg?w=960&amp;ssl=1 960w\" sizes=\"auto, (max-width: 219px) 100vw, 219px\" \/><\/a><\/strong><\/span><\/p>\n<p><span style=\"color: #000000\"><strong><a style=\"color: #000000\" href=\"https:\/\/i0.wp.com\/wp.ufpel.edu.br\/naaf\/files\/2017\/09\/DSC_0721.jpg?ssl=1\"><img data-recalc-dims=\"1\" loading=\"lazy\" decoding=\"async\" data-attachment-id=\"226\" data-permalink=\"https:\/\/wp.ufpel.edu.br\/naaf\/eventos\/dsc_0721\/\" data-orig-file=\"https:\/\/i0.wp.com\/wp.ufpel.edu.br\/naaf\/files\/2017\/09\/DSC_0721.jpg?fit=1631%2C1080&amp;ssl=1\" data-orig-size=\"1631,1080\" data-comments-opened=\"0\" data-image-meta=\"{&quot;aperture&quot;:&quot;4.2&quot;,&quot;credit&quot;:&quot;&quot;,&quot;camera&quot;:&quot;NIKON D7000&quot;,&quot;caption&quot;:&quot;&quot;,&quot;created_timestamp&quot;:&quot;1493202704&quot;,&quot;copyright&quot;:&quot;&quot;,&quot;focal_length&quot;:&quot;34&quot;,&quot;iso&quot;:&quot;5000&quot;,&quot;shutter_speed&quot;:&quot;0.02&quot;,&quot;title&quot;:&quot;&quot;,&quot;orientation&quot;:&quot;1&quot;}\" data-image-title=\"DSC_0721\" data-image-description=\"\" data-image-caption=\"\" data-medium-file=\"https:\/\/i0.wp.com\/wp.ufpel.edu.br\/naaf\/files\/2017\/09\/DSC_0721.jpg?fit=400%2C265&amp;ssl=1\" data-large-file=\"https:\/\/i0.wp.com\/wp.ufpel.edu.br\/naaf\/files\/2017\/09\/DSC_0721.jpg?fit=750%2C497&amp;ssl=1\" class=\"alignnone wp-image-226\" src=\"https:\/\/i0.wp.com\/wp.ufpel.edu.br\/naaf\/files\/2017\/09\/DSC_0721.jpg?resize=185%2C122&#038;ssl=1\" alt=\"\" width=\"185\" height=\"122\" srcset=\"https:\/\/i0.wp.com\/wp.ufpel.edu.br\/naaf\/files\/2017\/09\/DSC_0721.jpg?resize=400%2C265&amp;ssl=1 400w, https:\/\/i0.wp.com\/wp.ufpel.edu.br\/naaf\/files\/2017\/09\/DSC_0721.jpg?resize=768%2C509&amp;ssl=1 768w, https:\/\/i0.wp.com\/wp.ufpel.edu.br\/naaf\/files\/2017\/09\/DSC_0721.jpg?resize=1024%2C678&amp;ssl=1 1024w, https:\/\/i0.wp.com\/wp.ufpel.edu.br\/naaf\/files\/2017\/09\/DSC_0721.jpg?w=1631&amp;ssl=1 1631w, https:\/\/i0.wp.com\/wp.ufpel.edu.br\/naaf\/files\/2017\/09\/DSC_0721.jpg?w=1500&amp;ssl=1 1500w\" sizes=\"auto, (max-width: 185px) 100vw, 185px\" \/><\/a>\u00a0 <a style=\"color: #000000\" href=\"https:\/\/i0.wp.com\/wp.ufpel.edu.br\/naaf\/files\/2017\/09\/18057780_447464445591792_7924281237323939930_n.jpg?ssl=1\"><img data-recalc-dims=\"1\" loading=\"lazy\" decoding=\"async\" data-attachment-id=\"221\" data-permalink=\"https:\/\/wp.ufpel.edu.br\/naaf\/eventos\/18057780_447464445591792_7924281237323939930_n\/\" data-orig-file=\"https:\/\/i0.wp.com\/wp.ufpel.edu.br\/naaf\/files\/2017\/09\/18057780_447464445591792_7924281237323939930_n.jpg?fit=960%2C540&amp;ssl=1\" data-orig-size=\"960,540\" data-comments-opened=\"0\" data-image-meta=\"{&quot;aperture&quot;:&quot;0&quot;,&quot;credit&quot;:&quot;&quot;,&quot;camera&quot;:&quot;&quot;,&quot;caption&quot;:&quot;&quot;,&quot;created_timestamp&quot;:&quot;0&quot;,&quot;copyright&quot;:&quot;&quot;,&quot;focal_length&quot;:&quot;0&quot;,&quot;iso&quot;:&quot;0&quot;,&quot;shutter_speed&quot;:&quot;0&quot;,&quot;title&quot;:&quot;&quot;,&quot;orientation&quot;:&quot;0&quot;}\" data-image-title=\"18057780_447464445591792_7924281237323939930_n\" data-image-description=\"\" data-image-caption=\"\" data-medium-file=\"https:\/\/i0.wp.com\/wp.ufpel.edu.br\/naaf\/files\/2017\/09\/18057780_447464445591792_7924281237323939930_n.jpg?fit=400%2C225&amp;ssl=1\" data-large-file=\"https:\/\/i0.wp.com\/wp.ufpel.edu.br\/naaf\/files\/2017\/09\/18057780_447464445591792_7924281237323939930_n.jpg?fit=750%2C422&amp;ssl=1\" class=\"alignnone wp-image-221\" src=\"https:\/\/i0.wp.com\/wp.ufpel.edu.br\/naaf\/files\/2017\/09\/18057780_447464445591792_7924281237323939930_n.jpg?resize=220%2C124&#038;ssl=1\" alt=\"\" width=\"220\" height=\"124\" srcset=\"https:\/\/i0.wp.com\/wp.ufpel.edu.br\/naaf\/files\/2017\/09\/18057780_447464445591792_7924281237323939930_n.jpg?resize=400%2C225&amp;ssl=1 400w, https:\/\/i0.wp.com\/wp.ufpel.edu.br\/naaf\/files\/2017\/09\/18057780_447464445591792_7924281237323939930_n.jpg?resize=768%2C432&amp;ssl=1 768w, https:\/\/i0.wp.com\/wp.ufpel.edu.br\/naaf\/files\/2017\/09\/18057780_447464445591792_7924281237323939930_n.jpg?w=960&amp;ssl=1 960w\" sizes=\"auto, (max-width: 220px) 100vw, 220px\" \/><\/a><\/strong><\/span><\/p>\n<p><span style=\"color: #000000\"><strong><a style=\"color: #000000\" href=\"https:\/\/i0.wp.com\/wp.ufpel.edu.br\/naaf\/files\/2017\/09\/david.jpg?ssl=1\"><img data-recalc-dims=\"1\" loading=\"lazy\" decoding=\"async\" data-attachment-id=\"223\" data-permalink=\"https:\/\/wp.ufpel.edu.br\/naaf\/eventos\/david\/\" data-orig-file=\"https:\/\/i0.wp.com\/wp.ufpel.edu.br\/naaf\/files\/2017\/09\/david.jpg?fit=2048%2C1305&amp;ssl=1\" data-orig-size=\"2048,1305\" data-comments-opened=\"0\" data-image-meta=\"{&quot;aperture&quot;:&quot;0&quot;,&quot;credit&quot;:&quot;&quot;,&quot;camera&quot;:&quot;&quot;,&quot;caption&quot;:&quot;&quot;,&quot;created_timestamp&quot;:&quot;0&quot;,&quot;copyright&quot;:&quot;&quot;,&quot;focal_length&quot;:&quot;0&quot;,&quot;iso&quot;:&quot;0&quot;,&quot;shutter_speed&quot;:&quot;0&quot;,&quot;title&quot;:&quot;&quot;,&quot;orientation&quot;:&quot;0&quot;}\" data-image-title=\"david\" data-image-description=\"\" data-image-caption=\"\" data-medium-file=\"https:\/\/i0.wp.com\/wp.ufpel.edu.br\/naaf\/files\/2017\/09\/david.jpg?fit=400%2C255&amp;ssl=1\" data-large-file=\"https:\/\/i0.wp.com\/wp.ufpel.edu.br\/naaf\/files\/2017\/09\/david.jpg?fit=750%2C478&amp;ssl=1\" class=\"wp-image-223 aligncenter\" src=\"https:\/\/i0.wp.com\/wp.ufpel.edu.br\/naaf\/files\/2017\/09\/david.jpg?resize=502%2C320&#038;ssl=1\" alt=\"\" width=\"502\" height=\"320\" srcset=\"https:\/\/i0.wp.com\/wp.ufpel.edu.br\/naaf\/files\/2017\/09\/david.jpg?resize=400%2C255&amp;ssl=1 400w, https:\/\/i0.wp.com\/wp.ufpel.edu.br\/naaf\/files\/2017\/09\/david.jpg?resize=768%2C489&amp;ssl=1 768w, https:\/\/i0.wp.com\/wp.ufpel.edu.br\/naaf\/files\/2017\/09\/david.jpg?resize=1024%2C653&amp;ssl=1 1024w, https:\/\/i0.wp.com\/wp.ufpel.edu.br\/naaf\/files\/2017\/09\/david.jpg?w=2048&amp;ssl=1 2048w, https:\/\/i0.wp.com\/wp.ufpel.edu.br\/naaf\/files\/2017\/09\/david.jpg?w=1500&amp;ssl=1 1500w\" sizes=\"auto, (max-width: 502px) 100vw, 502px\" \/><\/a><\/strong><\/span><\/p>\n","protected":false},"excerpt":{"rendered":"<p>O NUAAD realizou no dia 26 de Abril de 2017 uma palestra de Acolhida aos Alunos Cotistas da UFpel ministrada por Frei David (Forma\u00e7\u00e3o Superior em Filosofia e Teologia- ITF) no Audit\u00f3rio do Centro de Artes. H\u00e1 mais de 20 anos, Frei David dedica-se a trabalhos populares, sobretudo na \u00e1rea da educa\u00e7\u00e3o para carentes e &hellip; <\/p>\n<p><a class=\"more-link btn\" href=\"https:\/\/wp.ufpel.edu.br\/naaf\/eventos\/eventos-2017\/palestra-de-acolhida-aos-alunos-cotistas-ufpel-26-de-abril-de-2017\/\">Continue lendo<\/a><\/p>\n","protected":false},"author":1133,"featured_media":0,"parent":2820,"menu_order":5,"comment_status":"closed","ping_status":"closed","template":"","meta":{"jetpack_post_was_ever_published":false,"footnotes":""},"class_list":["post-2827","page","type-page","status-publish","hentry","nodate","item-wrap"],"jetpack_sharing_enabled":true,"jetpack_shortlink":"https:\/\/wp.me\/P9uOP6-JB","jetpack_likes_enabled":true,"jetpack-related-posts":[{"id":2861,"url":"https:\/\/wp.ufpel.edu.br\/naaf\/eventos\/eventos-2018\/nuaad-na-radiocom-a-importancia-das-cotas-como-instrumento-de-reparacao-social-na-historica-2018-26-de-maio\/","url_meta":{"origin":2827,"position":0},"title":"NUAAD na R\u00e1diocom, a Import\u00e2ncia das Cotas como Instrumento de Repara\u00e7\u00e3o Social na Hist\u00f3rica\/ 2018 &#8211; 26 de Maio","author":"nuaad","date":"22\/03\/2022","format":false,"excerpt":"O programa apresentado por Felipe Souza, no dia 26\/05, na R\u00e1dioCom , contou com a significativa participa\u00e7\u00e3o das entrevistadas Beatriz Helena Mendes da Silva, Bacharel em Antropologia pela UFPEL e Rosemar Gomes Lemos, Professora Associada da UFPEL, Chefe do N\u00facleo de A\u00e7\u00f5es Afirmativas e Diversidade (NUAAD) ambas contribu\u00edram com as\u2026","rel":"","context":"Post similar","block_context":{"text":"Post similar","link":""},"img":{"alt_text":"","src":"https:\/\/i0.wp.com\/wp.ufpel.edu.br\/naaf\/files\/2018\/06\/32242c2b-6d13-4b62-a03a-cad70444a8b2.jpeg?resize=350%2C200","width":350,"height":200,"srcset":"https:\/\/i0.wp.com\/wp.ufpel.edu.br\/naaf\/files\/2018\/06\/32242c2b-6d13-4b62-a03a-cad70444a8b2.jpeg?resize=350%2C200 1x, https:\/\/i0.wp.com\/wp.ufpel.edu.br\/naaf\/files\/2018\/06\/32242c2b-6d13-4b62-a03a-cad70444a8b2.jpeg?resize=525%2C300 1.5x, https:\/\/i0.wp.com\/wp.ufpel.edu.br\/naaf\/files\/2018\/06\/32242c2b-6d13-4b62-a03a-cad70444a8b2.jpeg?resize=700%2C400 2x"},"classes":[]},{"id":2830,"url":"https:\/\/wp.ufpel.edu.br\/naaf\/eventos\/eventos-2017\/palestra-a-insercao-do-negro-na-engenharia-e-no-mercado-de-trabalho-15-de-maio-de-2017\/","url_meta":{"origin":2827,"position":1},"title":"Palestra: A Inser\u00e7\u00e3o do Negro na Engenharia e no Mercado de Trabalho &#8211; 15 de Maio de 2017","author":"nuaad","date":"22\/03\/2022","format":false,"excerpt":"O Grupo de Estudo do CENG: Exatas Diversidades Afro Ind\u00edgena Brasileiras - ProEDAI, realizou no dia 15 de Maio a palestra: A Inser\u00e7\u00e3o do Negro na Engenharia e no Mercado de Trabalho, o\u00a0palestrante do evento foi o professor Roberlaine Ribeiro Jorge, Diretor do Campus Alegrete da UNIPAMPA. Este evento faz\u2026","rel":"","context":"Post similar","block_context":{"text":"Post similar","link":""},"img":{"alt_text":"","src":"https:\/\/i0.wp.com\/wp.ufpel.edu.br\/naaf\/files\/2017\/09\/18451362_1691632694188204_6419659562097589787_o-400x242.jpg?resize=350%2C200&ssl=1","width":350,"height":200},"classes":[]},{"id":2844,"url":"https:\/\/wp.ufpel.edu.br\/naaf\/eventos\/eventos-2018\/curso-de-capacitacao-promovido-pelo-nuaad-para-comissao-de-verificacao-de-alunos-e-servidores-ingressantes-na-ufpel-via-cotas-raciais\/","url_meta":{"origin":2827,"position":2},"title":"Curso de Capacita\u00e7\u00e3o promovido pelo NUAAD, para Comiss\u00e3o de Verifica\u00e7\u00e3o de alunos e servidores ingressantes na UFPel via Cotas Raciais.\u00a025 e 26 de Janeiro de 2018 \u00a0\u00a0","author":"nuaad","date":"22\/03\/2022","format":false,"excerpt":"Acad\u00eamica Geiselaine Dias e Servidor Damasio Duval \u00a0\u00a0\u00a0\u00a0\u00a0\u00a0\u00a0\u00a0\u00a0\u00a0\u00a0\u00a0\u00a0\u00a0\u00a0\u00a0\u00a0\u00a0\u00a0\u00a0\u00a0\u00a0\u00a0\u00a0\u00a0\u00a0\u00a0\u00a0\u00a0\u00a0\u00a0\u00a0\u00a0\u00a0\u00a0\u00a0\u00a0\u00a0\u00a0\u00a0\u00a0 \u00a0 \u00a0 \u00a0 \u00a0 \u00a0 \u00a0 \u00a0 \u00a0 \u00a0 \u00a0\u00a0 O N\u00facleo de A\u00e7\u00f5es Afirmativas e Diversidade da UFPel, realizou, nos dias 25 e 26 de janeiro, o Curso de Capacita\u00e7\u00e3o para Comiss\u00f5es de Heteroidentifica\u00e7\u00e3o, no pr\u00e9dio Lyceu Rio-grandense - \u00a0Sala do\u2026","rel":"","context":"Post similar","block_context":{"text":"Post similar","link":""},"img":{"alt_text":"","src":"","width":0,"height":0},"classes":[]},{"id":2158,"url":"https:\/\/wp.ufpel.edu.br\/naaf\/politicas\/pos-graduacao-2\/estudantes-cotistas-na-pos-graduacao-em-construcao\/","url_meta":{"origin":2827,"position":3},"title":"Estudantes cotistas na P\u00f3s-Gradua\u00e7\u00e3o (Em constru\u00e7\u00e3o)","author":"naaf","date":"17\/07\/2020","format":false,"excerpt":"O sistema de cotas \u00e9tnico-raciais na P\u00f3s-Gradua\u00e7\u00e3o configura a quest\u00e3o das a\u00e7\u00f5es afirmativas como um processo amplo dentro da UFPel, visando atender a demanda criada pelas cotas na gradua\u00e7\u00e3o e promover a democratiza\u00e7\u00e3o e a equidade das oportunidades de acesso \u00e0 educa\u00e7\u00e3o. Entende-se que todos os Programas de P\u00f3s-Gradua\u00e7\u00e3o da\u2026","rel":"","context":"Post similar","block_context":{"text":"Post similar","link":""},"img":{"alt_text":"","src":"","width":0,"height":0},"classes":[]},{"id":245,"url":"https:\/\/wp.ufpel.edu.br\/naaf\/politicas\/pos-graduacao-2\/","url_meta":{"origin":2827,"position":4},"title":"P\u00f3s-Gradua\u00e7\u00e3o","author":"naaf","date":"27\/10\/2017","format":false,"excerpt":"No primeiro semestre de 2017, a UFPel tornou-se uma das primeiras Universidades Federais do pa\u00eds a aprovar uma pol\u00edtica de cotas \u00e9tnico-raciais para a P\u00f3s-Gradua\u00e7\u00e3o. A Resolu\u00e7\u00e3o n\u00ba 05\/2017, do Conselho Universit\u00e1rio (CONSUN) da UFPel, reserva 25% das vagas nos Programas de P\u00f3s-Gradua\u00e7\u00e3o stricto sensu da institui\u00e7\u00e3o para estudantes negros,\u2026","rel":"","context":"Post similar","block_context":{"text":"Post similar","link":""},"img":{"alt_text":"","src":"","width":0,"height":0},"classes":[]},{"id":2891,"url":"https:\/\/wp.ufpel.edu.br\/naaf\/eventos\/eventos-2017\/reuniao-com-frei-david-25-de-abril-de-2017-2\/","url_meta":{"origin":2827,"position":5},"title":"Reuni\u00e3o com Frei David &#8211; 25 de Abril de 2017","author":"nuaad","date":"23\/03\/2022","format":false,"excerpt":"O NUAAD realizou\u00a0\u00a0no dia 25 de abril de 2017 uma reuni\u00e3o conduzida por\u00a0Frei Davi (Forma\u00e7\u00e3o Superior em Filosofia e Teologia- ITF) no pr\u00e9dio da antiga AABB. As pautas discutidas foram: QUILOMBOLAS DESAFIOS PARA OTIMIZAR O ESTUDO NA UNIVERSIDADE; QUILOMBOLA E O SUCESSO P\u00d3S UNIVERSIDADE; QUILOMBOLA: A MISS\u00c3O DE AMPLIAR O\u2026","rel":"","context":"Post similar","block_context":{"text":"Post similar","link":""},"img":{"alt_text":"","src":"https:\/\/i0.wp.com\/wp.ufpel.edu.br\/naaf\/files\/2017\/09\/DSC_0480-400x265.jpg?resize=350%2C200&ssl=1","width":350,"height":200},"classes":[]}],"_links":{"self":[{"href":"https:\/\/wp.ufpel.edu.br\/naaf\/wp-json\/wp\/v2\/pages\/2827","targetHints":{"allow":["GET"]}}],"collection":[{"href":"https:\/\/wp.ufpel.edu.br\/naaf\/wp-json\/wp\/v2\/pages"}],"about":[{"href":"https:\/\/wp.ufpel.edu.br\/naaf\/wp-json\/wp\/v2\/types\/page"}],"author":[{"embeddable":true,"href":"https:\/\/wp.ufpel.edu.br\/naaf\/wp-json\/wp\/v2\/users\/1133"}],"replies":[{"embeddable":true,"href":"https:\/\/wp.ufpel.edu.br\/naaf\/wp-json\/wp\/v2\/comments?post=2827"}],"version-history":[{"count":1,"href":"https:\/\/wp.ufpel.edu.br\/naaf\/wp-json\/wp\/v2\/pages\/2827\/revisions"}],"predecessor-version":[{"id":2829,"href":"https:\/\/wp.ufpel.edu.br\/naaf\/wp-json\/wp\/v2\/pages\/2827\/revisions\/2829"}],"up":[{"embeddable":true,"href":"https:\/\/wp.ufpel.edu.br\/naaf\/wp-json\/wp\/v2\/pages\/2820"}],"wp:attachment":[{"href":"https:\/\/wp.ufpel.edu.br\/naaf\/wp-json\/wp\/v2\/media?parent=2827"}],"curies":[{"name":"wp","href":"https:\/\/api.w.org\/{rel}","templated":true}]}}