{"id":2820,"date":"2022-03-22T10:34:04","date_gmt":"2022-03-22T13:34:04","guid":{"rendered":"https:\/\/wp.ufpel.edu.br\/naaf\/?page_id=2820"},"modified":"2022-04-07T10:22:44","modified_gmt":"2022-04-07T13:22:44","slug":"eventos-2017","status":"publish","type":"page","link":"https:\/\/wp.ufpel.edu.br\/naaf\/eventos\/eventos-2017\/","title":{"rendered":"Eventos 2017"},"content":{"rendered":"","protected":false},"excerpt":{"rendered":"","protected":false},"author":1133,"featured_media":0,"parent":70,"menu_order":4,"comment_status":"closed","ping_status":"closed","template":"","meta":{"jetpack_post_was_ever_published":false,"footnotes":""},"class_list":["post-2820","page","type-page","status-publish","hentry","nodate","item-wrap"],"jetpack_sharing_enabled":true,"jetpack_shortlink":"https:\/\/wp.me\/P9uOP6-Ju","jetpack_likes_enabled":true,"jetpack-related-posts":[{"id":2838,"url":"https:\/\/wp.ufpel.edu.br\/naaf\/eventos\/eventos-2017\/jornada-das-humanidades-2017-24-de-outubro-de-2017\/","url_meta":{"origin":2820,"position":0},"title":"Jornada das Humanidades 2017 &#8211; 24 de Outubro de 2017","author":"nuaad","date":"22\/03\/2022","format":false,"excerpt":"A professora da UFPel Dra.\u00a0Rosemar Lemos, representando o NUAAD, foi convidada para participar do Semin\u00e1rio de Humanidades organizado pelo NEABI do Instituto Federal de Educa\u00e7\u00e3o Tecnol\u00f3gica do Rio Grande do Sul - IFRS - Campus Canoas no dia 24 de outubro de 2017, onde ministrou a palestra \"Pol\u00edticas de A\u00e7\u00f5es\u2026","rel":"","context":"Post similar","block_context":{"text":"Post similar","link":""},"img":{"alt_text":"","src":"https:\/\/i0.wp.com\/wp.ufpel.edu.br\/naaf\/files\/2017\/09\/22769920_527563567581879_2242776321985958457_o-400x225.jpg?resize=350%2C200&ssl=1","width":350,"height":200},"classes":[]},{"id":2891,"url":"https:\/\/wp.ufpel.edu.br\/naaf\/eventos\/eventos-2017\/reuniao-com-frei-david-25-de-abril-de-2017-2\/","url_meta":{"origin":2820,"position":1},"title":"Reuni\u00e3o com Frei David &#8211; 25 de Abril de 2017","author":"nuaad","date":"23\/03\/2022","format":false,"excerpt":"O NUAAD realizou\u00a0\u00a0no dia 25 de abril de 2017 uma reuni\u00e3o conduzida por\u00a0Frei Davi (Forma\u00e7\u00e3o Superior em Filosofia e Teologia- ITF) no pr\u00e9dio da antiga AABB. As pautas discutidas foram: QUILOMBOLAS DESAFIOS PARA OTIMIZAR O ESTUDO NA UNIVERSIDADE; QUILOMBOLA E O SUCESSO P\u00d3S UNIVERSIDADE; QUILOMBOLA: A MISS\u00c3O DE AMPLIAR O\u2026","rel":"","context":"Post similar","block_context":{"text":"Post similar","link":""},"img":{"alt_text":"","src":"https:\/\/i0.wp.com\/wp.ufpel.edu.br\/naaf\/files\/2017\/09\/DSC_0480-400x265.jpg?resize=350%2C200&ssl=1","width":350,"height":200},"classes":[]},{"id":2823,"url":"https:\/\/wp.ufpel.edu.br\/naaf\/eventos\/eventos-2017\/palestra-preconceito-racial-e-igualdade-juridica-no-brasil-21-de-marco-de-2017\/","url_meta":{"origin":2820,"position":2},"title":"Palestra: Preconceito Racial e Igualdade Jur\u00eddica no Brasil &#8211; 21 de Mar\u00e7o de 2017","author":"nuaad","date":"22\/03\/2022","format":false,"excerpt":"O NUAAD realizou no dia 21 de Mar\u00e7o a palestra: Preconceito Racial e Igualdade Jur\u00eddica no Brasil, ministrada por Eunice Aparecida de Jesus Prudente (USP) e Marielda Barcellos Medeiros (Ativista do Movimento Negro e Mestre em Educa\u00e7\u00e3o). O evento ocorreu no Sal\u00e3o de Atos da Faculdade Federal de Direito de\u2026","rel":"","context":"Post similar","block_context":{"text":"Post similar","link":""},"img":{"alt_text":"","src":"https:\/\/i0.wp.com\/wp.ufpel.edu.br\/naaf\/files\/2017\/09\/17434673_428778540793716_5764155037675212311_o-400x266.jpg?resize=350%2C200&ssl=1","width":350,"height":200},"classes":[]},{"id":2819,"url":"https:\/\/wp.ufpel.edu.br\/naaf\/eventos\/eventos-2017\/seminario-as-cotas-raciais-e-seus-sujeitos-de-direito-11-marco-de-2017\/","url_meta":{"origin":2820,"position":3},"title":"Semin\u00e1rio &#8220;As Cotas Raciais e Seus Sujeitos de Direito&#8221; &#8211; 11 Mar\u00e7o de 2017","author":"nuaad","date":"22\/03\/2022","format":false,"excerpt":"Semin\u00e1rio \"As Cotas Raciais e Seus Sujeitos de Direito\" - 11 Mar\u00e7o de 2017 Neste evento foi discutido o conceito jur\u00eddico de \"pardo\" e o alcance jur\u00eddico da autodeclara\u00e7\u00e3o para cotas raciais al\u00e9m do m\u00e9todo utilizado na Hetoroidentifica\u00e7\u00e3o para banir as fraudes e a \"afro conveni\u00eancia\". Por\u00a0Gleidson Renato Martins Dias,\u2026","rel":"","context":"Post similar","block_context":{"text":"Post similar","link":""},"img":{"alt_text":"","src":"https:\/\/i0.wp.com\/wp.ufpel.edu.br\/naaf\/files\/2017\/09\/17192325_421772294827674_2671318346559121243_o-400x255.jpg?resize=350%2C200&ssl=1","width":350,"height":200},"classes":[]},{"id":2830,"url":"https:\/\/wp.ufpel.edu.br\/naaf\/eventos\/eventos-2017\/palestra-a-insercao-do-negro-na-engenharia-e-no-mercado-de-trabalho-15-de-maio-de-2017\/","url_meta":{"origin":2820,"position":4},"title":"Palestra: A Inser\u00e7\u00e3o do Negro na Engenharia e no Mercado de Trabalho &#8211; 15 de Maio de 2017","author":"nuaad","date":"22\/03\/2022","format":false,"excerpt":"O Grupo de Estudo do CENG: Exatas Diversidades Afro Ind\u00edgena Brasileiras - ProEDAI, realizou no dia 15 de Maio a palestra: A Inser\u00e7\u00e3o do Negro na Engenharia e no Mercado de Trabalho, o\u00a0palestrante do evento foi o professor Roberlaine Ribeiro Jorge, Diretor do Campus Alegrete da UNIPAMPA. Este evento faz\u2026","rel":"","context":"Post similar","block_context":{"text":"Post similar","link":""},"img":{"alt_text":"","src":"https:\/\/i0.wp.com\/wp.ufpel.edu.br\/naaf\/files\/2017\/09\/18451362_1691632694188204_6419659562097589787_o-400x242.jpg?resize=350%2C200&ssl=1","width":350,"height":200},"classes":[]},{"id":2834,"url":"https:\/\/wp.ufpel.edu.br\/naaf\/eventos\/eventos-2017\/acoes-afirmativas-por-que-para-quem-25-de-agosto-de-2017\/","url_meta":{"origin":2820,"position":5},"title":"&#8220;A\u00e7\u00f5es Afirmativas: Por qu\u00ea? Para Quem?&#8221; &#8211; 25 de Agosto de 2017","author":"nuaad","date":"22\/03\/2022","format":false,"excerpt":"A Professora Dra.\u00a0Rosemar Lemos\u00a0no dia 25 de agosto palestrou sobre o tema: \"A\u00e7\u00f5es Afirmativas: Por qu\u00ea? Para Quem?\" para mais de 200 pessoas discorrendo sobre as a\u00e7\u00f5es que a UFPel vem realizando enquanto NUAAD. Al\u00e9m disso, na mesma data foi desenvolvido o Projeto de Extens\u00e3o \"Viagem ao Futuro\" sob o\u2026","rel":"","context":"Post similar","block_context":{"text":"Post similar","link":""},"img":{"alt_text":"","src":"https:\/\/i0.wp.com\/wp.ufpel.edu.br\/naaf\/files\/2017\/09\/21054972_504172136587689_389193303700099899_o-400x256.jpg?resize=350%2C200&ssl=1","width":350,"height":200},"classes":[]}],"_links":{"self":[{"href":"https:\/\/wp.ufpel.edu.br\/naaf\/wp-json\/wp\/v2\/pages\/2820","targetHints":{"allow":["GET"]}}],"collection":[{"href":"https:\/\/wp.ufpel.edu.br\/naaf\/wp-json\/wp\/v2\/pages"}],"about":[{"href":"https:\/\/wp.ufpel.edu.br\/naaf\/wp-json\/wp\/v2\/types\/page"}],"author":[{"embeddable":true,"href":"https:\/\/wp.ufpel.edu.br\/naaf\/wp-json\/wp\/v2\/users\/1133"}],"replies":[{"embeddable":true,"href":"https:\/\/wp.ufpel.edu.br\/naaf\/wp-json\/wp\/v2\/comments?post=2820"}],"version-history":[{"count":1,"href":"https:\/\/wp.ufpel.edu.br\/naaf\/wp-json\/wp\/v2\/pages\/2820\/revisions"}],"predecessor-version":[{"id":2821,"href":"https:\/\/wp.ufpel.edu.br\/naaf\/wp-json\/wp\/v2\/pages\/2820\/revisions\/2821"}],"up":[{"embeddable":true,"href":"https:\/\/wp.ufpel.edu.br\/naaf\/wp-json\/wp\/v2\/pages\/70"}],"wp:attachment":[{"href":"https:\/\/wp.ufpel.edu.br\/naaf\/wp-json\/wp\/v2\/media?parent=2820"}],"curies":[{"name":"wp","href":"https:\/\/api.w.org\/{rel}","templated":true}]}}