{"id":2819,"date":"2022-03-22T10:35:41","date_gmt":"2022-03-22T13:35:41","guid":{"rendered":"https:\/\/wp.ufpel.edu.br\/naaf\/?page_id=2819"},"modified":"2022-03-23T09:21:00","modified_gmt":"2022-03-23T12:21:00","slug":"seminario-as-cotas-raciais-e-seus-sujeitos-de-direito-11-marco-de-2017","status":"publish","type":"page","link":"https:\/\/wp.ufpel.edu.br\/naaf\/eventos\/eventos-2017\/seminario-as-cotas-raciais-e-seus-sujeitos-de-direito-11-marco-de-2017\/","title":{"rendered":"Semin\u00e1rio &#8220;As Cotas Raciais e Seus Sujeitos de Direito&#8221; &#8211; 11 Mar\u00e7o de 2017"},"content":{"rendered":"<h1><span style=\"color: #000000\">Semin\u00e1rio &#8220;As Cotas Raciais e Seus Sujeitos de Direito&#8221; &#8211; 11 Mar\u00e7o de 2017<\/span><\/h1>\n<p style=\"text-align: justify\"><span style=\"color: #000000\">Neste evento foi discutido o conceito jur\u00eddico de &#8220;pardo&#8221; e o alcance jur\u00eddico da autodeclara\u00e7\u00e3o para cotas raciais al\u00e9m do m\u00e9todo utilizado na Hetoroidentifica\u00e7\u00e3o para banir as fraudes e a &#8220;afro conveni\u00eancia&#8221;. Por\u00a0<strong><a style=\"color: #000000\" href=\"https:\/\/www.escavador.com\/sobre\/6508002\/gleidson-renato-martins-dias#academico\">Gleidson Renato Martins Dias<\/a><\/strong>, Especialista em Direito P\u00fablico &#8211; IDC e Bacharel em Ci\u00eancias Jur\u00eddicas e Sociais &#8211; PUCRS. O evento ocorreu no dia 11 de Mar\u00e7o na Secretaria de Cultura de Pelotas, onde o Acad\u00eamico Mailson Moraes Santiago abriu o evento com uma apresenta\u00e7\u00e3o musical.<\/span><\/p>\n<p><span style=\"color: #000000\"><a style=\"color: #000000\" href=\"https:\/\/i0.wp.com\/wp.ufpel.edu.br\/naaf\/files\/2017\/09\/17192325_421772294827674_2671318346559121243_o.jpg?ssl=1\"><img data-recalc-dims=\"1\" loading=\"lazy\" decoding=\"async\" data-attachment-id=\"197\" data-permalink=\"https:\/\/wp.ufpel.edu.br\/naaf\/eventos\/17192325_421772294827674_2671318346559121243_o\/\" data-orig-file=\"https:\/\/i0.wp.com\/wp.ufpel.edu.br\/naaf\/files\/2017\/09\/17192325_421772294827674_2671318346559121243_o.jpg?fit=2048%2C1305&amp;ssl=1\" data-orig-size=\"2048,1305\" data-comments-opened=\"0\" data-image-meta=\"{&quot;aperture&quot;:&quot;0&quot;,&quot;credit&quot;:&quot;&quot;,&quot;camera&quot;:&quot;&quot;,&quot;caption&quot;:&quot;&quot;,&quot;created_timestamp&quot;:&quot;0&quot;,&quot;copyright&quot;:&quot;&quot;,&quot;focal_length&quot;:&quot;0&quot;,&quot;iso&quot;:&quot;0&quot;,&quot;shutter_speed&quot;:&quot;0&quot;,&quot;title&quot;:&quot;&quot;,&quot;orientation&quot;:&quot;0&quot;}\" data-image-title=\"17192325_421772294827674_2671318346559121243_o\" data-image-description=\"\" data-image-caption=\"\" data-medium-file=\"https:\/\/i0.wp.com\/wp.ufpel.edu.br\/naaf\/files\/2017\/09\/17192325_421772294827674_2671318346559121243_o.jpg?fit=400%2C255&amp;ssl=1\" data-large-file=\"https:\/\/i0.wp.com\/wp.ufpel.edu.br\/naaf\/files\/2017\/09\/17192325_421772294827674_2671318346559121243_o.jpg?fit=750%2C478&amp;ssl=1\" class=\"wp-image-197\" src=\"https:\/\/i0.wp.com\/wp.ufpel.edu.br\/naaf\/files\/2017\/09\/17192325_421772294827674_2671318346559121243_o.jpg?resize=179%2C114&#038;ssl=1\" alt=\"\" width=\"179\" height=\"114\" srcset=\"https:\/\/i0.wp.com\/wp.ufpel.edu.br\/naaf\/files\/2017\/09\/17192325_421772294827674_2671318346559121243_o.jpg?resize=400%2C255&amp;ssl=1 400w, https:\/\/i0.wp.com\/wp.ufpel.edu.br\/naaf\/files\/2017\/09\/17192325_421772294827674_2671318346559121243_o.jpg?resize=768%2C489&amp;ssl=1 768w, https:\/\/i0.wp.com\/wp.ufpel.edu.br\/naaf\/files\/2017\/09\/17192325_421772294827674_2671318346559121243_o.jpg?resize=1024%2C653&amp;ssl=1 1024w, https:\/\/i0.wp.com\/wp.ufpel.edu.br\/naaf\/files\/2017\/09\/17192325_421772294827674_2671318346559121243_o.jpg?w=2048&amp;ssl=1 2048w, https:\/\/i0.wp.com\/wp.ufpel.edu.br\/naaf\/files\/2017\/09\/17192325_421772294827674_2671318346559121243_o.jpg?w=1500&amp;ssl=1 1500w\" sizes=\"auto, (max-width: 179px) 100vw, 179px\" \/>\u00a0 <\/a>\u00a0 <a style=\"color: #000000\" href=\"https:\/\/i0.wp.com\/wp.ufpel.edu.br\/naaf\/files\/2017\/09\/17309910_423652041306366_7230780157771992285_o.jpg?ssl=1\"><img data-recalc-dims=\"1\" loading=\"lazy\" decoding=\"async\" data-attachment-id=\"202\" data-permalink=\"https:\/\/wp.ufpel.edu.br\/naaf\/eventos\/17309910_423652041306366_7230780157771992285_o\/\" data-orig-file=\"https:\/\/i0.wp.com\/wp.ufpel.edu.br\/naaf\/files\/2017\/09\/17309910_423652041306366_7230780157771992285_o.jpg?fit=1000%2C666&amp;ssl=1\" data-orig-size=\"1000,666\" data-comments-opened=\"0\" data-image-meta=\"{&quot;aperture&quot;:&quot;0&quot;,&quot;credit&quot;:&quot;&quot;,&quot;camera&quot;:&quot;&quot;,&quot;caption&quot;:&quot;&quot;,&quot;created_timestamp&quot;:&quot;0&quot;,&quot;copyright&quot;:&quot;&quot;,&quot;focal_length&quot;:&quot;0&quot;,&quot;iso&quot;:&quot;0&quot;,&quot;shutter_speed&quot;:&quot;0&quot;,&quot;title&quot;:&quot;&quot;,&quot;orientation&quot;:&quot;0&quot;}\" data-image-title=\"17309910_423652041306366_7230780157771992285_o\" data-image-description=\"\" data-image-caption=\"\" data-medium-file=\"https:\/\/i0.wp.com\/wp.ufpel.edu.br\/naaf\/files\/2017\/09\/17309910_423652041306366_7230780157771992285_o.jpg?fit=400%2C266&amp;ssl=1\" data-large-file=\"https:\/\/i0.wp.com\/wp.ufpel.edu.br\/naaf\/files\/2017\/09\/17309910_423652041306366_7230780157771992285_o.jpg?fit=750%2C500&amp;ssl=1\" class=\"alignnone wp-image-202\" src=\"https:\/\/i0.wp.com\/wp.ufpel.edu.br\/naaf\/files\/2017\/09\/17309910_423652041306366_7230780157771992285_o.jpg?resize=184%2C122&#038;ssl=1\" alt=\"\" width=\"184\" height=\"122\" srcset=\"https:\/\/i0.wp.com\/wp.ufpel.edu.br\/naaf\/files\/2017\/09\/17309910_423652041306366_7230780157771992285_o.jpg?resize=400%2C266&amp;ssl=1 400w, https:\/\/i0.wp.com\/wp.ufpel.edu.br\/naaf\/files\/2017\/09\/17309910_423652041306366_7230780157771992285_o.jpg?resize=768%2C511&amp;ssl=1 768w, https:\/\/i0.wp.com\/wp.ufpel.edu.br\/naaf\/files\/2017\/09\/17309910_423652041306366_7230780157771992285_o.jpg?w=1000&amp;ssl=1 1000w\" sizes=\"auto, (max-width: 184px) 100vw, 184px\" \/><\/a>\u00a0\u00a0 <a style=\"color: #000000\" href=\"https:\/\/i0.wp.com\/wp.ufpel.edu.br\/naaf\/files\/2017\/09\/17202812_423235774681326_6660976403612834209_n.jpg?ssl=1\"><img data-recalc-dims=\"1\" loading=\"lazy\" decoding=\"async\" data-attachment-id=\"200\" data-permalink=\"https:\/\/wp.ufpel.edu.br\/naaf\/eventos\/17202812_423235774681326_6660976403612834209_n\/\" data-orig-file=\"https:\/\/i0.wp.com\/wp.ufpel.edu.br\/naaf\/files\/2017\/09\/17202812_423235774681326_6660976403612834209_n.jpg?fit=960%2C720&amp;ssl=1\" data-orig-size=\"960,720\" data-comments-opened=\"0\" data-image-meta=\"{&quot;aperture&quot;:&quot;0&quot;,&quot;credit&quot;:&quot;&quot;,&quot;camera&quot;:&quot;&quot;,&quot;caption&quot;:&quot;&quot;,&quot;created_timestamp&quot;:&quot;0&quot;,&quot;copyright&quot;:&quot;&quot;,&quot;focal_length&quot;:&quot;0&quot;,&quot;iso&quot;:&quot;0&quot;,&quot;shutter_speed&quot;:&quot;0&quot;,&quot;title&quot;:&quot;&quot;,&quot;orientation&quot;:&quot;0&quot;}\" data-image-title=\"17202812_423235774681326_6660976403612834209_n\" data-image-description=\"\" data-image-caption=\"\" data-medium-file=\"https:\/\/i0.wp.com\/wp.ufpel.edu.br\/naaf\/files\/2017\/09\/17202812_423235774681326_6660976403612834209_n.jpg?fit=400%2C300&amp;ssl=1\" data-large-file=\"https:\/\/i0.wp.com\/wp.ufpel.edu.br\/naaf\/files\/2017\/09\/17202812_423235774681326_6660976403612834209_n.jpg?fit=750%2C563&amp;ssl=1\" class=\"alignnone wp-image-200\" src=\"https:\/\/i0.wp.com\/wp.ufpel.edu.br\/naaf\/files\/2017\/09\/17202812_423235774681326_6660976403612834209_n.jpg?resize=164%2C123&#038;ssl=1\" alt=\"\" width=\"164\" height=\"123\" srcset=\"https:\/\/i0.wp.com\/wp.ufpel.edu.br\/naaf\/files\/2017\/09\/17202812_423235774681326_6660976403612834209_n.jpg?resize=400%2C300&amp;ssl=1 400w, https:\/\/i0.wp.com\/wp.ufpel.edu.br\/naaf\/files\/2017\/09\/17202812_423235774681326_6660976403612834209_n.jpg?resize=768%2C576&amp;ssl=1 768w, https:\/\/i0.wp.com\/wp.ufpel.edu.br\/naaf\/files\/2017\/09\/17202812_423235774681326_6660976403612834209_n.jpg?w=960&amp;ssl=1 960w\" sizes=\"auto, (max-width: 164px) 100vw, 164px\" \/>\u00a0\u00a0 <img data-recalc-dims=\"1\" loading=\"lazy\" decoding=\"async\" data-attachment-id=\"198\" data-permalink=\"https:\/\/wp.ufpel.edu.br\/naaf\/eventos\/17155258_423235861347984_8098650912093413112_n\/\" data-orig-file=\"https:\/\/i0.wp.com\/wp.ufpel.edu.br\/naaf\/files\/2017\/09\/17155258_423235861347984_8098650912093413112_n.jpg?fit=960%2C720&amp;ssl=1\" data-orig-size=\"960,720\" data-comments-opened=\"0\" data-image-meta=\"{&quot;aperture&quot;:&quot;0&quot;,&quot;credit&quot;:&quot;&quot;,&quot;camera&quot;:&quot;&quot;,&quot;caption&quot;:&quot;&quot;,&quot;created_timestamp&quot;:&quot;0&quot;,&quot;copyright&quot;:&quot;&quot;,&quot;focal_length&quot;:&quot;0&quot;,&quot;iso&quot;:&quot;0&quot;,&quot;shutter_speed&quot;:&quot;0&quot;,&quot;title&quot;:&quot;&quot;,&quot;orientation&quot;:&quot;0&quot;}\" data-image-title=\"17155258_423235861347984_8098650912093413112_n\" data-image-description=\"\" data-image-caption=\"\" data-medium-file=\"https:\/\/i0.wp.com\/wp.ufpel.edu.br\/naaf\/files\/2017\/09\/17155258_423235861347984_8098650912093413112_n.jpg?fit=400%2C300&amp;ssl=1\" data-large-file=\"https:\/\/i0.wp.com\/wp.ufpel.edu.br\/naaf\/files\/2017\/09\/17155258_423235861347984_8098650912093413112_n.jpg?fit=750%2C563&amp;ssl=1\" class=\"alignnone wp-image-198\" src=\"https:\/\/i0.wp.com\/wp.ufpel.edu.br\/naaf\/files\/2017\/09\/17155258_423235861347984_8098650912093413112_n.jpg?resize=167%2C125&#038;ssl=1\" alt=\"\" width=\"167\" height=\"125\" srcset=\"https:\/\/i0.wp.com\/wp.ufpel.edu.br\/naaf\/files\/2017\/09\/17155258_423235861347984_8098650912093413112_n.jpg?resize=400%2C300&amp;ssl=1 400w, https:\/\/i0.wp.com\/wp.ufpel.edu.br\/naaf\/files\/2017\/09\/17155258_423235861347984_8098650912093413112_n.jpg?resize=768%2C576&amp;ssl=1 768w, https:\/\/i0.wp.com\/wp.ufpel.edu.br\/naaf\/files\/2017\/09\/17155258_423235861347984_8098650912093413112_n.jpg?w=960&amp;ssl=1 960w\" sizes=\"auto, (max-width: 167px) 100vw, 167px\" \/><\/a><\/span><\/p>\n<p><span style=\"color: #000000\"><strong>Apresenta\u00e7\u00e3o Cultural de abertura:<\/strong><\/span><\/p>\n<div class=\"fb-video\" data-allowfullscreen=\"true\" data-href=\"https:\/\/www.facebook.com\/NUAADCAPEUFPel\/videos\/423706031300967\/\" style=\"background-color: #fff; display: inline-block;\"><\/div>\n<p>&nbsp;<\/p>\n","protected":false},"excerpt":{"rendered":"<p>Semin\u00e1rio &#8220;As Cotas Raciais e Seus Sujeitos de Direito&#8221; &#8211; 11 Mar\u00e7o de 2017 Neste evento foi discutido o conceito jur\u00eddico de &#8220;pardo&#8221; e o alcance jur\u00eddico da autodeclara\u00e7\u00e3o para cotas raciais al\u00e9m do m\u00e9todo utilizado na Hetoroidentifica\u00e7\u00e3o para banir as fraudes e a &#8220;afro conveni\u00eancia&#8221;. Por\u00a0Gleidson Renato Martins Dias, Especialista em Direito P\u00fablico &#8211; &hellip; <\/p>\n<p><a class=\"more-link btn\" href=\"https:\/\/wp.ufpel.edu.br\/naaf\/eventos\/eventos-2017\/seminario-as-cotas-raciais-e-seus-sujeitos-de-direito-11-marco-de-2017\/\">Continue lendo<\/a><\/p>\n","protected":false},"author":1133,"featured_media":0,"parent":2820,"menu_order":8,"comment_status":"closed","ping_status":"closed","template":"","meta":{"jetpack_post_was_ever_published":false,"footnotes":""},"class_list":["post-2819","page","type-page","status-publish","hentry","nodate","item-wrap"],"jetpack_sharing_enabled":true,"jetpack_shortlink":"https:\/\/wp.me\/P9uOP6-Jt","jetpack_likes_enabled":true,"jetpack-related-posts":[{"id":2844,"url":"https:\/\/wp.ufpel.edu.br\/naaf\/eventos\/eventos-2018\/curso-de-capacitacao-promovido-pelo-nuaad-para-comissao-de-verificacao-de-alunos-e-servidores-ingressantes-na-ufpel-via-cotas-raciais\/","url_meta":{"origin":2819,"position":0},"title":"Curso de Capacita\u00e7\u00e3o promovido pelo NUAAD, para Comiss\u00e3o de Verifica\u00e7\u00e3o de alunos e servidores ingressantes na UFPel via Cotas Raciais.\u00a025 e 26 de Janeiro de 2018 \u00a0\u00a0","author":"nuaad","date":"22\/03\/2022","format":false,"excerpt":"Acad\u00eamica Geiselaine Dias e Servidor Damasio Duval \u00a0\u00a0\u00a0\u00a0\u00a0\u00a0\u00a0\u00a0\u00a0\u00a0\u00a0\u00a0\u00a0\u00a0\u00a0\u00a0\u00a0\u00a0\u00a0\u00a0\u00a0\u00a0\u00a0\u00a0\u00a0\u00a0\u00a0\u00a0\u00a0\u00a0\u00a0\u00a0\u00a0\u00a0\u00a0\u00a0\u00a0\u00a0\u00a0\u00a0\u00a0 \u00a0 \u00a0 \u00a0 \u00a0 \u00a0 \u00a0 \u00a0 \u00a0 \u00a0 \u00a0\u00a0 O N\u00facleo de A\u00e7\u00f5es Afirmativas e Diversidade da UFPel, realizou, nos dias 25 e 26 de janeiro, o Curso de Capacita\u00e7\u00e3o para Comiss\u00f5es de Heteroidentifica\u00e7\u00e3o, no pr\u00e9dio Lyceu Rio-grandense - \u00a0Sala do\u2026","rel":"","context":"Post similar","block_context":{"text":"Post similar","link":""},"img":{"alt_text":"","src":"","width":0,"height":0},"classes":[]},{"id":61,"url":"https:\/\/wp.ufpel.edu.br\/naaf\/politicas\/","url_meta":{"origin":2819,"position":1},"title":"Pol\u00edticas de A\u00e7\u00f5es Afirmativas da UFPel","author":"naaf","date":"19\/09\/2017","format":false,"excerpt":"Sobre pol\u00edticas de a\u00e7\u00f5es afirmativas Ap\u00f3s um longo per\u00edodo de lutas dos movimentos sociais e implementa\u00e7\u00e3o de pol\u00edticas de n\u00edvel estadual e aut\u00f4nomas em algumas institui\u00e7\u00f5es, as pol\u00edticas de a\u00e7\u00f5es afirmativas nas Institui\u00e7\u00f5es Federais de Ensino Superior (IFES) foram aprovadas em n\u00edvel federal pela Lei 12.711\/12. Esta lei ficou conhecida\u2026","rel":"","context":"Post similar","block_context":{"text":"Post similar","link":""},"img":{"alt_text":"","src":"","width":0,"height":0},"classes":[]},{"id":2158,"url":"https:\/\/wp.ufpel.edu.br\/naaf\/politicas\/pos-graduacao-2\/estudantes-cotistas-na-pos-graduacao-em-construcao\/","url_meta":{"origin":2819,"position":2},"title":"Estudantes cotistas na P\u00f3s-Gradua\u00e7\u00e3o (Em constru\u00e7\u00e3o)","author":"naaf","date":"17\/07\/2020","format":false,"excerpt":"O sistema de cotas \u00e9tnico-raciais na P\u00f3s-Gradua\u00e7\u00e3o configura a quest\u00e3o das a\u00e7\u00f5es afirmativas como um processo amplo dentro da UFPel, visando atender a demanda criada pelas cotas na gradua\u00e7\u00e3o e promover a democratiza\u00e7\u00e3o e a equidade das oportunidades de acesso \u00e0 educa\u00e7\u00e3o. Entende-se que todos os Programas de P\u00f3s-Gradua\u00e7\u00e3o da\u2026","rel":"","context":"Post similar","block_context":{"text":"Post similar","link":""},"img":{"alt_text":"","src":"","width":0,"height":0},"classes":[]},{"id":2878,"url":"https:\/\/wp.ufpel.edu.br\/naaf\/eventos\/eventos-2018\/semana-da-consciencia-negra-de-arroio-grande-edicao-maristela-correa-09-10-e-12-de-novembro-2018\/","url_meta":{"origin":2819,"position":3},"title":"Semana da Consci\u00eancia Negra de Arroio Grande &#8211; Edi\u00e7\u00e3o: MARISTELA CORR\u00caA- 09, 10 e 12 de Novembro, 2018.\u00a0","author":"nuaad","date":"22\/03\/2022","format":false,"excerpt":"Acad. Geiselaine Dias, Lourivaldo Jr. Isadora Caleiro, Marcela Lima e Servidor Damasio Rodrigues O munic\u00edpio de Arroio Grande recebeu a 1\u00aa \u00a0Semana da Consci\u00eancia Negra, no m\u00eas de Novembro, evento que abordou temas como \u00a0educa\u00e7\u00e3o, cultura, sa\u00fade e seguran\u00e7a da comunidade negra arroio-grandense. Foram realizadas palestras, apresenta\u00e7\u00f5es culturais, oficinas did\u00e1tico-pedag\u00f3gicas\u2026","rel":"","context":"Post similar","block_context":{"text":"Post similar","link":""},"img":{"alt_text":"","src":"","width":0,"height":0},"classes":[]},{"id":245,"url":"https:\/\/wp.ufpel.edu.br\/naaf\/politicas\/pos-graduacao-2\/","url_meta":{"origin":2819,"position":4},"title":"P\u00f3s-Gradua\u00e7\u00e3o","author":"naaf","date":"27\/10\/2017","format":false,"excerpt":"No primeiro semestre de 2017, a UFPel tornou-se uma das primeiras Universidades Federais do pa\u00eds a aprovar uma pol\u00edtica de cotas \u00e9tnico-raciais para a P\u00f3s-Gradua\u00e7\u00e3o. A Resolu\u00e7\u00e3o n\u00ba 05\/2017, do Conselho Universit\u00e1rio (CONSUN) da UFPel, reserva 25% das vagas nos Programas de P\u00f3s-Gradua\u00e7\u00e3o stricto sensu da institui\u00e7\u00e3o para estudantes negros,\u2026","rel":"","context":"Post similar","block_context":{"text":"Post similar","link":""},"img":{"alt_text":"","src":"","width":0,"height":0},"classes":[]},{"id":2863,"url":"https:\/\/wp.ufpel.edu.br\/naaf\/eventos\/eventos-2018\/nuaad-na-fenadoce-de-pelotas-2018-07-junho\/","url_meta":{"origin":2819,"position":5},"title":"NUAAD na Fenadoce de Pelotas\/ 2018 &#8211; 07 Junho","author":"nuaad","date":"22\/03\/2022","format":false,"excerpt":"Evento anual recebeu estande do NUAAD UFPEL No dia 07 de junho, quinta-feira, O NUAAD (N\u00facleo de A\u00e7\u00f5es Afirmativas) compareceu a Fenadoce de Pelotas, evento com foco na gastronomia do doce e na tradi\u00e7\u00e3o doceira de Pelotas, que se realiza desde o ano de 1986 na cidade, organizado pela prefeitura\u2026","rel":"","context":"Post similar","block_context":{"text":"Post similar","link":""},"img":{"alt_text":"","src":"https:\/\/i0.wp.com\/wp.ufpel.edu.br\/naaf\/files\/2018\/06\/3b09937b-6f29-412f-989a-6fe5de36b5d2.jpeg?resize=350%2C200","width":350,"height":200,"srcset":"https:\/\/i0.wp.com\/wp.ufpel.edu.br\/naaf\/files\/2018\/06\/3b09937b-6f29-412f-989a-6fe5de36b5d2.jpeg?resize=350%2C200 1x, https:\/\/i0.wp.com\/wp.ufpel.edu.br\/naaf\/files\/2018\/06\/3b09937b-6f29-412f-989a-6fe5de36b5d2.jpeg?resize=525%2C300 1.5x, https:\/\/i0.wp.com\/wp.ufpel.edu.br\/naaf\/files\/2018\/06\/3b09937b-6f29-412f-989a-6fe5de36b5d2.jpeg?resize=700%2C400 2x"},"classes":[]}],"_links":{"self":[{"href":"https:\/\/wp.ufpel.edu.br\/naaf\/wp-json\/wp\/v2\/pages\/2819","targetHints":{"allow":["GET"]}}],"collection":[{"href":"https:\/\/wp.ufpel.edu.br\/naaf\/wp-json\/wp\/v2\/pages"}],"about":[{"href":"https:\/\/wp.ufpel.edu.br\/naaf\/wp-json\/wp\/v2\/types\/page"}],"author":[{"embeddable":true,"href":"https:\/\/wp.ufpel.edu.br\/naaf\/wp-json\/wp\/v2\/users\/1133"}],"replies":[{"embeddable":true,"href":"https:\/\/wp.ufpel.edu.br\/naaf\/wp-json\/wp\/v2\/comments?post=2819"}],"version-history":[{"count":1,"href":"https:\/\/wp.ufpel.edu.br\/naaf\/wp-json\/wp\/v2\/pages\/2819\/revisions"}],"predecessor-version":[{"id":2822,"href":"https:\/\/wp.ufpel.edu.br\/naaf\/wp-json\/wp\/v2\/pages\/2819\/revisions\/2822"}],"up":[{"embeddable":true,"href":"https:\/\/wp.ufpel.edu.br\/naaf\/wp-json\/wp\/v2\/pages\/2820"}],"wp:attachment":[{"href":"https:\/\/wp.ufpel.edu.br\/naaf\/wp-json\/wp\/v2\/media?parent=2819"}],"curies":[{"name":"wp","href":"https:\/\/api.w.org\/{rel}","templated":true}]}}