{"id":2799,"date":"2022-03-17T09:48:45","date_gmt":"2022-03-17T12:48:45","guid":{"rendered":"https:\/\/wp.ufpel.edu.br\/naaf\/?page_id=2799"},"modified":"2023-09-05T15:27:45","modified_gmt":"2023-09-05T18:27:45","slug":"projetos-externos","status":"publish","type":"page","link":"https:\/\/wp.ufpel.edu.br\/naaf\/projetos-externos\/","title":{"rendered":"Divulgando Projetos"},"content":{"rendered":"<ul>\n<li><a href=\"https:\/\/wp.ufpel.edu.br\/naaf\/projetos-externos\/stay-black\/\">Stay Black<\/a><\/li>\n<li><a href=\"https:\/\/wp.ufpel.edu.br\/naaf\/projetos-externos\/museu-afro-brasil-sul-mabsul\/\">Museu Afro-Brasil-Sul (MABSul)<\/a><\/li>\n<li><a href=\"https:\/\/wp.ufpel.edu.br\/naaf\/projetos-externos\/articulacao-dos-povos-indigenas-da-regiao-sul-arpin-sul\/\">Articula\u00e7\u00e3o dos Povos Ind\u00edgenas da Regi\u00e3o Sul \u2013 ArpinSul<\/a><\/li>\n<li><a href=\"https:\/\/wp.ufpel.edu.br\/naaf\/projetos-externos\/grupo-carrefour-bolsa-de-estudo-e-permanencia-para-cursos-de-graduacao-e-pos-graduacao-para-estudantes-negros\/\">GRUPO CARREFOUR: Bolsa de Estudo e Perman\u00eancia para cursos de gradua\u00e7\u00e3o e p\u00f3s-gradua\u00e7\u00e3o para estudantes negros<\/a><\/li>\n<\/ul>\n","protected":false},"excerpt":{"rendered":"<p>Stay Black Museu Afro-Brasil-Sul (MABSul) Articula\u00e7\u00e3o dos Povos Ind\u00edgenas da Regi\u00e3o Sul \u2013 ArpinSul GRUPO CARREFOUR: Bolsa de Estudo e Perman\u00eancia para cursos de gradua\u00e7\u00e3o e p\u00f3s-gradua\u00e7\u00e3o para estudantes negros<\/p>\n","protected":false},"author":1133,"featured_media":0,"parent":0,"menu_order":0,"comment_status":"closed","ping_status":"closed","template":"","meta":{"jetpack_post_was_ever_published":false,"footnotes":""},"class_list":["post-2799","page","type-page","status-publish","hentry","nodate","item-wrap"],"jetpack_sharing_enabled":true,"jetpack_shortlink":"https:\/\/wp.me\/P9uOP6-J9","jetpack_likes_enabled":true,"jetpack-related-posts":[{"id":3438,"url":"https:\/\/wp.ufpel.edu.br\/naaf\/projetos-externos\/grupo-carrefour-bolsa-de-estudo-e-permanencia-para-cursos-de-graduacao-e-pos-graduacao-para-estudantes-negros\/","url_meta":{"origin":2799,"position":0},"title":"GRUPO CARREFOUR: Bolsa de Estudo e Perman\u00eancia para cursos de gradua\u00e7\u00e3o e p\u00f3s-gradua\u00e7\u00e3o para estudantes negros","author":"nuaad","date":"25\/08\/2022","format":false,"excerpt":"\u00a0 Devido ao assassinato de Jo\u00e3o Alberto Silveira Freitas, conhecido como Beto, realizado por um seguran\u00e7a da Rede Carrefour no dia 19 de novembro de 2020 por motiva\u00e7\u00f5es racistas, militantes negros do sul do pa\u00eds pressionaram o Grupo Carrefour em busca de retrata\u00e7\u00f5es. A partir disso, o Carrefour foi responsabilizado\u2026","rel":"","context":"Post similar","block_context":{"text":"Post similar","link":""},"img":{"alt_text":"","src":"https:\/\/i0.wp.com\/wp.ufpel.edu.br\/naaf\/files\/2022\/08\/NUAAD-INFORMA-400x400.png?resize=350%2C200&ssl=1","width":350,"height":200},"classes":[]},{"id":245,"url":"https:\/\/wp.ufpel.edu.br\/naaf\/politicas\/pos-graduacao-2\/","url_meta":{"origin":2799,"position":1},"title":"P\u00f3s-Gradua\u00e7\u00e3o","author":"naaf","date":"27\/10\/2017","format":false,"excerpt":"No primeiro semestre de 2017, a UFPel tornou-se uma das primeiras Universidades Federais do pa\u00eds a aprovar uma pol\u00edtica de cotas \u00e9tnico-raciais para a P\u00f3s-Gradua\u00e7\u00e3o. A Resolu\u00e7\u00e3o n\u00ba 05\/2017, do Conselho Universit\u00e1rio (CONSUN) da UFPel, reserva 25% das vagas nos Programas de P\u00f3s-Gradua\u00e7\u00e3o stricto sensu da institui\u00e7\u00e3o para estudantes negros,\u2026","rel":"","context":"Post similar","block_context":{"text":"Post similar","link":""},"img":{"alt_text":"","src":"","width":0,"height":0},"classes":[]},{"id":2121,"url":"https:\/\/wp.ufpel.edu.br\/naaf\/politicas\/pos-graduacao-2\/formulario-mapeamento-e-divulgacao-de-trabalhos\/","url_meta":{"origin":2799,"position":2},"title":"Mapeamento e divulga\u00e7\u00e3o de trabalhos","author":"naaf","date":"17\/07\/2020","format":false,"excerpt":"Ajude o N\u00facleo de A\u00e7\u00f5es Afirmativas e Diversidade a mapear os alunos Negros, Ind\u00edgenas e Quilombolas nos cursos de P\u00f3s-Gradua\u00e7\u00e3o da UFPel e envie seu trabalho (projeto\/disserta\u00e7\u00e3o\/tese\/artigo\/resumo expandido\/paper\/etc.). Em breve teremos uma se\u00e7\u00e3o para divulga\u00e7\u00e3o desses trabalhos no site do N\u00facleo.","rel":"","context":"Post similar","block_context":{"text":"Post similar","link":""},"img":{"alt_text":"","src":"","width":0,"height":0},"classes":[]},{"id":3071,"url":"https:\/\/wp.ufpel.edu.br\/naaf\/pos-graduacao\/","url_meta":{"origin":2799,"position":3},"title":"P\u00f3s-Gradua\u00e7\u00e3o","author":"nuaad","date":"07\/04\/2022","format":false,"excerpt":"Autodeclara\u00e7\u00e3o \u00e9tnico-racial (P\u00f3s-Gradua\u00e7\u00e3o) Termo de autoriza\u00e7\u00e3o de uso de imagem\/\u00e1udio (P\u00f3s-Gradua\u00e7\u00e3o)","rel":"","context":"Post similar","block_context":{"text":"Post similar","link":""},"img":{"alt_text":"","src":"","width":0,"height":0},"classes":[]},{"id":2158,"url":"https:\/\/wp.ufpel.edu.br\/naaf\/politicas\/pos-graduacao-2\/estudantes-cotistas-na-pos-graduacao-em-construcao\/","url_meta":{"origin":2799,"position":4},"title":"Estudantes cotistas na P\u00f3s-Gradua\u00e7\u00e3o (Em constru\u00e7\u00e3o)","author":"naaf","date":"17\/07\/2020","format":false,"excerpt":"O sistema de cotas \u00e9tnico-raciais na P\u00f3s-Gradua\u00e7\u00e3o configura a quest\u00e3o das a\u00e7\u00f5es afirmativas como um processo amplo dentro da UFPel, visando atender a demanda criada pelas cotas na gradua\u00e7\u00e3o e promover a democratiza\u00e7\u00e3o e a equidade das oportunidades de acesso \u00e0 educa\u00e7\u00e3o. Entende-se que todos os Programas de P\u00f3s-Gradua\u00e7\u00e3o da\u2026","rel":"","context":"Post similar","block_context":{"text":"Post similar","link":""},"img":{"alt_text":"","src":"","width":0,"height":0},"classes":[]},{"id":344,"url":"https:\/\/wp.ufpel.edu.br\/naaf\/pos-graduacao\/","url_meta":{"origin":2799,"position":5},"title":"P\u00f3s-Gradua\u00e7\u00e3o","author":"naaf","date":"11\/12\/2017","format":false,"excerpt":"","rel":"","context":"Post similar","block_context":{"text":"Post similar","link":""},"img":{"alt_text":"","src":"","width":0,"height":0},"classes":[]}],"_links":{"self":[{"href":"https:\/\/wp.ufpel.edu.br\/naaf\/wp-json\/wp\/v2\/pages\/2799","targetHints":{"allow":["GET"]}}],"collection":[{"href":"https:\/\/wp.ufpel.edu.br\/naaf\/wp-json\/wp\/v2\/pages"}],"about":[{"href":"https:\/\/wp.ufpel.edu.br\/naaf\/wp-json\/wp\/v2\/types\/page"}],"author":[{"embeddable":true,"href":"https:\/\/wp.ufpel.edu.br\/naaf\/wp-json\/wp\/v2\/users\/1133"}],"replies":[{"embeddable":true,"href":"https:\/\/wp.ufpel.edu.br\/naaf\/wp-json\/wp\/v2\/comments?post=2799"}],"version-history":[{"count":5,"href":"https:\/\/wp.ufpel.edu.br\/naaf\/wp-json\/wp\/v2\/pages\/2799\/revisions"}],"predecessor-version":[{"id":4260,"href":"https:\/\/wp.ufpel.edu.br\/naaf\/wp-json\/wp\/v2\/pages\/2799\/revisions\/4260"}],"wp:attachment":[{"href":"https:\/\/wp.ufpel.edu.br\/naaf\/wp-json\/wp\/v2\/media?parent=2799"}],"curies":[{"name":"wp","href":"https:\/\/api.w.org\/{rel}","templated":true}]}}