{"id":1589,"date":"2019-05-10T16:56:05","date_gmt":"2019-05-10T19:56:05","guid":{"rendered":"https:\/\/wp.ufpel.edu.br\/naaf\/?page_id=1589"},"modified":"2022-04-07T08:27:16","modified_gmt":"2022-04-07T11:27:16","slug":"processos-seletivos-especificos","status":"publish","type":"page","link":"https:\/\/wp.ufpel.edu.br\/naaf\/processos-seletivos-especificos\/","title":{"rendered":"Processos Seletivos Especiais"},"content":{"rendered":"","protected":false},"excerpt":{"rendered":"","protected":false},"author":781,"featured_media":0,"parent":0,"menu_order":3,"comment_status":"closed","ping_status":"closed","template":"","meta":{"jetpack_post_was_ever_published":false,"footnotes":""},"class_list":["post-1589","page","type-page","status-publish","hentry","nodate","item-wrap"],"jetpack_sharing_enabled":true,"jetpack_shortlink":"https:\/\/wp.me\/P9uOP6-pD","jetpack_likes_enabled":true,"jetpack-related-posts":[{"id":2774,"url":"https:\/\/wp.ufpel.edu.br\/naaf\/editais\/processos-seletivos-especiais-comunidades-quilombolas-e-indigenas\/","url_meta":{"origin":1589,"position":0},"title":"Processos Seletivos Especiais &#8211; Comunidades Quilombolas e Ind\u00edgenas","author":"nuaad","date":"16\/03\/2022","format":false,"excerpt":"EDITAIS 2022 Lista Preliminar Candidatos Homologados 2022\/1 \u2013 Comunidades Quilombolas Lista Preliminar Candidatos Homologados 2022\/1 \u2013 Comunidades Ind\u00edgenas Edital CRA N\u00ba 08\/2022 de Processo Seletivo Especial para Comunidades Quilombolas Edital CRA N\u00ba 07\/2022 de Processo Seletivo Especial para Comunidades Ind\u00edgenas EDITAIS 2021 Edital CRA N\u00ba 21\/2021 de Matr\u00edculas 2021\/2 Comunidades\u2026","rel":"","context":"Post similar","block_context":{"text":"Post similar","link":""},"img":{"alt_text":"","src":"","width":0,"height":0},"classes":[]},{"id":3006,"url":"https:\/\/wp.ufpel.edu.br\/naaf\/processos-seletivos-especificos\/2020-2\/","url_meta":{"origin":1589,"position":1},"title":"Comunidades Ind\u00edgenas e Quilombolas 2020","author":"nuaad","date":"06\/04\/2022","format":false,"excerpt":"CHAMADA REGULAR Relat\u00f3rio Definitivo - Edital CRA N\u00ba 06\/2020 - PSE Quilombolas e Ind\u00edgenas 1\u00aa Convoca\u00e7\u00e3o Relat\u00f3rio Definitivo - Edital CRA N\u00ba 01\/2021 - PSE Quilombolas e Ind\u00edgenas \u00a0","rel":"","context":"Post similar","block_context":{"text":"Post similar","link":""},"img":{"alt_text":"","src":"","width":0,"height":0},"classes":[]},{"id":3018,"url":"https:\/\/wp.ufpel.edu.br\/naaf\/processos-seletivos-especificos\/vestibular-zona-sul-2019\/","url_meta":{"origin":1589,"position":2},"title":"Vestibular Zona Sul 2019","author":"nuaad","date":"07\/04\/2022","format":false,"excerpt":"Processo Seletivo Espec\u00edfico Edital COODEC N\u00ba 005\/2019 - \"Vestibular Zona Sul\"\u00a0 Relat\u00f3rio Preliminar - Processo Seletivo Espec\u00edfico - Vestibular Zona Sul Relat\u00f3rio Definitivo - Processo Seletivo Espec\u00edfico - Vestibular Zona Sul \u00a0","rel":"","context":"Post similar","block_context":{"text":"Post similar","link":""},"img":{"alt_text":"","src":"","width":0,"height":0},"classes":[]},{"id":3008,"url":"https:\/\/wp.ufpel.edu.br\/naaf\/processos-seletivos-especificos\/2019-2\/","url_meta":{"origin":1589,"position":3},"title":"Comunidades Ind\u00edgenas e Quilombolas 2019","author":"nuaad","date":"06\/04\/2022","format":false,"excerpt":"CHAMADA REGULAR Relat\u00f3rio Definitivo - Edital CRA N\u00ba 12\/2019\/2 -\u00a0PSE\u00a0Quilombolas Relat\u00f3rio Definitivo - Edital CRA N\u00ba 05\/2019\/1 - PSE Quilombolas e Ind\u00edgenas 1\u00aa CONVOCA\u00c7\u00c3O Relat\u00f3rio Definitivo - Convoca\u00e7\u00e3o CRA N\u00ba 01\/2018 - Primeira Convoca\u00e7\u00e3o - PSE Quilombolas e Ind\u00edgenas","rel":"","context":"Post similar","block_context":{"text":"Post similar","link":""},"img":{"alt_text":"","src":"","width":0,"height":0},"classes":[]},{"id":195,"url":"https:\/\/wp.ufpel.edu.br\/naaf\/politicas\/indigenas-e-quilombolas\/","url_meta":{"origin":1589,"position":4},"title":"Processo Seletivo Espec\u00edfico para Ind\u00edgenas e Quilombolas","author":"naaf","date":"27\/10\/2017","format":false,"excerpt":"Sobre as pol\u00edticas de acesso para estudantes Ind\u00edgenas e Quilombolas A\u00a0Resolu\u00e7\u00e3o n\u00ba 15\/2015, aprovada pelo Conselho Coordenador do Ensino, da Pesquisa e da Extens\u00e3o da UFPel (COCEPE), criou dez vagas espec\u00edficas, destinadas a estudantes provenientes de comunidades ind\u00edgenas e quilombolas. Os estudantes ind\u00edgenas est\u00e3o amparados tamb\u00e9m pela Lei n\u00ba 12.711\/12,\u2026","rel":"","context":"Post similar","block_context":{"text":"Post similar","link":""},"img":{"alt_text":"","src":"","width":0,"height":0},"classes":[]},{"id":3003,"url":"https:\/\/wp.ufpel.edu.br\/naaf\/processos-seletivos-especificos\/2021-2\/","url_meta":{"origin":1589,"position":5},"title":"Comunidades Ind\u00edgenas e Quilombolas 2021","author":"nuaad","date":"06\/04\/2022","format":false,"excerpt":"CHAMADA REGULAR Relat\u00f3rio Definitivo - Edital CRA 010\/2021 - PSE Quilombolas e Ind\u00edgenas Relat\u00f3rio Definitivo - Edital CRA 009\/2021 - PSE Quilombolas 1\u00aa CONVOCA\u00c7\u00c3O Relat\u00f3rio Definitivo - Edital CRA N\u00b0 19\/2021\/1 - Primeira Convoca\u00e7\u00e3o - PSE Quilombolas e Ind\u00edgenas\u00a0 Relat\u00f3rio Definitivo - Edital CRA N\u00b0 002\/19\/2021\/1 - Primeira Convoca\u00e7\u00e3o -\u2026","rel":"","context":"Post similar","block_context":{"text":"Post similar","link":""},"img":{"alt_text":"","src":"","width":0,"height":0},"classes":[]}],"_links":{"self":[{"href":"https:\/\/wp.ufpel.edu.br\/naaf\/wp-json\/wp\/v2\/pages\/1589","targetHints":{"allow":["GET"]}}],"collection":[{"href":"https:\/\/wp.ufpel.edu.br\/naaf\/wp-json\/wp\/v2\/pages"}],"about":[{"href":"https:\/\/wp.ufpel.edu.br\/naaf\/wp-json\/wp\/v2\/types\/page"}],"author":[{"embeddable":true,"href":"https:\/\/wp.ufpel.edu.br\/naaf\/wp-json\/wp\/v2\/users\/781"}],"replies":[{"embeddable":true,"href":"https:\/\/wp.ufpel.edu.br\/naaf\/wp-json\/wp\/v2\/comments?post=1589"}],"version-history":[{"count":5,"href":"https:\/\/wp.ufpel.edu.br\/naaf\/wp-json\/wp\/v2\/pages\/1589\/revisions"}],"predecessor-version":[{"id":3020,"href":"https:\/\/wp.ufpel.edu.br\/naaf\/wp-json\/wp\/v2\/pages\/1589\/revisions\/3020"}],"wp:attachment":[{"href":"https:\/\/wp.ufpel.edu.br\/naaf\/wp-json\/wp\/v2\/media?parent=1589"}],"curies":[{"name":"wp","href":"https:\/\/api.w.org\/{rel}","templated":true}]}}