{"id":1305,"date":"2019-02-11T17:42:45","date_gmt":"2019-02-11T19:42:45","guid":{"rendered":"https:\/\/wp.ufpel.edu.br\/naaf\/?page_id=1305"},"modified":"2022-04-25T10:48:20","modified_gmt":"2022-04-25T13:48:20","slug":"2019-01","status":"publish","type":"page","link":"https:\/\/wp.ufpel.edu.br\/naaf\/sisu\/2019-01\/","title":{"rendered":"2019\/1"},"content":{"rendered":"<h4><strong>Chamada Regular<\/strong><\/h4>\n<ul>\n<li><a href=\"https:\/\/wp.ufpel.edu.br\/naaf\/files\/2019\/02\/relat\u00f3rio_parecer_cotas_Preliminar-6.pdf\" target=\"_blank\" rel=\"noopener noreferrer\">SISU 2019\/1 &#8211; Relat\u00f3rio Preliminar \u2013 Chamada Regular<\/a><\/li>\n<li><a href=\"https:\/\/wp.ufpel.edu.br\/naaf\/files\/2019\/03\/relat%C3%B3rio_parecer_cotas_Definitivo.pdf\" target=\"_blank\" rel=\"noopener noreferrer\">SISU 2019\/1 &#8211; Relat\u00f3rio Definitivo \u2013 Chamada Regular<\/a><\/li>\n<\/ul>\n<h4><strong>1\u00aa Convoca\u00e7\u00e3o<\/strong><\/h4>\n<ul>\n<li><a href=\"https:\/\/wp.ufpel.edu.br\/naaf\/files\/2019\/02\/relat\u00f3rio_parecer_cotas_Preliminar-1A-LISTA-DE-ESPERA.pdf\" target=\"_blank\" rel=\"noopener noreferrer\">SISU 2019\/1 &#8211; Relat\u00f3rio Preliminar &#8211; 1\u00aa Convoca\u00e7\u00e3o <\/a><\/li>\n<li><a href=\"https:\/\/wp.ufpel.edu.br\/naaf\/files\/2019\/03\/relat%C3%B3rio_parecer_cotas_Definitivo-1a-convoca%C3%A7%C3%A3o.pdf\" target=\"_blank\" rel=\"noopener noreferrer\">SISU 2019\/1 &#8211; Relat\u00f3rio Definitivo &#8211; 1\u00aa Convoca\u00e7\u00e3o<\/a><\/li>\n<\/ul>\n<h4><strong>2\u00aa Convoca\u00e7\u00e3o<\/strong><\/h4>\n<ul>\n<li><a href=\"https:\/\/wp.ufpel.edu.br\/naaf\/files\/2019\/03\/relat%C3%B3rio_parecer_cotas_Preliminar-LISTA-DE-ESPERA-2A-CONVOCA%C3%87%C3%83O.pdf\" target=\"_blank\" rel=\"noopener noreferrer\">SISU 2019\/1 &#8211; Relat\u00f3rio Preliminar &#8211; 2\u00aa Convoca\u00e7\u00e3o<\/a><\/li>\n<li><a href=\"https:\/\/wp.ufpel.edu.br\/naaf\/files\/2019\/03\/relat\u00f3rio_parecer_cotas_Definitivo-2A-CONVOCA\u00c7\u00c3O.pdf\" target=\"_blank\" rel=\"noopener noreferrer\">SISU 2019\/1 &#8211; Relat\u00f3rio Definitivo &#8211; 2\u00aa Convoca\u00e7\u00e3o<\/a><\/li>\n<\/ul>\n<h4><strong>3\u00aa Convoca\u00e7\u00e3o\u00a0<\/strong><\/h4>\n<ul>\n<li><a href=\"https:\/\/wp.ufpel.edu.br\/naaf\/files\/2019\/03\/relat\u00f3rio_parecer_cotas_Preliminar.pdf\">SISU 2019\/1 &#8211; Relat\u00f3rio Preliminar &#8211; 3\u00aa Convoca\u00e7\u00e3o\u00a0<\/a><\/li>\n<li><a href=\"https:\/\/wp.ufpel.edu.br\/naaf\/files\/2019\/04\/Relat\u00f3rio-Definitivo-SISU-3\u00aa-Convoca\u00e7\u00e3o.pdf\">SISU 2019\/1 &#8211; Relat\u00f3rio Definitivo &#8211; 3\u00aa Convoca\u00e7\u00e3o\u00a0<\/a><\/li>\n<\/ul>\n<h4><strong>\u00a04\u00aa Convoca\u00e7\u00e3o<\/strong><\/h4>\n<ul>\n<li><a href=\"https:\/\/wp.ufpel.edu.br\/naaf\/files\/2019\/03\/relat\u00f3rio_parecer_cotas_Preliminar-4a-CONVOCA\u00c7\u00c3O.pdf\" target=\"_blank\" rel=\"noopener noreferrer\">SISU 2019\/1 &#8211; Relat\u00f3rio Preliminar \u2013 4\u00aa Convoca\u00e7\u00e3o<\/a><\/li>\n<li><a href=\"https:\/\/wp.ufpel.edu.br\/naaf\/files\/2019\/04\/relat\u00f3rio_parecer_cotas_Definitivo.pdf\">SISU 2019\/1 &#8211; Relat\u00f3rio Definitivo &#8211; 4\u00aa Convoca\u00e7\u00e3o\u00a0<\/a><\/li>\n<\/ul>\n<h4><strong>\u00a05\u00aa Convoca\u00e7\u00e3o<\/strong><\/h4>\n<ul>\n<li><a href=\"https:\/\/wp.ufpel.edu.br\/naaf\/files\/2019\/03\/relat\u00f3rio_parecer_cotas_Preliminar_5_convoca\u00e7\u00e3o.pdf\">SISU 2019\/1 &#8211; Relat\u00f3rio Preliminar &#8211; 5\u00aa Convoca\u00e7\u00e3o\u00a0<\/a><\/li>\n<li><a href=\"https:\/\/wp.ufpel.edu.br\/naaf\/files\/2019\/04\/relat\u00f3rio_parecer_cotas_Definitivo-5\u00aa-convoca\u00e7\u00c3o-DEFINITIVO.pdf\" target=\"_blank\" rel=\"noopener noreferrer\">SISU 2019\/1 &#8211; Relat\u00f3rio Definitivo &#8211; 5\u00aa Convoca\u00e7\u00e3o\u00a0<\/a><\/li>\n<\/ul>\n<h4><strong>6\u00aa Convoca\u00e7\u00e3o<\/strong><\/h4>\n<ul>\n<li><a href=\"https:\/\/wp.ufpel.edu.br\/naaf\/files\/2019\/03\/relat\u00f3rio_parecer_cotas_Preliminar_6_convoca\u00e7\u00e3o.pdf\">SISU 2019\/1 &#8211; Relat\u00f3rio Preliminar \u2013 6\u00aa Convoca\u00e7\u00e3o\u00a0<\/a><\/li>\n<li><a href=\"https:\/\/wp.ufpel.edu.br\/naaf\/files\/2019\/04\/relat\u00f3rio_parecer_cotas_6\u00aa-CONVOCA\u00c7\u00c3O-Definitivo.pdf\" target=\"_blank\" rel=\"noopener noreferrer\">SISU 2019\/1 &#8211; Relat\u00f3rio Definitivo \u2013 6\u00aa Convoca\u00e7\u00e3o\u00a0<\/a><\/li>\n<\/ul>\n<h4><strong>7\u00aa Convoca\u00e7\u00e3o<\/strong><\/h4>\n<ul>\n<li><a href=\"https:\/\/wp.ufpel.edu.br\/naaf\/files\/2019\/05\/Relat\u00f3rio-Definitivo-7\u00aa-Convoca\u00e7\u00e3o-SISU.pdf\">SISU 2019\/1 &#8211; Relat\u00f3rio Definitivo &#8211; 7\u00aa Convoca\u00e7\u00e3o\u00a0<\/a><\/li>\n<\/ul>\n<p>&nbsp;<\/p>\n","protected":false},"excerpt":{"rendered":"<p>Chamada Regular SISU 2019\/1 &#8211; Relat\u00f3rio Preliminar \u2013 Chamada Regular SISU 2019\/1 &#8211; Relat\u00f3rio Definitivo \u2013 Chamada Regular 1\u00aa Convoca\u00e7\u00e3o SISU 2019\/1 &#8211; Relat\u00f3rio Preliminar &#8211; 1\u00aa Convoca\u00e7\u00e3o SISU 2019\/1 &#8211; Relat\u00f3rio Definitivo &#8211; 1\u00aa Convoca\u00e7\u00e3o 2\u00aa Convoca\u00e7\u00e3o SISU 2019\/1 &#8211; Relat\u00f3rio Preliminar &#8211; 2\u00aa Convoca\u00e7\u00e3o SISU 2019\/1 &#8211; Relat\u00f3rio Definitivo &#8211; 2\u00aa Convoca\u00e7\u00e3o 3\u00aa &hellip; <\/p>\n<p><a class=\"more-link btn\" href=\"https:\/\/wp.ufpel.edu.br\/naaf\/sisu\/2019-01\/\">Continue lendo<\/a><\/p>\n","protected":false},"author":781,"featured_media":0,"parent":110,"menu_order":3,"comment_status":"closed","ping_status":"closed","template":"","meta":{"jetpack_post_was_ever_published":false,"footnotes":""},"class_list":["post-1305","page","type-page","status-publish","hentry","nodate","item-wrap"],"jetpack_sharing_enabled":true,"jetpack_shortlink":"https:\/\/wp.me\/P9uOP6-l3","jetpack_likes_enabled":true,"jetpack-related-posts":[{"id":122,"url":"https:\/\/wp.ufpel.edu.br\/naaf\/sisu\/2017-2\/","url_meta":{"origin":1305,"position":0},"title":"2017\/1","author":"naaf","date":"25\/10\/2017","format":false,"excerpt":"Chamada Regular SISU 2017\/1 - Relat\u00f3rio Preliminar - Chamada Regular SISU 2017\/1 - Relat\u00f3rio Definitivo - Chamada Regular Primeira Convoca\u00e7\u00e3o SISU 2017\/1 - Relat\u00f3rio Preliminar - 1\u00aa Convoca\u00e7\u00e3o SISU 2017\/1 - Relat\u00f3rio Definitivo - 1\u00aa Convoca\u00e7\u00e3o Segunda Convoca\u00e7\u00e3o SISU 2017\/1 - Relat\u00f3rio Preliminar - 2\u00aa Convoca\u00e7\u00e3o SISU 2017\/1 - Relat\u00f3rio\u2026","rel":"","context":"Post similar","block_context":{"text":"Post similar","link":""},"img":{"alt_text":"","src":"","width":0,"height":0},"classes":[]},{"id":468,"url":"https:\/\/wp.ufpel.edu.br\/naaf\/sisu\/2018-1\/","url_meta":{"origin":1305,"position":1},"title":"2018\/1","author":"naaf","date":"16\/02\/2018","format":false,"excerpt":"Chamada Regular SISU 2018\/1 - Relat\u00f3rio Preliminar - Chamada Regular\u00a0 SISU 2018\/1 - Relat\u00f3rio Definitivo - Chamada Regular\u00a0 Primeira Convoca\u00e7\u00e3o SISU 2018\/1 - Relat\u00f3rio Preliminar - 1\u00aa Convoca\u00e7\u00e3o\u00a0 SISU 2018\/1 - Relat\u00f3rio Definitivo - 1\u00aa Convoca\u00e7\u00e3o\u00a0 Segunda Convoca\u00e7\u00e3o SISU 2018\/1 - Relat\u00f3rio Preliminar - 2\u00aa Convoca\u00e7\u00e3o SISU 2018\/1 - Relat\u00f3rio\u2026","rel":"","context":"Post similar","block_context":{"text":"Post similar","link":""},"img":{"alt_text":"","src":"","width":0,"height":0},"classes":[]},{"id":796,"url":"https:\/\/wp.ufpel.edu.br\/naaf\/sisu\/2018-2\/","url_meta":{"origin":1305,"position":2},"title":"2018\/2","author":"naaf","date":"16\/07\/2018","format":false,"excerpt":"Chamada Regular SISU 2018\/2 - Relat\u00f3rio Preliminar \u2013 Chamada Regular\u00a0 SISU 2018\/2 - Relat\u00f3rio Definitivo \u2013 Chamada Regular\u00a0 Primeira Convoca\u00e7\u00e3o SISU 2018\/2 - Relat\u00f3rio Preliminar - 1\u00aa Convoca\u00e7\u00e3o\u00a0 SISU 2018\/2 - Relat\u00f3rio Definitivo - 1\u00aa Convoca\u00e7\u00e3o\u00a0 Segunda Convoca\u00e7\u00e3o SISU 2018\/2 - Relat\u00f3rio Preliminar \u2013 2\u00aa Convoca\u00e7\u00e3o\u00a0 SISU 2018\/2 - Relat\u00f3rio\u2026","rel":"","context":"Post similar","block_context":{"text":"Post similar","link":""},"img":{"alt_text":"","src":"","width":0,"height":0},"classes":[]},{"id":2186,"url":"https:\/\/wp.ufpel.edu.br\/naaf\/sisu\/sisu-2020-1\/","url_meta":{"origin":1305,"position":3},"title":"2020\/1","author":"naaf","date":"31\/07\/2020","format":false,"excerpt":"Chamada Regular SISU 2020\/1 - Relat\u00f3rio Preliminar -\u00a0 Chamada Regular SISU 2020\/1 - Relat\u00f3rio Definitivo -\u00a0 Chamada Regular 1\u00aa Convoca\u00e7\u00e3o SISU 2020\/1 - Relat\u00f3rio Preliminar - Primeira Convoca\u00e7\u00e3o SISU 2020\/1 - Relat\u00f3rio Definitivo - Primeira Convoca\u00e7\u00e3o 2\u00aa Convoca\u00e7\u00e3o SISU 2020\/1 - Relat\u00f3rio Preliminar - Segunda Convoca\u00e7\u00e3o SISU 2020\/1 - Relat\u00f3rio\u2026","rel":"","context":"Post similar","block_context":{"text":"Post similar","link":""},"img":{"alt_text":"","src":"","width":0,"height":0},"classes":[]},{"id":125,"url":"https:\/\/wp.ufpel.edu.br\/naaf\/sisu\/2016-2\/","url_meta":{"origin":1305,"position":4},"title":"2017\/2","author":"naaf","date":"25\/10\/2017","format":false,"excerpt":"Chamada Regular SISU 2017\/2 - Relat\u00f3rio Definitivo - Chamada Regular Primeira Convoca\u00e7\u00e3o SISU 2017\/2 - Relat\u00f3rio Preliminar - 1\u00aa Convoca\u00e7\u00e3o Segunda Convoca\u00e7\u00e3o SISU 2017\/2 - Relat\u00f3rio Preliminar - 2\u00aa Convoca\u00e7\u00e3o SISU 2017\/2 - Relat\u00f3rio Definitivo - 2\u00aa Convoca\u00e7\u00e3o Terceira Convoca\u00e7\u00e3o SISU 2017\/2 - Relat\u00f3rio Preliminar - 3\u00aa Convoca\u00e7\u00e3o SISU 2017\/2\u2026","rel":"","context":"Post similar","block_context":{"text":"Post similar","link":""},"img":{"alt_text":"","src":"","width":0,"height":0},"classes":[]},{"id":1632,"url":"https:\/\/wp.ufpel.edu.br\/naaf\/sisu\/2019-2\/","url_meta":{"origin":1305,"position":5},"title":"2019\/2","author":"naaf","date":"18\/06\/2019","format":false,"excerpt":"Chamada Regular SISU 2019\/2 - Relat\u00f3rio Preliminar - Chamada Regular SISU 2019\/2 - Relat\u00f3rio Definitivo - Chamada Regular Primeira Convoca\u00e7\u00e3o SISU 2019\/2 - Relat\u00f3rio Preliminar - Primeira Convoca\u00e7\u00e3o SISU 2019\/2 - Relat\u00f3rio Definitivo - Primeira Convoca\u00e7\u00e3o Segunda Convoca\u00e7\u00e3o SISU 2019\/2 - Relat\u00f3rio Preliminar - Segunda Convoca\u00e7\u00e3o SISU 2019\/2 - Relat\u00f3rio\u2026","rel":"","context":"Post similar","block_context":{"text":"Post similar","link":""},"img":{"alt_text":"","src":"","width":0,"height":0},"classes":[]}],"_links":{"self":[{"href":"https:\/\/wp.ufpel.edu.br\/naaf\/wp-json\/wp\/v2\/pages\/1305","targetHints":{"allow":["GET"]}}],"collection":[{"href":"https:\/\/wp.ufpel.edu.br\/naaf\/wp-json\/wp\/v2\/pages"}],"about":[{"href":"https:\/\/wp.ufpel.edu.br\/naaf\/wp-json\/wp\/v2\/types\/page"}],"author":[{"embeddable":true,"href":"https:\/\/wp.ufpel.edu.br\/naaf\/wp-json\/wp\/v2\/users\/781"}],"replies":[{"embeddable":true,"href":"https:\/\/wp.ufpel.edu.br\/naaf\/wp-json\/wp\/v2\/comments?post=1305"}],"version-history":[{"count":26,"href":"https:\/\/wp.ufpel.edu.br\/naaf\/wp-json\/wp\/v2\/pages\/1305\/revisions"}],"predecessor-version":[{"id":3151,"href":"https:\/\/wp.ufpel.edu.br\/naaf\/wp-json\/wp\/v2\/pages\/1305\/revisions\/3151"}],"up":[{"embeddable":true,"href":"https:\/\/wp.ufpel.edu.br\/naaf\/wp-json\/wp\/v2\/pages\/110"}],"wp:attachment":[{"href":"https:\/\/wp.ufpel.edu.br\/naaf\/wp-json\/wp\/v2\/media?parent=1305"}],"curies":[{"name":"wp","href":"https:\/\/api.w.org\/{rel}","templated":true}]}}