{"id":13,"date":"2017-09-19T15:17:46","date_gmt":"2017-09-19T18:17:46","guid":{"rendered":"https:\/\/wp.ufpel.edu.br\/naaf\/?page_id=13"},"modified":"2023-07-26T13:33:27","modified_gmt":"2023-07-26T16:33:27","slug":"contato","status":"publish","type":"page","link":"https:\/\/wp.ufpel.edu.br\/naaf\/contato\/","title":{"rendered":"Contato"},"content":{"rendered":"<p><strong>Chefe substituta: <\/strong>Rejane Bachini Jouglard<\/p>\n<p><strong>Hor\u00e1rio de Atendimento: <\/strong>08:00 \u00e0s 18:00<\/p>\n<p><strong>Email:<\/strong> nuaad@ufpel.edu.br<\/p>\n<p><strong>Contato:<\/strong> (53) <em>3284-4029<\/em><\/p>\n<p><strong>Localiza\u00e7\u00e3o:<\/strong> Campus Anglo UFPel, 4\u00ba andar, sala 406 B.<\/p>\n<p>Rua Gomes Carneiro, n\u00ba 1 &#8211; CEP: 96010-610, Centro. Pelotas-RS<\/p>\n","protected":false},"excerpt":{"rendered":"<p>Chefe substituta: Rejane Bachini Jouglard Hor\u00e1rio de Atendimento: 08:00 \u00e0s 18:00 Email: nuaad@ufpel.edu.br Contato: (53) 3284-4029 Localiza\u00e7\u00e3o: Campus Anglo UFPel, 4\u00ba andar, sala 406 B. Rua Gomes Carneiro, n\u00ba 1 &#8211; CEP: 96010-610, Centro. Pelotas-RS<\/p>\n","protected":false},"author":781,"featured_media":0,"parent":0,"menu_order":8,"comment_status":"closed","ping_status":"closed","template":"","meta":{"jetpack_post_was_ever_published":false,"footnotes":""},"class_list":["post-13","page","type-page","status-publish","hentry","nodate","item-wrap"],"jetpack_sharing_enabled":true,"jetpack_shortlink":"https:\/\/wp.me\/P9uOP6-d","jetpack_likes_enabled":true,"jetpack-related-posts":[{"id":2066,"url":"https:\/\/wp.ufpel.edu.br\/naaf\/contato\/fale-conosco\/","url_meta":{"origin":13,"position":0},"title":"Fale conosco","author":"naaf","date":"02\/07\/2020","format":false,"excerpt":"\u00a0 Caso as informa\u00e7\u00f5es n\u00e3o estejam preenchidas corretamente, o N\u00facleo de A\u00e7\u00f5es Afirmativas e Diversidade poder\u00e1 n\u00e3o responder sua mensagem.","rel":"","context":"Post similar","block_context":{"text":"Post similar","link":""},"img":{"alt_text":"","src":"","width":0,"height":0},"classes":[]},{"id":245,"url":"https:\/\/wp.ufpel.edu.br\/naaf\/politicas\/pos-graduacao-2\/","url_meta":{"origin":13,"position":1},"title":"P\u00f3s-Gradua\u00e7\u00e3o","author":"naaf","date":"27\/10\/2017","format":false,"excerpt":"No primeiro semestre de 2017, a UFPel tornou-se uma das primeiras Universidades Federais do pa\u00eds a aprovar uma pol\u00edtica de cotas \u00e9tnico-raciais para a P\u00f3s-Gradua\u00e7\u00e3o. A Resolu\u00e7\u00e3o n\u00ba 05\/2017, do Conselho Universit\u00e1rio (CONSUN) da UFPel, reserva 25% das vagas nos Programas de P\u00f3s-Gradua\u00e7\u00e3o stricto sensu da institui\u00e7\u00e3o para estudantes negros,\u2026","rel":"","context":"Post similar","block_context":{"text":"Post similar","link":""},"img":{"alt_text":"","src":"","width":0,"height":0},"classes":[]},{"id":2859,"url":"https:\/\/wp.ufpel.edu.br\/naaf\/eventos\/eventos-2018\/i-semana-academica-africana-de-pelotas-tem-como-tema-a-colonizacao-descolonizacao-africana-e-as-transformacoes-socioeconomicas-e-culturais-no-continente\/","url_meta":{"origin":13,"position":2},"title":"I Semana Acad\u00eamica Africana de Pelotas tem como tema a Coloniza\u00e7\u00e3o\/Descoloniza\u00e7\u00e3o Africana e as transforma\u00e7\u00f5es socioecon\u00f4micas e culturais no continente 24 e 26 de Maio de 2018","author":"nuaad","date":"22\/03\/2022","format":false,"excerpt":"Tr\u00eas dias foram dedicados para este evento, 24 e 25 de Maio, no Audit\u00f3rio do Campus ll \/ICH da UFPel Rua Almirante Barroso 1202 \u00a0 O Nuaad, esteve presente na I semana Africana de Pelotas, que ocorreu dos dias 24 a 26 de Maio, na qual a professora e chefe\u2026","rel":"","context":"Post similar","block_context":{"text":"Post similar","link":""},"img":{"alt_text":"","src":"https:\/\/i0.wp.com\/wp.ufpel.edu.br\/naaf\/files\/2018\/06\/33432942_1476839879088135_2396710000207593472_o.jpg?resize=350%2C200","width":350,"height":200,"srcset":"https:\/\/i0.wp.com\/wp.ufpel.edu.br\/naaf\/files\/2018\/06\/33432942_1476839879088135_2396710000207593472_o.jpg?resize=350%2C200 1x, https:\/\/i0.wp.com\/wp.ufpel.edu.br\/naaf\/files\/2018\/06\/33432942_1476839879088135_2396710000207593472_o.jpg?resize=525%2C300 1.5x, https:\/\/i0.wp.com\/wp.ufpel.edu.br\/naaf\/files\/2018\/06\/33432942_1476839879088135_2396710000207593472_o.jpg?resize=700%2C400 2x, https:\/\/i0.wp.com\/wp.ufpel.edu.br\/naaf\/files\/2018\/06\/33432942_1476839879088135_2396710000207593472_o.jpg?resize=1050%2C600 3x, https:\/\/i0.wp.com\/wp.ufpel.edu.br\/naaf\/files\/2018\/06\/33432942_1476839879088135_2396710000207593472_o.jpg?resize=1400%2C800 4x"},"classes":[]},{"id":4704,"url":"https:\/\/wp.ufpel.edu.br\/naaf\/auxilios-2\/","url_meta":{"origin":13,"position":3},"title":"Aux\u00edlios","author":"nuaad","date":"12\/09\/2024","format":false,"excerpt":"a) Aux\u00edlio Moradia \u00c9 um valor depositado mensalmente na conta corrente do estudante para auxiliar no pagamento de aluguel na cidade de Pelotas. O Programa de Aux\u00edlio Moradia (PAM) n\u00e3o pode ser solicitado concomitantemente ao Aux\u00edlio Deslocamento e ao Programa de Moradia Estudantil. Valor do aux\u00edlio: R$600, 00 mensais. Documenta\u00e7\u00e3o:\u2026","rel":"","context":"Post similar","block_context":{"text":"Post similar","link":""},"img":{"alt_text":"","src":"https:\/\/i0.wp.com\/wp.ufpel.edu.br\/naaf\/files\/2024\/09\/Captura-de-Tela-2024-09-12-a%CC%80s-14.37.33-400x221.png?resize=350%2C200&ssl=1","width":350,"height":200,"srcset":"https:\/\/i0.wp.com\/wp.ufpel.edu.br\/naaf\/files\/2024\/09\/Captura-de-Tela-2024-09-12-a%CC%80s-14.37.33-400x221.png?resize=350%2C200&ssl=1 1x, https:\/\/i0.wp.com\/wp.ufpel.edu.br\/naaf\/files\/2024\/09\/Captura-de-Tela-2024-09-12-a%CC%80s-14.37.33-400x221.png?resize=525%2C300&ssl=1 1.5x"},"classes":[]}],"_links":{"self":[{"href":"https:\/\/wp.ufpel.edu.br\/naaf\/wp-json\/wp\/v2\/pages\/13","targetHints":{"allow":["GET"]}}],"collection":[{"href":"https:\/\/wp.ufpel.edu.br\/naaf\/wp-json\/wp\/v2\/pages"}],"about":[{"href":"https:\/\/wp.ufpel.edu.br\/naaf\/wp-json\/wp\/v2\/types\/page"}],"author":[{"embeddable":true,"href":"https:\/\/wp.ufpel.edu.br\/naaf\/wp-json\/wp\/v2\/users\/781"}],"replies":[{"embeddable":true,"href":"https:\/\/wp.ufpel.edu.br\/naaf\/wp-json\/wp\/v2\/comments?post=13"}],"version-history":[{"count":22,"href":"https:\/\/wp.ufpel.edu.br\/naaf\/wp-json\/wp\/v2\/pages\/13\/revisions"}],"predecessor-version":[{"id":4160,"href":"https:\/\/wp.ufpel.edu.br\/naaf\/wp-json\/wp\/v2\/pages\/13\/revisions\/4160"}],"wp:attachment":[{"href":"https:\/\/wp.ufpel.edu.br\/naaf\/wp-json\/wp\/v2\/media?parent=13"}],"curies":[{"name":"wp","href":"https:\/\/api.w.org\/{rel}","templated":true}]}}