{"id":110,"date":"2017-10-25T17:07:23","date_gmt":"2017-10-25T19:07:23","guid":{"rendered":"https:\/\/wp.ufpel.edu.br\/naaf\/?page_id=110"},"modified":"2020-07-31T17:36:27","modified_gmt":"2020-07-31T20:36:27","slug":"sisu","status":"publish","type":"page","link":"https:\/\/wp.ufpel.edu.br\/naaf\/sisu\/","title":{"rendered":"SISU"},"content":{"rendered":"","protected":false},"excerpt":{"rendered":"","protected":false},"author":781,"featured_media":0,"parent":0,"menu_order":1,"comment_status":"closed","ping_status":"closed","template":"","meta":{"jetpack_post_was_ever_published":false,"footnotes":""},"class_list":["post-110","page","type-page","status-publish","hentry","nodate","item-wrap"],"jetpack_sharing_enabled":true,"jetpack_shortlink":"https:\/\/wp.me\/P9uOP6-1M","jetpack_likes_enabled":true,"jetpack-related-posts":[{"id":468,"url":"https:\/\/wp.ufpel.edu.br\/naaf\/sisu\/2018-1\/","url_meta":{"origin":110,"position":0},"title":"2018\/1","author":"naaf","date":"16\/02\/2018","format":false,"excerpt":"Chamada Regular SISU 2018\/1 - Relat\u00f3rio Preliminar - Chamada Regular\u00a0 SISU 2018\/1 - Relat\u00f3rio Definitivo - Chamada Regular\u00a0 Primeira Convoca\u00e7\u00e3o SISU 2018\/1 - Relat\u00f3rio Preliminar - 1\u00aa Convoca\u00e7\u00e3o\u00a0 SISU 2018\/1 - Relat\u00f3rio Definitivo - 1\u00aa Convoca\u00e7\u00e3o\u00a0 Segunda Convoca\u00e7\u00e3o SISU 2018\/1 - Relat\u00f3rio Preliminar - 2\u00aa Convoca\u00e7\u00e3o SISU 2018\/1 - Relat\u00f3rio\u2026","rel":"","context":"Post similar","block_context":{"text":"Post similar","link":""},"img":{"alt_text":"","src":"","width":0,"height":0},"classes":[]},{"id":796,"url":"https:\/\/wp.ufpel.edu.br\/naaf\/sisu\/2018-2\/","url_meta":{"origin":110,"position":1},"title":"2018\/2","author":"naaf","date":"16\/07\/2018","format":false,"excerpt":"Chamada Regular SISU 2018\/2 - Relat\u00f3rio Preliminar \u2013 Chamada Regular\u00a0 SISU 2018\/2 - Relat\u00f3rio Definitivo \u2013 Chamada Regular\u00a0 Primeira Convoca\u00e7\u00e3o SISU 2018\/2 - Relat\u00f3rio Preliminar - 1\u00aa Convoca\u00e7\u00e3o\u00a0 SISU 2018\/2 - Relat\u00f3rio Definitivo - 1\u00aa Convoca\u00e7\u00e3o\u00a0 Segunda Convoca\u00e7\u00e3o SISU 2018\/2 - Relat\u00f3rio Preliminar \u2013 2\u00aa Convoca\u00e7\u00e3o\u00a0 SISU 2018\/2 - Relat\u00f3rio\u2026","rel":"","context":"Post similar","block_context":{"text":"Post similar","link":""},"img":{"alt_text":"","src":"","width":0,"height":0},"classes":[]},{"id":1632,"url":"https:\/\/wp.ufpel.edu.br\/naaf\/sisu\/2019-2\/","url_meta":{"origin":110,"position":2},"title":"2019\/2","author":"naaf","date":"18\/06\/2019","format":false,"excerpt":"Chamada Regular SISU 2019\/2 - Relat\u00f3rio Preliminar - Chamada Regular SISU 2019\/2 - Relat\u00f3rio Definitivo - Chamada Regular Primeira Convoca\u00e7\u00e3o SISU 2019\/2 - Relat\u00f3rio Preliminar - Primeira Convoca\u00e7\u00e3o SISU 2019\/2 - Relat\u00f3rio Definitivo - Primeira Convoca\u00e7\u00e3o Segunda Convoca\u00e7\u00e3o SISU 2019\/2 - Relat\u00f3rio Preliminar - Segunda Convoca\u00e7\u00e3o SISU 2019\/2 - Relat\u00f3rio\u2026","rel":"","context":"Post similar","block_context":{"text":"Post similar","link":""},"img":{"alt_text":"","src":"","width":0,"height":0},"classes":[]},{"id":1305,"url":"https:\/\/wp.ufpel.edu.br\/naaf\/sisu\/2019-01\/","url_meta":{"origin":110,"position":3},"title":"2019\/1","author":"naaf","date":"11\/02\/2019","format":false,"excerpt":"Chamada Regular SISU 2019\/1 - Relat\u00f3rio Preliminar \u2013 Chamada Regular SISU 2019\/1 - Relat\u00f3rio Definitivo \u2013 Chamada Regular 1\u00aa Convoca\u00e7\u00e3o SISU 2019\/1 - Relat\u00f3rio Preliminar - 1\u00aa Convoca\u00e7\u00e3o SISU 2019\/1 - Relat\u00f3rio Definitivo - 1\u00aa Convoca\u00e7\u00e3o 2\u00aa Convoca\u00e7\u00e3o SISU 2019\/1 - Relat\u00f3rio Preliminar - 2\u00aa Convoca\u00e7\u00e3o SISU 2019\/1 - Relat\u00f3rio\u2026","rel":"","context":"Post similar","block_context":{"text":"Post similar","link":""},"img":{"alt_text":"","src":"","width":0,"height":0},"classes":[]},{"id":122,"url":"https:\/\/wp.ufpel.edu.br\/naaf\/sisu\/2017-2\/","url_meta":{"origin":110,"position":4},"title":"2017\/1","author":"naaf","date":"25\/10\/2017","format":false,"excerpt":"Chamada Regular SISU 2017\/1 - Relat\u00f3rio Preliminar - Chamada Regular SISU 2017\/1 - Relat\u00f3rio Definitivo - Chamada Regular Primeira Convoca\u00e7\u00e3o SISU 2017\/1 - Relat\u00f3rio Preliminar - 1\u00aa Convoca\u00e7\u00e3o SISU 2017\/1 - Relat\u00f3rio Definitivo - 1\u00aa Convoca\u00e7\u00e3o Segunda Convoca\u00e7\u00e3o SISU 2017\/1 - Relat\u00f3rio Preliminar - 2\u00aa Convoca\u00e7\u00e3o SISU 2017\/1 - Relat\u00f3rio\u2026","rel":"","context":"Post similar","block_context":{"text":"Post similar","link":""},"img":{"alt_text":"","src":"","width":0,"height":0},"classes":[]},{"id":125,"url":"https:\/\/wp.ufpel.edu.br\/naaf\/sisu\/2016-2\/","url_meta":{"origin":110,"position":5},"title":"2017\/2","author":"naaf","date":"25\/10\/2017","format":false,"excerpt":"Chamada Regular SISU 2017\/2 - Relat\u00f3rio Definitivo - Chamada Regular Primeira Convoca\u00e7\u00e3o SISU 2017\/2 - Relat\u00f3rio Preliminar - 1\u00aa Convoca\u00e7\u00e3o Segunda Convoca\u00e7\u00e3o SISU 2017\/2 - Relat\u00f3rio Preliminar - 2\u00aa Convoca\u00e7\u00e3o SISU 2017\/2 - Relat\u00f3rio Definitivo - 2\u00aa Convoca\u00e7\u00e3o Terceira Convoca\u00e7\u00e3o SISU 2017\/2 - Relat\u00f3rio Preliminar - 3\u00aa Convoca\u00e7\u00e3o SISU 2017\/2\u2026","rel":"","context":"Post similar","block_context":{"text":"Post similar","link":""},"img":{"alt_text":"","src":"","width":0,"height":0},"classes":[]}],"_links":{"self":[{"href":"https:\/\/wp.ufpel.edu.br\/naaf\/wp-json\/wp\/v2\/pages\/110","targetHints":{"allow":["GET"]}}],"collection":[{"href":"https:\/\/wp.ufpel.edu.br\/naaf\/wp-json\/wp\/v2\/pages"}],"about":[{"href":"https:\/\/wp.ufpel.edu.br\/naaf\/wp-json\/wp\/v2\/types\/page"}],"author":[{"embeddable":true,"href":"https:\/\/wp.ufpel.edu.br\/naaf\/wp-json\/wp\/v2\/users\/781"}],"replies":[{"embeddable":true,"href":"https:\/\/wp.ufpel.edu.br\/naaf\/wp-json\/wp\/v2\/comments?post=110"}],"version-history":[{"count":1,"href":"https:\/\/wp.ufpel.edu.br\/naaf\/wp-json\/wp\/v2\/pages\/110\/revisions"}],"predecessor-version":[{"id":112,"href":"https:\/\/wp.ufpel.edu.br\/naaf\/wp-json\/wp\/v2\/pages\/110\/revisions\/112"}],"wp:attachment":[{"href":"https:\/\/wp.ufpel.edu.br\/naaf\/wp-json\/wp\/v2\/media?parent=110"}],"curies":[{"name":"wp","href":"https:\/\/api.w.org\/{rel}","templated":true}]}}