{"id":70,"date":"2021-02-23T14:49:08","date_gmt":"2021-02-23T17:49:08","guid":{"rendered":"https:\/\/wp.ufpel.edu.br\/musicalic\/?page_id=70"},"modified":"2023-11-09T18:45:54","modified_gmt":"2023-11-09T21:45:54","slug":"musicalizacao-infantil","status":"publish","type":"page","link":"https:\/\/wp.ufpel.edu.br\/musicalic\/musicalizacao-infantil\/","title":{"rendered":"Musicaliza\u00e7\u00e3o Infantil"},"content":{"rendered":"<p style=\"text-align: justify;\"><span style=\"font-family: arial, helvetica, sans-serif; font-size: 12pt; color: #000000;\">Constatamos que a musicaliza\u00e7\u00e3o para os crian\u00e7as, trabalhada de forma l\u00fadica, contribui sobremaneira para a forma\u00e7\u00e3o de um ser sens\u00edvel, exercita sua concentra\u00e7\u00e3o, a organiza\u00e7\u00e3o de ideias, o racioc\u00ednio l\u00f3gico, e ainda colabora no desenvolvimento do falar, escrever, agir e reagir. Consideramos a educa\u00e7\u00e3o musical como um processo de constru\u00e7\u00e3o do conhecimento, onde o resultado das viv\u00eancias musicais realizadas na inf\u00e2ncia ir\u00e1 contribuir para desenvolver prazer, cultura e gosto musical duradouro nos futuros adultos (ILARI, 2002). Aplicamos isto em nossas estrat\u00e9gias, e percebemos isso nas manifesta\u00e7\u00f5es das crian\u00e7as, dos seus pais e\/ou cuidadores. Nossos limites ainda referem-se a possibilidade de ofertarmos mais turmas e em outros n\u00edveis. Tencionamos realizar um trabalho de pesquisa, tendo como objetivo investigar os v\u00e1rios processos que constituem este fen\u00f4meno que merece ser explorado dentro do nosso curso de forma\u00e7\u00e3o. Consideramos que a pesquisa, as leituras, discuss\u00f5es e reflex\u00f5es fortalecem a nossa atua\u00e7\u00e3o, renovam as disposi\u00e7\u00f5es e nos garantem uma atua\u00e7\u00e3o mais efetiva.<\/span><\/p>\n<p style=\"text-align: justify;\"><strong><span style=\"font-family: arial, helvetica, sans-serif; font-size: 12pt; color: #000000;\">Objetivo Geral:<\/span><\/strong><\/p>\n<p style=\"text-align: justify;\"><span style=\"font-family: arial, helvetica, sans-serif; font-size: 12pt; color: #000000;\">Despertar e desenvolver a percep\u00e7\u00e3o e a produ\u00e7\u00e3o musical das crian\u00e7as da comunidade; Promover uma maior intera\u00e7\u00e3o entre a comunidade e a Universidade; &#8211; Transmitir o conhecimento musical atrav\u00e9s do canto, jogos musicais, movimentos, improvisa\u00e7\u00e3o e execu\u00e7\u00e3o musical; Desenvolver a percep\u00e7\u00e3o musical das crian\u00e7as, bem como instigar a cria\u00e7\u00e3o espont\u00e2nea;<\/span><\/p>\n<p style=\"text-align: justify;\"><strong><span style=\"font-family: arial, helvetica, sans-serif; font-size: 12pt; color: #000000;\">Metodologia:<\/span><\/strong><\/p>\n<p style=\"text-align: justify;\"><span style=\"font-family: arial, helvetica, sans-serif; font-size: 12pt; color: #000000;\">Tratando-se do ensino de M\u00fasica para crian\u00e7as pequenas, at\u00e9 4 anos de idade, as aulas consistem na sensibiliza\u00e7\u00e3o musical atrav\u00e9s de atividades <\/span><span style=\"font-family: arial, helvetica, sans-serif; font-size: 12pt; color: #000000;\">pr\u00e1ticas envolvendo canto, movimento, improvisa\u00e7\u00e3o, execu\u00e7\u00e3o musical, jogos e brincadeiras, resgatando o nosso patrim\u00f4nio cultural atrav\u00e9s de <\/span><span style=\"font-family: arial, helvetica, sans-serif; font-size: 12pt; color: #000000;\">rimas, lendas, parlendas, cantigas folcl\u00f3ricas, can\u00e7\u00f5es de ninar e de v\u00e1rias partes do mundo, obras de m\u00fasica erudita e can\u00e7\u00f5es inventadas, <\/span><span style=\"font-family: arial, helvetica, sans-serif; font-size: 12pt; color: #000000;\">respeitando sempre o quadro de desenvolvimento f\u00edsico, motor e cognitivo-musical das crian\u00e7as em quest\u00e3o. <\/span><span style=\"font-family: arial, helvetica, sans-serif; font-size: 12pt; color: #000000;\">Sempre que poss\u00edvel, as aulas seguem um mesmo roteiro, e s\u00e3o marcadas por uma can\u00e7\u00e3o inicial e uma can\u00e7\u00e3o de despedida. Ao final sempre h\u00e1 <\/span><span style=\"font-family: arial, helvetica, sans-serif; font-size: 12pt; color: #000000;\">um momento de relaxamento. Os materiais utilizados pelas crian\u00e7as s\u00e3o basicamente instrumentos de percuss\u00e3o, como caxixis, ovinhos, <\/span><span style=\"font-family: arial, helvetica, sans-serif; font-size: 12pt; color: #000000;\">pandeirinhos, metalofones, entre outros, al\u00e9m de materiais alternativos, como bolas, bambol\u00eas, tecidos coloridos, baldes, etc.<\/span><\/p>\n<p style=\"text-align: justify;\"><span style=\"font-family: arial, helvetica, sans-serif; font-size: 12pt; color: #000000;\"><strong>Encontros:<\/strong><\/span><\/p>\n<p style=\"text-align: justify;\"><span style=\"font-family: arial, helvetica, sans-serif; font-size: 12pt; color: #000000;\"><strong>Dia:<\/strong> XXXX<\/span><\/p>\n<p style=\"text-align: justify;\"><span style=\"font-family: arial, helvetica, sans-serif; font-size: 12pt; color: #000000;\"><strong>Hor\u00e1rio:<\/strong> XXXX<\/span><\/p>\n<p style=\"text-align: justify;\"><span style=\"font-family: arial, helvetica, sans-serif; font-size: 12pt; color: #000000;\"><strong>Local:<\/strong> LABMUS &#8211; Sala 406 \u2013 Centro de Artes \u2013 Bloco 2<\/span><\/p>\n","protected":false},"excerpt":{"rendered":"<p>Constatamos que a musicaliza\u00e7\u00e3o para os crian\u00e7as, trabalhada de forma l\u00fadica, contribui sobremaneira para a forma\u00e7\u00e3o de um ser sens\u00edvel, exercita sua concentra\u00e7\u00e3o, a organiza\u00e7\u00e3o de ideias, o racioc\u00ednio l\u00f3gico, e ainda colabora no desenvolvimento do falar, escrever, agir e reagir. Consideramos a educa\u00e7\u00e3o musical como um processo de constru\u00e7\u00e3o do conhecimento, onde o resultado&hellip;<\/p>\n","protected":false},"author":1024,"featured_media":0,"parent":0,"menu_order":0,"comment_status":"closed","ping_status":"closed","template":"","meta":{"footnotes":""},"class_list":["post-70","page","type-page","status-publish","hentry"],"jetpack_sharing_enabled":true,"_links":{"self":[{"href":"https:\/\/wp.ufpel.edu.br\/musicalic\/wp-json\/wp\/v2\/pages\/70","targetHints":{"allow":["GET"]}}],"collection":[{"href":"https:\/\/wp.ufpel.edu.br\/musicalic\/wp-json\/wp\/v2\/pages"}],"about":[{"href":"https:\/\/wp.ufpel.edu.br\/musicalic\/wp-json\/wp\/v2\/types\/page"}],"author":[{"embeddable":true,"href":"https:\/\/wp.ufpel.edu.br\/musicalic\/wp-json\/wp\/v2\/users\/1024"}],"replies":[{"embeddable":true,"href":"https:\/\/wp.ufpel.edu.br\/musicalic\/wp-json\/wp\/v2\/comments?post=70"}],"version-history":[{"count":9,"href":"https:\/\/wp.ufpel.edu.br\/musicalic\/wp-json\/wp\/v2\/pages\/70\/revisions"}],"predecessor-version":[{"id":269,"href":"https:\/\/wp.ufpel.edu.br\/musicalic\/wp-json\/wp\/v2\/pages\/70\/revisions\/269"}],"wp:attachment":[{"href":"https:\/\/wp.ufpel.edu.br\/musicalic\/wp-json\/wp\/v2\/media?parent=70"}],"curies":[{"name":"wp","href":"https:\/\/api.w.org\/{rel}","templated":true}]}}