{"id":239,"date":"2023-11-09T18:10:09","date_gmt":"2023-11-09T21:10:09","guid":{"rendered":"https:\/\/wp.ufpel.edu.br\/musicalic\/?page_id=239"},"modified":"2023-11-14T09:21:33","modified_gmt":"2023-11-14T12:21:33","slug":"entreoitavas","status":"publish","type":"page","link":"https:\/\/wp.ufpel.edu.br\/musicalic\/entreoitavas\/","title":{"rendered":"EntreOitavas"},"content":{"rendered":"<p style=\"text-align: justify;\"><span style=\"font-family: arial, helvetica, sans-serif; font-size: 12pt; color: #000000;\">O Projeto <em>EntreOitavas<\/em> \u2013 Educa\u00e7\u00e3o Musical, direcionado para crian\u00e7as e adolescentes da comunidade de Pelotas tem como foco educacional os processos de fazer musical. Possibilita experi\u00eancias que desenvolvem tanto conhecimentos musicais quanto a intera\u00e7\u00e3o e socializa\u00e7\u00e3o de seus participantes que, neste contexto, ganham sentido aspectos est\u00e9ticos, art\u00edsticos, hist\u00f3ricos, sociais, biogr\u00e1ficos, ac\u00fasticos, dentre outros<\/span><\/p>\n<p style=\"text-align: justify;\"><strong><span style=\"font-family: arial, helvetica, sans-serif; font-size: 12pt; color: #000000;\">Objetivo Geral:<\/span><\/strong><\/p>\n<p style=\"text-align: justify;\"><span style=\"font-family: arial, helvetica, sans-serif; font-size: 12pt; color: #000000;\">Possibilitar \u00e0s crian\u00e7as e adolescentes forma\u00e7\u00e3o musical a partir experi\u00eancias e pr\u00e1ticas com a Flauta Doce<br \/>\nRealizar a\u00e7\u00f5es que proporcionem experi\u00eancias pedag\u00f3gico-musicais aos acad\u00eamicos.<\/span><\/p>\n<p style=\"text-align: justify;\"><strong><span style=\"font-family: arial, helvetica, sans-serif; font-size: 12pt; color: #000000;\">Metodologia:<\/span><\/strong><\/p>\n<p style=\"text-align: justify;\"><span style=\"font-family: arial, helvetica, sans-serif; font-size: 12pt; color: #000000;\">O Projeto de Extens\u00e3o Entreoitavas \u2013 Educa\u00e7\u00e3o Musical ser\u00e1 realizado semanalmente durante todo o ano de acordo com o calend\u00e1rio acad\u00eamico. A carga hor\u00e1ria total do Projeto ser\u00e1 de quatro horas semanais incluindo a prepara\u00e7\u00e3o; planejamento e execu\u00e7\u00e3o articulando, desta forma, o Projeto de Extens\u00e3o \u00e0 disciplina de Orienta\u00e7\u00e3o e Pr\u00e1tica Pedag\u00f3gico-Musical. Neste per\u00edodo ser\u00e3o abordados os conhecimento te\u00f3ricos e pr\u00e1ticos necess\u00e1rios \u00e0 viv\u00eancia, ao fazer musical criativo e \u00e0 performance no(s) instrumento(s) al\u00e9m dos conhecimento pedag\u00f3gico-musicais necess\u00e1rios ao exerc\u00edcio docente. No semestre em que \u00e9 ofertada a disciplina de Orienta\u00e7\u00e3o e Pr\u00e1tica Pedag\u00f3gica musical III as aulas do Projeto acontecer\u00e3o em conjunto visto que o mesmo faz parte da integraliza\u00e7\u00e3o Extens\u00e3o-Ensino. No semestre em que n\u00e3o \u00e9 oferecida a disciplina o Projeto contar\u00e1 com monitores, acad\u00eamicos do Curso de M\u00fasica \u2013 Licenciatura.<\/span><\/p>\n<p style=\"text-align: justify;\"><span style=\"font-family: arial, helvetica, sans-serif; font-size: 12pt; color: #000000;\"><strong>Encontros:<\/strong><\/span><\/p>\n<p style=\"text-align: justify;\"><span style=\"font-family: arial, helvetica, sans-serif; font-size: 12pt; color: #000000;\"><strong>Dia:<\/strong> XXXX<\/span><\/p>\n<p style=\"text-align: justify;\"><span style=\"font-family: arial, helvetica, sans-serif; font-size: 12pt; color: #000000;\"><strong>Hor\u00e1rio:<\/strong> XXXX<\/span><\/p>\n<p style=\"text-align: justify;\"><span style=\"font-family: arial, helvetica, sans-serif; font-size: 12pt; color: #000000;\"><strong>Local:<\/strong> LABMUS &#8211; Sala 406 \u2013 Centro de Artes \u2013 Bloco 2<\/span><\/p>\n","protected":false},"excerpt":{"rendered":"<p>O Projeto EntreOitavas \u2013 Educa\u00e7\u00e3o Musical, direcionado para crian\u00e7as e adolescentes da comunidade de Pelotas tem como foco educacional os processos de fazer musical. Possibilita experi\u00eancias que desenvolvem tanto conhecimentos musicais quanto a intera\u00e7\u00e3o e socializa\u00e7\u00e3o de seus participantes que, neste contexto, ganham sentido aspectos est\u00e9ticos, art\u00edsticos, hist\u00f3ricos, sociais, biogr\u00e1ficos, ac\u00fasticos, dentre outros Objetivo Geral:&hellip;<\/p>\n","protected":false},"author":1343,"featured_media":0,"parent":0,"menu_order":0,"comment_status":"closed","ping_status":"closed","template":"","meta":{"footnotes":""},"class_list":["post-239","page","type-page","status-publish","hentry"],"jetpack_sharing_enabled":true,"_links":{"self":[{"href":"https:\/\/wp.ufpel.edu.br\/musicalic\/wp-json\/wp\/v2\/pages\/239","targetHints":{"allow":["GET"]}}],"collection":[{"href":"https:\/\/wp.ufpel.edu.br\/musicalic\/wp-json\/wp\/v2\/pages"}],"about":[{"href":"https:\/\/wp.ufpel.edu.br\/musicalic\/wp-json\/wp\/v2\/types\/page"}],"author":[{"embeddable":true,"href":"https:\/\/wp.ufpel.edu.br\/musicalic\/wp-json\/wp\/v2\/users\/1343"}],"replies":[{"embeddable":true,"href":"https:\/\/wp.ufpel.edu.br\/musicalic\/wp-json\/wp\/v2\/comments?post=239"}],"version-history":[{"count":4,"href":"https:\/\/wp.ufpel.edu.br\/musicalic\/wp-json\/wp\/v2\/pages\/239\/revisions"}],"predecessor-version":[{"id":291,"href":"https:\/\/wp.ufpel.edu.br\/musicalic\/wp-json\/wp\/v2\/pages\/239\/revisions\/291"}],"wp:attachment":[{"href":"https:\/\/wp.ufpel.edu.br\/musicalic\/wp-json\/wp\/v2\/media?parent=239"}],"curies":[{"name":"wp","href":"https:\/\/api.w.org\/{rel}","templated":true}]}}