{"id":217,"date":"2023-11-09T17:38:57","date_gmt":"2023-11-09T20:38:57","guid":{"rendered":"https:\/\/wp.ufpel.edu.br\/musicalic\/?page_id=217"},"modified":"2023-11-09T18:48:53","modified_gmt":"2023-11-09T21:48:53","slug":"recanto","status":"publish","type":"page","link":"https:\/\/wp.ufpel.edu.br\/musicalic\/recanto\/","title":{"rendered":"RECANTO"},"content":{"rendered":"<p style=\"text-align: justify;\"><span style=\"font-family: arial, helvetica, sans-serif; font-size: 12pt; color: #000000;\">O projeto RECANTO prop\u00f5e a\u00e7\u00f5es de ensino complementares \u00e0s disciplinas de t\u00e9cnica vocal I e t\u00e9cnica vocal II, do curso de M\u00fasica Licenciatura, para estudantes que pretendem se aprofundar nos estudos pr\u00e1ticos e te\u00f3ricos sobre t\u00e9cnica, repert\u00f3rio, performance e pedagogia do canto.<\/span><\/p>\n<p style=\"text-align: justify;\"><strong><span style=\"color: #000000; font-family: arial, helvetica, sans-serif; font-size: 12pt;\">Objetivo Geral:<\/span><\/strong><\/p>\n<p style=\"text-align: justify;\"><span style=\"color: #000000; font-family: arial, helvetica, sans-serif; font-size: 12pt;\">Promover a\u00e7\u00f5es de ensino sobre t\u00e9cnica, repert\u00f3rio, performance e pedagogia do canto para alunos da M\u00fasica Licenciatura.<\/span><\/p>\n<p style=\"text-align: justify;\"><strong><span style=\"color: #000000; font-family: arial, helvetica, sans-serif; font-size: 12pt;\">Metodologia:<\/span><\/strong><\/p>\n<p style=\"text-align: justify;\"><span style=\"color: #000000; font-family: arial, helvetica, sans-serif; font-size: 12pt;\">Encontros semanais de 2 horas de dura\u00e7\u00e3o para realiza\u00e7\u00e3o de exerc\u00edcios corporais de alongamento, respira\u00e7\u00e3o, vocalises, pesquisa e pr\u00e1tica de repert\u00f3rio vocal, leituras, aprecia\u00e7\u00e3o art\u00edstico-musical e discuss\u00f5es em grupo.<\/span><\/p>\n<p><strong><span style=\"color: #000000; font-family: arial, helvetica, sans-serif; font-size: 12pt;\">Encontros:<\/span><\/strong><\/p>\n<p><span style=\"color: #000000; font-family: arial, helvetica, sans-serif; font-size: 12pt;\"><strong>Dia:<\/strong> XXXXXX<\/span><\/p>\n<p><span style=\"color: #000000; font-family: arial, helvetica, sans-serif; font-size: 12pt;\"><strong>Hor\u00e1rio:<\/strong> XXXXX<\/span><\/p>\n<p><span style=\"color: #000000; font-family: arial, helvetica, sans-serif; font-size: 12pt;\"><strong>Local:<\/strong> XXXXXX<\/span><\/p>\n","protected":false},"excerpt":{"rendered":"<p>O projeto RECANTO prop\u00f5e a\u00e7\u00f5es de ensino complementares \u00e0s disciplinas de t\u00e9cnica vocal I e t\u00e9cnica vocal II, do curso de M\u00fasica Licenciatura, para estudantes que pretendem se aprofundar nos estudos pr\u00e1ticos e te\u00f3ricos sobre t\u00e9cnica, repert\u00f3rio, performance e pedagogia do canto. Objetivo Geral: Promover a\u00e7\u00f5es de ensino sobre t\u00e9cnica, repert\u00f3rio, performance e pedagogia do&hellip;<\/p>\n","protected":false},"author":1343,"featured_media":0,"parent":0,"menu_order":0,"comment_status":"closed","ping_status":"closed","template":"","meta":{"footnotes":""},"class_list":["post-217","page","type-page","status-publish","hentry"],"jetpack_sharing_enabled":true,"_links":{"self":[{"href":"https:\/\/wp.ufpel.edu.br\/musicalic\/wp-json\/wp\/v2\/pages\/217","targetHints":{"allow":["GET"]}}],"collection":[{"href":"https:\/\/wp.ufpel.edu.br\/musicalic\/wp-json\/wp\/v2\/pages"}],"about":[{"href":"https:\/\/wp.ufpel.edu.br\/musicalic\/wp-json\/wp\/v2\/types\/page"}],"author":[{"embeddable":true,"href":"https:\/\/wp.ufpel.edu.br\/musicalic\/wp-json\/wp\/v2\/users\/1343"}],"replies":[{"embeddable":true,"href":"https:\/\/wp.ufpel.edu.br\/musicalic\/wp-json\/wp\/v2\/comments?post=217"}],"version-history":[{"count":4,"href":"https:\/\/wp.ufpel.edu.br\/musicalic\/wp-json\/wp\/v2\/pages\/217\/revisions"}],"predecessor-version":[{"id":276,"href":"https:\/\/wp.ufpel.edu.br\/musicalic\/wp-json\/wp\/v2\/pages\/217\/revisions\/276"}],"wp:attachment":[{"href":"https:\/\/wp.ufpel.edu.br\/musicalic\/wp-json\/wp\/v2\/media?parent=217"}],"curies":[{"name":"wp","href":"https:\/\/api.w.org\/{rel}","templated":true}]}}