{"id":214,"date":"2023-11-09T17:36:09","date_gmt":"2023-11-09T20:36:09","guid":{"rendered":"https:\/\/wp.ufpel.edu.br\/musicalic\/?page_id=214"},"modified":"2023-11-09T18:47:52","modified_gmt":"2023-11-09T21:47:52","slug":"gruvi","status":"publish","type":"page","link":"https:\/\/wp.ufpel.edu.br\/musicalic\/gruvi\/","title":{"rendered":"GRUVI"},"content":{"rendered":"<p style=\"text-align: justify;\"><span style=\"color: #000000; font-family: arial, helvetica, sans-serif; font-size: 12pt;\">O GRUVI &#8211; Grupo de Viol\u00f5es da UFPel &#8211; apresenta como interesse estudar diferentes aspectos relacionados \u00e0 performance musical, tendo como foco a pr\u00e1tica\/execu\u00e7\u00e3o de repert\u00f3rio para viol\u00e3o em forma\u00e7\u00f5es camer\u00edsticas diversas.<\/span><\/p>\n<p style=\"text-align: justify;\"><strong><span style=\"color: #000000; font-family: arial, helvetica, sans-serif; font-size: 12pt;\">Objetivo Geral:<\/span><\/strong><\/p>\n<p style=\"text-align: justify;\"><span style=\"color: #000000; font-family: arial, helvetica, sans-serif; font-size: 12pt;\">Estudar diferentes aspectos relacionados \u00e0 performance musical, tendo como foco a pr\u00e1tica\/execu\u00e7\u00e3o de repert\u00f3rio para viol\u00e3o em forma\u00e7\u00f5es camer\u00edsticas diversas.<\/span><\/p>\n<p style=\"text-align: justify;\"><strong><span style=\"color: #000000; font-family: arial, helvetica, sans-serif; font-size: 12pt;\">Metodologia:<\/span><\/strong><\/p>\n<p style=\"text-align: justify;\"><span style=\"color: #000000; font-family: arial, helvetica, sans-serif; font-size: 12pt;\">A execu\u00e7\u00e3o do projeto prev\u00ea a realiza\u00e7\u00e3o de encontros semanais com dura\u00e7\u00e3o de duas horas cada. Durante os primeiros encontros ser\u00e3o definidas metas e possibilidades de trabalho a partir da verifica\u00e7\u00e3o do n\u00famero de participantes e do n\u00edvel t\u00e9cnico-musical dos mesmos. Os alunos ser\u00e3o incentivados a sugerir repert\u00f3rio e organizar pequenos grupos. Al\u00e9m de repert\u00f3rio para pequenas forma\u00e7\u00f5es como duos, trios e quartetos, tamb\u00e9m realizaremos obras em que aconte\u00e7a a execu\u00e7\u00e3o conjunta de todos os participantes. Os encontros assumir\u00e3o formatos diferentes, de modo que um dos encontros semanais ser\u00e1 reservado para a leitura de repert\u00f3rio ao instrumento, se\u00e7\u00f5es de aprecia\u00e7\u00e3o musical, leitura e reflex\u00e3o de textos relacionados ao repert\u00f3rio, performance e interpreta\u00e7\u00e3o musical, desenvolvimento de arranjos, elabora\u00e7\u00e3o de projetos e outras discuss\u00f5es pertinentes ao bom funcionamento do GRUVI. Enquanto isso, o outro encontro da semana apresentar\u00e1 o formato de ensaio, com foco na prepara\u00e7\u00e3o de um programa\/repert\u00f3rio central, estabelecido com a finalidade de apresenta\u00e7\u00e3o p\u00fablica do Grupo de Viol\u00f5es da UFPel.<\/span><\/p>\n<p><strong><span style=\"color: #000000; font-family: arial, helvetica, sans-serif; font-size: 12pt;\">Encontros:<\/span><\/strong><\/p>\n<p><span style=\"color: #000000; font-family: arial, helvetica, sans-serif; font-size: 12pt;\"><strong>Dia:<\/strong> Quarta-feira<\/span><\/p>\n<p><span style=\"color: #000000; font-family: arial, helvetica, sans-serif; font-size: 12pt;\"><strong>Hor\u00e1rio:<\/strong> 17:10 at\u00e9 19:00<\/span><\/p>\n<p><span style=\"color: #000000; font-family: arial, helvetica, sans-serif; font-size: 12pt;\"><strong>Local:<\/strong> Laborat\u00f3rio de Viol\u00e3o &#8211; Sala 408 &#8211; Centro de Artes Bloco 2<\/span><\/p>\n<p>&nbsp;<\/p>\n","protected":false},"excerpt":{"rendered":"<p>O GRUVI &#8211; Grupo de Viol\u00f5es da UFPel &#8211; apresenta como interesse estudar diferentes aspectos relacionados \u00e0 performance musical, tendo como foco a pr\u00e1tica\/execu\u00e7\u00e3o de repert\u00f3rio para viol\u00e3o em forma\u00e7\u00f5es camer\u00edsticas diversas. Objetivo Geral: Estudar diferentes aspectos relacionados \u00e0 performance musical, tendo como foco a pr\u00e1tica\/execu\u00e7\u00e3o de repert\u00f3rio para viol\u00e3o em forma\u00e7\u00f5es camer\u00edsticas diversas. Metodologia:&hellip;<\/p>\n","protected":false},"author":1343,"featured_media":0,"parent":0,"menu_order":0,"comment_status":"closed","ping_status":"closed","template":"","meta":{"footnotes":""},"class_list":["post-214","page","type-page","status-publish","hentry"],"jetpack_sharing_enabled":true,"_links":{"self":[{"href":"https:\/\/wp.ufpel.edu.br\/musicalic\/wp-json\/wp\/v2\/pages\/214","targetHints":{"allow":["GET"]}}],"collection":[{"href":"https:\/\/wp.ufpel.edu.br\/musicalic\/wp-json\/wp\/v2\/pages"}],"about":[{"href":"https:\/\/wp.ufpel.edu.br\/musicalic\/wp-json\/wp\/v2\/types\/page"}],"author":[{"embeddable":true,"href":"https:\/\/wp.ufpel.edu.br\/musicalic\/wp-json\/wp\/v2\/users\/1343"}],"replies":[{"embeddable":true,"href":"https:\/\/wp.ufpel.edu.br\/musicalic\/wp-json\/wp\/v2\/comments?post=214"}],"version-history":[{"count":5,"href":"https:\/\/wp.ufpel.edu.br\/musicalic\/wp-json\/wp\/v2\/pages\/214\/revisions"}],"predecessor-version":[{"id":274,"href":"https:\/\/wp.ufpel.edu.br\/musicalic\/wp-json\/wp\/v2\/pages\/214\/revisions\/274"}],"wp:attachment":[{"href":"https:\/\/wp.ufpel.edu.br\/musicalic\/wp-json\/wp\/v2\/media?parent=214"}],"curies":[{"name":"wp","href":"https:\/\/api.w.org\/{rel}","templated":true}]}}